{"id":7844,"date":"2026-02-17T08:52:22","date_gmt":"2026-02-17T07:52:22","guid":{"rendered":"https:\/\/ccoo.app\/ajuntament-sant-boi-de-llobregat\/?page_id=7844"},"modified":"2026-02-17T13:55:16","modified_gmt":"2026-02-17T12:55:16","slug":"posat-10022026","status":"publish","type":"page","link":"https:\/\/ccoo.app\/ajuntament-sant-boi-de-llobregat\/posat-10022026\/","title":{"rendered":"Posa&#8217;t al dia en 2 minuts (10-02-2026)"},"content":{"rendered":"\n<p class=\"has-text-color has-link-color wp-elements-c3cb095a6cf0cbae8beae2e58de974e6\" style=\"color:#000000\"><strong>Data:<\/strong> 10 de febrer del 2026<\/p>\n\n\n\n<div class=\"wp-block-columns is-layout-flex wp-container-core-columns-is-layout-9d6595d7 wp-block-columns-is-layout-flex\">\n<div class=\"wp-block-column is-layout-flow wp-block-column-is-layout-flow\">\n<figure class=\"gb-block-image gb-block-image-34ddd7b5\"><img loading=\"lazy\" decoding=\"async\" width=\"1413\" height=\"2552\" class=\"gb-image gb-image-34ddd7b5\" src=\"https:\/\/ccoo.app\/ajuntament-sant-boi-de-llobregat\/wp-content\/blogs.dir\/6\/files\/sites\/246\/2026\/02\/Posat-10-febrer.jpg\" alt=\"\" title=\"Posat 10 febrer\" srcset=\"https:\/\/ccoo.app\/ajuntament-sant-boi-de-llobregat\/wp-content\/blogs.dir\/6\/files\/sites\/246\/2026\/02\/Posat-10-febrer.jpg 1413w, https:\/\/ccoo.app\/ajuntament-sant-boi-de-llobregat\/wp-content\/blogs.dir\/6\/files\/sites\/246\/2026\/02\/Posat-10-febrer-166x300.jpg 166w, https:\/\/ccoo.app\/ajuntament-sant-boi-de-llobregat\/wp-content\/blogs.dir\/6\/files\/sites\/246\/2026\/02\/Posat-10-febrer-567x1024.jpg 567w, https:\/\/ccoo.app\/ajuntament-sant-boi-de-llobregat\/wp-content\/blogs.dir\/6\/files\/sites\/246\/2026\/02\/Posat-10-febrer-768x1387.jpg 768w, https:\/\/ccoo.app\/ajuntament-sant-boi-de-llobregat\/wp-content\/blogs.dir\/6\/files\/sites\/246\/2026\/02\/Posat-10-febrer-850x1536.jpg 850w, https:\/\/ccoo.app\/ajuntament-sant-boi-de-llobregat\/wp-content\/blogs.dir\/6\/files\/sites\/246\/2026\/02\/Posat-10-febrer-1134x2048.jpg 1134w\" sizes=\"auto, (max-width: 1413px) 100vw, 1413px\" \/><\/figure>\n<\/div>\n\n\n\n<div class=\"wp-block-column is-layout-flow wp-block-column-is-layout-flow\">\n<h3 class=\"wp-block-heading has-text-color has-link-color wp-elements-3964a8471fb1c98cdf36899443b54de8\" style=\"color:#000000\"><strong>Jubilaci\u00f3 a l\u2019Ajuntament: quines opcions tens i qu\u00e8 has de saber abans de decidir-te?<\/strong><\/h3>\n\n\n\n<p class=\"has-text-color has-link-color wp-elements-3e3a01d9f1cccbfe5596623255c24be4\" style=\"color:#000000\">En els propers mesos, al voltant d&#8217;una cinquantena de companyes i companys&nbsp;<strong>es troben en el tram final de la seva vida laboral&nbsp;<\/strong>i han de valorar quin cam\u00ed els conv\u00e9 m\u00e9s. No totes les f\u00f3rmules tenen el mateix impacte econ\u00f2mic ni funcionen igual per a personal laboral i funcionari, i una decisi\u00f3 presa sense tota la informaci\u00f3 pot tenir conseq\u00fc\u00e8ncies permanents en la pensi\u00f3. Des de CCOO t\u2019expliquem de manera clara les diferents alternatives.<\/p>\n\n\n\n<div class=\"wp-block-buttons is-layout-flex wp-block-buttons-is-layout-flex\">\n<div class=\"wp-block-button\"><a class=\"wp-block-button__link wp-element-button\" href=\"https:\/\/ccoo.app\/ajuntament-sant-boi-de-llobregat\/jubilacions-ajuntament\/\">Llegir aquesta noticia<\/a><\/div>\n<\/div>\n\n\n\n<hr class=\"wp-block-separator has-alpha-channel-opacity\" \/>\n\n\n\n<h3 class=\"wp-block-heading has-text-color has-link-color wp-elements-9a0f2ccc0e8cca1eaf17399a2c86286d\" style=\"color:#000000\"><strong>Companys i companyes interins, esteu cobrant a la n\u00f2mina el grau d\u2019entrada que us correspon?<\/strong><\/h3>\n\n\n\n<p class=\"has-text-color has-link-color wp-elements-6cfb99f3b5f3d2ea21ed30883e21b6a0\" style=\"color:#000000\">Des de CCOO hem detectat que hi pot haver personal temporal amb antiguitat suficient&nbsp;<strong>que no estaria percebent aquest complement vinculat a la carrera professional.&nbsp;<\/strong>Val la pena comprovar si aquest concepte apareix correctament reflectit a la teva n\u00f2mina. Davant qualsevol dubte, revisarem la teva situaci\u00f3 concreta i t\u2019acompanyarem en els passos necessaris per garantir que s\u2019apliqui el que estableixen els acords vigents.<\/p>\n\n\n\n<div class=\"wp-block-buttons is-layout-flex wp-block-buttons-is-layout-flex\">\n<div class=\"wp-block-button\"><a class=\"wp-block-button__link wp-element-button\" href=\"https:\/\/ccoo.app\/ajuntament-sant-boi-de-llobregat\/interins-grau-entrada\/\">Llegir aquesta noticia<\/a><\/div>\n<\/div>\n\n\n\n<hr class=\"wp-block-separator has-alpha-channel-opacity\" \/>\n\n\n\n<h3 class=\"wp-block-heading has-text-color has-link-color wp-elements-ff17e38a0b0d770d625f155e6b169d07\" style=\"color:#000000\"><strong>Afiliar-se a Comissions Obreres (CCOO) \u00e9s sumar for\u00e7a. I la for\u00e7a, al final, ens protegeix a totes i tots<\/strong><\/h3>\n\n\n\n<p class=\"has-text-color has-link-color wp-elements-d92656334071f8019223057df55f9aa5\" style=\"color:#000000\">Afiliar-se a CCOO \u00e9s molt m\u00e9s que pagar una quota:&nbsp;<strong>\u00e9s formar part d\u2019una xarxa real de suport,<\/strong>&nbsp;assessorament i defensa quan m\u00e9s ho necessites. Tant si ets subaltern\/a, administratiu\/va o t\u00e8cnic\/a, estar afiliat o afiliada ens permet actuar amb m\u00e9s for\u00e7a, utilitzar tots els recursos sindicals i donar-te cobertura si hi ha qualsevol problema laboral. Descobreix per qu\u00e8 sumar-te refor\u00e7a la teva protecci\u00f3 i la de tot el col\u00b7lectiu.<\/p>\n\n\n\n<div class=\"wp-block-buttons is-layout-flex wp-block-buttons-is-layout-flex\">\n<div class=\"wp-block-button\"><a class=\"wp-block-button__link wp-element-button\" href=\"https:\/\/ccoo.app\/ajuntament-sant-boi-de-llobregat\/noves-afiliacions\/\">Llegir aquesta noticia<\/a><\/div>\n<\/div>\n\n\n\n<hr class=\"wp-block-separator has-alpha-channel-opacity\" \/>\n\n\n\n<h3 class=\"wp-block-heading has-text-color has-link-color wp-elements-d15ca07969f093d6d6144bf34dd53bdf\" style=\"color:#000000\"><strong>Davant el \u00abNO\u00bb a la valoraci\u00f3, creix el soroll de la Brigada al carrer<\/strong><\/h3>\n\n\n\n<p class=\"has-text-color has-link-color wp-elements-856a8b10d370521bdb5be07042a9bbfe\" style=\"color:#000000\">Despr\u00e9s de la reuni\u00f3 amb l\u2019empresa i l\u2019assemblea celebrada aquesta setmana, la situaci\u00f3 de la Brigada Municipal no nom\u00e9s no s\u2019ha resolt, sin\u00f3 que s\u2019ha tensat encara m\u00e9s. Sense comprom\u00eds ferm sobre la valoraci\u00f3 i la millora salarial, el col\u00b7lectiu mant\u00e9 les mobilitzacions a la pla\u00e7a mentre tramita formalment les seves fitxes seguint el procediment establert.&nbsp;<\/p>\n\n\n\n<p class=\"has-text-color has-link-color wp-elements-17d4f26cf4308668bce625707b74d027\" style=\"color:#000000\"><strong>El missatge \u00e9s clar: quan no hi ha resposta real, la dignitat es defensa al carrer.<\/strong><\/p>\n\n\n\n<div class=\"wp-block-buttons is-layout-flex wp-block-buttons-is-layout-flex\">\n<div class=\"wp-block-button\"><a class=\"wp-block-button__link wp-element-button\" href=\"https:\/\/ccoo.app\/ajuntament-sant-boi-de-llobregat\/soroll-davant-negativa\/\">Llegir aquesta noticia<\/a><\/div>\n<\/div>\n\n\n\n<hr class=\"wp-block-separator has-alpha-channel-opacity\" \/>\n\n\n\n<h3 class=\"wp-block-heading has-text-color has-link-color wp-elements-ffbcfca28165a4b5bbde299476b21bf0\" style=\"color:#000000\">4a edici\u00f3 del Curs de prevenci\u00f3 i gesti\u00f3 de situacions d&#8217;assetjament sexual i igualtat&nbsp;<\/h3>\n\n\n\n<p class=\"has-text-color has-link-color wp-elements-eec8cd20670597e2890f7654998c3ef9\" style=\"color:#000000\">L\u2019Agrupaci\u00f3 de Policies Locals de Catalunya (APL-CCOO)&nbsp;<strong>impulsa la 4a edici\u00f3 del curs de prevenci\u00f3 i gesti\u00f3 de situacions d\u2019assetjament sexual i igualtat,<\/strong>&nbsp;una formaci\u00f3 de 10 hores amb professorat especialitzat del Col\u00b7legi de Psic\u00f2legs i del Col\u00b7legi d\u2019Advocats. Es far\u00e0 en dues sessions presencials a la seu de CCOO de Via Laietana, els dies 26 de febrer i 5 de mar\u00e7. Una oportunitat formativa de qualitat, finan\u00e7ada, oberta a tota la plantilla.<\/p>\n\n\n\n<div class=\"wp-block-buttons is-layout-flex wp-block-buttons-is-layout-flex\">\n<div class=\"wp-block-button\"><a class=\"wp-block-button__link wp-element-button\" href=\"https:\/\/ccoo.app\/ajuntament-sant-boi-de-llobregat\/4a-edicio-curs-prevencio-gestio-situacions-assetjament-sexual-igualtat\/\">Llegir aquesta noticia<\/a><\/div>\n<\/div>\n\n\n\n<hr class=\"wp-block-separator has-alpha-channel-opacity\" \/>\n\n\n\n<p class=\"has-text-color has-link-color wp-elements-3abfe1ece0ff83616991c8059d250295\" style=\"color:#000000\"><strong>\u00abAMB LES COSES DE MENJAR, NO S\u2019HI JUGA\u00bb<\/strong><\/p>\n\n\n\n<p class=\"has-text-color has-link-color wp-elements-941c899b691ba701c0698c88c328a60f\" style=\"color:#000000\">\ud83d\udcaa <strong>La for\u00e7a del sindicat sou vosaltres!<\/strong><\/p>\n\n\n\n<p class=\"has-text-color has-link-color wp-elements-ae7bf9b56ad3b0bed176b42c093f3694\" style=\"color:#000000\">CCOO \u2013 Ajuntament de Sant Boi de Llobregat<\/p>\n<\/div>\n<\/div>\n\n\n\n<p><\/p>\n","protected":false},"excerpt":{"rendered":"<p>Data: 10 de febrer del 2026 Jubilaci\u00f3 a l\u2019Ajuntament: quines opcions tens i qu\u00e8 has de saber abans de decidir-te? En els propers mesos, al voltant d&#8217;una cinquantena de companyes &#8230; <a title=\"Posa&#8217;t al dia en 2 minuts (10-02-2026)\" class=\"read-more\" href=\"https:\/\/ccoo.app\/ajuntament-sant-boi-de-llobregat\/posat-10022026\/\" aria-label=\"Leer m\u00e1s sobre Posa&#8217;t al dia en 2 minuts (10-02-2026)\">Leer m\u00e1s<\/a><\/p>\n","protected":false},"author":97111,"featured_media":0,"parent":0,"menu_order":0,"comment_status":"closed","ping_status":"closed","template":"","meta":{"footnotes":""},"class_list":["post-7844","page","type-page","status-publish"],"_links":{"self":[{"href":"https:\/\/ccoo.app\/ajuntament-sant-boi-de-llobregat\/wp-json\/wp\/v2\/pages\/7844","targetHints":{"allow":["GET"]}}],"collection":[{"href":"https:\/\/ccoo.app\/ajuntament-sant-boi-de-llobregat\/wp-json\/wp\/v2\/pages"}],"about":[{"href":"https:\/\/ccoo.app\/ajuntament-sant-boi-de-llobregat\/wp-json\/wp\/v2\/types\/page"}],"author":[{"embeddable":true,"href":"https:\/\/ccoo.app\/ajuntament-sant-boi-de-llobregat\/wp-json\/wp\/v2\/users\/97111"}],"replies":[{"embeddable":true,"href":"https:\/\/ccoo.app\/ajuntament-sant-boi-de-llobregat\/wp-json\/wp\/v2\/comments?post=7844"}],"version-history":[{"count":4,"href":"https:\/\/ccoo.app\/ajuntament-sant-boi-de-llobregat\/wp-json\/wp\/v2\/pages\/7844\/revisions"}],"predecessor-version":[{"id":7877,"href":"https:\/\/ccoo.app\/ajuntament-sant-boi-de-llobregat\/wp-json\/wp\/v2\/pages\/7844\/revisions\/7877"}],"wp:attachment":[{"href":"https:\/\/ccoo.app\/ajuntament-sant-boi-de-llobregat\/wp-json\/wp\/v2\/media?parent=7844"}],"curies":[{"name":"wp","href":"https:\/\/api.w.org\/{rel}","templated":true}]}}