{"id":7588,"date":"2026-01-28T09:51:58","date_gmt":"2026-01-28T08:51:58","guid":{"rendered":"https:\/\/ccoo.app\/ajuntament-sant-boi-de-llobregat\/?page_id=7588"},"modified":"2026-01-28T11:55:14","modified_gmt":"2026-01-28T10:55:14","slug":"posat-28012026","status":"publish","type":"page","link":"https:\/\/ccoo.app\/ajuntament-sant-boi-de-llobregat\/posat-28012026\/","title":{"rendered":"Posa&#8217;t al dia en 2 minuts (28-01-2026)"},"content":{"rendered":"\n<p class=\"has-text-color has-link-color wp-elements-ee6d0b62ebc721b2c205ac928d6bed9f\" style=\"color:#000000\"><strong>Data:<\/strong> 28 de gener del 2026<\/p>\n\n\n\n<div class=\"wp-block-columns is-layout-flex wp-container-core-columns-is-layout-9d6595d7 wp-block-columns-is-layout-flex\">\n<div class=\"wp-block-column is-layout-flow wp-block-column-is-layout-flow\">\n<figure class=\"gb-block-image gb-block-image-34ddd7b5\"><img loading=\"lazy\" decoding=\"async\" width=\"1415\" height=\"2150\" class=\"gb-image gb-image-34ddd7b5\" src=\"https:\/\/ccoo.app\/ajuntament-sant-boi-de-llobregat\/wp-content\/blogs.dir\/6\/files\/sites\/246\/2026\/01\/Posat-al-dia-en-2-minuts-28-01-2026.jpg\" alt=\"\" title=\"Posa't al dia en 2 minuts (28-01-2026)\" srcset=\"https:\/\/ccoo.app\/ajuntament-sant-boi-de-llobregat\/wp-content\/blogs.dir\/6\/files\/sites\/246\/2026\/01\/Posat-al-dia-en-2-minuts-28-01-2026.jpg 1415w, https:\/\/ccoo.app\/ajuntament-sant-boi-de-llobregat\/wp-content\/blogs.dir\/6\/files\/sites\/246\/2026\/01\/Posat-al-dia-en-2-minuts-28-01-2026-197x300.jpg 197w, https:\/\/ccoo.app\/ajuntament-sant-boi-de-llobregat\/wp-content\/blogs.dir\/6\/files\/sites\/246\/2026\/01\/Posat-al-dia-en-2-minuts-28-01-2026-674x1024.jpg 674w, https:\/\/ccoo.app\/ajuntament-sant-boi-de-llobregat\/wp-content\/blogs.dir\/6\/files\/sites\/246\/2026\/01\/Posat-al-dia-en-2-minuts-28-01-2026-768x1167.jpg 768w, https:\/\/ccoo.app\/ajuntament-sant-boi-de-llobregat\/wp-content\/blogs.dir\/6\/files\/sites\/246\/2026\/01\/Posat-al-dia-en-2-minuts-28-01-2026-1011x1536.jpg 1011w, https:\/\/ccoo.app\/ajuntament-sant-boi-de-llobregat\/wp-content\/blogs.dir\/6\/files\/sites\/246\/2026\/01\/Posat-al-dia-en-2-minuts-28-01-2026-1348x2048.jpg 1348w\" sizes=\"auto, (max-width: 1415px) 100vw, 1415px\" \/><\/figure>\n<\/div>\n\n\n\n<div class=\"wp-block-column is-layout-flow wp-block-column-is-layout-flow\">\n<h3 class=\"wp-block-heading has-text-color has-link-color wp-elements-e2dee8119afc8b77c2925ede6c275781\" style=\"color:#000000\"><strong>Buscar talent fora abans de mirar el de dins: una pr\u00e0ctica que genera malestar<\/strong><\/h3>\n\n\n\n<p class=\"has-text-color has-link-color wp-elements-37883388283ed1218c3d4a14e6e2defb\" style=\"color:#000000\">Davant la necessitat de cobrir determinats llocs o perfils concrets,&nbsp;<strong>l\u2019Ajuntament opta cada vegada m\u00e9s per buscar fora de la pr\u00f2pia plantilla,<\/strong>&nbsp;sense valorar amb prou profunditat les capacitats, experi\u00e8ncia i formaci\u00f3 del personal que ja hi treballa. Aquesta manera de procedir genera malestar, ja que moltes persones consideren que abans de mirar cap a fora caldria explorar de manera real i efectiva les possibilitats de promoci\u00f3 i mobilitat interna.<\/p>\n\n\n\n<div class=\"wp-block-buttons is-layout-flex wp-block-buttons-is-layout-flex\">\n<div class=\"wp-block-button\"><a class=\"wp-block-button__link wp-element-button\" href=\"https:\/\/ccoo.app\/ajuntament-sant-boi-de-llobregat\/talent-fora-ajuntament\/\">Llegir aquesta noticia<\/a><\/div>\n<\/div>\n\n\n\n<hr class=\"wp-block-separator has-alpha-channel-opacity\" \/>\n\n\n\n<h3 class=\"wp-block-heading has-text-color has-link-color wp-elements-26190a021796a2a5b0bbcf1f9e825d7b\" style=\"color:#000000\"><strong>Com est\u00e0s a la feina? Un test per prendre consci\u00e8ncia del teu dia a dia a la feina<\/strong><\/h3>\n\n\n\n<p class=\"has-text-color has-link-color wp-elements-d04fcb2539ad8116049725d3e7fafb82\" style=\"color:#000000\">Des de CCOO volem convidar tota la plantilla a realitzar aquest test de sensibilitzaci\u00f3 sobre riscos psicosocials, elaborat per ISTAS, que permet con\u00e8ixer de manera individual i confidencial com es troba cadasc\u00fa davant la c\u00e0rrega de treball, les exig\u00e8ncies psicol\u00f2giques o l\u2019organitzaci\u00f3 de la feina. El test \u00e9s \u00fanicament informatiu i personal. No recull dades per fer cap acci\u00f3 ni avaluaci\u00f3, i serveix per prendre consci\u00e8ncia de com ens afecta el dia a dia laboral. Molt interessant!<\/p>\n\n\n\n<div class=\"wp-block-buttons is-layout-flex wp-block-buttons-is-layout-flex\">\n<div class=\"wp-block-button\"><a class=\"wp-block-button__link wp-element-button\" href=\"https:\/\/ccoo.app\/ajuntament-sant-boi-de-llobregat\/test-riscos-psicosocials\/\">Llegir aquesta noticia<\/a><\/div>\n<\/div>\n\n\n\n<hr class=\"wp-block-separator has-alpha-channel-opacity\" \/>\n\n\n\n<h3 class=\"wp-block-heading has-text-color has-link-color wp-elements-440885c1f03e3cf0da74662ed8a30fbb\" style=\"color:#000000\"><strong>CCOO expressa el seu condol per la mort del company Luis Neira<\/strong><\/h3>\n\n\n\n<p class=\"has-text-color has-link-color wp-elements-9b495907a7de51f30d9cccd47274806a\" style=\"color:#000000\">Hem conegut amb tristesa la mort del company Luis Neira, als 71 anys. El Luis havia treballat com a ordenan\u00e7a donant suport a la Unitat de Serveis Auxiliars de l\u2019Ajuntament de Sant Boi.&nbsp;<strong>Des de CCOO volem fer arribar el nostre m\u00e9s sentit condol a la seva fam\u00edlia, amistats i companys i companyes,<\/strong>&nbsp;i recordar amb estima tots els anys de feina i conviv\u00e8ncia compartits amb ell. Descansi en pau.<\/p>\n\n\n\n<div class=\"wp-block-buttons is-layout-flex wp-block-buttons-is-layout-flex\">\n<div class=\"wp-block-button\"><a class=\"wp-block-button__link wp-element-button\" href=\"https:\/\/ccoo.app\/ajuntament-sant-boi-de-llobregat\/condol-luis-neira\/\">Llegir aquesta noticia<\/a><\/div>\n<\/div>\n\n\n\n<hr class=\"wp-block-separator has-alpha-channel-opacity\" \/>\n\n\n\n<h3 class=\"wp-block-heading has-text-color has-link-color wp-elements-7827c1dedaa5a168fb52e1c8ae879752\" style=\"color:#000000\">Les brigades es reuneixen en assemblea i marquen el cam\u00ed a seguir col\u00b7lectivament<\/h3>\n\n\n\n<p class=\"has-text-color has-link-color wp-elements-cbf68cbc5c16dd5730f720d27cbb166e\" style=\"color:#000000\"><strong>Aquest dilluns s\u2019ha celebrat una assemblea del col\u00b7lectiu de brigades a la sala de plens,<\/strong>&nbsp;demanada pels mateixos treballadors i treballadores, amb l\u2019objectiu d\u2019informar de la situaci\u00f3 actual i, sobretot, d\u2019escoltar qu\u00e8 demanen i quins passos estan disposats a fer. De la trobada en surten decisions clares preses pel col\u00b7lectiu, que des de CCOO escoltem i acompanyem, respectant en tot moment que s\u00f3n ells qui decideixen com avan\u00e7ar.<\/p>\n\n\n\n<div class=\"wp-block-buttons is-layout-flex wp-block-buttons-is-layout-flex\">\n<div class=\"wp-block-button\"><a class=\"wp-block-button__link wp-element-button\" href=\"https:\/\/ccoo.app\/ajuntament-sant-boi-de-llobregat\/brigades-assamblea-gener\/\">Llegir aquesta noticia<\/a><\/div>\n<\/div>\n\n\n\n<hr class=\"wp-block-separator has-alpha-channel-opacity\" \/>\n\n\n\n<p class=\"has-text-color has-link-color wp-elements-3abfe1ece0ff83616991c8059d250295\" style=\"color:#000000\"><strong>\u00abAMB LES COSES DE MENJAR, NO S\u2019HI JUGA\u00bb<\/strong><\/p>\n\n\n\n<p class=\"has-text-color has-link-color wp-elements-941c899b691ba701c0698c88c328a60f\" style=\"color:#000000\">\ud83d\udcaa <strong>La for\u00e7a del sindicat sou vosaltres!<\/strong><\/p>\n\n\n\n<p class=\"has-text-color has-link-color wp-elements-ae7bf9b56ad3b0bed176b42c093f3694\" style=\"color:#000000\">CCOO \u2013 Ajuntament de Sant Boi de Llobregat<\/p>\n<\/div>\n<\/div>\n\n\n\n<p><\/p>\n","protected":false},"excerpt":{"rendered":"<p>Data: 28 de gener del 2026 Buscar talent fora abans de mirar el de dins: una pr\u00e0ctica que genera malestar Davant la necessitat de cobrir determinats llocs o perfils concrets,&nbsp;l\u2019Ajuntament &#8230; <a title=\"Posa&#8217;t al dia en 2 minuts (28-01-2026)\" class=\"read-more\" href=\"https:\/\/ccoo.app\/ajuntament-sant-boi-de-llobregat\/posat-28012026\/\" aria-label=\"Leer m\u00e1s sobre Posa&#8217;t al dia en 2 minuts (28-01-2026)\">Leer m\u00e1s<\/a><\/p>\n","protected":false},"author":97111,"featured_media":0,"parent":0,"menu_order":0,"comment_status":"closed","ping_status":"closed","template":"","meta":{"footnotes":""},"class_list":["post-7588","page","type-page","status-publish"],"_links":{"self":[{"href":"https:\/\/ccoo.app\/ajuntament-sant-boi-de-llobregat\/wp-json\/wp\/v2\/pages\/7588","targetHints":{"allow":["GET"]}}],"collection":[{"href":"https:\/\/ccoo.app\/ajuntament-sant-boi-de-llobregat\/wp-json\/wp\/v2\/pages"}],"about":[{"href":"https:\/\/ccoo.app\/ajuntament-sant-boi-de-llobregat\/wp-json\/wp\/v2\/types\/page"}],"author":[{"embeddable":true,"href":"https:\/\/ccoo.app\/ajuntament-sant-boi-de-llobregat\/wp-json\/wp\/v2\/users\/97111"}],"replies":[{"embeddable":true,"href":"https:\/\/ccoo.app\/ajuntament-sant-boi-de-llobregat\/wp-json\/wp\/v2\/comments?post=7588"}],"version-history":[{"count":2,"href":"https:\/\/ccoo.app\/ajuntament-sant-boi-de-llobregat\/wp-json\/wp\/v2\/pages\/7588\/revisions"}],"predecessor-version":[{"id":7593,"href":"https:\/\/ccoo.app\/ajuntament-sant-boi-de-llobregat\/wp-json\/wp\/v2\/pages\/7588\/revisions\/7593"}],"wp:attachment":[{"href":"https:\/\/ccoo.app\/ajuntament-sant-boi-de-llobregat\/wp-json\/wp\/v2\/media?parent=7588"}],"curies":[{"name":"wp","href":"https:\/\/api.w.org\/{rel}","templated":true}]}}