{"id":7487,"date":"2026-01-19T12:22:53","date_gmt":"2026-01-19T11:22:53","guid":{"rendered":"https:\/\/ccoo.app\/ajuntament-sant-boi-de-llobregat\/?page_id=7487"},"modified":"2026-01-19T12:24:47","modified_gmt":"2026-01-19T11:24:47","slug":"posat-17122025","status":"publish","type":"page","link":"https:\/\/ccoo.app\/ajuntament-sant-boi-de-llobregat\/posat-17122025\/","title":{"rendered":"Posa&#8217;t al dia en 2 minuts (17-12-2025)"},"content":{"rendered":"\n<p class=\"has-text-color has-link-color wp-elements-082c73886fb202c20fa619f255e0950e\" style=\"color:#000000\"><strong>Data:<\/strong> 17 de desembre del 2025<\/p>\n\n\n\n<div class=\"wp-block-columns is-layout-flex wp-container-core-columns-is-layout-9d6595d7 wp-block-columns-is-layout-flex\">\n<div class=\"wp-block-column is-layout-flow wp-block-column-is-layout-flow\">\n<figure class=\"gb-block-image gb-block-image-34ddd7b5\"><img loading=\"lazy\" decoding=\"async\" width=\"797\" height=\"1120\" class=\"gb-image gb-image-34ddd7b5\" src=\"https:\/\/ccoo.app\/ajuntament-sant-boi-de-llobregat\/wp-content\/blogs.dir\/6\/files\/sites\/246\/2026\/01\/posat3.jpg\" alt=\"\" title=\"posat3\" srcset=\"https:\/\/ccoo.app\/ajuntament-sant-boi-de-llobregat\/wp-content\/blogs.dir\/6\/files\/sites\/246\/2026\/01\/posat3.jpg 797w, https:\/\/ccoo.app\/ajuntament-sant-boi-de-llobregat\/wp-content\/blogs.dir\/6\/files\/sites\/246\/2026\/01\/posat3-213x300.jpg 213w, https:\/\/ccoo.app\/ajuntament-sant-boi-de-llobregat\/wp-content\/blogs.dir\/6\/files\/sites\/246\/2026\/01\/posat3-729x1024.jpg 729w, https:\/\/ccoo.app\/ajuntament-sant-boi-de-llobregat\/wp-content\/blogs.dir\/6\/files\/sites\/246\/2026\/01\/posat3-768x1079.jpg 768w\" sizes=\"auto, (max-width: 797px) 100vw, 797px\" \/><\/figure>\n<\/div>\n\n\n\n<div class=\"wp-block-column is-layout-flow wp-block-column-is-layout-flow\">\n<h3 class=\"wp-block-heading has-text-color has-link-color wp-elements-fe21140991007079e887b2b1fa93732d\" style=\"color:#000000\"><strong>Bones festes i un 2026 ple de drets, for\u00e7a col\u00b7lectiva i complicitat entre companyes i companys<\/strong><\/h3>\n\n\n\n<p class=\"has-text-color has-link-color wp-elements-d4221a287b731bf4878b6331624c5dcc\" style=\"color:#000000\">Arriben uns dies per aturar-nos un moment, agafar aire i mirar enrere amb orgull de tot el que hem fet plegats. Des de CCOO de l&#8217;Ajuntament de Sant Boi volem aprofitar aquestes dates per desitjar-vos unes molt bones festes i recordar-vos que continuem, com sempre, al vostre costat, escoltant, treballant i defensant els drets de tota la plantilla.<\/p>\n\n\n\n<div class=\"wp-block-buttons is-layout-flex wp-block-buttons-is-layout-flex\">\n<div class=\"wp-block-button\"><a class=\"wp-block-button__link wp-element-button\" href=\"https:\/\/ccoo.app\/ajuntament-sant-boi-de-llobregat\/felicitacio-nadal-2025\/\">Llegir aquesta noticia<\/a><\/div>\n<\/div>\n\n\n\n<hr class=\"wp-block-separator has-alpha-channel-opacity\" \/>\n\n\n\n<h3 class=\"wp-block-heading has-text-color has-link-color wp-elements-8188e7b94a5f2ef7487d27137202a123\" style=\"color:#000000\"><strong>Abans de perdre dies d\u2019Assumptes Propis, recorda la B\u00fastia del Temps<\/strong><\/h3>\n\n\n\n<p class=\"has-text-color has-link-color wp-elements-4a304a5490ecc67cf99e7ff6b45af26a\" style=\"color:#000000\">Amb l\u2019arribada del torn de Nadal i el tancament de l\u2019any, des de CCOO de l&#8217;Ajuntament de Sant Boi volem recordar a tota la plantilla una opci\u00f3 molt \u00fatil que sovint passa desapercebuda. Si tens dies d\u2019Assumptes Propis que no saps quan gaudir o no tens cap data clara per demanar-los, no els deixis perdre ni els demanis sense necessitat. Pots guardar-los a la B\u00fastia del Temps, una eina impulsada per CCOO pensada per protegir els teus drets, posar en valor el temps treballat i cuidar tamb\u00e9 el teu futur laboral.<\/p>\n\n\n\n<div class=\"wp-block-buttons is-layout-flex wp-block-buttons-is-layout-flex\">\n<div class=\"wp-block-button\"><a class=\"wp-block-button__link wp-element-button\" href=\"https:\/\/ccoo.app\/ajuntament-sant-boi-de-llobregat\/recordatori-bustia-temps\/\">Llegir aquesta noticia<\/a><\/div>\n<\/div>\n\n\n\n<hr class=\"wp-block-separator has-alpha-channel-opacity\" \/>\n\n\n\n<h3 class=\"wp-block-heading has-text-color has-link-color wp-elements-d23e44267bd855dba3a6d335df63aad5\" style=\"color:#000000\"><strong>Entre negociacions i assemblees: el concurs m\u00e9s CCOO de l\u2019any<\/strong><\/h3>\n\n\n\n<p class=\"has-text-color has-link-color wp-elements-a0f340142df52305edf76787b01e84fa\" style=\"color:#000000\">Et proposem un petit concurs divertit, amb preguntes que segur que et sonaran si treballes a l\u2019Ajuntament de Sant Boi. Un test r\u00e0pid, amb ironia i complicitat, per repassar algunes de les situacions que hem viscut aquest any i reivindicar, com sempre, la import\u00e0ncia de la informaci\u00f3, la participaci\u00f3 i la negociaci\u00f3 real. T\u2019hi animes?<\/p>\n\n\n\n<div class=\"wp-block-buttons is-layout-flex wp-block-buttons-is-layout-flex\">\n<div class=\"wp-block-button\"><a class=\"wp-block-button__link wp-element-button\" href=\"https:\/\/ccoo.app\/ajuntament-sant-boi-de-llobregat\/concurs-ccoo\/\">Llegir aquesta noticia<\/a><\/div>\n<\/div>\n\n\n\n<hr class=\"wp-block-separator has-alpha-channel-opacity\" \/>\n\n\n\n<h3 class=\"wp-block-heading has-text-color has-link-color wp-elements-46ecfdebb7970fb93ecd5c4378cc36eb\" style=\"color:#000000\">CCOO veu cada cop m\u00e9s a prop el cobrament dels 150\u20ac del Fons Social<\/h3>\n\n\n\n<p class=\"has-text-color has-link-color wp-elements-d45f1a1f4ed37a996215e99f1a0d05b1\" style=\"color:#000000\">Aquest Nadal pot arribar amb una bona not\u00edcia per al personal funcionari fins al nivell 11 de l\u2019Ajuntament. Des de CCOO veiem cada cop m\u00e9s a prop que el Fons d\u2019Acci\u00f3 Social, de 150\u20ac, es faci efectiu a la n\u00f2mina de desembre, posant fi a una situaci\u00f3 de greuge i donant compliment a una sent\u00e8ncia judicial que reconeix un dret llargament reclamat i molt esperat per una part important de la plantilla.<\/p>\n\n\n\n<div class=\"wp-block-buttons is-layout-flex wp-block-buttons-is-layout-flex\">\n<div class=\"wp-block-button\"><a class=\"wp-block-button__link wp-element-button\" href=\"https:\/\/ccoo.app\/ajuntament-sant-boi-de-llobregat\/150-fons-social\/\">Llegir aquesta noticia<\/a><\/div>\n<\/div>\n\n\n\n<hr class=\"wp-block-separator has-alpha-channel-opacity\" \/>\n\n\n\n<p class=\"has-text-color has-link-color wp-elements-3abfe1ece0ff83616991c8059d250295\" style=\"color:#000000\"><strong>\u00abAMB LES COSES DE MENJAR, NO S\u2019HI JUGA\u00bb<\/strong><\/p>\n\n\n\n<p class=\"has-text-color has-link-color wp-elements-941c899b691ba701c0698c88c328a60f\" style=\"color:#000000\">\ud83d\udcaa <strong>La for\u00e7a del sindicat sou vosaltres!<\/strong><\/p>\n\n\n\n<p class=\"has-text-color has-link-color wp-elements-ae7bf9b56ad3b0bed176b42c093f3694\" style=\"color:#000000\">CCOO \u2013 Ajuntament de Sant Boi de Llobregat<\/p>\n<\/div>\n<\/div>\n\n\n\n<p><\/p>\n","protected":false},"excerpt":{"rendered":"<p>Data: 17 de desembre del 2025 Bones festes i un 2026 ple de drets, for\u00e7a col\u00b7lectiva i complicitat entre companyes i companys Arriben uns dies per aturar-nos un moment, agafar &#8230; <a title=\"Posa&#8217;t al dia en 2 minuts (17-12-2025)\" class=\"read-more\" href=\"https:\/\/ccoo.app\/ajuntament-sant-boi-de-llobregat\/posat-17122025\/\" aria-label=\"Leer m\u00e1s sobre Posa&#8217;t al dia en 2 minuts (17-12-2025)\">Leer m\u00e1s<\/a><\/p>\n","protected":false},"author":97111,"featured_media":0,"parent":0,"menu_order":0,"comment_status":"closed","ping_status":"closed","template":"","meta":{"footnotes":""},"class_list":["post-7487","page","type-page","status-publish"],"_links":{"self":[{"href":"https:\/\/ccoo.app\/ajuntament-sant-boi-de-llobregat\/wp-json\/wp\/v2\/pages\/7487","targetHints":{"allow":["GET"]}}],"collection":[{"href":"https:\/\/ccoo.app\/ajuntament-sant-boi-de-llobregat\/wp-json\/wp\/v2\/pages"}],"about":[{"href":"https:\/\/ccoo.app\/ajuntament-sant-boi-de-llobregat\/wp-json\/wp\/v2\/types\/page"}],"author":[{"embeddable":true,"href":"https:\/\/ccoo.app\/ajuntament-sant-boi-de-llobregat\/wp-json\/wp\/v2\/users\/97111"}],"replies":[{"embeddable":true,"href":"https:\/\/ccoo.app\/ajuntament-sant-boi-de-llobregat\/wp-json\/wp\/v2\/comments?post=7487"}],"version-history":[{"count":2,"href":"https:\/\/ccoo.app\/ajuntament-sant-boi-de-llobregat\/wp-json\/wp\/v2\/pages\/7487\/revisions"}],"predecessor-version":[{"id":7492,"href":"https:\/\/ccoo.app\/ajuntament-sant-boi-de-llobregat\/wp-json\/wp\/v2\/pages\/7487\/revisions\/7492"}],"wp:attachment":[{"href":"https:\/\/ccoo.app\/ajuntament-sant-boi-de-llobregat\/wp-json\/wp\/v2\/media?parent=7487"}],"curies":[{"name":"wp","href":"https:\/\/api.w.org\/{rel}","templated":true}]}}