{"id":7482,"date":"2026-01-19T11:37:50","date_gmt":"2026-01-19T10:37:50","guid":{"rendered":"https:\/\/ccoo.app\/ajuntament-sant-boi-de-llobregat\/?page_id=7482"},"modified":"2026-01-19T12:18:17","modified_gmt":"2026-01-19T11:18:17","slug":"posat-15012026","status":"publish","type":"page","link":"https:\/\/ccoo.app\/ajuntament-sant-boi-de-llobregat\/posat-15012026\/","title":{"rendered":"Posa&#8217;t al dia en 2 minuts (15-01-2026)"},"content":{"rendered":"\n<p class=\"has-text-color has-link-color wp-elements-03e54751f0f6b589b0bd78fbc52d7c5f\" style=\"color:#000000\"><strong>Data:<\/strong> 15 de gener del 2026<\/p>\n\n\n\n<div class=\"wp-block-columns is-layout-flex wp-container-core-columns-is-layout-9d6595d7 wp-block-columns-is-layout-flex\">\n<div class=\"wp-block-column is-layout-flow wp-block-column-is-layout-flow\">\n<figure class=\"gb-block-image gb-block-image-34ddd7b5\"><img loading=\"lazy\" decoding=\"async\" width=\"787\" height=\"1075\" class=\"gb-image gb-image-34ddd7b5\" src=\"https:\/\/ccoo.app\/ajuntament-sant-boi-de-llobregat\/wp-content\/blogs.dir\/6\/files\/sites\/246\/2026\/01\/Posat-al-dia-15-01-2026.jpg\" alt=\"\" title=\"Posa't al dia (15-01-2026)\" srcset=\"https:\/\/ccoo.app\/ajuntament-sant-boi-de-llobregat\/wp-content\/blogs.dir\/6\/files\/sites\/246\/2026\/01\/Posat-al-dia-15-01-2026.jpg 787w, https:\/\/ccoo.app\/ajuntament-sant-boi-de-llobregat\/wp-content\/blogs.dir\/6\/files\/sites\/246\/2026\/01\/Posat-al-dia-15-01-2026-220x300.jpg 220w, https:\/\/ccoo.app\/ajuntament-sant-boi-de-llobregat\/wp-content\/blogs.dir\/6\/files\/sites\/246\/2026\/01\/Posat-al-dia-15-01-2026-750x1024.jpg 750w, https:\/\/ccoo.app\/ajuntament-sant-boi-de-llobregat\/wp-content\/blogs.dir\/6\/files\/sites\/246\/2026\/01\/Posat-al-dia-15-01-2026-768x1049.jpg 768w\" sizes=\"auto, (max-width: 787px) 100vw, 787px\" \/><\/figure>\n<\/div>\n\n\n\n<div class=\"wp-block-column is-layout-flow wp-block-column-is-layout-flow\">\n<h3 class=\"wp-block-heading has-text-color has-link-color wp-elements-e749707133b31ec6d71bf67b1166e17e\" style=\"color:#000000\"><strong>Tornem de vacances. Recordem com queda el calendari laboral 2026<\/strong><\/h3>\n\n\n\n<p class=\"has-text-color has-link-color wp-elements-8ad7d470f17e670070afefd28c9551ec\" style=\"color:#000000\">Festes, dies laborables, possibles ponts, caps de setmana llargs\u2026 tot all\u00f2 que ens afecta el&nbsp;dia&nbsp;a&nbsp;dia&nbsp;ja est\u00e0 definit.&nbsp;Des de CCOO&nbsp;<strong>et fem un recordatori r\u00e0pid, clar i \u00fatil del calendari laboral del 2026&nbsp;<\/strong>perqu\u00e8 puguis planificar amb temps, evitar dubtes i no deixar-te res important. Una informaci\u00f3 pr\u00e0ctica que sempre va b\u00e9 tenir a m\u00e0. Fes-hi una ullada.<\/p>\n\n\n\n<div class=\"wp-block-buttons is-layout-flex wp-block-buttons-is-layout-flex\">\n<div class=\"wp-block-button\"><a class=\"wp-block-button__link wp-element-button\" href=\"https:\/\/ccoo.app\/ajuntament-sant-boi-de-llobregat\/recordatori-calendari-laboral-2026\/\">Llegir aquesta noticia<\/a><\/div>\n<\/div>\n\n\n\n<hr class=\"wp-block-separator has-alpha-channel-opacity\" \/>\n\n\n\n<h3 class=\"wp-block-heading has-text-color has-link-color wp-elements-e9f70ffc3c93381727e4407beca0490e\" style=\"color:#000000\"><strong>Parlem de la n\u00f2mina de gener: qu\u00e8 s\u2019incrementa i qu\u00e8 queda pendent?<\/strong><\/h3>\n\n\n\n<p class=\"has-text-color has-link-color wp-elements-59a41aae8cf9795a726da9306fea96ff\" style=\"color:#000000\">Aquest mes de gener la n\u00f2mina incorporar\u00e0 un percentatge d\u2019increment salarial, fruit dels acords assolits. A m\u00e9s, des de CCOO de l\u2019Ajuntament de Sant Boi t\u2019expliquem&nbsp;<strong>quina informaci\u00f3 tenim ara mateix sobre els imports pendents de l\u2019any passat<\/strong>&nbsp;i com es troba aquesta situaci\u00f3. Un resum clar, actualitzat i sense embolics, perqu\u00e8 s\u00e0pigues qu\u00e8 pots esperar i en quin punt estem.<\/p>\n\n\n\n<div class=\"wp-block-buttons is-layout-flex wp-block-buttons-is-layout-flex\">\n<div class=\"wp-block-button\"><a class=\"wp-block-button__link wp-element-button\" href=\"https:\/\/ccoo.app\/ajuntament-sant-boi-de-llobregat\/increment-salarial-pagaments-pendents\/\">Llegir aquesta noticia<\/a><\/div>\n<\/div>\n\n\n\n<hr class=\"wp-block-separator has-alpha-channel-opacity\" \/>\n\n\n\n<h3 class=\"wp-block-heading has-text-color has-link-color wp-elements-c2abb4363b114a1aed297cc33084ae3a\" style=\"color:#000000\"><strong>I ara, parlem del complement de productivitat. Qu\u00e8 cobrarem al mar\u00e7?<\/strong><\/h3>\n\n\n\n<p class=\"has-text-color has-link-color wp-elements-804d583a040706dfea16af5197e8b28d\" style=\"color:#000000\">Despr\u00e9s d\u2019haver parlat dels imports i quantitats pendents, el seg\u00fcent focus de CCOO de l\u2019Ajuntament de Sant Boi ser\u00e0 posar la lupa a les n\u00f2mines del mes de mar\u00e7,&nbsp;<strong>quan s\u2019ha de reflectir el pagament de la productivitat (285\u20ac bruts).<\/strong>&nbsp;Estarem pendents que tot s\u2019apliqui correctament, d\u2019acord amb el que tenim pactat, i que el cobrament es faci de manera \u00edntegra, sense descomptes indeguts. T&#8217;ho expliquem.<\/p>\n\n\n\n<div class=\"wp-block-buttons is-layout-flex wp-block-buttons-is-layout-flex\">\n<div class=\"wp-block-button\"><a class=\"wp-block-button__link wp-element-button\" href=\"https:\/\/ccoo.app\/ajuntament-sant-boi-de-llobregat\/productivitat-2026\/\">Llegir aquesta noticia<\/a><\/div>\n<\/div>\n\n\n\n<hr class=\"wp-block-separator has-alpha-channel-opacity\" \/>\n\n\n\n<h3 class=\"wp-block-heading has-text-color has-link-color wp-elements-9198e24ed99c347493d1e7e42f1e7af0\" style=\"color:#000000\">La Brigada continua mobilitzada: NO pararan fins que hi hagi un acord<\/h3>\n\n\n\n<p class=\"has-text-color has-link-color wp-elements-e6437def7dcd8a38a96aa9ea5edbeacb\" style=\"color:#000000\">La Brigada Municipal cont\u00ednua les concentracions cada mat\u00ed a l\u2019espera d\u2019una resposta clara del consistori sobre el reconeixement professional que reclamen. Els i les treballadores han estat pacients al llarg de tot el per\u00edode de vacances de Nadal,&nbsp;<strong>amb la voluntat que aquesta situaci\u00f3 es resolgui i es reconegui la feina que desenvolupen<\/strong>. A la not\u00edcia t\u2019expliquem en quin punt es troba la reivindicaci\u00f3 dos mesos despr\u00e8s i qu\u00e8 estan esperant en aquests moments.<\/p>\n\n\n\n<div class=\"wp-block-buttons is-layout-flex wp-block-buttons-is-layout-flex\">\n<div class=\"wp-block-button\"><a class=\"wp-block-button__link wp-element-button\" href=\"https:\/\/ccoo.app\/ajuntament-sant-boi-de-llobregat\/brigada-continua-mobilitzada\/\">Llegir aquesta noticia<\/a><\/div>\n<\/div>\n\n\n\n<hr class=\"wp-block-separator has-alpha-channel-opacity\" \/>\n\n\n\n<p class=\"has-text-color has-link-color wp-elements-3abfe1ece0ff83616991c8059d250295\" style=\"color:#000000\"><strong>\u00abAMB LES COSES DE MENJAR, NO S\u2019HI JUGA\u00bb<\/strong><\/p>\n\n\n\n<p class=\"has-text-color has-link-color wp-elements-941c899b691ba701c0698c88c328a60f\" style=\"color:#000000\">\ud83d\udcaa <strong>La for\u00e7a del sindicat sou vosaltres!<\/strong><\/p>\n\n\n\n<p class=\"has-text-color has-link-color wp-elements-ae7bf9b56ad3b0bed176b42c093f3694\" style=\"color:#000000\">CCOO \u2013 Ajuntament de Sant Boi de Llobregat<\/p>\n<\/div>\n<\/div>\n\n\n\n<p><\/p>\n","protected":false},"excerpt":{"rendered":"<p>Data: 15 de gener del 2026 Tornem de vacances. Recordem com queda el calendari laboral 2026 Festes, dies laborables, possibles ponts, caps de setmana llargs\u2026 tot all\u00f2 que ens afecta &#8230; <a title=\"Posa&#8217;t al dia en 2 minuts (15-01-2026)\" class=\"read-more\" href=\"https:\/\/ccoo.app\/ajuntament-sant-boi-de-llobregat\/posat-15012026\/\" aria-label=\"Leer m\u00e1s sobre Posa&#8217;t al dia en 2 minuts (15-01-2026)\">Leer m\u00e1s<\/a><\/p>\n","protected":false},"author":97111,"featured_media":0,"parent":0,"menu_order":0,"comment_status":"closed","ping_status":"closed","template":"","meta":{"footnotes":""},"class_list":["post-7482","page","type-page","status-publish"],"_links":{"self":[{"href":"https:\/\/ccoo.app\/ajuntament-sant-boi-de-llobregat\/wp-json\/wp\/v2\/pages\/7482","targetHints":{"allow":["GET"]}}],"collection":[{"href":"https:\/\/ccoo.app\/ajuntament-sant-boi-de-llobregat\/wp-json\/wp\/v2\/pages"}],"about":[{"href":"https:\/\/ccoo.app\/ajuntament-sant-boi-de-llobregat\/wp-json\/wp\/v2\/types\/page"}],"author":[{"embeddable":true,"href":"https:\/\/ccoo.app\/ajuntament-sant-boi-de-llobregat\/wp-json\/wp\/v2\/users\/97111"}],"replies":[{"embeddable":true,"href":"https:\/\/ccoo.app\/ajuntament-sant-boi-de-llobregat\/wp-json\/wp\/v2\/comments?post=7482"}],"version-history":[{"count":3,"href":"https:\/\/ccoo.app\/ajuntament-sant-boi-de-llobregat\/wp-json\/wp\/v2\/pages\/7482\/revisions"}],"predecessor-version":[{"id":7488,"href":"https:\/\/ccoo.app\/ajuntament-sant-boi-de-llobregat\/wp-json\/wp\/v2\/pages\/7482\/revisions\/7488"}],"wp:attachment":[{"href":"https:\/\/ccoo.app\/ajuntament-sant-boi-de-llobregat\/wp-json\/wp\/v2\/media?parent=7482"}],"curies":[{"name":"wp","href":"https:\/\/api.w.org\/{rel}","templated":true}]}}