{"id":3850,"date":"2025-10-27T11:02:34","date_gmt":"2025-10-27T10:02:34","guid":{"rendered":"https:\/\/ccoo.app\/ajuntament-sant-boi-de-llobregat\/?page_id=3850"},"modified":"2025-10-27T11:02:35","modified_gmt":"2025-10-27T10:02:35","slug":"butlleti-informatiu-octubre-num-13","status":"publish","type":"page","link":"https:\/\/ccoo.app\/ajuntament-sant-boi-de-llobregat\/butlleti-informatiu-octubre-num-13\/","title":{"rendered":"Butllet\u00ed Informatiu Octubre n\u00fam. 13"},"content":{"rendered":"\n<p class=\"has-text-color has-link-color wp-elements-71ee24f95af4064d176ff6dd3aabf3e6\" style=\"color:#000000\"><strong>Data:<\/strong> 20 d&#8217;octubre del 2025<\/p>\n\n\n\n<div class=\"wp-block-columns is-layout-flex wp-container-core-columns-is-layout-9d6595d7 wp-block-columns-is-layout-flex\">\n<div class=\"wp-block-column is-layout-flow wp-block-column-is-layout-flow\">\n<figure class=\"gb-block-image gb-block-image-4c92e38b\"><img loading=\"lazy\" decoding=\"async\" width=\"1241\" height=\"1755\" class=\"gb-image gb-image-4c92e38b\" src=\"https:\/\/ccoo.app\/ajuntament-sant-boi-de-llobregat\/wp-content\/blogs.dir\/6\/files\/sites\/246\/2025\/10\/Butlleti-Informatiu-Octubre-num.-13.jpg\" alt=\"\" title=\"Butllet\u00ed Informatiu Octubre n\u00fam. 13\" srcset=\"https:\/\/ccoo.app\/ajuntament-sant-boi-de-llobregat\/wp-content\/blogs.dir\/6\/files\/sites\/246\/2025\/10\/Butlleti-Informatiu-Octubre-num.-13.jpg 1241w, https:\/\/ccoo.app\/ajuntament-sant-boi-de-llobregat\/wp-content\/blogs.dir\/6\/files\/sites\/246\/2025\/10\/Butlleti-Informatiu-Octubre-num.-13-212x300.jpg 212w, https:\/\/ccoo.app\/ajuntament-sant-boi-de-llobregat\/wp-content\/blogs.dir\/6\/files\/sites\/246\/2025\/10\/Butlleti-Informatiu-Octubre-num.-13-724x1024.jpg 724w, https:\/\/ccoo.app\/ajuntament-sant-boi-de-llobregat\/wp-content\/blogs.dir\/6\/files\/sites\/246\/2025\/10\/Butlleti-Informatiu-Octubre-num.-13-768x1086.jpg 768w, https:\/\/ccoo.app\/ajuntament-sant-boi-de-llobregat\/wp-content\/blogs.dir\/6\/files\/sites\/246\/2025\/10\/Butlleti-Informatiu-Octubre-num.-13-1086x1536.jpg 1086w\" sizes=\"auto, (max-width: 1241px) 100vw, 1241px\" \/><\/figure>\n<\/div>\n\n\n\n<div class=\"wp-block-column is-layout-flow wp-block-column-is-layout-flow\">\n<p class=\"has-text-color has-link-color wp-elements-97c1d6fe5c5d001cc11b1d733510f827\" style=\"color:#000000\">Benvolgudes companyes i companys,<\/p>\n\n\n\n<p>Des de <strong>CCOO<\/strong> celebrem el comprom\u00eds de l\u2019equip de govern per incorporar als propers pressupostos <strong>actuacions llargament reivindicades<\/strong>, com el refor\u00e7 de la seguretat de la caserna, l\u2019adquisici\u00f3 d\u2019<strong>armes Taser<\/strong> i la <strong>renovaci\u00f3 de vehicles amb mampares de protecci\u00f3<\/strong>.<\/p>\n\n\n\n<p>Aquestes millores responen a una necessitat real del col\u00b7lectiu policial i a anys de treball constant des de la nostra secci\u00f3 sindical per garantir <strong>unes condicions laborals i de seguretat dignes<\/strong>.<\/p>\n\n\n\n<hr class=\"wp-block-separator has-alpha-channel-opacity\" \/>\n\n\n\n<h2 class=\"wp-block-heading\">\ud83d\udd34 CCOO, al capdavant de la defensa de tota la plantilla<\/h2>\n\n\n\n<p><br>Des de <strong>CCOO continuem treballant<\/strong> per aconseguir <strong>millores reals<\/strong> per a totes les treballadores i treballadors municipals, incl\u00f2s el col\u00b7lectiu de la <strong>Policia Local<\/strong>.<\/p>\n\n\n\n<p>Vivim moments complexos a la nostra societat, i tamb\u00e9 a Sant Boi. Els agents afronten <strong>situacions de risc cada vegada m\u00e9s greus<\/strong>, i necessiten disposar d\u2019<strong>eines i mesures de protecci\u00f3 adequades<\/strong> per desenvolupar la seva tasca amb seguretat.<\/p>\n\n\n\n<hr class=\"wp-block-separator has-alpha-channel-opacity\" \/>\n\n\n\n<h2 class=\"wp-block-heading\">\u2699\ufe0f Mesures priorit\u00e0ries per a la seguretat<\/h2>\n\n\n\n<p><br>Entre les millores que CCOO porta anys reclamant, destaquen:<\/p>\n\n\n\n<ul class=\"wp-block-list\">\n<li>La incorporaci\u00f3 d\u2019<strong>armes Taser (no letals)<\/strong>.<\/li>\n\n\n\n<li>L\u2019adquisici\u00f3 progressiva de <strong>vehicles amb mampares de protecci\u00f3<\/strong>.<\/li>\n\n\n\n<li>El <strong>refor\u00e7 de la seguretat de la caserna<\/strong>.<\/li>\n<\/ul>\n\n\n\n<p>Aquestes actuacions s\u00f3n essencials per <strong>garantir la seguretat dels agents i del conjunt de la ciutadania<\/strong>.<\/p>\n\n\n\n<hr class=\"wp-block-separator has-alpha-channel-opacity\" \/>\n\n\n\n<h2 class=\"wp-block-heading\">\ud83d\udcc5 Comprom\u00eds i aven\u00e7os reals<\/h2>\n\n\n\n<p><br>Despr\u00e9s d\u2019anys de reclamacions iniciades per CCOO l\u2019any 2020, l\u2019equip de govern ha informat que <strong>donar\u00e0 prioritat a aquestes demandes<\/strong> i preveu la seva <strong>incorporaci\u00f3 als pr\u00f2xims pressupostos municipals<\/strong>.<\/p>\n\n\n\n<p>Valorem positivament aquest pas endavant i <strong>agra\u00efm la tasca i la perseveran\u00e7a<\/strong> del nostre delegat <strong>Juanjo G\u00f3mez<\/strong>, agent de la Policia Local, per la seva const\u00e0ncia en la defensa dels drets laborals del col\u00b7lectiu.<\/p>\n\n\n\n<hr class=\"wp-block-separator has-alpha-channel-opacity\" \/>\n\n\n\n<h2 class=\"wp-block-heading\">\ud83e\udd1d Conflicte pel gaudi dels dies d\u2019AAPP<\/h2>\n\n\n\n<p><br>Amb relaci\u00f3 al tema del <strong>gaudi dels dies d\u2019AAPP<\/strong>, denunciem la <strong>denegaci\u00f3 sistem\u00e0tica<\/strong> de les peticions per part de la Jefatura.<\/p>\n\n\n\n<p>Des de CCOO hem sol\u00b7licitat a <strong>SPL-CME<\/strong> i <strong>UGT<\/strong> una <strong>reuni\u00f3 conjunta<\/strong> per debatre la situaci\u00f3 i arribar a una proposta d\u2019acci\u00f3 comuna que permeti garantir la <strong>conciliaci\u00f3 de la vida personal i laboral<\/strong> del col\u00b7lectiu afectat.<\/p>\n\n\n\n<hr class=\"wp-block-separator has-alpha-channel-opacity\" \/>\n\n\n\n<h3 class=\"wp-block-heading has-text-color has-link-color wp-elements-f01612833359083db12c6e71dcf1204d\" style=\"color:#000000\"><strong>\u00abAMB LES COSES DE MENJAR, NO S\u2019HI JUGA\u00bb<\/strong><\/h3>\n\n\n\n<p class=\"has-text-color has-link-color wp-elements-86ca19e20894f9f1b7f86dfb1c084d61\" style=\"color:#000000\">Aprofitem tamb\u00e9 per recordar-vos que <strong>CCOO est\u00e0 lluitant per garantir unes condicions laborals dignes<\/strong> i perqu\u00e8 les mesures que es prenen dins l\u2019Ajuntament siguin <strong>justes i transparents<\/strong> per a tothom. Seguirem informant-vos i defensant els vostres drets!<\/p>\n\n\n\n<p class=\"has-text-color has-link-color wp-elements-ca98e290a56eca669881154e79f234a3\" style=\"color:#000000\">Per qualsevol aclariment, estem a la vostra disposici\u00f3.<\/p>\n\n\n\n<p class=\"has-text-color has-link-color wp-elements-941c899b691ba701c0698c88c328a60f\" style=\"color:#000000\">\ud83d\udcaa <strong>La for\u00e7a del sindicat sou vosaltres!<\/strong><\/p>\n\n\n\n<p class=\"has-text-color has-link-color wp-elements-ae7bf9b56ad3b0bed176b42c093f3694\" style=\"color:#000000\">CCOO \u2013 Ajuntament de Sant Boi de Llobregat<\/p>\n<\/div>\n<\/div>\n\n\n\n<p><\/p>\n","protected":false},"excerpt":{"rendered":"<p>Data: 20 d&#8217;octubre del 2025 Benvolgudes companyes i companys, Des de CCOO celebrem el comprom\u00eds de l\u2019equip de govern per incorporar als propers pressupostos actuacions llargament reivindicades, com el refor\u00e7 &#8230; <a title=\"Butllet\u00ed Informatiu Octubre n\u00fam. 13\" class=\"read-more\" href=\"https:\/\/ccoo.app\/ajuntament-sant-boi-de-llobregat\/butlleti-informatiu-octubre-num-13\/\" aria-label=\"Leer m\u00e1s sobre Butllet\u00ed Informatiu Octubre n\u00fam. 13\">Leer m\u00e1s<\/a><\/p>\n","protected":false},"author":97111,"featured_media":0,"parent":0,"menu_order":0,"comment_status":"closed","ping_status":"closed","template":"","meta":{"footnotes":""},"class_list":["post-3850","page","type-page","status-publish"],"_links":{"self":[{"href":"https:\/\/ccoo.app\/ajuntament-sant-boi-de-llobregat\/wp-json\/wp\/v2\/pages\/3850","targetHints":{"allow":["GET"]}}],"collection":[{"href":"https:\/\/ccoo.app\/ajuntament-sant-boi-de-llobregat\/wp-json\/wp\/v2\/pages"}],"about":[{"href":"https:\/\/ccoo.app\/ajuntament-sant-boi-de-llobregat\/wp-json\/wp\/v2\/types\/page"}],"author":[{"embeddable":true,"href":"https:\/\/ccoo.app\/ajuntament-sant-boi-de-llobregat\/wp-json\/wp\/v2\/users\/97111"}],"replies":[{"embeddable":true,"href":"https:\/\/ccoo.app\/ajuntament-sant-boi-de-llobregat\/wp-json\/wp\/v2\/comments?post=3850"}],"version-history":[{"count":1,"href":"https:\/\/ccoo.app\/ajuntament-sant-boi-de-llobregat\/wp-json\/wp\/v2\/pages\/3850\/revisions"}],"predecessor-version":[{"id":3852,"href":"https:\/\/ccoo.app\/ajuntament-sant-boi-de-llobregat\/wp-json\/wp\/v2\/pages\/3850\/revisions\/3852"}],"wp:attachment":[{"href":"https:\/\/ccoo.app\/ajuntament-sant-boi-de-llobregat\/wp-json\/wp\/v2\/media?parent=3850"}],"curies":[{"name":"wp","href":"https:\/\/api.w.org\/{rel}","templated":true}]}}