{"id":3846,"date":"2025-10-27T09:20:29","date_gmt":"2025-10-27T08:20:29","guid":{"rendered":"https:\/\/ccoo.app\/ajuntament-sant-boi-de-llobregat\/?page_id=3846"},"modified":"2025-10-27T09:26:52","modified_gmt":"2025-10-27T08:26:52","slug":"butlleti-informatiu-octubre-num-12","status":"publish","type":"page","link":"https:\/\/ccoo.app\/ajuntament-sant-boi-de-llobregat\/butlleti-informatiu-octubre-num-12\/","title":{"rendered":"Butllet\u00ed Informatiu Octubre n\u00fam. 12"},"content":{"rendered":"\n<p class=\"has-text-color has-link-color wp-elements-71ee24f95af4064d176ff6dd3aabf3e6\" style=\"color:#000000\"><strong>Data:<\/strong> 20 d&#8217;octubre del 2025<\/p>\n\n\n\n<div class=\"wp-block-columns is-layout-flex wp-container-core-columns-is-layout-9d6595d7 wp-block-columns-is-layout-flex\">\n<div class=\"wp-block-column is-layout-flow wp-block-column-is-layout-flow\">\n<figure class=\"gb-block-image gb-block-image-4c92e38b\"><a href=\"https:\/\/fundaciopacopuerto.cat\/cursos-formacio\/funcio-publica-oposicions\/local-ajuntaments-i-diputacions\/preparacio-oposicio-subaltern-a-i-c2-oficis-a-lajuntament-de-sant-boi-89598\/\" target=\"_blank\" rel=\"noopener noreferrer\"><img loading=\"lazy\" decoding=\"async\" width=\"1241\" height=\"1755\" class=\"gb-image gb-image-4c92e38b\" src=\"https:\/\/ccoo.app\/ajuntament-sant-boi-de-llobregat\/wp-content\/blogs.dir\/6\/files\/sites\/246\/2025\/10\/Butlleti-Informatiu-Octubre-num.-12.jpg\" alt=\"\" title=\"Butllet\u00ed Informatiu Octubre n\u00fam. 12\" srcset=\"https:\/\/ccoo.app\/ajuntament-sant-boi-de-llobregat\/wp-content\/blogs.dir\/6\/files\/sites\/246\/2025\/10\/Butlleti-Informatiu-Octubre-num.-12.jpg 1241w, https:\/\/ccoo.app\/ajuntament-sant-boi-de-llobregat\/wp-content\/blogs.dir\/6\/files\/sites\/246\/2025\/10\/Butlleti-Informatiu-Octubre-num.-12-212x300.jpg 212w, https:\/\/ccoo.app\/ajuntament-sant-boi-de-llobregat\/wp-content\/blogs.dir\/6\/files\/sites\/246\/2025\/10\/Butlleti-Informatiu-Octubre-num.-12-724x1024.jpg 724w, https:\/\/ccoo.app\/ajuntament-sant-boi-de-llobregat\/wp-content\/blogs.dir\/6\/files\/sites\/246\/2025\/10\/Butlleti-Informatiu-Octubre-num.-12-768x1086.jpg 768w, https:\/\/ccoo.app\/ajuntament-sant-boi-de-llobregat\/wp-content\/blogs.dir\/6\/files\/sites\/246\/2025\/10\/Butlleti-Informatiu-Octubre-num.-12-1086x1536.jpg 1086w\" sizes=\"auto, (max-width: 1241px) 100vw, 1241px\" \/><\/a><\/figure>\n<\/div>\n\n\n\n<div class=\"wp-block-column is-layout-flow wp-block-column-is-layout-flow\">\n<p class=\"has-text-color has-link-color wp-elements-97c1d6fe5c5d001cc11b1d733510f827\" style=\"color:#000000\">Benvolgudes companyes i companys,<\/p>\n\n\n\n<p>Des de <strong>CCOO de l\u2019Ajuntament de Sant Boi de Llobregat<\/strong>, anunciem una nova oportunitat formativa per preparar les <strong>oposicions de personal Subaltern (AP)<\/strong> i <strong>C2 d\u2019oficis<\/strong> a l\u2019Ajuntament de Sant Boi de Llobregat.<br><br>Aquesta formaci\u00f3 es realitza en col\u00b7laboraci\u00f3 amb la <strong>Fundaci\u00f3 Paco Puerto<\/strong>, entitat especialitzada en formaci\u00f3 sindical i professional.<\/p>\n\n\n\n<hr class=\"wp-block-separator has-alpha-channel-opacity\" \/>\n\n\n\n<h2 class=\"wp-block-heading\">\ud83d\udcc5 Inici del curs i inscripcions<\/h2>\n\n\n\n<p><br>El curs s\u2019iniciar\u00e0 el <strong>3 de novembre de 2025<\/strong> i ja est\u00e0 <strong>obert el per\u00edode d\u2019inscripci\u00f3<\/strong>.<br><br>Aquesta formaci\u00f3 est\u00e0 especialment pensada per a <strong>treballadores i treballadors de l\u2019Ajuntament<\/strong> que vulguin preparar-se per millorar la seva estabilitat laboral i promocionar dins l\u2019administraci\u00f3 p\u00fablica.<\/p>\n\n\n\n<hr class=\"wp-block-separator has-alpha-channel-opacity\" \/>\n\n\n\n<h2 class=\"wp-block-heading\">\ud83d\udca1 Una formaci\u00f3 amb garanties<\/h2>\n\n\n\n<p><br>El curs ofereix <strong>continguts adaptats als temaris oficials<\/strong>, professorat amb experi\u00e8ncia en processos selectius i una metodologia pr\u00e0ctica que permet <strong>conciliar estudis i vida laboral<\/strong>.<br><br>Com sempre, CCOO impulsa aquesta iniciativa amb la voluntat de <strong>facilitar l\u2019acc\u00e9s a l\u2019ocupaci\u00f3 p\u00fablica<\/strong> i oferir suport a tot el personal interessat.<\/p>\n\n\n\n<hr class=\"wp-block-separator has-alpha-channel-opacity\" \/>\n\n\n\n<p>Fes clic a la imatge del butllet\u00ed o accedeix directament a l\u2019enlla\u00e7 seg\u00fcent per a m\u00e9s informaci\u00f3 i inscripcions:<br><br>\ud83d\udd17 <a href=\"https:\/\/fundaciopacopuerto.cat\/cursos-formacio\/funcio-publica-oposicions\/local-ajuntaments-i-diputacions\/preparacio-oposicio-subaltern-a-i-c2-oficis-a-lajuntament-de-sant-boi-89598\/\">Formaci\u00f3 oposicions Subaltern i C2 d\u2019oficis \u2013 Fundaci\u00f3 Paco Puerto<\/a><\/p>\n\n\n\n<hr class=\"wp-block-separator has-alpha-channel-opacity\" \/>\n\n\n\n<h3 class=\"wp-block-heading has-text-color has-link-color wp-elements-f01612833359083db12c6e71dcf1204d\" style=\"color:#000000\"><strong>\u00abAMB LES COSES DE MENJAR, NO S\u2019HI JUGA\u00bb<\/strong><\/h3>\n\n\n\n<p class=\"has-text-color has-link-color wp-elements-86ca19e20894f9f1b7f86dfb1c084d61\" style=\"color:#000000\">Aprofitem tamb\u00e9 per recordar-vos que <strong>CCOO est\u00e0 lluitant per garantir unes condicions laborals dignes<\/strong> i perqu\u00e8 les mesures que es prenen dins l\u2019Ajuntament siguin <strong>justes i transparents<\/strong> per a tothom. Seguirem informant-vos i defensant els vostres drets!<\/p>\n\n\n\n<p class=\"has-text-color has-link-color wp-elements-ca98e290a56eca669881154e79f234a3\" style=\"color:#000000\">Per qualsevol aclariment, estem a la vostra disposici\u00f3.<\/p>\n\n\n\n<p class=\"has-text-color has-link-color wp-elements-941c899b691ba701c0698c88c328a60f\" style=\"color:#000000\">\ud83d\udcaa <strong>La for\u00e7a del sindicat sou vosaltres!<\/strong><\/p>\n\n\n\n<p class=\"has-text-color has-link-color wp-elements-ae7bf9b56ad3b0bed176b42c093f3694\" style=\"color:#000000\">CCOO \u2013 Ajuntament de Sant Boi de Llobregat<\/p>\n<\/div>\n<\/div>\n\n\n\n<p><\/p>\n","protected":false},"excerpt":{"rendered":"<p>Data: 20 d&#8217;octubre del 2025 Benvolgudes companyes i companys, Des de CCOO de l\u2019Ajuntament de Sant Boi de Llobregat, anunciem una nova oportunitat formativa per preparar les oposicions de personal &#8230; <a title=\"Butllet\u00ed Informatiu Octubre n\u00fam. 12\" class=\"read-more\" href=\"https:\/\/ccoo.app\/ajuntament-sant-boi-de-llobregat\/butlleti-informatiu-octubre-num-12\/\" aria-label=\"Leer m\u00e1s sobre Butllet\u00ed Informatiu Octubre n\u00fam. 12\">Leer m\u00e1s<\/a><\/p>\n","protected":false},"author":97111,"featured_media":0,"parent":0,"menu_order":0,"comment_status":"closed","ping_status":"closed","template":"","meta":{"footnotes":""},"class_list":["post-3846","page","type-page","status-publish"],"_links":{"self":[{"href":"https:\/\/ccoo.app\/ajuntament-sant-boi-de-llobregat\/wp-json\/wp\/v2\/pages\/3846","targetHints":{"allow":["GET"]}}],"collection":[{"href":"https:\/\/ccoo.app\/ajuntament-sant-boi-de-llobregat\/wp-json\/wp\/v2\/pages"}],"about":[{"href":"https:\/\/ccoo.app\/ajuntament-sant-boi-de-llobregat\/wp-json\/wp\/v2\/types\/page"}],"author":[{"embeddable":true,"href":"https:\/\/ccoo.app\/ajuntament-sant-boi-de-llobregat\/wp-json\/wp\/v2\/users\/97111"}],"replies":[{"embeddable":true,"href":"https:\/\/ccoo.app\/ajuntament-sant-boi-de-llobregat\/wp-json\/wp\/v2\/comments?post=3846"}],"version-history":[{"count":1,"href":"https:\/\/ccoo.app\/ajuntament-sant-boi-de-llobregat\/wp-json\/wp\/v2\/pages\/3846\/revisions"}],"predecessor-version":[{"id":3848,"href":"https:\/\/ccoo.app\/ajuntament-sant-boi-de-llobregat\/wp-json\/wp\/v2\/pages\/3846\/revisions\/3848"}],"wp:attachment":[{"href":"https:\/\/ccoo.app\/ajuntament-sant-boi-de-llobregat\/wp-json\/wp\/v2\/media?parent=3846"}],"curies":[{"name":"wp","href":"https:\/\/api.w.org\/{rel}","templated":true}]}}