{"id":3813,"date":"2025-10-27T08:45:05","date_gmt":"2025-10-27T07:45:05","guid":{"rendered":"https:\/\/ccoo.app\/ajuntament-sant-boi-de-llobregat\/?page_id=3813"},"modified":"2025-10-27T08:47:27","modified_gmt":"2025-10-27T07:47:27","slug":"butlleti-informatiu-octubre-num-11","status":"publish","type":"page","link":"https:\/\/ccoo.app\/ajuntament-sant-boi-de-llobregat\/butlleti-informatiu-octubre-num-11\/","title":{"rendered":"Butllet\u00ed Informatiu Octubre n\u00fam. 11"},"content":{"rendered":"\n<p class=\"has-text-color has-link-color wp-elements-a1eaca391de5b1034be31e58d5b75cae\" style=\"color:#000000\"><strong>Data:<\/strong> 16 d&#8217;octubre del 2025<\/p>\n\n\n\n<div class=\"wp-block-columns is-layout-flex wp-container-core-columns-is-layout-9d6595d7 wp-block-columns-is-layout-flex\">\n<div class=\"wp-block-column is-layout-flow wp-block-column-is-layout-flow\">\n<figure class=\"gb-block-image gb-block-image-4c92e38b\"><a href=\"https:\/\/www.youtube.com\/watch?v=73uJfWpcp54\"><img loading=\"lazy\" decoding=\"async\" width=\"1241\" height=\"1755\" class=\"gb-image gb-image-4c92e38b\" src=\"https:\/\/ccoo.app\/ajuntament-sant-boi-de-llobregat\/wp-content\/blogs.dir\/6\/files\/sites\/246\/2025\/10\/Bulleti-Informatiu-Octubre-num.-11.jpg\" alt=\"\" title=\"Bullet\u00ed Informatiu Octubre n\u00fam. 11\" srcset=\"https:\/\/ccoo.app\/ajuntament-sant-boi-de-llobregat\/wp-content\/blogs.dir\/6\/files\/sites\/246\/2025\/10\/Bulleti-Informatiu-Octubre-num.-11.jpg 1241w, https:\/\/ccoo.app\/ajuntament-sant-boi-de-llobregat\/wp-content\/blogs.dir\/6\/files\/sites\/246\/2025\/10\/Bulleti-Informatiu-Octubre-num.-11-212x300.jpg 212w, https:\/\/ccoo.app\/ajuntament-sant-boi-de-llobregat\/wp-content\/blogs.dir\/6\/files\/sites\/246\/2025\/10\/Bulleti-Informatiu-Octubre-num.-11-724x1024.jpg 724w, https:\/\/ccoo.app\/ajuntament-sant-boi-de-llobregat\/wp-content\/blogs.dir\/6\/files\/sites\/246\/2025\/10\/Bulleti-Informatiu-Octubre-num.-11-768x1086.jpg 768w, https:\/\/ccoo.app\/ajuntament-sant-boi-de-llobregat\/wp-content\/blogs.dir\/6\/files\/sites\/246\/2025\/10\/Bulleti-Informatiu-Octubre-num.-11-1086x1536.jpg 1086w\" sizes=\"auto, (max-width: 1241px) 100vw, 1241px\" \/><\/a><\/figure>\n<\/div>\n\n\n\n<div class=\"wp-block-column is-layout-flow wp-block-column-is-layout-flow\">\n<p class=\"has-text-color has-link-color wp-elements-97c1d6fe5c5d001cc11b1d733510f827\" style=\"color:#000000\">Benvolgudes companyes i companys,<\/p>\n\n\n\n<p>Dimecres <strong>15 d\u2019octubre<\/strong>, les seccions sindicals de <strong>CCOO i UGT<\/strong> de l\u2019Ajuntament de Sant Boi de Llobregat vam participar conjuntament en la <strong>jornada de mobilitzaci\u00f3 convocada a nivell estatal<\/strong> per denunciar la greu situaci\u00f3 que viu el <strong>poble palest\u00ed<\/strong> i reclamar el <strong>cessament immediat de la viol\u00e8ncia<\/strong> a Gaza i Cisjord\u00e0nia.<\/p>\n\n\n\n<hr class=\"wp-block-separator has-alpha-channel-opacity\" \/>\n\n\n\n<h2 class=\"wp-block-heading\">\ud83e\udd1d Lectura del manifest conjunt<\/h2>\n\n\n\n<p>Durant l\u2019acte, les companyes <strong>Mari Carmen \u00c1lvarez (CCOO)<\/strong> i <strong>Elisabeth Huertas (UGT)<\/strong> van fer la <strong>lectura del manifest conjunt dels sindicats<\/strong>, on es va destacar la necessitat d\u2019una <strong>acci\u00f3 sindical solid\u00e0ria<\/strong>, la defensa dels <strong>drets humans<\/strong> i la <strong>fi del genocidi i de l\u2019apartheid<\/strong>.<\/p>\n\n\n\n<p>Des de les seccions sindicals volem <strong>agrair la participaci\u00f3 i el suport<\/strong> de totes les persones treballadores que vau assistir a la mobilitzaci\u00f3 i vau fer sentir la nostra veu col\u00b7lectiva.<\/p>\n\n\n\n<hr class=\"wp-block-separator has-alpha-channel-opacity\" \/>\n\n\n\n<h2 class=\"wp-block-heading\">\ud83c\udf0d Solidaritat i comprom\u00eds<\/h2>\n\n\n\n<p>CCOO i UGT reafirmem el nostre <strong>comprom\u00eds amb la pau, la just\u00edcia i la llibertat dels pobles<\/strong>, i continuarem participant en totes aquelles accions que promoguin el respecte als <strong>drets humans i la conviv\u00e8ncia internacional<\/strong>.<\/p>\n\n\n\n<hr class=\"wp-block-separator has-alpha-channel-opacity\" \/>\n\n\n\n<p>\ud83c\udfa5 <a href=\"https:\/\/www.youtube.com\/watch?v=73uJfWpcp54\">Accedeix al v\u00eddeo de la mobilitzaci\u00f3<\/a><\/p>\n\n\n\n<hr class=\"wp-block-separator has-alpha-channel-opacity\" \/>\n\n\n\n<h3 class=\"wp-block-heading has-text-color has-link-color wp-elements-f01612833359083db12c6e71dcf1204d\" style=\"color:#000000\"><strong>\u00abAMB LES COSES DE MENJAR, NO S\u2019HI JUGA\u00bb<\/strong><\/h3>\n\n\n\n<p class=\"has-text-color has-link-color wp-elements-86ca19e20894f9f1b7f86dfb1c084d61\" style=\"color:#000000\">Aprofitem tamb\u00e9 per recordar-vos que <strong>CCOO est\u00e0 lluitant per garantir unes condicions laborals dignes<\/strong> i perqu\u00e8 les mesures que es prenen dins l\u2019Ajuntament siguin <strong>justes i transparents<\/strong> per a tothom. Seguirem informant-vos i defensant els vostres drets!<\/p>\n\n\n\n<p class=\"has-text-color has-link-color wp-elements-ca98e290a56eca669881154e79f234a3\" style=\"color:#000000\">Per qualsevol aclariment, estem a la vostra disposici\u00f3.<\/p>\n\n\n\n<p class=\"has-text-color has-link-color wp-elements-941c899b691ba701c0698c88c328a60f\" style=\"color:#000000\">\ud83d\udcaa <strong>La for\u00e7a del sindicat sou vosaltres!<\/strong><\/p>\n\n\n\n<p class=\"has-text-color has-link-color wp-elements-ae7bf9b56ad3b0bed176b42c093f3694\" style=\"color:#000000\">CCOO \u2013 Ajuntament de Sant Boi de Llobregat<\/p>\n<\/div>\n<\/div>\n\n\n\n<p><\/p>\n","protected":false},"excerpt":{"rendered":"<p>Data: 16 d&#8217;octubre del 2025 Benvolgudes companyes i companys, Dimecres 15 d\u2019octubre, les seccions sindicals de CCOO i UGT de l\u2019Ajuntament de Sant Boi de Llobregat vam participar conjuntament en &#8230; <a title=\"Butllet\u00ed Informatiu Octubre n\u00fam. 11\" class=\"read-more\" href=\"https:\/\/ccoo.app\/ajuntament-sant-boi-de-llobregat\/butlleti-informatiu-octubre-num-11\/\" aria-label=\"Leer m\u00e1s sobre Butllet\u00ed Informatiu Octubre n\u00fam. 11\">Leer m\u00e1s<\/a><\/p>\n","protected":false},"author":97111,"featured_media":0,"parent":0,"menu_order":0,"comment_status":"closed","ping_status":"closed","template":"","meta":{"footnotes":""},"class_list":["post-3813","page","type-page","status-publish"],"_links":{"self":[{"href":"https:\/\/ccoo.app\/ajuntament-sant-boi-de-llobregat\/wp-json\/wp\/v2\/pages\/3813","targetHints":{"allow":["GET"]}}],"collection":[{"href":"https:\/\/ccoo.app\/ajuntament-sant-boi-de-llobregat\/wp-json\/wp\/v2\/pages"}],"about":[{"href":"https:\/\/ccoo.app\/ajuntament-sant-boi-de-llobregat\/wp-json\/wp\/v2\/types\/page"}],"author":[{"embeddable":true,"href":"https:\/\/ccoo.app\/ajuntament-sant-boi-de-llobregat\/wp-json\/wp\/v2\/users\/97111"}],"replies":[{"embeddable":true,"href":"https:\/\/ccoo.app\/ajuntament-sant-boi-de-llobregat\/wp-json\/wp\/v2\/comments?post=3813"}],"version-history":[{"count":2,"href":"https:\/\/ccoo.app\/ajuntament-sant-boi-de-llobregat\/wp-json\/wp\/v2\/pages\/3813\/revisions"}],"predecessor-version":[{"id":3818,"href":"https:\/\/ccoo.app\/ajuntament-sant-boi-de-llobregat\/wp-json\/wp\/v2\/pages\/3813\/revisions\/3818"}],"wp:attachment":[{"href":"https:\/\/ccoo.app\/ajuntament-sant-boi-de-llobregat\/wp-json\/wp\/v2\/media?parent=3813"}],"curies":[{"name":"wp","href":"https:\/\/api.w.org\/{rel}","templated":true}]}}