{"id":3584,"date":"2025-09-22T22:54:25","date_gmt":"2025-09-22T20:54:25","guid":{"rendered":"https:\/\/ccoo.app\/ajuntament-sant-boi-de-llobregat\/?page_id=3584"},"modified":"2025-10-27T08:31:58","modified_gmt":"2025-10-27T07:31:58","slug":"diccionari-competencies-carrera-professional","status":"publish","type":"page","link":"https:\/\/ccoo.app\/ajuntament-sant-boi-de-llobregat\/diccionari-competencies-carrera-professional\/","title":{"rendered":"Diccionari de compet\u00e8ncies"},"content":{"rendered":"\n<p>El <strong>Diccionari de compet\u00e8ncies<\/strong> \u00e9s una eina clau del sistema de carrera professional a l\u2019Ajuntament de Sant Boi. Defineix de manera clara quines compet\u00e8ncies s\u2019avaluaran, com es descriuen i en quins nivells es poden desenvolupar. Aquest document serveix de guia tant per a la plantilla com per als comandaments, assegurant que l\u2019avaluaci\u00f3 sigui transparent, objectiva i compartida per tothom.<\/p>\n\n\n\n<hr class=\"wp-block-separator has-alpha-channel-opacity\" \/>\n\n\n\n<h2 class=\"wp-block-heading\">Punts m\u00e9s importants del document<\/h2>\n\n\n\n<h3 class=\"wp-block-heading\"><br>Tipus de compet\u00e8ncies<\/h3>\n\n\n\n<p>El diccionari diferencia quatre grans blocs:<\/p>\n\n\n\n<ul class=\"wp-block-list\">\n<li><strong>Compet\u00e8ncies actitudinals<\/strong>, relacionades amb la responsabilitat, la iniciativa i el comprom\u00eds.<\/li>\n\n\n\n<li><strong>Compet\u00e8ncies relacionals<\/strong>, que inclouen el treball en equip, la comunicaci\u00f3 i l\u2019atenci\u00f3 ciutadana.<\/li>\n\n\n\n<li><strong>Compet\u00e8ncies funcionals<\/strong>, vinculades a la gesti\u00f3 de tasques, coneixements t\u00e8cnics i \u00fas d\u2019eines.<\/li>\n\n\n\n<li><strong>Compet\u00e8ncies directives<\/strong>, centrades en la planificaci\u00f3, el lideratge i la presa de decisions.<\/li>\n<\/ul>\n\n\n\n<h3 class=\"wp-block-heading\">Nivells de desenvolupament<\/h3>\n\n\n\n<p>Cada compet\u00e8ncia est\u00e0 descrita amb diferents nivells (b\u00e0sic, mitj\u00e0, avan\u00e7at), de manera que es pot veure clarament qu\u00e8 s\u2019espera en cada etapa de la carrera professional i qu\u00e8 cal per progressar.<\/p>\n\n\n\n<h3 class=\"wp-block-heading\">Guia per a l\u2019avaluaci\u00f3<\/h3>\n\n\n\n<p>El diccionari \u00e9s la base per a les entrevistes i processos d\u2019avaluaci\u00f3. Permet als comandaments valorar de manera objectiva i a la plantilla entendre quins criteris s\u2019utilitzaran i com preparar-se per a l\u2019avaluaci\u00f3.<\/p>\n\n\n\n<h3 class=\"wp-block-heading\">Transpar\u00e8ncia i igualtat<\/h3>\n\n\n\n<p>Un element clau d\u2019aquest document \u00e9s assegurar que tota la plantilla t\u00e9 acc\u00e9s als mateixos criteris i que aquests es fan servir de manera equitativa, evitant arbitrarietats i garantint la igualtat d\u2019oportunitats.<\/p>\n\n\n\n<hr class=\"wp-block-separator has-alpha-channel-opacity\" \/>\n\n\n\n<h2 class=\"wp-block-heading\">Per qu\u00e8 \u00e9s important?<\/h2>\n\n\n\n<p>Aquest diccionari no \u00e9s nom\u00e9s un recull de paraules: \u00e9s la base que marcar\u00e0 com es reconeix el desenvolupament professional dins l\u2019Ajuntament. Con\u00e8ixer-lo et permet saber qu\u00e8 s\u2019avaluar\u00e0, com es valorar\u00e0 i qu\u00e8 pots fer per progressar.<\/p>\n\n\n\n<p><strong>Consulta el document complet per llegir totes les compet\u00e8ncies i els seus nivells.<\/strong><\/p>\n\n\n\n<p><a href=\"http:\/\/ccoo.app\/ajuntament-sant-boi-de-llobregat\/wp-content\/blogs.dir\/6\/files\/sites\/246\/2025\/10\/Diccionari-Competencies-ASB.pdf\">\ud83d\udc49 <strong>Veure tot l&#8217;arxiu aqu\u00ed<\/strong><\/a><\/p>\n\n\n\n<p><\/p>\n","protected":false},"excerpt":{"rendered":"<p>El Diccionari de compet\u00e8ncies \u00e9s una eina clau del sistema de carrera professional a l\u2019Ajuntament de Sant Boi. Defineix de manera clara quines compet\u00e8ncies s\u2019avaluaran, com es descriuen i en &#8230; <a title=\"Diccionari de compet\u00e8ncies\" class=\"read-more\" href=\"https:\/\/ccoo.app\/ajuntament-sant-boi-de-llobregat\/diccionari-competencies-carrera-professional\/\" aria-label=\"Leer m\u00e1s sobre Diccionari de compet\u00e8ncies\">Leer m\u00e1s<\/a><\/p>\n","protected":false},"author":97111,"featured_media":0,"parent":0,"menu_order":0,"comment_status":"closed","ping_status":"closed","template":"","meta":{"footnotes":""},"class_list":["post-3584","page","type-page","status-publish"],"_links":{"self":[{"href":"https:\/\/ccoo.app\/ajuntament-sant-boi-de-llobregat\/wp-json\/wp\/v2\/pages\/3584","targetHints":{"allow":["GET"]}}],"collection":[{"href":"https:\/\/ccoo.app\/ajuntament-sant-boi-de-llobregat\/wp-json\/wp\/v2\/pages"}],"about":[{"href":"https:\/\/ccoo.app\/ajuntament-sant-boi-de-llobregat\/wp-json\/wp\/v2\/types\/page"}],"author":[{"embeddable":true,"href":"https:\/\/ccoo.app\/ajuntament-sant-boi-de-llobregat\/wp-json\/wp\/v2\/users\/97111"}],"replies":[{"embeddable":true,"href":"https:\/\/ccoo.app\/ajuntament-sant-boi-de-llobregat\/wp-json\/wp\/v2\/comments?post=3584"}],"version-history":[{"count":2,"href":"https:\/\/ccoo.app\/ajuntament-sant-boi-de-llobregat\/wp-json\/wp\/v2\/pages\/3584\/revisions"}],"predecessor-version":[{"id":3812,"href":"https:\/\/ccoo.app\/ajuntament-sant-boi-de-llobregat\/wp-json\/wp\/v2\/pages\/3584\/revisions\/3812"}],"wp:attachment":[{"href":"https:\/\/ccoo.app\/ajuntament-sant-boi-de-llobregat\/wp-json\/wp\/v2\/media?parent=3584"}],"curies":[{"name":"wp","href":"https:\/\/api.w.org\/{rel}","templated":true}]}}