{"id":3545,"date":"2025-09-22T21:52:56","date_gmt":"2025-09-22T19:52:56","guid":{"rendered":"https:\/\/ccoo.app\/ajuntament-sant-boi-de-llobregat\/?page_id=3545"},"modified":"2025-10-15T09:24:47","modified_gmt":"2025-10-15T07:24:47","slug":"formacio-ajuntament","status":"publish","type":"page","link":"https:\/\/ccoo.app\/ajuntament-sant-boi-de-llobregat\/formacio-ajuntament\/","title":{"rendered":"Feina i formaci\u00f3 (Ajuntament)"},"content":{"rendered":"\n<p>A l\u2019Ajuntament de Sant Boi de Llobregat disposem de diferents recursos de formaci\u00f3 pensats perqu\u00e8 tu puguis actualitzar-te, millorar les teves compet\u00e8ncies i adaptar-te als canvis en qu\u00e8 treballes cada dia. Encara que \u201cFeina i Formaci\u00f3\u201d inclou molts serveis de recerca d\u2019ocupaci\u00f3, aqu\u00ed et parlar\u00e9 especialment de la part de <strong>formaci\u00f3<\/strong>, perqu\u00e8 \u00e9s una eina potent per creure, cr\u00e9ixer i sentir-te m\u00e9s segur\/a en el teu rol.<\/p>\n\n\n\n<hr class=\"wp-block-separator has-alpha-channel-opacity\" \/>\n\n\n\n<h2 class=\"wp-block-heading\">Punts m\u00e9s importants relacionats amb la formaci\u00f3<\/h2>\n\n\n\n<ul class=\"wp-block-list\">\n<li><strong>Formaci\u00f3 ocupacional<\/strong><br>Si est\u00e0s inscrit\/da a l\u2019atur (com a demandant d\u2019ocupaci\u00f3) o, en alguns casos, encara que ja treballis per\u00f2 vols millorar professionalment, l\u2019Ajuntament ofereix cursos gratu\u00efts amb professora\/facilitats qualificades i certificats del Servei d\u2019Ocupaci\u00f3 de Catalunya.<\/li>\n\n\n\n<li><strong>Tallers per a l\u2019ocupabilitat<\/strong><br>Tallers pensats per millorar habilitats espec\u00edfiques que ajuden a la recerca activa de feina: com fer un bon curr\u00edculum, preparar entrevistes, treballar habilitats digitals, etc. Tots aquests tallers s\u00f3n gratu\u00efts i adaptats al teu horari.<\/li>\n\n\n\n<li><strong>Aula Mentor<\/strong><br>Es tracta d\u2019una oferta en l\u00ednia per a persones majors de 18 anys, tant si est\u00e0s treballant com si est\u00e0s desocupat\/da. Cursos flexibles que et permeten aprendre a un ritme teu, amb continguts diversos per ampliar compet\u00e8ncies professionals sense necessitat de despla\u00e7ar-te.<\/li>\n\n\n\n<li><strong>Formaci\u00f3 per persones en situaci\u00f3 especial<\/strong><br>Si tens certificat de discapacitat, est\u00e0s en tractament de salut mental o vas estar\/estas en situaci\u00f3 de vulnerabilitat, hi ha propostes de formaci\u00f3 adaptada amb suport i orientaci\u00f3 espec\u00edfica perqu\u00e8 puguis treure el millor profit.<\/li>\n\n\n\n<li><strong>Treball, talent i tecnologia<\/strong><br>Projectes espec\u00edfics per impulsar la formaci\u00f3 tecnol\u00f2gica, reduir la bretxa digital i alinear les teves compet\u00e8ncies amb les demandes actuals del mercat \u2013 especialment en sectors com la log\u00edstica, la digitalitzaci\u00f3 i la tecnologia.<\/li>\n<\/ul>\n\n\n\n<hr class=\"wp-block-separator has-alpha-channel-opacity\" \/>\n\n\n\n<h2 class=\"wp-block-heading\">Consulta els cursos i aprofita l\u2019oferta<\/h2>\n\n\n\n<p>Si vols veure els cursos disponibles, els horaris, els requisits i inscriure-t, <strong>consulta el cat\u00e0leg complet de \u201cFeina i Formaci\u00f3\u201d de l\u2019Ajuntament de Sant Boi<\/strong>. Una bona ocasi\u00f3 per escollir all\u00f2 que et va millor i continuar apostant pel teu desenvolupament.<\/p>\n\n\n\n<p><a href=\"https:\/\/www.santboi.cat\/feina-i-formacio\">\ud83d\udc49 <strong>Consulta tota la formaci\u00f3 aqu\u00ed<\/strong><\/a><\/p>\n","protected":false},"excerpt":{"rendered":"<p>A l\u2019Ajuntament de Sant Boi de Llobregat disposem de diferents recursos de formaci\u00f3 pensats perqu\u00e8 tu puguis actualitzar-te, millorar les teves compet\u00e8ncies i adaptar-te als canvis en qu\u00e8 treballes cada &#8230; <a title=\"Feina i formaci\u00f3 (Ajuntament)\" class=\"read-more\" href=\"https:\/\/ccoo.app\/ajuntament-sant-boi-de-llobregat\/formacio-ajuntament\/\" aria-label=\"Leer m\u00e1s sobre Feina i formaci\u00f3 (Ajuntament)\">Leer m\u00e1s<\/a><\/p>\n","protected":false},"author":97111,"featured_media":0,"parent":0,"menu_order":0,"comment_status":"closed","ping_status":"closed","template":"","meta":{"footnotes":""},"class_list":["post-3545","page","type-page","status-publish"],"_links":{"self":[{"href":"https:\/\/ccoo.app\/ajuntament-sant-boi-de-llobregat\/wp-json\/wp\/v2\/pages\/3545","targetHints":{"allow":["GET"]}}],"collection":[{"href":"https:\/\/ccoo.app\/ajuntament-sant-boi-de-llobregat\/wp-json\/wp\/v2\/pages"}],"about":[{"href":"https:\/\/ccoo.app\/ajuntament-sant-boi-de-llobregat\/wp-json\/wp\/v2\/types\/page"}],"author":[{"embeddable":true,"href":"https:\/\/ccoo.app\/ajuntament-sant-boi-de-llobregat\/wp-json\/wp\/v2\/users\/97111"}],"replies":[{"embeddable":true,"href":"https:\/\/ccoo.app\/ajuntament-sant-boi-de-llobregat\/wp-json\/wp\/v2\/comments?post=3545"}],"version-history":[{"count":2,"href":"https:\/\/ccoo.app\/ajuntament-sant-boi-de-llobregat\/wp-json\/wp\/v2\/pages\/3545\/revisions"}],"predecessor-version":[{"id":3742,"href":"https:\/\/ccoo.app\/ajuntament-sant-boi-de-llobregat\/wp-json\/wp\/v2\/pages\/3545\/revisions\/3742"}],"wp:attachment":[{"href":"https:\/\/ccoo.app\/ajuntament-sant-boi-de-llobregat\/wp-json\/wp\/v2\/media?parent=3545"}],"curies":[{"name":"wp","href":"https:\/\/api.w.org\/{rel}","templated":true}]}}