{"id":3518,"date":"2025-09-22T15:51:34","date_gmt":"2025-09-22T13:51:34","guid":{"rendered":"https:\/\/ccoo.app\/ajuntament-sant-boi-de-llobregat\/?page_id=3518"},"modified":"2025-09-22T15:51:36","modified_gmt":"2025-09-22T13:51:36","slug":"prevencio-accidents-laborals","status":"publish","type":"page","link":"https:\/\/ccoo.app\/ajuntament-sant-boi-de-llobregat\/prevencio-accidents-laborals\/","title":{"rendered":"Prevenci\u00f3 i accidents laborals"},"content":{"rendered":"\n<p>La seguretat i la salut a la feina s\u00f3n priorit\u00e0ries. Quan es produeix un accident laboral, \u00e9s fonamental tenir mecanismes clars per comunicar-ho, investigar-ne les causes i aplicar mesures que evitin que torni a passar. Des de CCOO volem que tota la plantilla tingui a l\u2019abast la informaci\u00f3 necess\u00e0ria sobre els protocols de prevenci\u00f3 i la gesti\u00f3 dels accidents dins del nostre Ajuntament. Aqu\u00ed trobar\u00e0s documents \u00fatils i pr\u00e0ctics per entendre qu\u00e8 cal fer i com actuar en cada cas.<\/p>\n\n\n\n<hr class=\"wp-block-separator has-alpha-channel-opacity\" \/>\n\n\n\n<h3 class=\"wp-block-heading\">a) Procediment d\u2019investigaci\u00f3 d\u2019accidents<\/h3>\n\n\n\n<p>Aqu\u00ed hi trobar\u00e0s el pas a pas que es segueix quan es comunica un accident laboral: des de la notificaci\u00f3 al comandament immediat, fins a la investigaci\u00f3 per part del Servei de Prevenci\u00f3 i la tramesa de l\u2019informe al Comit\u00e8 de Seguretat i Salut. Tot queda regulat i estructurat perqu\u00e8 el proc\u00e9s sigui transparent i rigor\u00f3s.<br><br><a href=\"http:\/\/ccoo.app\/ajuntament-sant-boi-de-llobregat\/wp-content\/blogs.dir\/6\/files\/sites\/246\/2025\/09\/SB-PRL-7.3-INVESTIGACIO-DACCIDENTS_rev03.pdf\"><strong>\ud83d\udc49<\/strong> <strong>Veure arxiu aqu\u00ed<\/strong><\/a><\/p>\n\n\n\n<hr class=\"wp-block-separator has-alpha-channel-opacity\" \/>\n\n\n\n<h3 class=\"wp-block-heading\">b) Informe d&#8217;accidents<\/h3>\n\n\n\n<p>Aquest document recull tota la informaci\u00f3 b\u00e0sica sobre com descriure un accident: qui l\u2019ha patit, on i quan ha passat, quina lesi\u00f3 s\u2019ha produ\u00eft i quins agents o condicions n\u2019han estat la causa. Tamb\u00e9 inclou la proposta de mesures per evitar que es repeteixi. Una eina clau per garantir que cada accident queda registrat i es poden prendre accions correctores.<br><br><strong><a href=\"http:\/\/ccoo.app\/ajuntament-sant-boi-de-llobregat\/wp-content\/blogs.dir\/6\/files\/sites\/246\/2025\/09\/informe-accidents.pdf\"><strong>\ud83d\udc49<\/strong> <strong>Veure arxiu aqu\u00ed<\/strong><\/a><\/strong><\/p>\n","protected":false},"excerpt":{"rendered":"<p>La seguretat i la salut a la feina s\u00f3n priorit\u00e0ries. Quan es produeix un accident laboral, \u00e9s fonamental tenir mecanismes clars per comunicar-ho, investigar-ne les causes i aplicar mesures que &#8230; <a title=\"Prevenci\u00f3 i accidents laborals\" class=\"read-more\" href=\"https:\/\/ccoo.app\/ajuntament-sant-boi-de-llobregat\/prevencio-accidents-laborals\/\" aria-label=\"Leer m\u00e1s sobre Prevenci\u00f3 i accidents laborals\">Leer m\u00e1s<\/a><\/p>\n","protected":false},"author":97111,"featured_media":0,"parent":0,"menu_order":0,"comment_status":"closed","ping_status":"closed","template":"","meta":{"footnotes":""},"class_list":["post-3518","page","type-page","status-publish"],"_links":{"self":[{"href":"https:\/\/ccoo.app\/ajuntament-sant-boi-de-llobregat\/wp-json\/wp\/v2\/pages\/3518","targetHints":{"allow":["GET"]}}],"collection":[{"href":"https:\/\/ccoo.app\/ajuntament-sant-boi-de-llobregat\/wp-json\/wp\/v2\/pages"}],"about":[{"href":"https:\/\/ccoo.app\/ajuntament-sant-boi-de-llobregat\/wp-json\/wp\/v2\/types\/page"}],"author":[{"embeddable":true,"href":"https:\/\/ccoo.app\/ajuntament-sant-boi-de-llobregat\/wp-json\/wp\/v2\/users\/97111"}],"replies":[{"embeddable":true,"href":"https:\/\/ccoo.app\/ajuntament-sant-boi-de-llobregat\/wp-json\/wp\/v2\/comments?post=3518"}],"version-history":[{"count":1,"href":"https:\/\/ccoo.app\/ajuntament-sant-boi-de-llobregat\/wp-json\/wp\/v2\/pages\/3518\/revisions"}],"predecessor-version":[{"id":3521,"href":"https:\/\/ccoo.app\/ajuntament-sant-boi-de-llobregat\/wp-json\/wp\/v2\/pages\/3518\/revisions\/3521"}],"wp:attachment":[{"href":"https:\/\/ccoo.app\/ajuntament-sant-boi-de-llobregat\/wp-json\/wp\/v2\/media?parent=3518"}],"curies":[{"name":"wp","href":"https:\/\/api.w.org\/{rel}","templated":true}]}}