{"id":3503,"date":"2025-09-22T15:05:47","date_gmt":"2025-09-22T13:05:47","guid":{"rendered":"https:\/\/ccoo.app\/ajuntament-sant-boi-de-llobregat\/?page_id=3503"},"modified":"2025-09-22T15:07:39","modified_gmt":"2025-09-22T13:07:39","slug":"acord-millores-salarials","status":"publish","type":"page","link":"https:\/\/ccoo.app\/ajuntament-sant-boi-de-llobregat\/acord-millores-salarials\/","title":{"rendered":"Acord de millores salarials"},"content":{"rendered":"\n<p>En aquesta secci\u00f3 trobar\u00e0s tota la informaci\u00f3 sobre els <strong>acords salarials i millores retributives<\/strong> que afecten directament la nostra plantilla. L\u2019objectiu \u00e9s que tinguis a m\u00e0 els detalls del que s\u2019ha negociat, qu\u00e8 s\u2019ha aconseguit i com repercuteix al teu salari i condicions laborals. Volem fer-ho f\u00e0cil, transparent i accessible perqu\u00e8 tothom estigui al dia del que li correspon.<\/p>\n\n\n\n<hr class=\"wp-block-separator has-alpha-channel-opacity\" \/>\n\n\n\n<h3 class=\"wp-block-heading\">Augment retributiu del 1,5% amb efectes retroactius<\/h3>\n\n\n\n<p>El BOE va publicar el <strong>Reial decret llei 18\/2022, de mesures en mat\u00e8ria d\u2019energia, retribucions i protecci\u00f3 de les persones treballadores<\/strong>, que inclou un <strong>increment del 1,5% en les retribucions del personal p\u00fablic amb efectes retroactius des de gener de 2022<\/strong>. Una millora que impacta directament a les n\u00f2mines i que reconeix, en part, l\u2019esfor\u00e7 de la plantilla en un context de dificultats econ\u00f2miques.<br><br><strong><a href=\"https:\/\/www.boe.es\/diario_boe\/txt.php?id=BOE-A-2022-18961\" target=\"_blank\" rel=\"noreferrer noopener\"><strong>\ud83d\udc49<\/strong> <strong>Llegir la not\u00edcia completa aqu\u00ed<\/strong><\/a><\/strong><\/p>\n\n\n\n<p><\/p>\n","protected":false},"excerpt":{"rendered":"<p>En aquesta secci\u00f3 trobar\u00e0s tota la informaci\u00f3 sobre els acords salarials i millores retributives que afecten directament la nostra plantilla. L\u2019objectiu \u00e9s que tinguis a m\u00e0 els detalls del que &#8230; <a title=\"Acord de millores salarials\" class=\"read-more\" href=\"https:\/\/ccoo.app\/ajuntament-sant-boi-de-llobregat\/acord-millores-salarials\/\" aria-label=\"Leer m\u00e1s sobre Acord de millores salarials\">Leer m\u00e1s<\/a><\/p>\n","protected":false},"author":97111,"featured_media":0,"parent":0,"menu_order":0,"comment_status":"closed","ping_status":"closed","template":"","meta":{"footnotes":""},"class_list":["post-3503","page","type-page","status-publish"],"_links":{"self":[{"href":"https:\/\/ccoo.app\/ajuntament-sant-boi-de-llobregat\/wp-json\/wp\/v2\/pages\/3503","targetHints":{"allow":["GET"]}}],"collection":[{"href":"https:\/\/ccoo.app\/ajuntament-sant-boi-de-llobregat\/wp-json\/wp\/v2\/pages"}],"about":[{"href":"https:\/\/ccoo.app\/ajuntament-sant-boi-de-llobregat\/wp-json\/wp\/v2\/types\/page"}],"author":[{"embeddable":true,"href":"https:\/\/ccoo.app\/ajuntament-sant-boi-de-llobregat\/wp-json\/wp\/v2\/users\/97111"}],"replies":[{"embeddable":true,"href":"https:\/\/ccoo.app\/ajuntament-sant-boi-de-llobregat\/wp-json\/wp\/v2\/comments?post=3503"}],"version-history":[{"count":3,"href":"https:\/\/ccoo.app\/ajuntament-sant-boi-de-llobregat\/wp-json\/wp\/v2\/pages\/3503\/revisions"}],"predecessor-version":[{"id":3510,"href":"https:\/\/ccoo.app\/ajuntament-sant-boi-de-llobregat\/wp-json\/wp\/v2\/pages\/3503\/revisions\/3510"}],"wp:attachment":[{"href":"https:\/\/ccoo.app\/ajuntament-sant-boi-de-llobregat\/wp-json\/wp\/v2\/media?parent=3503"}],"curies":[{"name":"wp","href":"https:\/\/api.w.org\/{rel}","templated":true}]}}