{"id":3500,"date":"2025-09-22T15:00:46","date_gmt":"2025-09-22T13:00:46","guid":{"rendered":"https:\/\/ccoo.app\/ajuntament-sant-boi-de-llobregat\/?page_id=3500"},"modified":"2025-09-22T15:07:42","modified_gmt":"2025-09-22T13:07:42","slug":"notes-vinculades-salaris","status":"publish","type":"page","link":"https:\/\/ccoo.app\/ajuntament-sant-boi-de-llobregat\/notes-vinculades-salaris\/","title":{"rendered":"Notes vinculades a pagaments endarrerits, decrets i m\u00e9s"},"content":{"rendered":"\n<p>En aquesta secci\u00f3 trobar\u00e0s les <strong>notes vinculades a pagaments, endarreriments i decrets<\/strong> que poden afectar directament la nostra n\u00f2mina. Volem posar llum sobre totes aquelles situacions que generen dubtes o preocupacions: cobraments pendents, aplicaci\u00f3 de mesures decretades pel Govern i altres incid\u00e8ncies que impacten en el nostre salari. L\u2019objectiu \u00e9s que estiguis sempre ben informat\/da i que no hi hagi sorpreses a final de mes.<\/p>\n\n\n\n<hr class=\"wp-block-separator has-alpha-channel-opacity\" \/>\n\n\n\n<h3 class=\"wp-block-heading\">(Nota del 02-07-2025) 18 mesos sense cobrar\u2026 i encara m\u00e9s fins al setembre<\/h3>\n\n\n\n<p>El personal municipal acumula <strong>m\u00e9s d\u2019un any i mig d\u2019endarreriments en el cobrament<\/strong> d\u2019all\u00f2 que li correspon. Lluny de resoldre\u2019s, la situaci\u00f3 s\u2019allarga fins al setembre, posant en evid\u00e8ncia la manca de serietat i comprom\u00eds en la gesti\u00f3 dels pagaments. Des de CCOO denunciem aquesta situaci\u00f3 i exigim solucions immediates.<br><br><a href=\"https:\/\/ccoo.app\/ajuntament-sant-boi-de-llobregat\/a-lajuntament-18-mesos-sense-cobrar-li-semblen-a-poc-fins-a-setembre\/\"><strong>\ud83d\udc49<\/strong> <strong>Llegir la not\u00edcia completa aqu\u00ed<\/strong><\/a><\/p>\n","protected":false},"excerpt":{"rendered":"<p>En aquesta secci\u00f3 trobar\u00e0s les notes vinculades a pagaments, endarreriments i decrets que poden afectar directament la nostra n\u00f2mina. Volem posar llum sobre totes aquelles situacions que generen dubtes o &#8230; <a title=\"Notes vinculades a pagaments endarrerits, decrets i m\u00e9s\" class=\"read-more\" href=\"https:\/\/ccoo.app\/ajuntament-sant-boi-de-llobregat\/notes-vinculades-salaris\/\" aria-label=\"Leer m\u00e1s sobre Notes vinculades a pagaments endarrerits, decrets i m\u00e9s\">Leer m\u00e1s<\/a><\/p>\n","protected":false},"author":97111,"featured_media":0,"parent":0,"menu_order":0,"comment_status":"closed","ping_status":"closed","template":"","meta":{"footnotes":""},"class_list":["post-3500","page","type-page","status-publish"],"_links":{"self":[{"href":"https:\/\/ccoo.app\/ajuntament-sant-boi-de-llobregat\/wp-json\/wp\/v2\/pages\/3500","targetHints":{"allow":["GET"]}}],"collection":[{"href":"https:\/\/ccoo.app\/ajuntament-sant-boi-de-llobregat\/wp-json\/wp\/v2\/pages"}],"about":[{"href":"https:\/\/ccoo.app\/ajuntament-sant-boi-de-llobregat\/wp-json\/wp\/v2\/types\/page"}],"author":[{"embeddable":true,"href":"https:\/\/ccoo.app\/ajuntament-sant-boi-de-llobregat\/wp-json\/wp\/v2\/users\/97111"}],"replies":[{"embeddable":true,"href":"https:\/\/ccoo.app\/ajuntament-sant-boi-de-llobregat\/wp-json\/wp\/v2\/comments?post=3500"}],"version-history":[{"count":4,"href":"https:\/\/ccoo.app\/ajuntament-sant-boi-de-llobregat\/wp-json\/wp\/v2\/pages\/3500\/revisions"}],"predecessor-version":[{"id":3511,"href":"https:\/\/ccoo.app\/ajuntament-sant-boi-de-llobregat\/wp-json\/wp\/v2\/pages\/3500\/revisions\/3511"}],"wp:attachment":[{"href":"https:\/\/ccoo.app\/ajuntament-sant-boi-de-llobregat\/wp-json\/wp\/v2\/media?parent=3500"}],"curies":[{"name":"wp","href":"https:\/\/api.w.org\/{rel}","templated":true}]}}