{"id":3485,"date":"2025-09-19T08:46:49","date_gmt":"2025-09-19T06:46:49","guid":{"rendered":"https:\/\/ccoo.app\/ajuntament-sant-boi-de-llobregat\/?page_id=3485"},"modified":"2026-03-24T09:36:22","modified_gmt":"2026-03-24T08:36:22","slug":"retribuccions-salarials","status":"publish","type":"page","link":"https:\/\/ccoo.app\/ajuntament-sant-boi-de-llobregat\/retribuccions-salarials\/","title":{"rendered":"Retribuccions per nivell"},"content":{"rendered":"\n<p>El <strong>Full de retribuccions salarials<\/strong> \u00e9s l\u2019eina que ens permet consultar de manera clara i transparent quins imports corresponen a cada grup professional dins de l\u2019Ajuntament. \u00c9s la manera de saber amb precisi\u00f3 qu\u00e8 et toca cobrar segons el teu lloc de treball, el teu nivell i la teva situaci\u00f3 personal.<\/p>\n\n\n\n<h2 class=\"wp-block-heading\">Qu\u00e8 hi trobar\u00e0s en aquest document?<\/h2>\n\n\n\n<p>En el document que adjuntem trobar\u00e0s el detall de les retribucions vigents per a l\u2019any 2026.<\/p>\n\n\n\n<p><strong>\ud83d\udc49<\/strong> <strong>Fes click a la imatge i veur\u00e0s tot l\u2019arxiu sencer:<\/strong><\/p>\n\n\n\n<figure class=\"wp-block-image size-full\"><a href=\"http:\/\/ccoo.app\/ajuntament-sant-boi-de-llobregat\/wp-content\/blogs.dir\/6\/files\/sites\/246\/2026\/03\/Retribucions-any-2026.pdf\" target=\"_blank\" rel=\" noreferrer noopener\"><img loading=\"lazy\" decoding=\"async\" width=\"1241\" height=\"797\" src=\"https:\/\/ccoo.app\/ajuntament-sant-boi-de-llobregat\/wp-content\/blogs.dir\/6\/files\/sites\/246\/2026\/03\/RETRIBUCIONS-2026.jpg\" alt=\"\" class=\"wp-image-8183\" srcset=\"https:\/\/ccoo.app\/ajuntament-sant-boi-de-llobregat\/wp-content\/blogs.dir\/6\/files\/sites\/246\/2026\/03\/RETRIBUCIONS-2026.jpg 1241w, https:\/\/ccoo.app\/ajuntament-sant-boi-de-llobregat\/wp-content\/blogs.dir\/6\/files\/sites\/246\/2026\/03\/RETRIBUCIONS-2026-300x193.jpg 300w, https:\/\/ccoo.app\/ajuntament-sant-boi-de-llobregat\/wp-content\/blogs.dir\/6\/files\/sites\/246\/2026\/03\/RETRIBUCIONS-2026-1024x658.jpg 1024w, https:\/\/ccoo.app\/ajuntament-sant-boi-de-llobregat\/wp-content\/blogs.dir\/6\/files\/sites\/246\/2026\/03\/RETRIBUCIONS-2026-768x493.jpg 768w\" sizes=\"auto, (max-width: 1241px) 100vw, 1241px\" \/><\/a><\/figure>\n\n\n\n<h2 class=\"wp-block-heading\">Per qu\u00e8 \u00e9s important consultar-lo?<\/h2>\n\n\n\n<ul class=\"wp-block-list\">\n<li><strong>Transpar\u00e8ncia<\/strong>: tots els imports estan a l\u2019abast de la plantilla, sense ambig\u00fcitats.<\/li>\n\n\n\n<li><strong>Drets<\/strong>: saber qu\u00e8 et correspon \u00e9s el primer pas per poder reclamar si hi ha algun error o incongru\u00e8ncia.<\/li>\n\n\n\n<li><strong>Planificaci\u00f3 personal<\/strong>: con\u00e8ixer b\u00e9 les teves retribucions t\u2019ajuda a organitzar millor la teva situaci\u00f3 econ\u00f2mica i familiar.<\/li>\n<\/ul>\n\n\n\n<h2 class=\"wp-block-heading\">Una eina \u00fatil per a tothom<\/h2>\n\n\n\n<p>Des de CCOO volem que tinguis sempre a m\u00e0 aquesta informaci\u00f3 i que no depenguis de tercers per saber quin \u00e9s el teu salari. El <strong>Full de retribuccions salarials<\/strong> et dona autonomia i claredat, i et permet comprovar en qualsevol moment que el que cobres est\u00e0 d\u2019acord amb el que et correspon legalment.<\/p>\n\n\n\n<p><strong>Consulta el document i comprova el teu cas concret.<\/strong> \u00c9s el millor recurs per tenir les coses clares i assegurar-te que es reconeix correctament la teva feina.<\/p>\n","protected":false},"excerpt":{"rendered":"<p>El Full de retribuccions salarials \u00e9s l\u2019eina que ens permet consultar de manera clara i transparent quins imports corresponen a cada grup professional dins de l\u2019Ajuntament. \u00c9s la manera de &#8230; <a title=\"Retribuccions per nivell\" class=\"read-more\" href=\"https:\/\/ccoo.app\/ajuntament-sant-boi-de-llobregat\/retribuccions-salarials\/\" aria-label=\"Leer m\u00e1s sobre Retribuccions per nivell\">Leer m\u00e1s<\/a><\/p>\n","protected":false},"author":97111,"featured_media":0,"parent":0,"menu_order":0,"comment_status":"closed","ping_status":"closed","template":"","meta":{"footnotes":""},"class_list":["post-3485","page","type-page","status-publish"],"_links":{"self":[{"href":"https:\/\/ccoo.app\/ajuntament-sant-boi-de-llobregat\/wp-json\/wp\/v2\/pages\/3485","targetHints":{"allow":["GET"]}}],"collection":[{"href":"https:\/\/ccoo.app\/ajuntament-sant-boi-de-llobregat\/wp-json\/wp\/v2\/pages"}],"about":[{"href":"https:\/\/ccoo.app\/ajuntament-sant-boi-de-llobregat\/wp-json\/wp\/v2\/types\/page"}],"author":[{"embeddable":true,"href":"https:\/\/ccoo.app\/ajuntament-sant-boi-de-llobregat\/wp-json\/wp\/v2\/users\/97111"}],"replies":[{"embeddable":true,"href":"https:\/\/ccoo.app\/ajuntament-sant-boi-de-llobregat\/wp-json\/wp\/v2\/comments?post=3485"}],"version-history":[{"count":4,"href":"https:\/\/ccoo.app\/ajuntament-sant-boi-de-llobregat\/wp-json\/wp\/v2\/pages\/3485\/revisions"}],"predecessor-version":[{"id":8237,"href":"https:\/\/ccoo.app\/ajuntament-sant-boi-de-llobregat\/wp-json\/wp\/v2\/pages\/3485\/revisions\/8237"}],"wp:attachment":[{"href":"https:\/\/ccoo.app\/ajuntament-sant-boi-de-llobregat\/wp-json\/wp\/v2\/media?parent=3485"}],"curies":[{"name":"wp","href":"https:\/\/api.w.org\/{rel}","templated":true}]}}