{"id":3351,"date":"2025-06-25T08:42:51","date_gmt":"2025-06-25T06:42:51","guid":{"rendered":"https:\/\/ccoo.app\/ajuntament-sant-boi-de-llobregat\/?page_id=3351"},"modified":"2025-10-22T08:23:38","modified_gmt":"2025-10-22T06:23:38","slug":"historia","status":"publish","type":"page","link":"https:\/\/ccoo.app\/ajuntament-sant-boi-de-llobregat\/historia\/","title":{"rendered":"Hist\u00f2ria"},"content":{"rendered":"<div class=\"gb-grid-wrapper gb-grid-wrapper-5bdc0be4\">\n<div class=\"gb-grid-column gb-grid-column-ab085845\"><div class=\"gb-container gb-container-ab085845\">\n\n<p><strong>Forja de la llibertat sindical: 1r Congr\u00e9s de CCOO (1978)<\/strong><\/p>\n\n\n\n<figure class=\"wp-block-image size-large is-resized\"><a href=\"https:\/\/www.youtube.com\/watch?v=cXtNdMFCFzI\" target=\"_blank\" rel=\" noreferrer noopener\"><img loading=\"lazy\" decoding=\"async\" width=\"1024\" height=\"578\" src=\"https:\/\/ccoo.app\/ajuntament-sant-boi-de-llobregat\/wp-content\/blogs.dir\/6\/files\/sites\/246\/2025\/06\/1-congreso-1024x578.jpg\" alt=\"\" class=\"wp-image-3352\" style=\"width:469px;height:auto\" srcset=\"https:\/\/ccoo.app\/ajuntament-sant-boi-de-llobregat\/wp-content\/blogs.dir\/6\/files\/sites\/246\/2025\/06\/1-congreso-1024x578.jpg 1024w, https:\/\/ccoo.app\/ajuntament-sant-boi-de-llobregat\/wp-content\/blogs.dir\/6\/files\/sites\/246\/2025\/06\/1-congreso-300x169.jpg 300w, https:\/\/ccoo.app\/ajuntament-sant-boi-de-llobregat\/wp-content\/blogs.dir\/6\/files\/sites\/246\/2025\/06\/1-congreso-768x434.jpg 768w, https:\/\/ccoo.app\/ajuntament-sant-boi-de-llobregat\/wp-content\/blogs.dir\/6\/files\/sites\/246\/2025\/06\/1-congreso.jpg 1080w\" sizes=\"auto, (max-width: 1024px) 100vw, 1024px\" \/><\/a><\/figure>\n\n<\/div><\/div>\n\n<div class=\"gb-grid-column gb-grid-column-3235f075\"><div class=\"gb-container gb-container-3235f075\">\n\n<p>\u26cf\ufe0f Nascut en la foscor del franquisme, el v\u00eddeo mostra com militants comunistes, cat\u00f2lics i obrers descontents van teixir xarxes clandestines des de la vaga de la mina de La Camocha (1957), convertint les primeres \u201ccomissions\u201d en un moviment imparable que donaria veu a la classe treballadora.<\/p>\n\n\n\n<p>\ud83c\udfdb\ufe0f En nom\u00e9s 2 minuts i 40 segons veiem aquesta energia col\u00b7lectiva desembocar, ja en plena Transici\u00f3, en el 1r Congr\u00e9s Confederal de 1978: Marcelino Camacho presideix una CCOO legalitzada que reivindica drets i democr\u00e0cia, un missatge que el v\u00eddeo transforma en crida vigent per defensar les conquestes laborals actual.<\/p>\n\n<\/div><\/div>\n<\/div>","protected":false},"excerpt":{"rendered":"","protected":false},"author":97111,"featured_media":0,"parent":0,"menu_order":0,"comment_status":"closed","ping_status":"closed","template":"","meta":{"footnotes":""},"class_list":["post-3351","page","type-page","status-publish"],"_links":{"self":[{"href":"https:\/\/ccoo.app\/ajuntament-sant-boi-de-llobregat\/wp-json\/wp\/v2\/pages\/3351","targetHints":{"allow":["GET"]}}],"collection":[{"href":"https:\/\/ccoo.app\/ajuntament-sant-boi-de-llobregat\/wp-json\/wp\/v2\/pages"}],"about":[{"href":"https:\/\/ccoo.app\/ajuntament-sant-boi-de-llobregat\/wp-json\/wp\/v2\/types\/page"}],"author":[{"embeddable":true,"href":"https:\/\/ccoo.app\/ajuntament-sant-boi-de-llobregat\/wp-json\/wp\/v2\/users\/97111"}],"replies":[{"embeddable":true,"href":"https:\/\/ccoo.app\/ajuntament-sant-boi-de-llobregat\/wp-json\/wp\/v2\/comments?post=3351"}],"version-history":[{"count":2,"href":"https:\/\/ccoo.app\/ajuntament-sant-boi-de-llobregat\/wp-json\/wp\/v2\/pages\/3351\/revisions"}],"predecessor-version":[{"id":3807,"href":"https:\/\/ccoo.app\/ajuntament-sant-boi-de-llobregat\/wp-json\/wp\/v2\/pages\/3351\/revisions\/3807"}],"wp:attachment":[{"href":"https:\/\/ccoo.app\/ajuntament-sant-boi-de-llobregat\/wp-json\/wp\/v2\/media?parent=3351"}],"curies":[{"name":"wp","href":"https:\/\/api.w.org\/{rel}","templated":true}]}}