{"id":3339,"date":"2025-06-25T08:32:29","date_gmt":"2025-06-25T06:32:29","guid":{"rendered":"https:\/\/ccoo.app\/ajuntament-sant-boi-de-llobregat\/?page_id=3339"},"modified":"2025-10-27T08:50:59","modified_gmt":"2025-10-27T07:50:59","slug":"butlleti-informatiu-juny-num-8","status":"publish","type":"page","link":"https:\/\/ccoo.app\/ajuntament-sant-boi-de-llobregat\/butlleti-informatiu-juny-num-8\/","title":{"rendered":"Butllet\u00ed Informatiu Juny n\u00fam. 8"},"content":{"rendered":"\n<p class=\"has-text-color has-link-color wp-elements-74c340483121843a128107f1c6cdb482\" style=\"color:#000000\"><strong>Data:<\/strong> 12 de Juny del 2025<\/p>\n\n\n\n<div class=\"wp-block-columns is-layout-flex wp-container-core-columns-is-layout-9d6595d7 wp-block-columns-is-layout-flex\">\n<div class=\"wp-block-column is-layout-flow wp-block-column-is-layout-flow\">\n<figure class=\"gb-block-image gb-block-image-34ddd7b5\"><img loading=\"lazy\" decoding=\"async\" width=\"1474\" height=\"230\" class=\"gb-image gb-image-34ddd7b5\" src=\"https:\/\/ccoo.app\/ajuntament-sant-boi-de-llobregat\/wp-content\/blogs.dir\/6\/files\/sites\/246\/2025\/06\/8a.png\" alt=\"\" title=\"8a\" srcset=\"https:\/\/ccoo.app\/ajuntament-sant-boi-de-llobregat\/wp-content\/blogs.dir\/6\/files\/sites\/246\/2025\/06\/8a.png 1474w, https:\/\/ccoo.app\/ajuntament-sant-boi-de-llobregat\/wp-content\/blogs.dir\/6\/files\/sites\/246\/2025\/06\/8a-300x47.png 300w, https:\/\/ccoo.app\/ajuntament-sant-boi-de-llobregat\/wp-content\/blogs.dir\/6\/files\/sites\/246\/2025\/06\/8a-1024x160.png 1024w, https:\/\/ccoo.app\/ajuntament-sant-boi-de-llobregat\/wp-content\/blogs.dir\/6\/files\/sites\/246\/2025\/06\/8a-768x120.png 768w\" sizes=\"auto, (max-width: 1474px) 100vw, 1474px\" \/><\/figure>\n\n\n\n<figure class=\"gb-block-image gb-block-image-4c92e38b\"><img loading=\"lazy\" decoding=\"async\" width=\"1474\" height=\"1024\" class=\"gb-image gb-image-4c92e38b\" src=\"https:\/\/ccoo.app\/ajuntament-sant-boi-de-llobregat\/wp-content\/blogs.dir\/6\/files\/sites\/246\/2025\/06\/8b.png\" alt=\"\" title=\"8b\" srcset=\"https:\/\/ccoo.app\/ajuntament-sant-boi-de-llobregat\/wp-content\/blogs.dir\/6\/files\/sites\/246\/2025\/06\/8b.png 1474w, https:\/\/ccoo.app\/ajuntament-sant-boi-de-llobregat\/wp-content\/blogs.dir\/6\/files\/sites\/246\/2025\/06\/8b-300x208.png 300w, https:\/\/ccoo.app\/ajuntament-sant-boi-de-llobregat\/wp-content\/blogs.dir\/6\/files\/sites\/246\/2025\/06\/8b-1024x711.png 1024w, https:\/\/ccoo.app\/ajuntament-sant-boi-de-llobregat\/wp-content\/blogs.dir\/6\/files\/sites\/246\/2025\/06\/8b-768x534.png 768w\" sizes=\"auto, (max-width: 1474px) 100vw, 1474px\" \/><\/figure>\n\n\n\n<figure class=\"gb-block-image gb-block-image-5d4de4a0\"><img loading=\"lazy\" decoding=\"async\" width=\"1474\" height=\"430\" class=\"gb-image gb-image-5d4de4a0\" src=\"https:\/\/ccoo.app\/ajuntament-sant-boi-de-llobregat\/wp-content\/blogs.dir\/6\/files\/sites\/246\/2025\/06\/8c.png\" alt=\"\" title=\"8c\" srcset=\"https:\/\/ccoo.app\/ajuntament-sant-boi-de-llobregat\/wp-content\/blogs.dir\/6\/files\/sites\/246\/2025\/06\/8c.png 1474w, https:\/\/ccoo.app\/ajuntament-sant-boi-de-llobregat\/wp-content\/blogs.dir\/6\/files\/sites\/246\/2025\/06\/8c-300x88.png 300w, https:\/\/ccoo.app\/ajuntament-sant-boi-de-llobregat\/wp-content\/blogs.dir\/6\/files\/sites\/246\/2025\/06\/8c-1024x299.png 1024w, https:\/\/ccoo.app\/ajuntament-sant-boi-de-llobregat\/wp-content\/blogs.dir\/6\/files\/sites\/246\/2025\/06\/8c-768x224.png 768w\" sizes=\"auto, (max-width: 1474px) 100vw, 1474px\" \/><\/figure>\n\n\n\n<figure class=\"gb-block-image gb-block-image-ec7b0f7e\"><img loading=\"lazy\" decoding=\"async\" width=\"1474\" height=\"346\" class=\"gb-image gb-image-ec7b0f7e\" src=\"https:\/\/ccoo.app\/ajuntament-sant-boi-de-llobregat\/wp-content\/blogs.dir\/6\/files\/sites\/246\/2025\/06\/8d.png\" alt=\"\" title=\"8d\" srcset=\"https:\/\/ccoo.app\/ajuntament-sant-boi-de-llobregat\/wp-content\/blogs.dir\/6\/files\/sites\/246\/2025\/06\/8d.png 1474w, https:\/\/ccoo.app\/ajuntament-sant-boi-de-llobregat\/wp-content\/blogs.dir\/6\/files\/sites\/246\/2025\/06\/8d-300x70.png 300w, https:\/\/ccoo.app\/ajuntament-sant-boi-de-llobregat\/wp-content\/blogs.dir\/6\/files\/sites\/246\/2025\/06\/8d-1024x240.png 1024w, https:\/\/ccoo.app\/ajuntament-sant-boi-de-llobregat\/wp-content\/blogs.dir\/6\/files\/sites\/246\/2025\/06\/8d-768x180.png 768w\" sizes=\"auto, (max-width: 1474px) 100vw, 1474px\" \/><\/figure>\n<\/div>\n\n\n\n<div class=\"wp-block-column is-layout-flow wp-block-column-is-layout-flow\">\n<p class=\"has-text-color has-link-color wp-elements-97c1d6fe5c5d001cc11b1d733510f827\" style=\"color:#000000\">Benvolgudes companyes i companys,<\/p>\n\n\n\n<p>Aquest mes volem denunciar de manera contundent l\u2019<strong>opacitat i la manca d\u2019equitat<\/strong> en l\u2019actual sistema de valoraci\u00f3 dels llocs de treball de l\u2019Ajuntament.<\/p>\n\n\n\n<hr class=\"wp-block-separator has-alpha-channel-opacity\" \/>\n\n\n\n<h3 class=\"wp-block-heading\">\ud83d\udea8 <strong>SISTEMA DE VALORACI\u00d3 OPAC I IMPOSAT<\/strong><\/h3>\n\n\n\n<ul class=\"wp-block-list\">\n<li>Tot i disposar d\u2019un <strong>manual amb criteris clars<\/strong>, aquests <strong>no s\u2019estan aplicant amb transpar\u00e8ncia ni equitat<\/strong>.<\/li>\n\n\n\n<li>Hem passat d\u2019un <strong>Comit\u00e8 de Valoraci\u00f3<\/strong> pensat per recon\u00e8ixer responsabilitats a un <strong>mecanisme al servei d\u2019interessos ocults<\/strong>, que <strong>fomenta la desmotivaci\u00f3 i la desconnexi\u00f3<\/strong> del personal.<\/li>\n\n\n\n<li><strong>La valoraci\u00f3 ha de mesurar el lloc de treball, no pas el nom de la persona que l\u2019ocupa.<\/strong><\/li>\n\n\n\n<li>Recordem que ja vam advertir aquesta deriva a la <strong>Nota Informativa 3 (abril 2024)<\/strong>, que podeu tornar a consultar des de l\u2019enlla\u00e7 del butllet\u00ed.<\/li>\n<\/ul>\n\n\n\n<p class=\"has-text-color has-link-color wp-elements-de8d0f94a64687a1742c186efa2b4344\" style=\"color:#000000\">Exigim immediatament:<br>1\ufe0f\u20e3 Recuperar el <strong>debat i el consens<\/strong> al Comit\u00e8 de Valoraci\u00f3.<br>2\ufe0f\u20e3 Aplicar <strong>criteris objectius i p\u00fablics<\/strong> per a totes les places.<br>3\ufe0f\u20e3 Garantir un sistema de revisi\u00f3 <strong>periodicitat transparent<\/strong> perqu\u00e8 ning\u00fa quedi enrere.<\/p>\n\n\n\n<h3 class=\"wp-block-heading has-text-color has-link-color wp-elements-f01612833359083db12c6e71dcf1204d\" style=\"color:#000000\"><strong>\u00abAMB LES COSES DE MENJAR, NO S\u2019HI JUGA\u00bb<\/strong><\/h3>\n\n\n\n<p class=\"has-text-color has-link-color wp-elements-86ca19e20894f9f1b7f86dfb1c084d61\" style=\"color:#000000\">Aprofitem tamb\u00e9 per recordar-vos que <strong>CCOO est\u00e0 lluitant per garantir unes condicions laborals dignes<\/strong> i perqu\u00e8 les mesures que es prenen dins l\u2019Ajuntament siguin <strong>justes i transparents<\/strong> per a tothom. Seguirem informant-vos i defensant els vostres drets!<\/p>\n\n\n\n<p class=\"has-text-color has-link-color wp-elements-ca98e290a56eca669881154e79f234a3\" style=\"color:#000000\">Per qualsevol aclariment, estem a la vostra disposici\u00f3.<\/p>\n\n\n\n<p class=\"has-text-color has-link-color wp-elements-941c899b691ba701c0698c88c328a60f\" style=\"color:#000000\">\ud83d\udcaa <strong>La for\u00e7a del sindicat sou vosaltres!<\/strong><\/p>\n\n\n\n<p class=\"has-text-color has-link-color wp-elements-ae7bf9b56ad3b0bed176b42c093f3694\" style=\"color:#000000\">CCOO \u2013 Ajuntament de Sant Boi de Llobregat<\/p>\n<\/div>\n<\/div>\n\n\n\n<p><\/p>\n","protected":false},"excerpt":{"rendered":"<p>Data: 12 de Juny del 2025 Benvolgudes companyes i companys, Aquest mes volem denunciar de manera contundent l\u2019opacitat i la manca d\u2019equitat en l\u2019actual sistema de valoraci\u00f3 dels llocs de &#8230; <a title=\"Butllet\u00ed Informatiu Juny n\u00fam. 8\" class=\"read-more\" href=\"https:\/\/ccoo.app\/ajuntament-sant-boi-de-llobregat\/butlleti-informatiu-juny-num-8\/\" aria-label=\"Leer m\u00e1s sobre Butllet\u00ed Informatiu Juny n\u00fam. 8\">Leer m\u00e1s<\/a><\/p>\n","protected":false},"author":97111,"featured_media":0,"parent":0,"menu_order":0,"comment_status":"closed","ping_status":"closed","template":"","meta":{"footnotes":""},"class_list":["post-3339","page","type-page","status-publish"],"_links":{"self":[{"href":"https:\/\/ccoo.app\/ajuntament-sant-boi-de-llobregat\/wp-json\/wp\/v2\/pages\/3339","targetHints":{"allow":["GET"]}}],"collection":[{"href":"https:\/\/ccoo.app\/ajuntament-sant-boi-de-llobregat\/wp-json\/wp\/v2\/pages"}],"about":[{"href":"https:\/\/ccoo.app\/ajuntament-sant-boi-de-llobregat\/wp-json\/wp\/v2\/types\/page"}],"author":[{"embeddable":true,"href":"https:\/\/ccoo.app\/ajuntament-sant-boi-de-llobregat\/wp-json\/wp\/v2\/users\/97111"}],"replies":[{"embeddable":true,"href":"https:\/\/ccoo.app\/ajuntament-sant-boi-de-llobregat\/wp-json\/wp\/v2\/comments?post=3339"}],"version-history":[{"count":3,"href":"https:\/\/ccoo.app\/ajuntament-sant-boi-de-llobregat\/wp-json\/wp\/v2\/pages\/3339\/revisions"}],"predecessor-version":[{"id":3822,"href":"https:\/\/ccoo.app\/ajuntament-sant-boi-de-llobregat\/wp-json\/wp\/v2\/pages\/3339\/revisions\/3822"}],"wp:attachment":[{"href":"https:\/\/ccoo.app\/ajuntament-sant-boi-de-llobregat\/wp-json\/wp\/v2\/media?parent=3339"}],"curies":[{"name":"wp","href":"https:\/\/api.w.org\/{rel}","templated":true}]}}