{"id":3157,"date":"2025-06-04T10:27:27","date_gmt":"2025-06-04T08:27:27","guid":{"rendered":"https:\/\/ccoo.app\/ajuntament-sant-boi-de-llobregat\/?page_id=3157"},"modified":"2025-10-20T09:14:11","modified_gmt":"2025-10-20T07:14:11","slug":"delegats-des","status":"publish","type":"page","link":"https:\/\/ccoo.app\/ajuntament-sant-boi-de-llobregat\/delegats-des\/","title":{"rendered":"Delegats\/des"},"content":{"rendered":"\n<div class=\"wp-block-columns is-layout-flex wp-container-core-columns-is-layout-9d6595d7 wp-block-columns-is-layout-flex\">\n<div class=\"wp-block-column is-layout-flow wp-block-column-is-layout-flow\" style=\"flex-basis:33.33%\"><div class=\"gb-container gb-container-2396d44b\">\n<div class=\"gb-container gb-container-8254d2e8\">\n\n<figure class=\"wp-block-image size-full\"><img loading=\"lazy\" decoding=\"async\" width=\"866\" height=\"813\" src=\"https:\/\/ccoo.app\/ajuntament-sant-boi-de-llobregat\/wp-content\/blogs.dir\/6\/files\/sites\/246\/2025\/10\/Toni-Gabernet-Secretari-General-CCOO-Ajuntament-Sant-Boi-de-Llobregat.jpg\" alt=\"\" class=\"wp-image-3760\" srcset=\"https:\/\/ccoo.app\/ajuntament-sant-boi-de-llobregat\/wp-content\/blogs.dir\/6\/files\/sites\/246\/2025\/10\/Toni-Gabernet-Secretari-General-CCOO-Ajuntament-Sant-Boi-de-Llobregat.jpg 866w, https:\/\/ccoo.app\/ajuntament-sant-boi-de-llobregat\/wp-content\/blogs.dir\/6\/files\/sites\/246\/2025\/10\/Toni-Gabernet-Secretari-General-CCOO-Ajuntament-Sant-Boi-de-Llobregat-300x282.jpg 300w, https:\/\/ccoo.app\/ajuntament-sant-boi-de-llobregat\/wp-content\/blogs.dir\/6\/files\/sites\/246\/2025\/10\/Toni-Gabernet-Secretari-General-CCOO-Ajuntament-Sant-Boi-de-Llobregat-768x721.jpg 768w\" sizes=\"auto, (max-width: 866px) 100vw, 866px\" \/><\/figure>\n\n<\/div>\n<\/div><\/div>\n\n\n\n<div class=\"wp-block-column is-layout-flow wp-block-column-is-layout-flow\" style=\"flex-basis:66.66%\">\n<h2 class=\"wp-block-heading has-text-color has-link-color wp-elements-31785cfbfe8415ee1e8f6fadc0a6e5d4\" style=\"color:#000000\">Antoni Gabernet<\/h2>\n\n\n\n<p class=\"has-text-color has-link-color wp-elements-7323719bc50cba4695fddfa10b1391a4\" style=\"color:#000000\"><strong>Secretari General<\/strong><\/p>\n\n\n\n<p>Antoni Gabernet Mart\u00ednez, 41 anys com a treballador de les Brigades Municipals. Secretari general de la secci\u00f3 sindical de CCOO a l\u2019Ajuntament de Sant Boi de Llobregat. Representant davant l\u2019administraci\u00f3 com a Delegat LOLS, d\u2019acord a la Llei Org\u00e0nica de Llibertat Sindical. Em podeu trobar al carrer Torras i Bages 31 1er 2a on tenim l\u2019espai de del treball del nostre sindicat per millorar les condicions de treball del conjunt de la plantilla. Us podeu posar en contacte per correu electr\u00f2nic a l\u2019adre\u00e7a <a href=\"mailto:agabernet@santboi.cat\"><u>agabernet@santboi.cat<\/u><\/a> i <a href=\"mailto:ccoo@santboi.cat\"><u>ccoo@santboi.cat<\/u><\/a><\/p>\n<\/div>\n<\/div>\n\n\n\n<div class=\"wp-block-columns is-layout-flex wp-container-core-columns-is-layout-9d6595d7 wp-block-columns-is-layout-flex\">\n<div class=\"wp-block-column is-layout-flow wp-block-column-is-layout-flow\" style=\"flex-basis:33.33%\"><div class=\"gb-container gb-container-d0cf06c9\">\n<div class=\"gb-container gb-container-f8f09ef2\">\n\n<figure class=\"wp-block-image size-full\"><img loading=\"lazy\" decoding=\"async\" width=\"866\" height=\"813\" src=\"https:\/\/ccoo.app\/ajuntament-sant-boi-de-llobregat\/wp-content\/blogs.dir\/6\/files\/sites\/246\/2025\/09\/Jose-Luis-CCOO.jpg\" alt=\"\" class=\"wp-image-3494\" srcset=\"https:\/\/ccoo.app\/ajuntament-sant-boi-de-llobregat\/wp-content\/blogs.dir\/6\/files\/sites\/246\/2025\/09\/Jose-Luis-CCOO.jpg 866w, https:\/\/ccoo.app\/ajuntament-sant-boi-de-llobregat\/wp-content\/blogs.dir\/6\/files\/sites\/246\/2025\/09\/Jose-Luis-CCOO-300x282.jpg 300w, https:\/\/ccoo.app\/ajuntament-sant-boi-de-llobregat\/wp-content\/blogs.dir\/6\/files\/sites\/246\/2025\/09\/Jose-Luis-CCOO-768x721.jpg 768w\" sizes=\"auto, (max-width: 866px) 100vw, 866px\" \/><\/figure>\n\n<\/div>\n<\/div><\/div>\n\n\n\n<div class=\"wp-block-column is-layout-flow wp-block-column-is-layout-flow\" style=\"flex-basis:66.66%\">\n<h2 class=\"wp-block-heading has-text-color has-link-color wp-elements-7430c411ce0aa20f8c8f51e7277ee01d\" style=\"color:#000000\">Jos\u00e9 Luis Vega<\/h2>\n\n\n\n<p class=\"has-text-color has-link-color wp-elements-1cb8f4e7a44ebc53336a36be6a4ca6d3\" style=\"color:#010101\"><strong>Secretari d&#8217;organitzaci\u00f3 i recursos<\/strong><\/p>\n\n\n\n<p>Jos\u00e9 Luis Vega Rubio, 37 anys com a treballador de les Brigades Municipals. Secretari d\u2019Organitzaci\u00f3 de la secci\u00f3 sindical de CCOO a l\u2019Ajuntament de Sant Boi de Llobregat. Delegat electe de la Junta de Personal Funcionari i representant davant l\u2019administraci\u00f3 com a Delegat LOLS, d\u2019acord a la Llei Org\u00e0nica de Llibertat Sindical. Em podeu trobar al carrer Torras i Bages 31 1er 2a on tenim l\u2019espai de consulta i treball sindical. Us podeu posar en contacte per correu electr\u00f2nic a l\u2019adre\u00e7a <a href=\"mailto:jlvega@santboi.cat\"><u>jlvega@santboi.cat<\/u><\/a> i <a href=\"mailto:ccoo@santboi.cat\"><u>ccoo@santboi.cat<\/u><\/a><\/p>\n<\/div>\n<\/div>\n\n\n\n<div class=\"wp-block-columns is-layout-flex wp-container-core-columns-is-layout-9d6595d7 wp-block-columns-is-layout-flex\">\n<div class=\"wp-block-column is-layout-flow wp-block-column-is-layout-flow\" style=\"flex-basis:33.33%\"><div class=\"gb-container gb-container-39132bd0\">\n<div class=\"gb-container gb-container-35fceeec\">\n\n<figure class=\"wp-block-image size-full\"><img loading=\"lazy\" decoding=\"async\" width=\"866\" height=\"813\" src=\"https:\/\/ccoo.app\/ajuntament-sant-boi-de-llobregat\/wp-content\/blogs.dir\/6\/files\/sites\/246\/2025\/09\/Mari-Perez-CCOO.jpg\" alt=\"\" class=\"wp-image-3491\" srcset=\"https:\/\/ccoo.app\/ajuntament-sant-boi-de-llobregat\/wp-content\/blogs.dir\/6\/files\/sites\/246\/2025\/09\/Mari-Perez-CCOO.jpg 866w, https:\/\/ccoo.app\/ajuntament-sant-boi-de-llobregat\/wp-content\/blogs.dir\/6\/files\/sites\/246\/2025\/09\/Mari-Perez-CCOO-300x282.jpg 300w, https:\/\/ccoo.app\/ajuntament-sant-boi-de-llobregat\/wp-content\/blogs.dir\/6\/files\/sites\/246\/2025\/09\/Mari-Perez-CCOO-768x721.jpg 768w\" sizes=\"auto, (max-width: 866px) 100vw, 866px\" \/><\/figure>\n\n<\/div>\n<\/div><\/div>\n\n\n\n<div class=\"wp-block-column is-layout-flow wp-block-column-is-layout-flow\" style=\"flex-basis:66.66%\">\n<h2 class=\"wp-block-heading has-text-color has-link-color wp-elements-89fc88b6344c085526295b6e385f9642\" style=\"color:#000000\">Mari P\u00e9rez<\/h2>\n\n\n\n<p class=\"has-text-color has-link-color wp-elements-7854ceacfa7de3b55b76bd04e5489955\" style=\"color:#000000\"><strong>Secret\u00e0ria d&#8217;acci\u00f3 sindical, negociaci\u00f3, assessorament col\u00b7lectiu i valoraci\u00f3 de lloc de treballs<\/strong><\/p>\n\n\n\n<p class=\"has-text-color has-link-color wp-elements-5f5ed151b792065282b8c6dcbfb0cf5a\" style=\"color:#000000\">Soc Mari P\u00e9rez, delegada de la Junta de funcionaris per CCOO. Fa 33 anys que treballo a l\u2019Ajuntament i ara em podeu trobar a la 2a planta de Ca la Vila treballant com a t\u00e8cnica auxiliar del padr\u00f3 d\u2019habitants. Dins del sindicat formo part de la Mesa General de Negociaci\u00f3 de Mat\u00e8ries Comuns (MGNMC), del Comit\u00e8 de Valoraci\u00f3 de Llocs de Treball (CVLLT) i de la Comissi\u00f3 d\u2019Interpretaci\u00f3, Vigil\u00e0ncia i Estudi del Conveni col\u00b7lectiu i Acord de condicions de treball (CIVE).<\/p>\n<\/div>\n<\/div>\n\n\n\n<div class=\"wp-block-columns is-layout-flex wp-container-core-columns-is-layout-9d6595d7 wp-block-columns-is-layout-flex\">\n<div class=\"wp-block-column is-layout-flow wp-block-column-is-layout-flow\" style=\"flex-basis:33.33%\"><div class=\"gb-container gb-container-f5d3cfa6\">\n<div class=\"gb-container gb-container-b941f0af\">\n\n<figure class=\"wp-block-image size-full\"><img loading=\"lazy\" decoding=\"async\" width=\"866\" height=\"813\" src=\"https:\/\/ccoo.app\/ajuntament-sant-boi-de-llobregat\/wp-content\/blogs.dir\/6\/files\/sites\/246\/2025\/10\/Toni-Veron-1.jpg\" alt=\"\" class=\"wp-image-3701\" srcset=\"https:\/\/ccoo.app\/ajuntament-sant-boi-de-llobregat\/wp-content\/blogs.dir\/6\/files\/sites\/246\/2025\/10\/Toni-Veron-1.jpg 866w, https:\/\/ccoo.app\/ajuntament-sant-boi-de-llobregat\/wp-content\/blogs.dir\/6\/files\/sites\/246\/2025\/10\/Toni-Veron-1-300x282.jpg 300w, https:\/\/ccoo.app\/ajuntament-sant-boi-de-llobregat\/wp-content\/blogs.dir\/6\/files\/sites\/246\/2025\/10\/Toni-Veron-1-768x721.jpg 768w\" sizes=\"auto, (max-width: 866px) 100vw, 866px\" \/><\/figure>\n\n<\/div>\n<\/div><\/div>\n\n\n\n<div class=\"wp-block-column is-layout-flow wp-block-column-is-layout-flow\" style=\"flex-basis:66.66%\">\n<h2 class=\"wp-block-heading has-text-color has-link-color wp-elements-df9ec598b09e69eb090b6f618e0514b8\" style=\"color:#000000\">Toni Veron<\/h2>\n\n\n\n<p class=\"has-text-color has-link-color wp-elements-8f51066405e6868ae8c290779c223c8f\" style=\"color:#000000\"><strong>Delegat de CCOO<\/strong><\/p>\n\n\n\n<p class=\"has-text-color has-link-color wp-elements-dd07e9ea151cc38ae1495799972b58bf\" style=\"color:#000000\">Soc Toni Veron, delegat de CCOO a l\u2019Ajuntament de Sant Boi de Llobregat. Treballo al Cementiri Municipal com a sepulturero, assumint responsabilitats tant en la preparaci\u00f3 dels enterraments com en el manteniment de les instal\u00b7lacions. Com a delegat sindical, el meu objectiu \u00e9s defensar els teus drets i condicions laborals.<\/p>\n<\/div>\n<\/div>\n\n\n\n<div class=\"wp-block-columns is-layout-flex wp-container-core-columns-is-layout-9d6595d7 wp-block-columns-is-layout-flex\">\n<div class=\"wp-block-column is-layout-flow wp-block-column-is-layout-flow\" style=\"flex-basis:33.33%\"><div class=\"gb-container gb-container-8b05f837\">\n<div class=\"gb-container gb-container-cd637742\">\n\n<figure class=\"wp-block-image size-full\"><img loading=\"lazy\" decoding=\"async\" width=\"866\" height=\"813\" src=\"https:\/\/ccoo.app\/ajuntament-sant-boi-de-llobregat\/wp-content\/blogs.dir\/6\/files\/sites\/246\/2025\/09\/Susana-Bueno-CCOO.jpg\" alt=\"\" class=\"wp-image-3493\" srcset=\"https:\/\/ccoo.app\/ajuntament-sant-boi-de-llobregat\/wp-content\/blogs.dir\/6\/files\/sites\/246\/2025\/09\/Susana-Bueno-CCOO.jpg 866w, https:\/\/ccoo.app\/ajuntament-sant-boi-de-llobregat\/wp-content\/blogs.dir\/6\/files\/sites\/246\/2025\/09\/Susana-Bueno-CCOO-300x282.jpg 300w, https:\/\/ccoo.app\/ajuntament-sant-boi-de-llobregat\/wp-content\/blogs.dir\/6\/files\/sites\/246\/2025\/09\/Susana-Bueno-CCOO-768x721.jpg 768w\" sizes=\"auto, (max-width: 866px) 100vw, 866px\" \/><\/figure>\n\n<\/div>\n<\/div><\/div>\n\n\n\n<div class=\"wp-block-column is-layout-flow wp-block-column-is-layout-flow\" style=\"flex-basis:66.66%\">\n<h2 class=\"wp-block-heading has-text-color has-link-color wp-elements-98e619ffbaef665b1e850a8321b7e11e\" style=\"color:#000000\">Susana Bueno<\/h2>\n\n\n\n<p class=\"has-text-color has-link-color wp-elements-cece17a890955f7fe164a50c306ed824\" style=\"color:#000000\"><strong>Secret\u00e0ria de dones, pol\u00edtiques d&#8217;igualtat i LGTBI+, i comunicaci\u00f3<\/strong><\/p>\n\n\n\n<p class=\"has-text-color has-link-color wp-elements-6d21e1ce9ffb031676ae625c985cf632\" style=\"color:#000000\">Soc la Susana Bueno, delegada de personal per CCOO. Soc t\u00e8cnica d\u2019empresa i emprenedoria al Departament de Promoci\u00f3 de l\u2019empresa i el comer\u00e7 i em podeu trobar a La Masia Torre Figueres. Actualment, formo part de la comissi\u00f3 d\u2019igualtat i la comissi\u00f3 d\u2019organitzaci\u00f3 del treball.<\/p>\n<\/div>\n<\/div>\n\n\n\n<div class=\"wp-block-columns is-layout-flex wp-container-core-columns-is-layout-9d6595d7 wp-block-columns-is-layout-flex\">\n<div class=\"wp-block-column is-layout-flow wp-block-column-is-layout-flow\" style=\"flex-basis:33.33%\"><div class=\"gb-container gb-container-a30317b4\">\n<div class=\"gb-container gb-container-930c6f16\">\n\n<figure class=\"wp-block-image size-full\"><img loading=\"lazy\" decoding=\"async\" width=\"866\" height=\"813\" src=\"https:\/\/ccoo.app\/ajuntament-sant-boi-de-llobregat\/wp-content\/blogs.dir\/6\/files\/sites\/246\/2025\/09\/Jose-Antonio-CCOO.jpg\" alt=\"\" class=\"wp-image-3497\" srcset=\"https:\/\/ccoo.app\/ajuntament-sant-boi-de-llobregat\/wp-content\/blogs.dir\/6\/files\/sites\/246\/2025\/09\/Jose-Antonio-CCOO.jpg 866w, https:\/\/ccoo.app\/ajuntament-sant-boi-de-llobregat\/wp-content\/blogs.dir\/6\/files\/sites\/246\/2025\/09\/Jose-Antonio-CCOO-300x282.jpg 300w, https:\/\/ccoo.app\/ajuntament-sant-boi-de-llobregat\/wp-content\/blogs.dir\/6\/files\/sites\/246\/2025\/09\/Jose-Antonio-CCOO-768x721.jpg 768w\" sizes=\"auto, (max-width: 866px) 100vw, 866px\" \/><\/figure>\n\n<\/div>\n<\/div><\/div>\n\n\n\n<div class=\"wp-block-column is-layout-flow wp-block-column-is-layout-flow\" style=\"flex-basis:66.66%\">\n<h2 class=\"wp-block-heading has-text-color has-link-color wp-elements-43670e01ff8c549691f66c44e2c737b6\" style=\"color:#000000\">Jose Antonio Vidal<\/h2>\n\n\n\n<p class=\"has-text-color has-link-color wp-elements-1c193f7e3eb3353da59e70863c6699bc\" style=\"color:#000000\"><strong>Secretari de salut laboral<\/strong><\/p>\n\n\n\n<p class=\"has-text-color has-link-color wp-elements-ac3393a62208b791849ab741f018ba7b\" style=\"color:#000000\">Hola! Soc Jose Antonio Vidal Pe\u00f1as i actualment treballo al carrer Andorra, 31, com a responsable operatiu d\u2019esdeveniments de la ciutat. Dins de l\u2019\u00e0mbit sindical, m\u2019encarrego dels temes de Salut Laboral, vetllant perqu\u00e8 es compleixin les mesures de seguretat i benestar a la feina. Em defineixo com una persona responsable, transparent i compromesa amb la millora de les condicions laborals del personal.<\/p>\n<\/div>\n<\/div>\n\n\n\n<div class=\"wp-block-columns is-layout-flex wp-container-core-columns-is-layout-9d6595d7 wp-block-columns-is-layout-flex\">\n<div class=\"wp-block-column is-layout-flow wp-block-column-is-layout-flow\" style=\"flex-basis:33.33%\"><div class=\"gb-container gb-container-ac338c11\">\n<div class=\"gb-container gb-container-853a4099\">\n\n<figure class=\"wp-block-image size-full\"><img loading=\"lazy\" decoding=\"async\" width=\"866\" height=\"813\" src=\"https:\/\/ccoo.app\/ajuntament-sant-boi-de-llobregat\/wp-content\/blogs.dir\/6\/files\/sites\/246\/2025\/10\/Juan-Duran-1.jpg\" alt=\"\" class=\"wp-image-3702\" srcset=\"https:\/\/ccoo.app\/ajuntament-sant-boi-de-llobregat\/wp-content\/blogs.dir\/6\/files\/sites\/246\/2025\/10\/Juan-Duran-1.jpg 866w, https:\/\/ccoo.app\/ajuntament-sant-boi-de-llobregat\/wp-content\/blogs.dir\/6\/files\/sites\/246\/2025\/10\/Juan-Duran-1-300x282.jpg 300w, https:\/\/ccoo.app\/ajuntament-sant-boi-de-llobregat\/wp-content\/blogs.dir\/6\/files\/sites\/246\/2025\/10\/Juan-Duran-1-768x721.jpg 768w\" sizes=\"auto, (max-width: 866px) 100vw, 866px\" \/><\/figure>\n\n<\/div>\n<\/div><\/div>\n\n\n\n<div class=\"wp-block-column is-layout-flow wp-block-column-is-layout-flow\" style=\"flex-basis:66.66%\">\n<h2 class=\"wp-block-heading has-text-color has-link-color wp-elements-afd2b7a3d821197f3f7711d6541b1f1c\" style=\"color:#000000\">Juan Duran<\/h2>\n\n\n\n<p class=\"has-text-color has-link-color wp-elements-8f51066405e6868ae8c290779c223c8f\" style=\"color:#000000\"><strong>Delegat de CCOO<\/strong><\/p>\n\n\n\n<p class=\"has-text-color has-link-color wp-elements-381c4b3ef9e72bbe7be8713f6c85a871\" style=\"color:#000000\">S\u00f3c Juan Duran, representant de CCOO a l\u2019Ajuntament de Sant Boi de Llobregat i treballador al Cementiri Municipal. Des del meu lloc com a sepulturer, conec de primera m\u00e0 les necessitats i realitats del dia a dia dels serveis essencials. Des del sindicat, col\u00b7laboro per garantir unes condicions laborals dignes.<\/p>\n<\/div>\n<\/div>\n\n\n\n<div class=\"wp-block-columns is-layout-flex wp-container-core-columns-is-layout-9d6595d7 wp-block-columns-is-layout-flex\">\n<div class=\"wp-block-column is-layout-flow wp-block-column-is-layout-flow\" style=\"flex-basis:33.33%\"><div class=\"gb-container gb-container-8af2fb4b\">\n<div class=\"gb-container gb-container-83c1091f\">\n\n<figure class=\"wp-block-image size-full\"><img loading=\"lazy\" decoding=\"async\" width=\"866\" height=\"813\" src=\"https:\/\/ccoo.app\/ajuntament-sant-boi-de-llobregat\/wp-content\/blogs.dir\/6\/files\/sites\/246\/2025\/09\/Eric-Aguilera-CCOO.jpg\" alt=\"\" class=\"wp-image-3496\" srcset=\"https:\/\/ccoo.app\/ajuntament-sant-boi-de-llobregat\/wp-content\/blogs.dir\/6\/files\/sites\/246\/2025\/09\/Eric-Aguilera-CCOO.jpg 866w, https:\/\/ccoo.app\/ajuntament-sant-boi-de-llobregat\/wp-content\/blogs.dir\/6\/files\/sites\/246\/2025\/09\/Eric-Aguilera-CCOO-300x282.jpg 300w, https:\/\/ccoo.app\/ajuntament-sant-boi-de-llobregat\/wp-content\/blogs.dir\/6\/files\/sites\/246\/2025\/09\/Eric-Aguilera-CCOO-768x721.jpg 768w\" sizes=\"auto, (max-width: 866px) 100vw, 866px\" \/><\/figure>\n\n<\/div>\n<\/div><\/div>\n\n\n\n<div class=\"wp-block-column is-layout-flow wp-block-column-is-layout-flow\" style=\"flex-basis:66.66%\">\n<h2 class=\"wp-block-heading has-text-color has-link-color wp-elements-a1a7a5995bd7a79cbd8ec2b88d22369c\" style=\"color:#000000\">Eric Aguilera<\/h2>\n\n\n\n<p class=\"has-text-color has-link-color wp-elements-64eb29fdc5cd235389281e9a6f227b6f\" style=\"color:#000000\"><strong>Secretari de formaci\u00f3 i comunicaci\u00f3<\/strong><\/p>\n\n\n\n<p class=\"has-text-color has-link-color wp-elements-7d480043b8fc7fc113c7e796c1f2acc9\" style=\"color:#000000\">Soc l&#8217;Eric Aguilera. Treballo per l\u2019Ajuntament des del febrer de 2006 (19 anys). Actualment, em trobareu cada mat\u00ed a R\u00e0dio Sant Boi com a t\u00e8cnic de so. M\u2019apassiona aprendre (ja sigui amb formacions internes o cursos externs), aix\u00ed que em sento molt c\u00f2mode com a Secretari de Formaci\u00f3 de CCOO. Tamb\u00e9 m\u2019agrada dissenyar webs, un hobby que connecta perfectament amb la meva tasca com a Secretari de Comunicaci\u00f3 del sindicat.<\/p>\n<\/div>\n<\/div>\n\n\n\n<div class=\"wp-block-columns is-layout-flex wp-container-core-columns-is-layout-9d6595d7 wp-block-columns-is-layout-flex\">\n<div class=\"wp-block-column is-layout-flow wp-block-column-is-layout-flow\" style=\"flex-basis:33.33%\"><div class=\"gb-container gb-container-fe2593a6\">\n<div class=\"gb-container gb-container-a1581819\">\n\n<figure class=\"wp-block-image size-full\"><img loading=\"lazy\" decoding=\"async\" width=\"866\" height=\"813\" src=\"https:\/\/ccoo.app\/ajuntament-sant-boi-de-llobregat\/wp-content\/blogs.dir\/6\/files\/sites\/246\/2025\/09\/Juan-Jose.jpg\" alt=\"\" class=\"wp-image-3498\" srcset=\"https:\/\/ccoo.app\/ajuntament-sant-boi-de-llobregat\/wp-content\/blogs.dir\/6\/files\/sites\/246\/2025\/09\/Juan-Jose.jpg 866w, https:\/\/ccoo.app\/ajuntament-sant-boi-de-llobregat\/wp-content\/blogs.dir\/6\/files\/sites\/246\/2025\/09\/Juan-Jose-300x282.jpg 300w, https:\/\/ccoo.app\/ajuntament-sant-boi-de-llobregat\/wp-content\/blogs.dir\/6\/files\/sites\/246\/2025\/09\/Juan-Jose-768x721.jpg 768w\" sizes=\"auto, (max-width: 866px) 100vw, 866px\" \/><\/figure>\n\n<\/div>\n<\/div><\/div>\n\n\n\n<div class=\"wp-block-column is-layout-flow wp-block-column-is-layout-flow\" style=\"flex-basis:66.66%\">\n<h2 class=\"wp-block-heading has-text-color has-link-color wp-elements-9f02143d98470b0674bbb44703ccb7ac\" style=\"color:#000000\">Juan Jos\u00e9 G\u00f3mez<\/h2>\n\n\n\n<p class=\"has-text-color has-link-color wp-elements-2415e307fd44ade38a746b8706aa3afe\" style=\"color:#000000\"><strong>Secretari de serveis, suport territorial, agrupaci\u00f3 policia local (APL) i salut laboral<\/strong><\/p>\n\n\n\n<p class=\"has-text-color has-link-color wp-elements-0d410f47a602e1d6656f36e5b3a66c0f\" style=\"color:#000000\">Soc Juanjo, delegat de la Junta de Personal per CCCOO, Agent de la Policia Local. Em podeu trobar a la nostra Comissaria de la Riera del Fonollar, 2. Actualment, formo part de l\u2019Agrupaci\u00f3 de Policies Locals de Catalunya de CCCOO com a c\u00e0rrec electe Auton\u00f2mic i soc el responsable de Salut Laboral de l\u2019Agrupaci\u00f3.<\/p>\n<\/div>\n<\/div>\n\n\n\n<div class=\"wp-block-columns is-layout-flex wp-container-core-columns-is-layout-9d6595d7 wp-block-columns-is-layout-flex\">\n<div class=\"wp-block-column is-layout-flow wp-block-column-is-layout-flow\" style=\"flex-basis:33.33%\"><div class=\"gb-container gb-container-13893275\">\n<div class=\"gb-container gb-container-6f28eccb\">\n\n<figure class=\"wp-block-image size-full\"><img loading=\"lazy\" decoding=\"async\" width=\"866\" height=\"813\" src=\"https:\/\/ccoo.app\/ajuntament-sant-boi-de-llobregat\/wp-content\/blogs.dir\/6\/files\/sites\/246\/2025\/10\/Pepe-Martinez-en-CCOO.jpg\" alt=\"\" class=\"wp-image-3764\" srcset=\"https:\/\/ccoo.app\/ajuntament-sant-boi-de-llobregat\/wp-content\/blogs.dir\/6\/files\/sites\/246\/2025\/10\/Pepe-Martinez-en-CCOO.jpg 866w, https:\/\/ccoo.app\/ajuntament-sant-boi-de-llobregat\/wp-content\/blogs.dir\/6\/files\/sites\/246\/2025\/10\/Pepe-Martinez-en-CCOO-300x282.jpg 300w, https:\/\/ccoo.app\/ajuntament-sant-boi-de-llobregat\/wp-content\/blogs.dir\/6\/files\/sites\/246\/2025\/10\/Pepe-Martinez-en-CCOO-768x721.jpg 768w\" sizes=\"auto, (max-width: 866px) 100vw, 866px\" \/><\/figure>\n\n<\/div>\n<\/div><\/div>\n\n\n\n<div class=\"wp-block-column is-layout-flow wp-block-column-is-layout-flow\" style=\"flex-basis:66.66%\">\n<h2 class=\"wp-block-heading has-text-color has-link-color wp-elements-bb81f236d31daac4f64fae98fb9e0294\" style=\"color:#000000\">Pepe Martinez<\/h2>\n\n\n\n<p class=\"has-text-color has-link-color wp-elements-8f51066405e6868ae8c290779c223c8f\" style=\"color:#000000\"><strong>Delegat de CCOO<\/strong><\/p>\n\n\n\n<p class=\"has-text-color has-link-color wp-elements-140ee26e3279aaf5b2b08c63fe900cb9\" style=\"color:#000000\">S\u00f3c Pepe Mart\u00ednez, delegat de CCOO i t\u00e8cnic de contractaci\u00f3 a l\u2019Ajuntament de Sant Boi. Treballo en l\u2019\u00e0mbit administratiu gestionant processos de contractaci\u00f3 p\u00fablica, i aix\u00f2 em dona una visi\u00f3 transversal del funcionament municipal i de les necessitats del personal. Des del meu paper com a delegat sindical, m\u2019implico activament per defensar la transpar\u00e8ncia i unes condicions laborals justes per a tothom.<\/p>\n<\/div>\n<\/div>\n\n\n\n<div class=\"wp-block-columns is-layout-flex wp-container-core-columns-is-layout-9d6595d7 wp-block-columns-is-layout-flex\">\n<div class=\"wp-block-column is-layout-flow wp-block-column-is-layout-flow\" style=\"flex-basis:33.33%\"><div class=\"gb-container gb-container-adb252b0\">\n<div class=\"gb-container gb-container-e3393cbd\">\n\n<figure class=\"wp-block-image size-full\"><img loading=\"lazy\" decoding=\"async\" width=\"866\" height=\"813\" src=\"https:\/\/ccoo.app\/ajuntament-sant-boi-de-llobregat\/wp-content\/blogs.dir\/6\/files\/sites\/246\/2025\/10\/Antonio-Rubio.jpg\" alt=\"\" class=\"wp-image-3707\" srcset=\"https:\/\/ccoo.app\/ajuntament-sant-boi-de-llobregat\/wp-content\/blogs.dir\/6\/files\/sites\/246\/2025\/10\/Antonio-Rubio.jpg 866w, https:\/\/ccoo.app\/ajuntament-sant-boi-de-llobregat\/wp-content\/blogs.dir\/6\/files\/sites\/246\/2025\/10\/Antonio-Rubio-300x282.jpg 300w, https:\/\/ccoo.app\/ajuntament-sant-boi-de-llobregat\/wp-content\/blogs.dir\/6\/files\/sites\/246\/2025\/10\/Antonio-Rubio-768x721.jpg 768w\" sizes=\"auto, (max-width: 866px) 100vw, 866px\" \/><\/figure>\n\n<\/div>\n<\/div><\/div>\n\n\n\n<div class=\"wp-block-column is-layout-flow wp-block-column-is-layout-flow\" style=\"flex-basis:66.66%\">\n<h2 class=\"wp-block-heading has-text-color has-link-color wp-elements-d3a413650413401185a6b2ad6a8233f1\" style=\"color:#000000\">Antonio Rubio<\/h2>\n\n\n\n<p class=\"has-text-color has-link-color wp-elements-8f51066405e6868ae8c290779c223c8f\" style=\"color:#000000\"><strong>Delegat de CCOO<\/strong><\/p>\n\n\n\n<p class=\"has-text-color has-link-color wp-elements-af2709dad5ac0c28f5c8f16782e8f3be\" style=\"color:#000000\">S\u00f3c Antonio Rubio, t\u00e8cnic auxiliar de manteniment d\u2019oficis i delegat de CCOO a l\u2019Ajuntament de Sant Boi. Conec de prop la realitat dels treballadors i treballadores de serveis generals, tant pel meu dia a dia com pel contacte directe amb els companys. Com a delegat sindical, treballo per defensar els drets laborals i promoure millores en les condicions de treball.<\/p>\n<\/div>\n<\/div>\n","protected":false},"excerpt":{"rendered":"<p>Antoni Gabernet Secretari General Antoni Gabernet Mart\u00ednez, 41 anys com a treballador de les Brigades Municipals. Secretari general de la secci\u00f3 sindical de CCOO a l\u2019Ajuntament de Sant Boi de &#8230; <a title=\"Delegats\/des\" class=\"read-more\" href=\"https:\/\/ccoo.app\/ajuntament-sant-boi-de-llobregat\/delegats-des\/\" aria-label=\"Leer m\u00e1s sobre Delegats\/des\">Leer m\u00e1s<\/a><\/p>\n","protected":false},"author":97111,"featured_media":0,"parent":0,"menu_order":0,"comment_status":"closed","ping_status":"closed","template":"","meta":{"footnotes":""},"class_list":["post-3157","page","type-page","status-publish"],"_links":{"self":[{"href":"https:\/\/ccoo.app\/ajuntament-sant-boi-de-llobregat\/wp-json\/wp\/v2\/pages\/3157","targetHints":{"allow":["GET"]}}],"collection":[{"href":"https:\/\/ccoo.app\/ajuntament-sant-boi-de-llobregat\/wp-json\/wp\/v2\/pages"}],"about":[{"href":"https:\/\/ccoo.app\/ajuntament-sant-boi-de-llobregat\/wp-json\/wp\/v2\/types\/page"}],"author":[{"embeddable":true,"href":"https:\/\/ccoo.app\/ajuntament-sant-boi-de-llobregat\/wp-json\/wp\/v2\/users\/97111"}],"replies":[{"embeddable":true,"href":"https:\/\/ccoo.app\/ajuntament-sant-boi-de-llobregat\/wp-json\/wp\/v2\/comments?post=3157"}],"version-history":[{"count":4,"href":"https:\/\/ccoo.app\/ajuntament-sant-boi-de-llobregat\/wp-json\/wp\/v2\/pages\/3157\/revisions"}],"predecessor-version":[{"id":3766,"href":"https:\/\/ccoo.app\/ajuntament-sant-boi-de-llobregat\/wp-json\/wp\/v2\/pages\/3157\/revisions\/3766"}],"wp:attachment":[{"href":"https:\/\/ccoo.app\/ajuntament-sant-boi-de-llobregat\/wp-json\/wp\/v2\/media?parent=3157"}],"curies":[{"name":"wp","href":"https:\/\/api.w.org\/{rel}","templated":true}]}}