{"id":3142,"date":"2025-06-04T09:16:47","date_gmt":"2025-06-04T07:16:47","guid":{"rendered":"https:\/\/ccoo.app\/ajuntament-sant-boi-de-llobregat\/?page_id=3142"},"modified":"2025-10-27T08:51:57","modified_gmt":"2025-10-27T07:51:57","slug":"butlleti-informatiu-maig-num-6","status":"publish","type":"page","link":"https:\/\/ccoo.app\/ajuntament-sant-boi-de-llobregat\/butlleti-informatiu-maig-num-6\/","title":{"rendered":"Butllet\u00ed Informatiu Maig n\u00fam. 6"},"content":{"rendered":"\n<p class=\"has-text-color has-link-color wp-elements-6d657a14ce0665650143d3cd3c0993e4\" style=\"color:#000000\"><strong>Data:<\/strong> 30 de Maig del 2025<\/p>\n\n\n\n<div class=\"wp-block-columns is-layout-flex wp-container-core-columns-is-layout-9d6595d7 wp-block-columns-is-layout-flex\">\n<div class=\"wp-block-column is-layout-flow wp-block-column-is-layout-flow\">\n<figure class=\"gb-block-image gb-block-image-34ddd7b5\"><img loading=\"lazy\" decoding=\"async\" width=\"1506\" height=\"2132\" class=\"gb-image gb-image-34ddd7b5\" src=\"https:\/\/ccoo.app\/ajuntament-sant-boi-de-llobregat\/wp-content\/blogs.dir\/6\/files\/sites\/246\/2025\/06\/Full-Informatiu-6.png\" alt=\"\" title=\"Full Informatiu 6\" srcset=\"https:\/\/ccoo.app\/ajuntament-sant-boi-de-llobregat\/wp-content\/blogs.dir\/6\/files\/sites\/246\/2025\/06\/Full-Informatiu-6.png 1506w, https:\/\/ccoo.app\/ajuntament-sant-boi-de-llobregat\/wp-content\/blogs.dir\/6\/files\/sites\/246\/2025\/06\/Full-Informatiu-6-212x300.png 212w, https:\/\/ccoo.app\/ajuntament-sant-boi-de-llobregat\/wp-content\/blogs.dir\/6\/files\/sites\/246\/2025\/06\/Full-Informatiu-6-723x1024.png 723w, https:\/\/ccoo.app\/ajuntament-sant-boi-de-llobregat\/wp-content\/blogs.dir\/6\/files\/sites\/246\/2025\/06\/Full-Informatiu-6-768x1087.png 768w, https:\/\/ccoo.app\/ajuntament-sant-boi-de-llobregat\/wp-content\/blogs.dir\/6\/files\/sites\/246\/2025\/06\/Full-Informatiu-6-1085x1536.png 1085w, https:\/\/ccoo.app\/ajuntament-sant-boi-de-llobregat\/wp-content\/blogs.dir\/6\/files\/sites\/246\/2025\/06\/Full-Informatiu-6-1447x2048.png 1447w\" sizes=\"auto, (max-width: 1506px) 100vw, 1506px\" \/><\/figure>\n<\/div>\n\n\n\n<div class=\"wp-block-column is-layout-flow wp-block-column-is-layout-flow\">\n<p class=\"has-text-color has-link-color wp-elements-97c1d6fe5c5d001cc11b1d733510f827\" style=\"color:#000000\">Benvolgudes companyes i companys,<\/p>\n\n\n\n<p class=\"has-text-color has-link-color wp-elements-413abcf826a6d9f61bd96ccb4d6f23a6\" style=\"color:#000000\">Aquest mes de maig arriba carregat de novetats importants! A CCOO volem informar-te sobre la incorporaci\u00f3 dels endarreriments a la n\u00f2mina i l\u2019inici de l\u2019horari d\u2019estiu.<\/p>\n\n\n\n<p class=\"has-text-color has-link-color wp-elements-9640075921bb059a8580bb8f2d621280\" style=\"color:#000000\">Seguim treballant perqu\u00e8 tots els acords signats es tradueixin en millores reals i concretes per a tota la plantilla municipal.<\/p>\n\n\n\n<p class=\"has-text-color has-link-color wp-elements-1935482b0769e0bfd228b952a5758a7c\" style=\"color:#000000\">\ud83d\udcc4 <strong>N\u00d2MINA DE MAIG \u2013 ENDARRERIMENTS APLICATS!<\/strong><br>Ja s\u2019han aplicat els <strong>endarreriments retroactius (gener &#8211; abril 2025)<\/strong> derivats del nou Acord i Conveni!<\/p>\n\n\n\n<p class=\"has-contrast-color has-text-color has-link-color wp-elements-24e1529793f012a8ccdfc9697b929d2a\">\ud83d\udd0d On trobar-los?<\/p>\n\n\n\n<ul class=\"wp-block-list\">\n<li class=\"has-contrast-color has-text-color has-link-color wp-elements-d708487c86258e5723593707dbbf6e29\"><strong>En el codi 119<\/strong> de la teva n\u00f2mina: veur\u00e0s l&#8217;import acumulat dels endarreriments.<\/li>\n\n\n\n<li class=\"has-contrast-color has-text-color has-link-color wp-elements-4d5d498c4f5b67802cac1808b0e52560\">En molts casos, es tracta del <strong>15\u202f% d\u2019increment<\/strong> de la carrera professional multiplicat per 4 mesos.<\/li>\n\n\n\n<li class=\"has-contrast-color has-text-color has-link-color wp-elements-a552c2bf478389df867e04b1af5a6c21\">A partir d\u2019ara, aquest <strong>15\u202f% s&#8217;aplica cada mes<\/strong> com a increment fix.<\/li>\n\n\n\n<li class=\"has-contrast-color has-text-color has-link-color wp-elements-7eb4c898b12269d6cad8a6a8ebb6f65d\">El <strong>complement per treball en festiu<\/strong> encara no s&#8217;ha incl\u00f2s per un retard administratiu. CCOO ja ha demanat que es resolgui al m\u00e9s aviat possible.<\/li>\n<\/ul>\n\n\n\n<p class=\"has-text-color has-link-color wp-elements-713905d6a89e1fd502d2200e6e2fa515\" style=\"color:#000000\">\ud83d\udcec Si tens dubtes sobre la teva n\u00f2mina o els imports, <strong>posa\u2019t en contacte amb nosaltres<\/strong>. Volem ajudar-te!<\/p>\n\n\n\n<p>\ud83c\udf1e <strong>AQUEST ESTIU, REDU\u00cfM LA JORNADA!<\/strong><\/p>\n\n\n\n<p>\ud83d\udd52 <strong>Jornada Laboral General (10 de juny &#8211; 17 de setembre)<\/strong><br>Nou horari d\u2019estiu aprovat al nou Acord:<\/p>\n\n\n\n<p class=\"has-contrast-color has-text-color has-link-color wp-elements-e40d94576998950e9c66c1636008d1e3\">\u27a1\ufe0f De <strong>8:00 a 14:30 h<\/strong>, amb possibilitat de sortir a partir de les <strong>13:30 h<\/strong>.<\/p>\n\n\n\n<p>\ud83e\uddd1\u200d\ud83d\udcbb <strong>Horari redu\u00eft per a t\u00e8cnics i administratius:<\/strong><\/p>\n\n\n\n<ul class=\"wp-block-list\">\n<li class=\"has-contrast-color has-text-color has-link-color wp-elements-c1d3a2809864198cb647dfa30152a936\"><strong>Entrada:<\/strong> entre 7:30h i 9:30h<\/li>\n\n\n\n<li class=\"has-contrast-color has-text-color has-link-color wp-elements-9d6a17d03df05fc2140ea089cd14f3d4\"><strong>Sortida:<\/strong> entre 13:30h i 17:00h<\/li>\n\n\n\n<li class=\"has-contrast-color has-text-color has-link-color wp-elements-52a27c862d5c843ab2a58a975d510cd3\"><strong>Pres\u00e8ncia obligat\u00f2ria:<\/strong> de 9:30h a 13:30h<\/li>\n<\/ul>\n\n\n\n<p>\ud83d\udccc <strong>Excepcions i detalls:<\/strong><\/p>\n\n\n\n<ul class=\"wp-block-list\">\n<li class=\"has-contrast-color has-text-color has-link-color wp-elements-68522563387dc52ef64f6029b61fa3c3\">Serveis que <strong>no puguin aplicar la reducci\u00f3<\/strong>: tindran <strong>3 dies festius<\/strong> i <strong>2 hores extra de bossa<\/strong>.<\/li>\n\n\n\n<li class=\"has-contrast-color has-text-color has-link-color wp-elements-589280ca11297ac7b750150e3f50c002\">L\u2019Ajuntament confirma que el nou horari \u00e9s possible <strong>en tots els serveis<\/strong>, <strong>excepte<\/strong>: policia local, cementiri i conserges de Casal de Marianao i Massallera.<\/li>\n\n\n\n<li class=\"has-contrast-color has-text-color has-link-color wp-elements-cb1d62efe0539603097292cb2eb36240\">Queden pendents de negociaci\u00f3: <strong>biblioteques i conserges d\u2019escola<\/strong>. Es tractar\u00e0 a la <strong>Mesa General del 4 de juny<\/strong>.<\/li>\n<\/ul>\n\n\n\n<p class=\"has-text-color has-link-color wp-elements-c7687dc86f68c5c000f84a78a28968e2\" style=\"color:#000000\">\ud83d\udce2 Seguim treballant per fer efectius tots els drets pactats i garantir la seva aplicaci\u00f3!<\/p>\n\n\n\n<h3 class=\"wp-block-heading has-text-color has-link-color wp-elements-f01612833359083db12c6e71dcf1204d\" style=\"color:#000000\"><strong>\u00abAMB LES COSES DE MENJAR, NO S\u2019HI JUGA\u00bb<\/strong><\/h3>\n\n\n\n<p class=\"has-text-color has-link-color wp-elements-86ca19e20894f9f1b7f86dfb1c084d61\" style=\"color:#000000\">Aprofitem tamb\u00e9 per recordar-vos que <strong>CCOO est\u00e0 lluitant per garantir unes condicions laborals dignes<\/strong> i perqu\u00e8 les mesures que es prenen dins l\u2019Ajuntament siguin <strong>justes i transparents<\/strong> per a tothom. Seguirem informant-vos i defensant els vostres drets!<\/p>\n\n\n\n<p class=\"has-text-color has-link-color wp-elements-ca98e290a56eca669881154e79f234a3\" style=\"color:#000000\">Per qualsevol aclariment, estem a la vostra disposici\u00f3.<\/p>\n\n\n\n<p class=\"has-text-color has-link-color wp-elements-941c899b691ba701c0698c88c328a60f\" style=\"color:#000000\">\ud83d\udcaa <strong>La for\u00e7a del sindicat sou vosaltres!<\/strong><\/p>\n\n\n\n<p class=\"has-text-color has-link-color wp-elements-ae7bf9b56ad3b0bed176b42c093f3694\" style=\"color:#000000\">CCOO \u2013 Ajuntament de Sant Boi de Llobregat<\/p>\n<\/div>\n<\/div>\n\n\n\n<p><\/p>\n","protected":false},"excerpt":{"rendered":"<p>Data: 30 de Maig del 2025 Benvolgudes companyes i companys, Aquest mes de maig arriba carregat de novetats importants! A CCOO volem informar-te sobre la incorporaci\u00f3 dels endarreriments a la &#8230; <a title=\"Butllet\u00ed Informatiu Maig n\u00fam. 6\" class=\"read-more\" href=\"https:\/\/ccoo.app\/ajuntament-sant-boi-de-llobregat\/butlleti-informatiu-maig-num-6\/\" aria-label=\"Leer m\u00e1s sobre Butllet\u00ed Informatiu Maig n\u00fam. 6\">Leer m\u00e1s<\/a><\/p>\n","protected":false},"author":97111,"featured_media":0,"parent":0,"menu_order":0,"comment_status":"closed","ping_status":"closed","template":"","meta":{"footnotes":""},"class_list":["post-3142","page","type-page","status-publish"],"_links":{"self":[{"href":"https:\/\/ccoo.app\/ajuntament-sant-boi-de-llobregat\/wp-json\/wp\/v2\/pages\/3142","targetHints":{"allow":["GET"]}}],"collection":[{"href":"https:\/\/ccoo.app\/ajuntament-sant-boi-de-llobregat\/wp-json\/wp\/v2\/pages"}],"about":[{"href":"https:\/\/ccoo.app\/ajuntament-sant-boi-de-llobregat\/wp-json\/wp\/v2\/types\/page"}],"author":[{"embeddable":true,"href":"https:\/\/ccoo.app\/ajuntament-sant-boi-de-llobregat\/wp-json\/wp\/v2\/users\/97111"}],"replies":[{"embeddable":true,"href":"https:\/\/ccoo.app\/ajuntament-sant-boi-de-llobregat\/wp-json\/wp\/v2\/comments?post=3142"}],"version-history":[{"count":4,"href":"https:\/\/ccoo.app\/ajuntament-sant-boi-de-llobregat\/wp-json\/wp\/v2\/pages\/3142\/revisions"}],"predecessor-version":[{"id":3826,"href":"https:\/\/ccoo.app\/ajuntament-sant-boi-de-llobregat\/wp-json\/wp\/v2\/pages\/3142\/revisions\/3826"}],"wp:attachment":[{"href":"https:\/\/ccoo.app\/ajuntament-sant-boi-de-llobregat\/wp-json\/wp\/v2\/media?parent=3142"}],"curies":[{"name":"wp","href":"https:\/\/api.w.org\/{rel}","templated":true}]}}