{"id":3135,"date":"2025-06-04T09:13:39","date_gmt":"2025-06-04T07:13:39","guid":{"rendered":"https:\/\/ccoo.app\/ajuntament-sant-boi-de-llobregat\/?page_id=3135"},"modified":"2025-10-27T08:53:09","modified_gmt":"2025-10-27T07:53:09","slug":"butlleti-informatiu-marc-num-4","status":"publish","type":"page","link":"https:\/\/ccoo.app\/ajuntament-sant-boi-de-llobregat\/butlleti-informatiu-marc-num-4\/","title":{"rendered":"Butllet\u00ed Informatiu Mar\u00e7 n\u00fam. 4"},"content":{"rendered":"\n<p class=\"has-text-color has-link-color wp-elements-6372499f4d6d6c877dec9c42b46ec1b3\" style=\"color:#000000\"><strong>Data:<\/strong> 19 de Mar\u00e7 del 2025<\/p>\n\n\n\n<div class=\"wp-block-columns is-layout-flex wp-container-core-columns-is-layout-9d6595d7 wp-block-columns-is-layout-flex\">\n<div class=\"wp-block-column is-layout-flow wp-block-column-is-layout-flow\">\n<figure class=\"gb-block-image gb-block-image-34ddd7b5\"><img loading=\"lazy\" decoding=\"async\" width=\"1494\" height=\"1430\" class=\"gb-image gb-image-34ddd7b5\" src=\"https:\/\/ccoo.app\/ajuntament-sant-boi-de-llobregat\/wp-content\/blogs.dir\/6\/files\/sites\/246\/2025\/06\/Full-Informatiu-4-A.png\" alt=\"\" title=\"Full Informatiu 4 A\" srcset=\"https:\/\/ccoo.app\/ajuntament-sant-boi-de-llobregat\/wp-content\/blogs.dir\/6\/files\/sites\/246\/2025\/06\/Full-Informatiu-4-A.png 1494w, https:\/\/ccoo.app\/ajuntament-sant-boi-de-llobregat\/wp-content\/blogs.dir\/6\/files\/sites\/246\/2025\/06\/Full-Informatiu-4-A-300x287.png 300w, https:\/\/ccoo.app\/ajuntament-sant-boi-de-llobregat\/wp-content\/blogs.dir\/6\/files\/sites\/246\/2025\/06\/Full-Informatiu-4-A-1024x980.png 1024w, https:\/\/ccoo.app\/ajuntament-sant-boi-de-llobregat\/wp-content\/blogs.dir\/6\/files\/sites\/246\/2025\/06\/Full-Informatiu-4-A-768x735.png 768w\" sizes=\"auto, (max-width: 1494px) 100vw, 1494px\" \/><\/figure>\n\n\n\n<figure class=\"gb-block-image gb-block-image-6acd3221\"><img loading=\"lazy\" decoding=\"async\" width=\"1024\" height=\"85\" class=\"gb-image gb-image-6acd3221\" src=\"http:\/\/ccoo.app\/ajuntament-sant-boi-de-llobregat\/wp-content\/blogs.dir\/6\/files\/sites\/246\/2025\/06\/Full-Informatiu-4-B-1024x85.png\" alt=\"\" title=\"Full Informatiu 4 B\" srcset=\"https:\/\/ccoo.app\/ajuntament-sant-boi-de-llobregat\/wp-content\/blogs.dir\/6\/files\/sites\/246\/2025\/06\/Full-Informatiu-4-B-1024x85.png 1024w, https:\/\/ccoo.app\/ajuntament-sant-boi-de-llobregat\/wp-content\/blogs.dir\/6\/files\/sites\/246\/2025\/06\/Full-Informatiu-4-B-300x25.png 300w, https:\/\/ccoo.app\/ajuntament-sant-boi-de-llobregat\/wp-content\/blogs.dir\/6\/files\/sites\/246\/2025\/06\/Full-Informatiu-4-B-768x64.png 768w, https:\/\/ccoo.app\/ajuntament-sant-boi-de-llobregat\/wp-content\/blogs.dir\/6\/files\/sites\/246\/2025\/06\/Full-Informatiu-4-B.png 1494w\" sizes=\"auto, (max-width: 1024px) 100vw, 1024px\" \/><\/figure>\n<\/div>\n\n\n\n<div class=\"wp-block-column is-layout-flow wp-block-column-is-layout-flow\">\n<p class=\"has-text-color has-link-color wp-elements-97c1d6fe5c5d001cc11b1d733510f827\" style=\"color:#000000\">Benvolgudes companyes i companys,<\/p>\n\n\n\n<p class=\"has-text-color has-link-color wp-elements-fd899a4e854b2d1f166cfa60e15ac9ce\" style=\"color:#000000\">A finals de 2023, nom\u00e9s CCOO vam iniciar els tr\u00e0mits per negociar un nou Acord i Conveni. Despr\u00e9s de mesos de feina intensa, hem aconseguit millores reals i palpables per a tothom. Aqu\u00ed tens un resum de les principals novetats:<\/p>\n\n\n\n<p class=\"has-text-color has-link-color wp-elements-07bcec0d8d892f4072bcd466bc95a038\" style=\"color:#000000\">\ud83d\udd50 <strong>Molt abans que abans!<\/strong><br>Ara nom\u00e9s calen <strong>6 mesos (i no 2 anys)<\/strong> per cobrar els <strong>4.402,15\u202f\u20ac<\/strong> del grau d\u2019entrada al Pla de Carrera.<\/p>\n\n\n\n<p class=\"has-text-color has-link-color wp-elements-3659b168dca613b72178d64b3dbb343a\" style=\"color:#000000\">\ud83c\udf1e <strong>Estiu m\u00e9s lleuger i amb m\u00e9s descans!<\/strong><br>Tindrem <strong>30 hores de reducci\u00f3 de jornada<\/strong> a l\u2019estiu i <strong>1 dia extra de vacances<\/strong>.<\/p>\n\n\n\n<p class=\"has-text-color has-link-color wp-elements-6aff34da17643cd01a3c7d946e4f10f1\" style=\"color:#000000\">\ud83e\udded <strong>Nova valoraci\u00f3 de llocs de treball en marxa!<\/strong><br>Iniciem la negociaci\u00f3 per a un <strong>nou sistema i valoraci\u00f3 de llocs de treball<\/strong> de tota l\u2019organitzaci\u00f3.<\/p>\n\n\n\n<p class=\"has-text-color has-link-color wp-elements-06dffb4a48badaf91739c0b27b9ce945\" style=\"color:#000000\">\ud83d\udcec <strong>Assumptes Propis que sumen futur<\/strong><br>Recollim la proposta de la <strong>\u201cB\u00fastia del temps\u201d<\/strong> per acumular dies i poder <strong>avan\u00e7ar la jubilaci\u00f3<\/strong>.<\/p>\n\n\n\n<p class=\"has-text-color has-link-color wp-elements-fac8aa1abaaf71a0d0998558b04d657c\" style=\"color:#000000\">\ud83e\uddd1\u200d\ud83d\udcbc <strong>Lliure designaci\u00f3 m\u00e9s justa<\/strong><br>Els <strong>nomenaments a dit es limiten nom\u00e9s a Directors\/es d\u2019\u00c0rea<\/strong>.<\/p>\n\n\n\n<p class=\"has-text-color has-link-color wp-elements-02fbd974286e6bd17435d59c8a4fee57\" style=\"color:#000000\">\ud83d\udc6e\u200d\u2642\ufe0f <strong>Millores per a la Policia Local<\/strong><br>S\u2019aconsegueix una <strong>millora econ\u00f2mica<\/strong> per les seves <strong>condicions especials de treball<\/strong>.<\/p>\n\n\n\n<p class=\"has-text-color has-link-color wp-elements-f3aa6579df61bec74b569346ef187d5b\" style=\"color:#000000\">\ud83d\udcc8 <strong>Carrera Professional amb increments reals<\/strong><br>Hi haur\u00e0 <strong>increments econ\u00f2mics a la part variable de la Carrera Professional<\/strong>. (Consulta la nota del 11 de mar\u00e7 per m\u00e9s detalls!)<\/p>\n\n\n\n<p class=\"has-text-color has-link-color wp-elements-879d0eff180451dd65b4a5eb24f33acd\" style=\"color:#000000\">\ud83d\udcaa <strong>Seguim al vostre costat, treballant per garantir drets i millores per a tothom.<\/strong><\/p>\n\n\n\n<h3 class=\"wp-block-heading has-text-color has-link-color wp-elements-f01612833359083db12c6e71dcf1204d\" style=\"color:#000000\"><strong>\u00abAMB LES COSES DE MENJAR, NO S\u2019HI JUGA\u00bb<\/strong><\/h3>\n\n\n\n<p class=\"has-text-color has-link-color wp-elements-86ca19e20894f9f1b7f86dfb1c084d61\" style=\"color:#000000\">Aprofitem tamb\u00e9 per recordar-vos que <strong>CCOO est\u00e0 lluitant per garantir unes condicions laborals dignes<\/strong> i perqu\u00e8 les mesures que es prenen dins l\u2019Ajuntament siguin <strong>justes i transparents<\/strong> per a tothom. Seguirem informant-vos i defensant els vostres drets!<\/p>\n\n\n\n<p class=\"has-text-color has-link-color wp-elements-ca98e290a56eca669881154e79f234a3\" style=\"color:#000000\">Per qualsevol aclariment, estem a la vostra disposici\u00f3.<\/p>\n\n\n\n<p class=\"has-text-color has-link-color wp-elements-941c899b691ba701c0698c88c328a60f\" style=\"color:#000000\">\ud83d\udcaa <strong>La for\u00e7a del sindicat sou vosaltres!<\/strong><\/p>\n\n\n\n<p class=\"has-text-color has-link-color wp-elements-ae7bf9b56ad3b0bed176b42c093f3694\" style=\"color:#000000\">CCOO \u2013 Ajuntament de Sant Boi de Llobregat<\/p>\n<\/div>\n<\/div>\n\n\n\n<p><\/p>\n","protected":false},"excerpt":{"rendered":"<p>Data: 19 de Mar\u00e7 del 2025 Benvolgudes companyes i companys, A finals de 2023, nom\u00e9s CCOO vam iniciar els tr\u00e0mits per negociar un nou Acord i Conveni. Despr\u00e9s de mesos &#8230; <a title=\"Butllet\u00ed Informatiu Mar\u00e7 n\u00fam. 4\" class=\"read-more\" href=\"https:\/\/ccoo.app\/ajuntament-sant-boi-de-llobregat\/butlleti-informatiu-marc-num-4\/\" aria-label=\"Leer m\u00e1s sobre Butllet\u00ed Informatiu Mar\u00e7 n\u00fam. 4\">Leer m\u00e1s<\/a><\/p>\n","protected":false},"author":97111,"featured_media":0,"parent":0,"menu_order":0,"comment_status":"closed","ping_status":"closed","template":"","meta":{"footnotes":""},"class_list":["post-3135","page","type-page","status-publish"],"_links":{"self":[{"href":"https:\/\/ccoo.app\/ajuntament-sant-boi-de-llobregat\/wp-json\/wp\/v2\/pages\/3135","targetHints":{"allow":["GET"]}}],"collection":[{"href":"https:\/\/ccoo.app\/ajuntament-sant-boi-de-llobregat\/wp-json\/wp\/v2\/pages"}],"about":[{"href":"https:\/\/ccoo.app\/ajuntament-sant-boi-de-llobregat\/wp-json\/wp\/v2\/types\/page"}],"author":[{"embeddable":true,"href":"https:\/\/ccoo.app\/ajuntament-sant-boi-de-llobregat\/wp-json\/wp\/v2\/users\/97111"}],"replies":[{"embeddable":true,"href":"https:\/\/ccoo.app\/ajuntament-sant-boi-de-llobregat\/wp-json\/wp\/v2\/comments?post=3135"}],"version-history":[{"count":3,"href":"https:\/\/ccoo.app\/ajuntament-sant-boi-de-llobregat\/wp-json\/wp\/v2\/pages\/3135\/revisions"}],"predecessor-version":[{"id":3830,"href":"https:\/\/ccoo.app\/ajuntament-sant-boi-de-llobregat\/wp-json\/wp\/v2\/pages\/3135\/revisions\/3830"}],"wp:attachment":[{"href":"https:\/\/ccoo.app\/ajuntament-sant-boi-de-llobregat\/wp-json\/wp\/v2\/media?parent=3135"}],"curies":[{"name":"wp","href":"https:\/\/api.w.org\/{rel}","templated":true}]}}