{"id":2926,"date":"2025-03-17T19:07:44","date_gmt":"2025-03-17T18:07:44","guid":{"rendered":"https:\/\/ccoo.app\/ajuntament-sant-boi-de-llobregat\/?page_id=2926"},"modified":"2025-10-27T08:58:21","modified_gmt":"2025-10-27T07:58:21","slug":"butlleti-informatiu-febrer-num-2","status":"publish","type":"page","link":"https:\/\/ccoo.app\/ajuntament-sant-boi-de-llobregat\/butlleti-informatiu-febrer-num-2\/","title":{"rendered":"Butllet\u00ed Informatiu Febrer n\u00fam. 2"},"content":{"rendered":"\n<p class=\"has-text-color has-link-color wp-elements-d1079b510be4c0795e2ffa23e31870a1\" style=\"color:#000000\"><strong>Data:<\/strong> 19 de Febrer del 2024<\/p>\n\n\n\n<div class=\"wp-block-columns is-layout-flex wp-container-core-columns-is-layout-9d6595d7 wp-block-columns-is-layout-flex\">\n<div class=\"wp-block-column is-layout-flow wp-block-column-is-layout-flow\">\n<figure class=\"gb-block-image gb-block-image-34ddd7b5\"><img loading=\"lazy\" decoding=\"async\" width=\"1504\" height=\"302\" class=\"gb-image gb-image-34ddd7b5\" src=\"https:\/\/ccoo.app\/ajuntament-sant-boi-de-llobregat\/wp-content\/blogs.dir\/6\/files\/sites\/246\/2025\/06\/Full-Informatiu-2-A.png\" alt=\"\" title=\"Full Informatiu 2 A\" srcset=\"https:\/\/ccoo.app\/ajuntament-sant-boi-de-llobregat\/wp-content\/blogs.dir\/6\/files\/sites\/246\/2025\/06\/Full-Informatiu-2-A.png 1504w, https:\/\/ccoo.app\/ajuntament-sant-boi-de-llobregat\/wp-content\/blogs.dir\/6\/files\/sites\/246\/2025\/06\/Full-Informatiu-2-A-300x60.png 300w, https:\/\/ccoo.app\/ajuntament-sant-boi-de-llobregat\/wp-content\/blogs.dir\/6\/files\/sites\/246\/2025\/06\/Full-Informatiu-2-A-1024x206.png 1024w, https:\/\/ccoo.app\/ajuntament-sant-boi-de-llobregat\/wp-content\/blogs.dir\/6\/files\/sites\/246\/2025\/06\/Full-Informatiu-2-A-768x154.png 768w\" sizes=\"auto, (max-width: 1504px) 100vw, 1504px\" \/><\/figure>\n\n\n\n<figure class=\"gb-block-image gb-block-image-94430473\"><img loading=\"lazy\" decoding=\"async\" width=\"1504\" height=\"122\" class=\"gb-image gb-image-94430473\" src=\"https:\/\/ccoo.app\/ajuntament-sant-boi-de-llobregat\/wp-content\/blogs.dir\/6\/files\/sites\/246\/2025\/06\/Full-Informatiu-2-b.png\" alt=\"\" title=\"Full Informatiu 2 b\" srcset=\"https:\/\/ccoo.app\/ajuntament-sant-boi-de-llobregat\/wp-content\/blogs.dir\/6\/files\/sites\/246\/2025\/06\/Full-Informatiu-2-b.png 1504w, https:\/\/ccoo.app\/ajuntament-sant-boi-de-llobregat\/wp-content\/blogs.dir\/6\/files\/sites\/246\/2025\/06\/Full-Informatiu-2-b-300x24.png 300w, https:\/\/ccoo.app\/ajuntament-sant-boi-de-llobregat\/wp-content\/blogs.dir\/6\/files\/sites\/246\/2025\/06\/Full-Informatiu-2-b-1024x83.png 1024w, https:\/\/ccoo.app\/ajuntament-sant-boi-de-llobregat\/wp-content\/blogs.dir\/6\/files\/sites\/246\/2025\/06\/Full-Informatiu-2-b-768x62.png 768w\" sizes=\"auto, (max-width: 1504px) 100vw, 1504px\" \/><\/figure>\n\n\n\n<figure class=\"gb-block-image gb-block-image-4c5144dc\"><img loading=\"lazy\" decoding=\"async\" width=\"1502\" height=\"274\" class=\"gb-image gb-image-4c5144dc\" src=\"https:\/\/ccoo.app\/ajuntament-sant-boi-de-llobregat\/wp-content\/blogs.dir\/6\/files\/sites\/246\/2025\/06\/Full-Informatiu-2-c.png\" alt=\"\" title=\"Full Informatiu 2 c\" srcset=\"https:\/\/ccoo.app\/ajuntament-sant-boi-de-llobregat\/wp-content\/blogs.dir\/6\/files\/sites\/246\/2025\/06\/Full-Informatiu-2-c.png 1502w, https:\/\/ccoo.app\/ajuntament-sant-boi-de-llobregat\/wp-content\/blogs.dir\/6\/files\/sites\/246\/2025\/06\/Full-Informatiu-2-c-300x55.png 300w, https:\/\/ccoo.app\/ajuntament-sant-boi-de-llobregat\/wp-content\/blogs.dir\/6\/files\/sites\/246\/2025\/06\/Full-Informatiu-2-c-1024x187.png 1024w, https:\/\/ccoo.app\/ajuntament-sant-boi-de-llobregat\/wp-content\/blogs.dir\/6\/files\/sites\/246\/2025\/06\/Full-Informatiu-2-c-768x140.png 768w\" sizes=\"auto, (max-width: 1502px) 100vw, 1502px\" \/><\/figure>\n\n\n\n<figure class=\"gb-block-image gb-block-image-1a6f6014\"><img loading=\"lazy\" decoding=\"async\" width=\"1512\" height=\"250\" class=\"gb-image gb-image-1a6f6014\" src=\"https:\/\/ccoo.app\/ajuntament-sant-boi-de-llobregat\/wp-content\/blogs.dir\/6\/files\/sites\/246\/2025\/06\/Full-Informatiu-2-d.png\" alt=\"\" title=\"Full Informatiu 2 d\" srcset=\"https:\/\/ccoo.app\/ajuntament-sant-boi-de-llobregat\/wp-content\/blogs.dir\/6\/files\/sites\/246\/2025\/06\/Full-Informatiu-2-d.png 1512w, https:\/\/ccoo.app\/ajuntament-sant-boi-de-llobregat\/wp-content\/blogs.dir\/6\/files\/sites\/246\/2025\/06\/Full-Informatiu-2-d-300x50.png 300w, https:\/\/ccoo.app\/ajuntament-sant-boi-de-llobregat\/wp-content\/blogs.dir\/6\/files\/sites\/246\/2025\/06\/Full-Informatiu-2-d-1024x169.png 1024w, https:\/\/ccoo.app\/ajuntament-sant-boi-de-llobregat\/wp-content\/blogs.dir\/6\/files\/sites\/246\/2025\/06\/Full-Informatiu-2-d-768x127.png 768w\" sizes=\"auto, (max-width: 1512px) 100vw, 1512px\" \/><\/figure>\n\n\n\n<figure class=\"gb-block-image gb-block-image-c5cd5aac\"><img loading=\"lazy\" decoding=\"async\" width=\"752\" height=\"400\" class=\"gb-image gb-image-c5cd5aac\" src=\"https:\/\/ccoo.app\/ajuntament-sant-boi-de-llobregat\/wp-content\/blogs.dir\/6\/files\/sites\/246\/2025\/06\/Full-Informatiu-2-e.png\" alt=\"\" title=\"Full Informatiu 2 e\" srcset=\"https:\/\/ccoo.app\/ajuntament-sant-boi-de-llobregat\/wp-content\/blogs.dir\/6\/files\/sites\/246\/2025\/06\/Full-Informatiu-2-e.png 752w, https:\/\/ccoo.app\/ajuntament-sant-boi-de-llobregat\/wp-content\/blogs.dir\/6\/files\/sites\/246\/2025\/06\/Full-Informatiu-2-e-300x160.png 300w\" sizes=\"auto, (max-width: 752px) 100vw, 752px\" \/><\/figure>\n\n\n\n<figure class=\"gb-block-image gb-block-image-ee72808e\"><img loading=\"lazy\" decoding=\"async\" width=\"736\" height=\"400\" class=\"gb-image gb-image-ee72808e\" src=\"https:\/\/ccoo.app\/ajuntament-sant-boi-de-llobregat\/wp-content\/blogs.dir\/6\/files\/sites\/246\/2025\/06\/Full-Informatiu-2-f.png\" alt=\"\" title=\"Full Informatiu 2 f\" srcset=\"https:\/\/ccoo.app\/ajuntament-sant-boi-de-llobregat\/wp-content\/blogs.dir\/6\/files\/sites\/246\/2025\/06\/Full-Informatiu-2-f.png 736w, https:\/\/ccoo.app\/ajuntament-sant-boi-de-llobregat\/wp-content\/blogs.dir\/6\/files\/sites\/246\/2025\/06\/Full-Informatiu-2-f-300x163.png 300w\" sizes=\"auto, (max-width: 736px) 100vw, 736px\" \/><\/figure>\n<\/div>\n\n\n\n<div class=\"wp-block-column is-layout-flow wp-block-column-is-layout-flow\">\n<p class=\"has-text-color has-link-color wp-elements-876ebabf00ce5fc0d6905436e189edee\" style=\"color:#000000\">Benvolgudes companyes i companys,<\/p>\n\n\n\n<p class=\"has-text-color has-link-color wp-elements-1396839b29d0123ef43080b6675e7c89\" style=\"color:#000000\">Aquest mes de febrer us compartim diverses q\u00fcestions que poden afectar directament la vostra situaci\u00f3 laboral i futura jubilaci\u00f3. Us animem a llegir atentament i aprofitar els recursos que posem al vostre abast.<\/p>\n\n\n\n<hr class=\"wp-block-separator has-alpha-channel-opacity\" \/>\n\n\n\n<h3 class=\"wp-block-heading has-text-color has-link-color wp-elements-d3086f53254abb0443ff974f3afc7bd6\" style=\"color:#000000\"><strong>\ud83d\udcb6 INCREMENT SALARIAL: LLUM VERDA AL PAGAMENT DELS ENDARRERIMENTS DE 2023<\/strong><\/h3>\n\n\n\n<p class=\"has-text-color has-link-color wp-elements-d600afc1b478cb45d5d9b95b479dda4d\" style=\"color:#000000\">Una bona not\u00edcia: <strong>es confirma el pagament dels endarreriments pendents de l\u2019any 2023<\/strong>. \u00c9s una mesura positiva que refor\u00e7a el comprom\u00eds amb el compliment dels acords retributius signats.<\/p>\n\n\n\n<hr class=\"wp-block-separator has-alpha-channel-opacity\" \/>\n\n\n\n<h3 class=\"wp-block-heading has-text-color has-link-color wp-elements-d63db2efb6fb8d879c7fc221ae32c8cc\" style=\"color:#000000\"><strong>\ud83d\udcca VALORACI\u00d3 DELS LLOCS DE TREBALL \u2013 TRANSPAR\u00c8NCIA I OBJECTIVITAT<\/strong><\/h3>\n\n\n\n<p class=\"has-text-color has-link-color wp-elements-034e8835b883ec0bff9e0b056a3a47ae\" style=\"color:#000000\">Ens preguntem:<\/p>\n\n\n\n<ul class=\"wp-block-list\">\n<li class=\"has-text-color has-link-color wp-elements-8f7c886ebf672954bbd411a667cbaad3\" style=\"color:#000000\"><strong>Tinc dret a que es valori el meu lloc de treball?<\/strong><\/li>\n\n\n\n<li class=\"has-text-color has-link-color wp-elements-060fbe10d28e8db32c868d9daed456f3\" style=\"color:#000000\"><strong>Es valoren realment les tasques o nom\u00e9s el c\u00e0rrec?<\/strong><\/li>\n<\/ul>\n\n\n\n<p class=\"has-text-color has-link-color wp-elements-b2a0b0d6163108bf7994e1c365cab65d\" style=\"color:#000000\">Des de CCOO defensem una <strong>valoraci\u00f3 justa, objectiva i transparent<\/strong>, i estem atents perqu\u00e8 <strong>no es perpetu\u00efn desigualtats<\/strong> dins la plantilla. Si tens dubtes o vols saber m\u00e9s, pots accedir a la informaci\u00f3 sindical des de l\u2019enlla\u00e7 que apareix al butllet\u00ed.<\/p>\n\n\n\n<hr class=\"wp-block-separator has-alpha-channel-opacity\" \/>\n\n\n\n<h3 class=\"wp-block-heading has-text-color has-link-color wp-elements-19ab6e51d9c05b8bc7c2d0e4861f82ec\" style=\"color:#000000\"><strong>\ud83e\uddd3 ASPECTES RELLEVANTS PER A LA TEVA JUBILACI\u00d3<\/strong><\/h3>\n\n\n\n<p class=\"has-text-color has-link-color wp-elements-62d80bf7f93abaf536f2a9ef2d5af805\" style=\"color:#000000\">Saps quan et pots jubilar i com quedar\u00e0 la teva pensi\u00f3? Ara pots accedir a una <strong>eina de simulaci\u00f3 de la pensi\u00f3 de jubilaci\u00f3<\/strong> i informar-te amb detall de tot el que necessites saber.<\/p>\n\n\n\n<p class=\"has-text-color has-link-color wp-elements-c860fc05d5624b6b7bca845410bdaaf4\" style=\"color:#000000\">\ud83d\udccc Nom\u00e9s necessites identificar-te a trav\u00e9s de:<\/p>\n\n\n\n<ul class=\"wp-block-list\">\n<li class=\"has-text-color has-link-color wp-elements-340955af928735ec9000cfd669d0fae5\" style=\"color:#000000\">Cl@ve Permanent<\/li>\n\n\n\n<li class=\"has-text-color has-link-color wp-elements-8f5f9d30532612568c7b9359401b572f\" style=\"color:#000000\">Cl@ve PIN<\/li>\n\n\n\n<li class=\"has-text-color has-link-color wp-elements-5e529b72d45cd77067ac8aef6a28a29a\" style=\"color:#000000\">V\u00eda SMS<\/li>\n\n\n\n<li class=\"has-text-color has-link-color wp-elements-65de8c0277484189fc6ac633c25149a8\" style=\"color:#000000\">DNIe o certificat digital<\/li>\n<\/ul>\n\n\n\n<p class=\"has-text-color has-link-color wp-elements-b06a0d99899df22c65e8d850de3380b7\" style=\"color:#000000\">Tens disponible la informaci\u00f3 completa i l\u2019enlla\u00e7 a la simulaci\u00f3 de la pensi\u00f3 dins del butllet\u00ed. <strong>Informa\u2019t i anticipa\u2019t!<\/strong><\/p>\n\n\n\n<h3 class=\"wp-block-heading has-text-color has-link-color wp-elements-f01612833359083db12c6e71dcf1204d\" style=\"color:#000000\"><strong>\u00abAMB LES COSES DE MENJAR, NO S\u2019HI JUGA\u00bb<\/strong><\/h3>\n\n\n\n<p class=\"has-text-color has-link-color wp-elements-86ca19e20894f9f1b7f86dfb1c084d61\" style=\"color:#000000\">Aprofitem tamb\u00e9 per recordar-vos que <strong>CCOO est\u00e0 lluitant per garantir unes condicions laborals dignes<\/strong> i perqu\u00e8 les mesures que es prenen dins l\u2019Ajuntament siguin <strong>justes i transparents<\/strong> per a tothom. Seguirem informant-vos i defensant els vostres drets!<\/p>\n\n\n\n<p class=\"has-text-color has-link-color wp-elements-ca98e290a56eca669881154e79f234a3\" style=\"color:#000000\">Per qualsevol aclariment, estem a la vostra disposici\u00f3.<\/p>\n\n\n\n<p class=\"has-text-color has-link-color wp-elements-941c899b691ba701c0698c88c328a60f\" style=\"color:#000000\">\ud83d\udcaa <strong>La for\u00e7a del sindicat sou vosaltres!<\/strong><\/p>\n\n\n\n<p class=\"has-text-color has-link-color wp-elements-ae7bf9b56ad3b0bed176b42c093f3694\" style=\"color:#000000\">CCOO \u2013 Ajuntament de Sant Boi de Llobregat<\/p>\n<\/div>\n<\/div>\n\n\n\n<p><\/p>\n","protected":false},"excerpt":{"rendered":"<p>Data: 19 de Febrer del 2024 Benvolgudes companyes i companys, Aquest mes de febrer us compartim diverses q\u00fcestions que poden afectar directament la vostra situaci\u00f3 laboral i futura jubilaci\u00f3. Us &#8230; <a title=\"Butllet\u00ed Informatiu Febrer n\u00fam. 2\" class=\"read-more\" href=\"https:\/\/ccoo.app\/ajuntament-sant-boi-de-llobregat\/butlleti-informatiu-febrer-num-2\/\" aria-label=\"Leer m\u00e1s sobre Butllet\u00ed Informatiu Febrer n\u00fam. 2\">Leer m\u00e1s<\/a><\/p>\n","protected":false},"author":97111,"featured_media":0,"parent":0,"menu_order":0,"comment_status":"closed","ping_status":"closed","template":"","meta":{"footnotes":""},"class_list":["post-2926","page","type-page","status-publish"],"_links":{"self":[{"href":"https:\/\/ccoo.app\/ajuntament-sant-boi-de-llobregat\/wp-json\/wp\/v2\/pages\/2926","targetHints":{"allow":["GET"]}}],"collection":[{"href":"https:\/\/ccoo.app\/ajuntament-sant-boi-de-llobregat\/wp-json\/wp\/v2\/pages"}],"about":[{"href":"https:\/\/ccoo.app\/ajuntament-sant-boi-de-llobregat\/wp-json\/wp\/v2\/types\/page"}],"author":[{"embeddable":true,"href":"https:\/\/ccoo.app\/ajuntament-sant-boi-de-llobregat\/wp-json\/wp\/v2\/users\/97111"}],"replies":[{"embeddable":true,"href":"https:\/\/ccoo.app\/ajuntament-sant-boi-de-llobregat\/wp-json\/wp\/v2\/comments?post=2926"}],"version-history":[{"count":5,"href":"https:\/\/ccoo.app\/ajuntament-sant-boi-de-llobregat\/wp-json\/wp\/v2\/pages\/2926\/revisions"}],"predecessor-version":[{"id":3844,"href":"https:\/\/ccoo.app\/ajuntament-sant-boi-de-llobregat\/wp-json\/wp\/v2\/pages\/2926\/revisions\/3844"}],"wp:attachment":[{"href":"https:\/\/ccoo.app\/ajuntament-sant-boi-de-llobregat\/wp-json\/wp\/v2\/media?parent=2926"}],"curies":[{"name":"wp","href":"https:\/\/api.w.org\/{rel}","templated":true}]}}