{"id":2925,"date":"2025-03-17T19:07:47","date_gmt":"2025-03-17T18:07:47","guid":{"rendered":"https:\/\/ccoo.app\/ajuntament-sant-boi-de-llobregat\/?page_id=2925"},"modified":"2025-10-27T08:58:06","modified_gmt":"2025-10-27T07:58:06","slug":"butlleti-informatiu-abril-num-3","status":"publish","type":"page","link":"https:\/\/ccoo.app\/ajuntament-sant-boi-de-llobregat\/butlleti-informatiu-abril-num-3\/","title":{"rendered":"Butllet\u00ed Informatiu Abril n\u00fam. 3"},"content":{"rendered":"\n<p class=\"has-text-color has-link-color wp-elements-df9e18b3c8266fa142d822e2525d25b2\" style=\"color:#000000\"><strong>Data:<\/strong> 10 d&#8217;Abril del 2024<\/p>\n\n\n\n<div class=\"wp-block-columns is-layout-flex wp-container-core-columns-is-layout-9d6595d7 wp-block-columns-is-layout-flex\">\n<div class=\"wp-block-column is-layout-flow wp-block-column-is-layout-flow\">\n<figure class=\"gb-block-image gb-block-image-34ddd7b5\"><img loading=\"lazy\" decoding=\"async\" width=\"1400\" height=\"476\" class=\"gb-image gb-image-34ddd7b5\" src=\"https:\/\/ccoo.app\/ajuntament-sant-boi-de-llobregat\/wp-content\/blogs.dir\/6\/files\/sites\/246\/2025\/06\/Full-Informatiu-3-A.png\" alt=\"\" title=\"Full Informatiu 3 A\" srcset=\"https:\/\/ccoo.app\/ajuntament-sant-boi-de-llobregat\/wp-content\/blogs.dir\/6\/files\/sites\/246\/2025\/06\/Full-Informatiu-3-A.png 1400w, https:\/\/ccoo.app\/ajuntament-sant-boi-de-llobregat\/wp-content\/blogs.dir\/6\/files\/sites\/246\/2025\/06\/Full-Informatiu-3-A-300x102.png 300w, https:\/\/ccoo.app\/ajuntament-sant-boi-de-llobregat\/wp-content\/blogs.dir\/6\/files\/sites\/246\/2025\/06\/Full-Informatiu-3-A-1024x348.png 1024w, https:\/\/ccoo.app\/ajuntament-sant-boi-de-llobregat\/wp-content\/blogs.dir\/6\/files\/sites\/246\/2025\/06\/Full-Informatiu-3-A-768x261.png 768w\" sizes=\"auto, (max-width: 1400px) 100vw, 1400px\" \/><\/figure>\n\n\n\n<figure class=\"gb-block-image gb-block-image-d5e9952b\"><img loading=\"lazy\" decoding=\"async\" width=\"1400\" height=\"504\" class=\"gb-image gb-image-d5e9952b\" src=\"https:\/\/ccoo.app\/ajuntament-sant-boi-de-llobregat\/wp-content\/blogs.dir\/6\/files\/sites\/246\/2025\/06\/Full-Informatiu-3-b.png\" alt=\"\" title=\"Full Informatiu 3 b\" srcset=\"https:\/\/ccoo.app\/ajuntament-sant-boi-de-llobregat\/wp-content\/blogs.dir\/6\/files\/sites\/246\/2025\/06\/Full-Informatiu-3-b.png 1400w, https:\/\/ccoo.app\/ajuntament-sant-boi-de-llobregat\/wp-content\/blogs.dir\/6\/files\/sites\/246\/2025\/06\/Full-Informatiu-3-b-300x108.png 300w, https:\/\/ccoo.app\/ajuntament-sant-boi-de-llobregat\/wp-content\/blogs.dir\/6\/files\/sites\/246\/2025\/06\/Full-Informatiu-3-b-1024x369.png 1024w, https:\/\/ccoo.app\/ajuntament-sant-boi-de-llobregat\/wp-content\/blogs.dir\/6\/files\/sites\/246\/2025\/06\/Full-Informatiu-3-b-768x276.png 768w\" sizes=\"auto, (max-width: 1400px) 100vw, 1400px\" \/><\/figure>\n\n\n\n<figure class=\"gb-block-image gb-block-image-4acf2e26\"><img loading=\"lazy\" decoding=\"async\" width=\"1400\" height=\"476\" class=\"gb-image gb-image-4acf2e26\" src=\"https:\/\/ccoo.app\/ajuntament-sant-boi-de-llobregat\/wp-content\/blogs.dir\/6\/files\/sites\/246\/2025\/06\/Full-Informatiu-3-c.png\" alt=\"\" title=\"Full Informatiu 3 c\" srcset=\"https:\/\/ccoo.app\/ajuntament-sant-boi-de-llobregat\/wp-content\/blogs.dir\/6\/files\/sites\/246\/2025\/06\/Full-Informatiu-3-c.png 1400w, https:\/\/ccoo.app\/ajuntament-sant-boi-de-llobregat\/wp-content\/blogs.dir\/6\/files\/sites\/246\/2025\/06\/Full-Informatiu-3-c-300x102.png 300w, https:\/\/ccoo.app\/ajuntament-sant-boi-de-llobregat\/wp-content\/blogs.dir\/6\/files\/sites\/246\/2025\/06\/Full-Informatiu-3-c-1024x348.png 1024w, https:\/\/ccoo.app\/ajuntament-sant-boi-de-llobregat\/wp-content\/blogs.dir\/6\/files\/sites\/246\/2025\/06\/Full-Informatiu-3-c-768x261.png 768w\" sizes=\"auto, (max-width: 1400px) 100vw, 1400px\" \/><\/figure>\n<\/div>\n\n\n\n<div class=\"wp-block-column is-layout-flow wp-block-column-is-layout-flow\">\n<p class=\"has-text-color has-link-color wp-elements-876ebabf00ce5fc0d6905436e189edee\" style=\"color:#000000\">Benvolgudes companyes i companys,<\/p>\n\n\n\n<p class=\"has-text-color has-link-color wp-elements-240a37398ecb875e7644ed45237f1a41\" style=\"color:#000000\">Aquest mes ens porta temes calents i crucials. Des de CCOO volem mantenir-vos informats i preparats per a les negociacions imminents i les accions sindicals que estem impulsant.<\/p>\n\n\n\n<hr class=\"wp-block-separator has-alpha-channel-opacity\" \/>\n\n\n\n<h3 class=\"wp-block-heading has-text-color has-link-color wp-elements-1d6290466677d360a891346af3f456bb\" style=\"color:#000000\"><strong>\ud83d\uddd3 EL 25 D\u2019ABRIL COMENCEM LA NEGOCIACI\u00d3 DEL NOU ACORD DE CONDICIONS<\/strong><\/h3>\n\n\n\n<p class=\"has-text-color has-link-color wp-elements-e88915cae70fca45fb86466a5272641a\" style=\"color:#000000\">Aquesta data marca l\u2019inici d\u2019una nova etapa: <strong>torna la negociaci\u00f3 de l\u2019acord de condicions<\/strong>. Ens hi juguem molt, i des de CCOO hi serem amb propostes, fermesa i transpar\u00e8ncia. Us mantindrem informats de tot el que passi.<\/p>\n\n\n\n<hr class=\"wp-block-separator has-alpha-channel-opacity\" \/>\n\n\n\n<h3 class=\"wp-block-heading has-text-color has-link-color wp-elements-013da7a3d60ed9ca9319c7f917d5d967\" style=\"color:#000000\"><strong>\ud83d\udea9 L\u2019ESTUDI DE C\u00c0RREGUES DE TREBALL: UNA VALORACI\u00d3 ENCOBERTA?<\/strong><\/h3>\n\n\n\n<p class=\"has-text-color has-link-color wp-elements-99c7d66f75f434a1d52659130bd54798\" style=\"color:#010101\">Estem detectant que l\u2019anomenat \u201cestudi de c\u00e0rregues de treball\u201d <strong>s\u2019est\u00e0 utilitzant com una valoraci\u00f3 encoberta de determinats llocs de treball<\/strong>. Aquesta pr\u00e0ctica, que no ha estat negociada ni validada, ens genera molta preocupaci\u00f3.<\/p>\n\n\n\n<hr class=\"wp-block-separator has-alpha-channel-opacity\" \/>\n\n\n\n<h3 class=\"wp-block-heading has-text-color has-link-color wp-elements-eb9dd8b045e0a97f137eed7dcaf87fb2\" style=\"color:#000000\"><strong>\u203c\ufe0f ARA L\u2019HAN ENCERTAT (O NO)<\/strong><\/h3>\n\n\n\n<p class=\"has-text-color has-link-color wp-elements-0a836db40289d5f238658f04338ec48e\" style=\"color:#000000\">El canvi de nom del Departament de Recursos Humans pel de <strong>\u201cServei de Persones i Talent\u201d<\/strong> sona b\u00e9, per\u00f2:<\/p>\n\n\n\n<ul class=\"wp-block-list\">\n<li class=\"has-text-color has-link-color wp-elements-fc7be8162608c834bce718a69768b2a5\" style=\"color:#000000\"><strong>Qui pren les decisions?<\/strong><\/li>\n\n\n\n<li class=\"has-text-color has-link-color wp-elements-567bf960df37a894b0fe63b83b298e73\" style=\"color:#000000\"><strong>On queda la negociaci\u00f3 col\u00b7lectiva?<\/strong><\/li>\n<\/ul>\n\n\n\n<p class=\"has-text-color has-link-color wp-elements-7258f8f880df9353b13bc4d85c22707a\" style=\"color:#000000\">Constatem que s\u2019estan prenent decisions <strong>unilaterals<\/strong>, evitant la negociaci\u00f3 amb els representants sindicals, especialment <strong>en el Comit\u00e8 de Valoraci\u00f3 dels Llocs de Treball<\/strong>.<\/p>\n\n\n\n<p class=\"has-text-color has-link-color wp-elements-699d2e4dab4463deb330d139e82d9cba\" style=\"color:#000000\">\ud83d\udd17 Pots llegir la nota completa clicant a l\u2019enlla\u00e7 del butllet\u00ed.<\/p>\n\n\n\n<hr class=\"wp-block-separator has-alpha-channel-opacity\" \/>\n\n\n\n<h3 class=\"wp-block-heading has-text-color has-link-color wp-elements-a9dfb1e0436167c4ecd9083b1497c817\" style=\"color:#000000\"><strong>\ud83e\uddf7 PROTEGEIX LA TEVA SALUT LABORAL \u2013 CAL PROTEGIR-NOS<\/strong><\/h3>\n\n\n\n<p class=\"has-text-color has-link-color wp-elements-3511a9888db95febedffab12ddd02ff7\" style=\"color:#000000\">Des de la Secci\u00f3 Sindical de CCOO exigim:<br><br>\u2705 La incorporaci\u00f3 <strong>de forma peri\u00f2dica de fitxes de riscos i prevenci\u00f3<\/strong> a cada lloc de treball.<br>\u2705 Que <strong>s\u2019identifiquin els riscos<\/strong> que poden afectar la nostra salut laboral.<br>\u2705 Que <strong>s\u2019apliquin mesures de protecci\u00f3<\/strong> per garantir un entorn laboral segur.<\/p>\n\n\n\n<p class=\"has-text-color has-link-color wp-elements-99b462d7c240190b2ef331860bca99ae\" style=\"color:#000000\">\ud83d\udcdd Consulta la <strong>Fitxa Sindical de Salut Laboral n\u00fam. 1<\/strong> per saber qu\u00e8 estem reclamant i com pots col\u00b7laborar.<\/p>\n\n\n\n<h3 class=\"wp-block-heading has-text-color has-link-color wp-elements-f01612833359083db12c6e71dcf1204d\" style=\"color:#000000\"><strong>\u00abAMB LES COSES DE MENJAR, NO S\u2019HI JUGA\u00bb<\/strong><\/h3>\n\n\n\n<p class=\"has-text-color has-link-color wp-elements-86ca19e20894f9f1b7f86dfb1c084d61\" style=\"color:#000000\">Aprofitem tamb\u00e9 per recordar-vos que <strong>CCOO est\u00e0 lluitant per garantir unes condicions laborals dignes<\/strong> i perqu\u00e8 les mesures que es prenen dins l\u2019Ajuntament siguin <strong>justes i transparents<\/strong> per a tothom. Seguirem informant-vos i defensant els vostres drets!<\/p>\n\n\n\n<p class=\"has-text-color has-link-color wp-elements-ca98e290a56eca669881154e79f234a3\" style=\"color:#000000\">Per qualsevol aclariment, estem a la vostra disposici\u00f3.<\/p>\n\n\n\n<p class=\"has-text-color has-link-color wp-elements-941c899b691ba701c0698c88c328a60f\" style=\"color:#000000\">\ud83d\udcaa <strong>La for\u00e7a del sindicat sou vosaltres!<\/strong><\/p>\n\n\n\n<p class=\"has-text-color has-link-color wp-elements-ae7bf9b56ad3b0bed176b42c093f3694\" style=\"color:#000000\">CCOO \u2013 Ajuntament de Sant Boi de Llobregat<\/p>\n<\/div>\n<\/div>\n\n\n\n<p><\/p>\n","protected":false},"excerpt":{"rendered":"<p>Data: 10 d&#8217;Abril del 2024 Benvolgudes companyes i companys, Aquest mes ens porta temes calents i crucials. Des de CCOO volem mantenir-vos informats i preparats per a les negociacions imminents &#8230; <a title=\"Butllet\u00ed Informatiu Abril n\u00fam. 3\" class=\"read-more\" href=\"https:\/\/ccoo.app\/ajuntament-sant-boi-de-llobregat\/butlleti-informatiu-abril-num-3\/\" aria-label=\"Leer m\u00e1s sobre Butllet\u00ed Informatiu Abril n\u00fam. 3\">Leer m\u00e1s<\/a><\/p>\n","protected":false},"author":97111,"featured_media":0,"parent":0,"menu_order":0,"comment_status":"closed","ping_status":"closed","template":"","meta":{"footnotes":""},"class_list":["post-2925","page","type-page","status-publish"],"_links":{"self":[{"href":"https:\/\/ccoo.app\/ajuntament-sant-boi-de-llobregat\/wp-json\/wp\/v2\/pages\/2925","targetHints":{"allow":["GET"]}}],"collection":[{"href":"https:\/\/ccoo.app\/ajuntament-sant-boi-de-llobregat\/wp-json\/wp\/v2\/pages"}],"about":[{"href":"https:\/\/ccoo.app\/ajuntament-sant-boi-de-llobregat\/wp-json\/wp\/v2\/types\/page"}],"author":[{"embeddable":true,"href":"https:\/\/ccoo.app\/ajuntament-sant-boi-de-llobregat\/wp-json\/wp\/v2\/users\/97111"}],"replies":[{"embeddable":true,"href":"https:\/\/ccoo.app\/ajuntament-sant-boi-de-llobregat\/wp-json\/wp\/v2\/comments?post=2925"}],"version-history":[{"count":5,"href":"https:\/\/ccoo.app\/ajuntament-sant-boi-de-llobregat\/wp-json\/wp\/v2\/pages\/2925\/revisions"}],"predecessor-version":[{"id":3843,"href":"https:\/\/ccoo.app\/ajuntament-sant-boi-de-llobregat\/wp-json\/wp\/v2\/pages\/2925\/revisions\/3843"}],"wp:attachment":[{"href":"https:\/\/ccoo.app\/ajuntament-sant-boi-de-llobregat\/wp-json\/wp\/v2\/media?parent=2925"}],"curies":[{"name":"wp","href":"https:\/\/api.w.org\/{rel}","templated":true}]}}