{"id":2924,"date":"2025-03-17T19:07:50","date_gmt":"2025-03-17T18:07:50","guid":{"rendered":"https:\/\/ccoo.app\/ajuntament-sant-boi-de-llobregat\/?page_id=2924"},"modified":"2025-10-27T08:57:46","modified_gmt":"2025-10-27T07:57:46","slug":"butlleti-informatiu-abril-num-4","status":"publish","type":"page","link":"https:\/\/ccoo.app\/ajuntament-sant-boi-de-llobregat\/butlleti-informatiu-abril-num-4\/","title":{"rendered":"Butllet\u00ed Informatiu Abril n\u00fam. 4"},"content":{"rendered":"\n<p class=\"has-text-color has-link-color wp-elements-701266a04f0db0a585b6434aa63e2fb7\" style=\"color:#000000\"><strong>Data:<\/strong> 26 d&#8217;Abril del 2024<\/p>\n\n\n\n<div class=\"wp-block-columns is-layout-flex wp-container-core-columns-is-layout-9d6595d7 wp-block-columns-is-layout-flex\">\n<div class=\"wp-block-column is-layout-flow wp-block-column-is-layout-flow\">\n<figure class=\"gb-block-image gb-block-image-34ddd7b5\"><img loading=\"lazy\" decoding=\"async\" width=\"1356\" height=\"270\" class=\"gb-image gb-image-34ddd7b5\" src=\"https:\/\/ccoo.app\/ajuntament-sant-boi-de-llobregat\/wp-content\/blogs.dir\/6\/files\/sites\/246\/2025\/06\/Full-Informatiu-4-A-1.png\" alt=\"\" title=\"Full Informatiu 4 A\" srcset=\"https:\/\/ccoo.app\/ajuntament-sant-boi-de-llobregat\/wp-content\/blogs.dir\/6\/files\/sites\/246\/2025\/06\/Full-Informatiu-4-A-1.png 1356w, https:\/\/ccoo.app\/ajuntament-sant-boi-de-llobregat\/wp-content\/blogs.dir\/6\/files\/sites\/246\/2025\/06\/Full-Informatiu-4-A-1-300x60.png 300w, https:\/\/ccoo.app\/ajuntament-sant-boi-de-llobregat\/wp-content\/blogs.dir\/6\/files\/sites\/246\/2025\/06\/Full-Informatiu-4-A-1-1024x204.png 1024w, https:\/\/ccoo.app\/ajuntament-sant-boi-de-llobregat\/wp-content\/blogs.dir\/6\/files\/sites\/246\/2025\/06\/Full-Informatiu-4-A-1-768x153.png 768w\" sizes=\"auto, (max-width: 1356px) 100vw, 1356px\" \/><\/figure>\n\n\n\n<figure class=\"gb-block-image gb-block-image-77e30ab8\"><img loading=\"lazy\" decoding=\"async\" width=\"1362\" height=\"486\" class=\"gb-image gb-image-77e30ab8\" src=\"https:\/\/ccoo.app\/ajuntament-sant-boi-de-llobregat\/wp-content\/blogs.dir\/6\/files\/sites\/246\/2025\/06\/Full-Informatiu-4-B-1.png\" alt=\"\" title=\"Full Informatiu 4 B\" srcset=\"https:\/\/ccoo.app\/ajuntament-sant-boi-de-llobregat\/wp-content\/blogs.dir\/6\/files\/sites\/246\/2025\/06\/Full-Informatiu-4-B-1.png 1362w, https:\/\/ccoo.app\/ajuntament-sant-boi-de-llobregat\/wp-content\/blogs.dir\/6\/files\/sites\/246\/2025\/06\/Full-Informatiu-4-B-1-300x107.png 300w, https:\/\/ccoo.app\/ajuntament-sant-boi-de-llobregat\/wp-content\/blogs.dir\/6\/files\/sites\/246\/2025\/06\/Full-Informatiu-4-B-1-1024x365.png 1024w, https:\/\/ccoo.app\/ajuntament-sant-boi-de-llobregat\/wp-content\/blogs.dir\/6\/files\/sites\/246\/2025\/06\/Full-Informatiu-4-B-1-768x274.png 768w\" sizes=\"auto, (max-width: 1362px) 100vw, 1362px\" \/><\/figure>\n\n\n\n<figure class=\"gb-block-image gb-block-image-fb818dc3\"><img loading=\"lazy\" decoding=\"async\" width=\"1362\" height=\"278\" class=\"gb-image gb-image-fb818dc3\" src=\"https:\/\/ccoo.app\/ajuntament-sant-boi-de-llobregat\/wp-content\/blogs.dir\/6\/files\/sites\/246\/2025\/06\/Full-Informatiu-4-C.png\" alt=\"\" title=\"Full Informatiu 4 C\" srcset=\"https:\/\/ccoo.app\/ajuntament-sant-boi-de-llobregat\/wp-content\/blogs.dir\/6\/files\/sites\/246\/2025\/06\/Full-Informatiu-4-C.png 1362w, https:\/\/ccoo.app\/ajuntament-sant-boi-de-llobregat\/wp-content\/blogs.dir\/6\/files\/sites\/246\/2025\/06\/Full-Informatiu-4-C-300x61.png 300w, https:\/\/ccoo.app\/ajuntament-sant-boi-de-llobregat\/wp-content\/blogs.dir\/6\/files\/sites\/246\/2025\/06\/Full-Informatiu-4-C-1024x209.png 1024w, https:\/\/ccoo.app\/ajuntament-sant-boi-de-llobregat\/wp-content\/blogs.dir\/6\/files\/sites\/246\/2025\/06\/Full-Informatiu-4-C-768x157.png 768w\" sizes=\"auto, (max-width: 1362px) 100vw, 1362px\" \/><\/figure>\n\n\n\n<figure class=\"gb-block-image gb-block-image-896624fd\"><img loading=\"lazy\" decoding=\"async\" width=\"1356\" height=\"336\" class=\"gb-image gb-image-896624fd\" src=\"https:\/\/ccoo.app\/ajuntament-sant-boi-de-llobregat\/wp-content\/blogs.dir\/6\/files\/sites\/246\/2025\/06\/Full-Informatiu-4-D.png\" alt=\"\" title=\"Full Informatiu 4 D\" srcset=\"https:\/\/ccoo.app\/ajuntament-sant-boi-de-llobregat\/wp-content\/blogs.dir\/6\/files\/sites\/246\/2025\/06\/Full-Informatiu-4-D.png 1356w, https:\/\/ccoo.app\/ajuntament-sant-boi-de-llobregat\/wp-content\/blogs.dir\/6\/files\/sites\/246\/2025\/06\/Full-Informatiu-4-D-300x74.png 300w, https:\/\/ccoo.app\/ajuntament-sant-boi-de-llobregat\/wp-content\/blogs.dir\/6\/files\/sites\/246\/2025\/06\/Full-Informatiu-4-D-1024x254.png 1024w, https:\/\/ccoo.app\/ajuntament-sant-boi-de-llobregat\/wp-content\/blogs.dir\/6\/files\/sites\/246\/2025\/06\/Full-Informatiu-4-D-768x190.png 768w\" sizes=\"auto, (max-width: 1356px) 100vw, 1356px\" \/><\/figure>\n<\/div>\n\n\n\n<div class=\"wp-block-column is-layout-flow wp-block-column-is-layout-flow\">\n<p class=\"has-text-color has-link-color wp-elements-876ebabf00ce5fc0d6905436e189edee\" style=\"color:#000000\">Benvolgudes companyes i companys,<\/p>\n\n\n\n<p class=\"has-text-color has-link-color wp-elements-09dc155766625c18af400d1d4c69bcb8\" style=\"color:#010101\">Us informem que el <strong>25 d\u2019abril<\/strong> es va celebrar la <strong>primera reuni\u00f3 de la Mesa General de Negociaci\u00f3 de Mat\u00e8ries Comunes<\/strong>, una fita important per comen\u00e7ar a treballar el <strong>nou Acord de Condicions<\/strong>.<\/p>\n\n\n\n<p class=\"has-text-color has-link-color wp-elements-f339e1aa3f2ae0e6fa316dfe99e435a9\" style=\"color:#000000\">Tot i aix\u00f2, hem de denunciar que, com ja vam advertir en la <strong>nota de CCOO de setembre de 2023<\/strong>, <strong>no s\u2019han volgut incloure les negociacions sobre q\u00fcestions essencials<\/strong>:<br><br>\u274c Discrep\u00e0ncies en la composici\u00f3 dels diferents mesos de treball (laborals, funcionaris i t\u00e8cnics de Policia)<br>\u274c Un <strong>clima de desconfian\u00e7a<\/strong> i manca de voluntat negociadora<br>\u274c Una actitud que impedeix avan\u00e7ar en millores reals<\/p>\n\n\n\n<p class=\"has-text-color has-link-color wp-elements-42a772a1da51a08ef68bb2e9a45e80bd\" style=\"color:#000000\">\ud83d\udcaa Davant d\u2019aquest context, <strong>CCOO continua impulsant una plataforma de negociaci\u00f3 unit\u00e0ria<\/strong> i una <strong>reivindicaci\u00f3 conjunta forta i clara<\/strong>.<\/p>\n\n\n\n<hr class=\"wp-block-separator has-alpha-channel-opacity\" \/>\n\n\n\n<h3 class=\"wp-block-heading has-text-color has-link-color wp-elements-3c5707ecc6038d607d2ee97979256051\" style=\"color:#000000\">\ud83e\uddba 28 D\u2019ABRIL \u2013 DIA INTERNACIONAL DE LA SEGURETAT I LA SALUT A LA FEINA<\/h3>\n\n\n\n<p class=\"has-text-color has-link-color wp-elements-7cde56d6eb7008207703240bdf32faf0\" style=\"color:#000000\">Aquest dia volem reivindicar <strong>espais de treball lliures de riscos, saludables i segurs<\/strong>. Consulta el <strong>manifest i m\u00e9s informaci\u00f3<\/strong> des de l\u2019enlla\u00e7 incl\u00f2s al butllet\u00ed.<\/p>\n\n\n\n<hr class=\"wp-block-separator has-alpha-channel-opacity\" \/>\n\n\n\n<h3 class=\"wp-block-heading has-text-color has-link-color wp-elements-c8197b6fbdb1839597760fbfb5df0d06\" style=\"color:#000000\">\ud83e\uddd1\u200d\ud83c\udfed 1 DE MAIG \u2013 DIA INTERNACIONAL DELS TREBALLADORS I TREBALLADORES<\/h3>\n\n\n\n<p class=\"has-text-color has-link-color wp-elements-eee48751d488c751f7f00519cbfcac52\" style=\"color:#000000\">\ud83d\udce3 El lema d\u2019enguany \u00e9s:<br><strong>\u201cPer la plena ocupaci\u00f3: menys jornada, millors salaris\u201d<\/strong><\/p>\n\n\n\n<p class=\"has-text-color has-link-color wp-elements-b3cdca3d11748c4747caa384fa15185b\" style=\"color:#000000\">Des de <strong>CCOO i UGT<\/strong>, hem elaborat un <strong>manifest conjunt<\/strong> per denunciar les desigualtats laborals i exigir <strong>un canvi real en les pol\u00edtiques de treball<\/strong>.<\/p>\n\n\n\n<hr class=\"wp-block-separator has-alpha-channel-opacity\" \/>\n\n\n\n<h3 class=\"wp-block-heading has-text-color has-link-color wp-elements-f01612833359083db12c6e71dcf1204d\" style=\"color:#000000\"><strong>\u00abAMB LES COSES DE MENJAR, NO S\u2019HI JUGA\u00bb<\/strong><\/h3>\n\n\n\n<p class=\"has-text-color has-link-color wp-elements-86ca19e20894f9f1b7f86dfb1c084d61\" style=\"color:#000000\">Aprofitem tamb\u00e9 per recordar-vos que <strong>CCOO est\u00e0 lluitant per garantir unes condicions laborals dignes<\/strong> i perqu\u00e8 les mesures que es prenen dins l\u2019Ajuntament siguin <strong>justes i transparents<\/strong> per a tothom. Seguirem informant-vos i defensant els vostres drets!<\/p>\n\n\n\n<p class=\"has-text-color has-link-color wp-elements-ca98e290a56eca669881154e79f234a3\" style=\"color:#000000\">Per qualsevol aclariment, estem a la vostra disposici\u00f3.<\/p>\n\n\n\n<p class=\"has-text-color has-link-color wp-elements-941c899b691ba701c0698c88c328a60f\" style=\"color:#000000\">\ud83d\udcaa <strong>La for\u00e7a del sindicat sou vosaltres!<\/strong><\/p>\n\n\n\n<p class=\"has-text-color has-link-color wp-elements-ae7bf9b56ad3b0bed176b42c093f3694\" style=\"color:#000000\">CCOO \u2013 Ajuntament de Sant Boi de Llobregat<\/p>\n<\/div>\n<\/div>\n\n\n\n<p><\/p>\n","protected":false},"excerpt":{"rendered":"<p>Data: 26 d&#8217;Abril del 2024 Benvolgudes companyes i companys, Us informem que el 25 d\u2019abril es va celebrar la primera reuni\u00f3 de la Mesa General de Negociaci\u00f3 de Mat\u00e8ries Comunes, &#8230; <a title=\"Butllet\u00ed Informatiu Abril n\u00fam. 4\" class=\"read-more\" href=\"https:\/\/ccoo.app\/ajuntament-sant-boi-de-llobregat\/butlleti-informatiu-abril-num-4\/\" aria-label=\"Leer m\u00e1s sobre Butllet\u00ed Informatiu Abril n\u00fam. 4\">Leer m\u00e1s<\/a><\/p>\n","protected":false},"author":97111,"featured_media":0,"parent":0,"menu_order":0,"comment_status":"closed","ping_status":"closed","template":"","meta":{"footnotes":""},"class_list":["post-2924","page","type-page","status-publish"],"_links":{"self":[{"href":"https:\/\/ccoo.app\/ajuntament-sant-boi-de-llobregat\/wp-json\/wp\/v2\/pages\/2924","targetHints":{"allow":["GET"]}}],"collection":[{"href":"https:\/\/ccoo.app\/ajuntament-sant-boi-de-llobregat\/wp-json\/wp\/v2\/pages"}],"about":[{"href":"https:\/\/ccoo.app\/ajuntament-sant-boi-de-llobregat\/wp-json\/wp\/v2\/types\/page"}],"author":[{"embeddable":true,"href":"https:\/\/ccoo.app\/ajuntament-sant-boi-de-llobregat\/wp-json\/wp\/v2\/users\/97111"}],"replies":[{"embeddable":true,"href":"https:\/\/ccoo.app\/ajuntament-sant-boi-de-llobregat\/wp-json\/wp\/v2\/comments?post=2924"}],"version-history":[{"count":5,"href":"https:\/\/ccoo.app\/ajuntament-sant-boi-de-llobregat\/wp-json\/wp\/v2\/pages\/2924\/revisions"}],"predecessor-version":[{"id":3842,"href":"https:\/\/ccoo.app\/ajuntament-sant-boi-de-llobregat\/wp-json\/wp\/v2\/pages\/2924\/revisions\/3842"}],"wp:attachment":[{"href":"https:\/\/ccoo.app\/ajuntament-sant-boi-de-llobregat\/wp-json\/wp\/v2\/media?parent=2924"}],"curies":[{"name":"wp","href":"https:\/\/api.w.org\/{rel}","templated":true}]}}