{"id":2923,"date":"2025-03-17T19:07:54","date_gmt":"2025-03-17T18:07:54","guid":{"rendered":"https:\/\/ccoo.app\/ajuntament-sant-boi-de-llobregat\/?page_id=2923"},"modified":"2025-10-27T08:57:24","modified_gmt":"2025-10-27T07:57:24","slug":"butlleti-informatiu-juny-num-5","status":"publish","type":"page","link":"https:\/\/ccoo.app\/ajuntament-sant-boi-de-llobregat\/butlleti-informatiu-juny-num-5\/","title":{"rendered":"Butllet\u00ed Informatiu Juny n\u00fam. 5"},"content":{"rendered":"\n<p class=\"has-text-color has-link-color wp-elements-29dbcdae35a9f1fc5cf9ad6372a7dff2\" style=\"color:#000000\"><strong>Data:<\/strong> 3 de Juny del 2024<\/p>\n\n\n\n<div class=\"wp-block-columns is-layout-flex wp-container-core-columns-is-layout-9d6595d7 wp-block-columns-is-layout-flex\">\n<div class=\"wp-block-column is-layout-flow wp-block-column-is-layout-flow\">\n<figure class=\"gb-block-image gb-block-image-34ddd7b5\"><img loading=\"lazy\" decoding=\"async\" width=\"1496\" height=\"566\" class=\"gb-image gb-image-34ddd7b5\" src=\"https:\/\/ccoo.app\/ajuntament-sant-boi-de-llobregat\/wp-content\/blogs.dir\/6\/files\/sites\/246\/2025\/06\/Full-Informatiu-5-A.png\" alt=\"\" title=\"Full Informatiu 5 A\" srcset=\"https:\/\/ccoo.app\/ajuntament-sant-boi-de-llobregat\/wp-content\/blogs.dir\/6\/files\/sites\/246\/2025\/06\/Full-Informatiu-5-A.png 1496w, https:\/\/ccoo.app\/ajuntament-sant-boi-de-llobregat\/wp-content\/blogs.dir\/6\/files\/sites\/246\/2025\/06\/Full-Informatiu-5-A-300x114.png 300w, https:\/\/ccoo.app\/ajuntament-sant-boi-de-llobregat\/wp-content\/blogs.dir\/6\/files\/sites\/246\/2025\/06\/Full-Informatiu-5-A-1024x387.png 1024w, https:\/\/ccoo.app\/ajuntament-sant-boi-de-llobregat\/wp-content\/blogs.dir\/6\/files\/sites\/246\/2025\/06\/Full-Informatiu-5-A-768x291.png 768w\" sizes=\"auto, (max-width: 1496px) 100vw, 1496px\" \/><\/figure>\n\n\n\n<figure class=\"gb-block-image gb-block-image-dd5f9158\"><img loading=\"lazy\" decoding=\"async\" width=\"1496\" height=\"254\" class=\"gb-image gb-image-dd5f9158\" src=\"https:\/\/ccoo.app\/ajuntament-sant-boi-de-llobregat\/wp-content\/blogs.dir\/6\/files\/sites\/246\/2025\/06\/Full-Informatiu-5-B.png\" alt=\"\" title=\"Full Informatiu 5 B\" srcset=\"https:\/\/ccoo.app\/ajuntament-sant-boi-de-llobregat\/wp-content\/blogs.dir\/6\/files\/sites\/246\/2025\/06\/Full-Informatiu-5-B.png 1496w, https:\/\/ccoo.app\/ajuntament-sant-boi-de-llobregat\/wp-content\/blogs.dir\/6\/files\/sites\/246\/2025\/06\/Full-Informatiu-5-B-300x51.png 300w, https:\/\/ccoo.app\/ajuntament-sant-boi-de-llobregat\/wp-content\/blogs.dir\/6\/files\/sites\/246\/2025\/06\/Full-Informatiu-5-B-1024x174.png 1024w, https:\/\/ccoo.app\/ajuntament-sant-boi-de-llobregat\/wp-content\/blogs.dir\/6\/files\/sites\/246\/2025\/06\/Full-Informatiu-5-B-768x130.png 768w\" sizes=\"auto, (max-width: 1496px) 100vw, 1496px\" \/><\/figure>\n\n\n\n<figure class=\"gb-block-image gb-block-image-aeb23825\"><img loading=\"lazy\" decoding=\"async\" width=\"1496\" height=\"278\" class=\"gb-image gb-image-aeb23825\" src=\"https:\/\/ccoo.app\/ajuntament-sant-boi-de-llobregat\/wp-content\/blogs.dir\/6\/files\/sites\/246\/2025\/06\/Full-Informatiu-5-C.png\" alt=\"\" title=\"Full Informatiu 5 C\" srcset=\"https:\/\/ccoo.app\/ajuntament-sant-boi-de-llobregat\/wp-content\/blogs.dir\/6\/files\/sites\/246\/2025\/06\/Full-Informatiu-5-C.png 1496w, https:\/\/ccoo.app\/ajuntament-sant-boi-de-llobregat\/wp-content\/blogs.dir\/6\/files\/sites\/246\/2025\/06\/Full-Informatiu-5-C-300x56.png 300w, https:\/\/ccoo.app\/ajuntament-sant-boi-de-llobregat\/wp-content\/blogs.dir\/6\/files\/sites\/246\/2025\/06\/Full-Informatiu-5-C-1024x190.png 1024w, https:\/\/ccoo.app\/ajuntament-sant-boi-de-llobregat\/wp-content\/blogs.dir\/6\/files\/sites\/246\/2025\/06\/Full-Informatiu-5-C-768x143.png 768w\" sizes=\"auto, (max-width: 1496px) 100vw, 1496px\" \/><\/figure>\n\n\n\n<figure class=\"gb-block-image gb-block-image-3388dfe2\"><img loading=\"lazy\" decoding=\"async\" width=\"1496\" height=\"188\" class=\"gb-image gb-image-3388dfe2\" src=\"https:\/\/ccoo.app\/ajuntament-sant-boi-de-llobregat\/wp-content\/blogs.dir\/6\/files\/sites\/246\/2025\/06\/Full-Informatiu-5-D.png\" alt=\"\" title=\"Full Informatiu 5 D\" srcset=\"https:\/\/ccoo.app\/ajuntament-sant-boi-de-llobregat\/wp-content\/blogs.dir\/6\/files\/sites\/246\/2025\/06\/Full-Informatiu-5-D.png 1496w, https:\/\/ccoo.app\/ajuntament-sant-boi-de-llobregat\/wp-content\/blogs.dir\/6\/files\/sites\/246\/2025\/06\/Full-Informatiu-5-D-300x38.png 300w, https:\/\/ccoo.app\/ajuntament-sant-boi-de-llobregat\/wp-content\/blogs.dir\/6\/files\/sites\/246\/2025\/06\/Full-Informatiu-5-D-1024x129.png 1024w, https:\/\/ccoo.app\/ajuntament-sant-boi-de-llobregat\/wp-content\/blogs.dir\/6\/files\/sites\/246\/2025\/06\/Full-Informatiu-5-D-768x97.png 768w\" sizes=\"auto, (max-width: 1496px) 100vw, 1496px\" \/><\/figure>\n\n\n\n<figure class=\"gb-block-image gb-block-image-1eb01c39\"><img loading=\"lazy\" decoding=\"async\" width=\"1496\" height=\"300\" class=\"gb-image gb-image-1eb01c39\" src=\"https:\/\/ccoo.app\/ajuntament-sant-boi-de-llobregat\/wp-content\/blogs.dir\/6\/files\/sites\/246\/2025\/06\/Full-Informatiu-5-E.png\" alt=\"\" title=\"Full Informatiu 5 E\" srcset=\"https:\/\/ccoo.app\/ajuntament-sant-boi-de-llobregat\/wp-content\/blogs.dir\/6\/files\/sites\/246\/2025\/06\/Full-Informatiu-5-E.png 1496w, https:\/\/ccoo.app\/ajuntament-sant-boi-de-llobregat\/wp-content\/blogs.dir\/6\/files\/sites\/246\/2025\/06\/Full-Informatiu-5-E-300x60.png 300w, https:\/\/ccoo.app\/ajuntament-sant-boi-de-llobregat\/wp-content\/blogs.dir\/6\/files\/sites\/246\/2025\/06\/Full-Informatiu-5-E-1024x205.png 1024w, https:\/\/ccoo.app\/ajuntament-sant-boi-de-llobregat\/wp-content\/blogs.dir\/6\/files\/sites\/246\/2025\/06\/Full-Informatiu-5-E-768x154.png 768w\" sizes=\"auto, (max-width: 1496px) 100vw, 1496px\" \/><\/figure>\n\n\n\n<figure class=\"gb-block-image gb-block-image-33dc5779\"><img loading=\"lazy\" decoding=\"async\" width=\"1498\" height=\"168\" class=\"gb-image gb-image-33dc5779\" src=\"https:\/\/ccoo.app\/ajuntament-sant-boi-de-llobregat\/wp-content\/blogs.dir\/6\/files\/sites\/246\/2025\/06\/Full-Informatiu-5-F.png\" alt=\"\" title=\"Full Informatiu 5 F\" srcset=\"https:\/\/ccoo.app\/ajuntament-sant-boi-de-llobregat\/wp-content\/blogs.dir\/6\/files\/sites\/246\/2025\/06\/Full-Informatiu-5-F.png 1498w, https:\/\/ccoo.app\/ajuntament-sant-boi-de-llobregat\/wp-content\/blogs.dir\/6\/files\/sites\/246\/2025\/06\/Full-Informatiu-5-F-300x34.png 300w, https:\/\/ccoo.app\/ajuntament-sant-boi-de-llobregat\/wp-content\/blogs.dir\/6\/files\/sites\/246\/2025\/06\/Full-Informatiu-5-F-1024x115.png 1024w, https:\/\/ccoo.app\/ajuntament-sant-boi-de-llobregat\/wp-content\/blogs.dir\/6\/files\/sites\/246\/2025\/06\/Full-Informatiu-5-F-768x86.png 768w\" sizes=\"auto, (max-width: 1498px) 100vw, 1498px\" \/><\/figure>\n<\/div>\n\n\n\n<div class=\"wp-block-column is-layout-flow wp-block-column-is-layout-flow\">\n<p class=\"has-text-color has-link-color wp-elements-876ebabf00ce5fc0d6905436e189edee\" style=\"color:#000000\">Benvolgudes companyes i companys,<\/p>\n\n\n\n<p class=\"has-text-color has-link-color wp-elements-7a558588b46f72768da69196d05330c7\" style=\"color:#000000\">Amb motiu de l\u2019inici de la negociaci\u00f3 de l\u2019Acord de Condicions i del Conveni Col\u00b7lectiu Laboral, des de <strong>CCOO presentem p\u00fablicament les principals propostes<\/strong> que defensarem en aquesta nova etapa. L\u2019objectiu \u00e9s clar: <strong>millorar la qualitat laboral de tota la plantilla<\/strong> i <strong>garantir drets reals i efectius<\/strong>.<\/p>\n\n\n\n<hr class=\"wp-block-separator has-alpha-channel-opacity\" \/>\n\n\n\n<h3 class=\"wp-block-heading has-text-color has-link-color wp-elements-8cb5f707928d3733557e83fcad9c2ee1\" style=\"color:#000000\"><strong>\ud83d\udfe0 PUNTS CLAU<\/strong><\/h3>\n\n\n\n<ul class=\"wp-block-list\">\n<li class=\"has-text-color has-link-color wp-elements-5f2518a657bab744bdf3b4196a8e6e13\" style=\"color:#000000\">Eliminaci\u00f3 de la <strong>doble escala salarial<\/strong><\/li>\n\n\n\n<li class=\"has-text-color has-link-color wp-elements-86dfa9d3d7949bd16199760e3c23a1f1\" style=\"color:#000000\">Nou <strong>proc\u00e9s de valoraci\u00f3 dels llocs de feina<\/strong><\/li>\n\n\n\n<li class=\"has-text-color has-link-color wp-elements-c21bf106d2ca30627ec004802be7141a\" style=\"color:#000000\"><strong>Jubilaci\u00f3 parcial<\/strong> i contracte relleu<\/li>\n\n\n\n<li class=\"has-text-color has-link-color wp-elements-2624b10e52a84a7e116cdb4a394dc4a9\" style=\"color:#000000\">Lliure designaci\u00f3 <strong>nom\u00e9s a Direccions d\u2019\u00c0rees<\/strong><\/li>\n\n\n\n<li class=\"has-text-color has-link-color wp-elements-903173c696c57f63747b6d2d359ca373\" style=\"color:#000000\">Reformular el <strong>complement de productivitat<\/strong><\/li>\n<\/ul>\n\n\n\n<hr class=\"wp-block-separator has-alpha-channel-opacity\" \/>\n\n\n\n<h3 class=\"wp-block-heading has-text-color has-link-color wp-elements-ad460e0aa95c59ba35df8f35b089939f\" style=\"color:#000000\"><strong>\ud83d\udc9a TEMPS DE TREBALL<\/strong><\/h3>\n\n\n\n<ul class=\"wp-block-list\">\n<li class=\"has-text-color has-link-color wp-elements-3ab5254dfc949c9d1bf3ca3bd03f828d\" style=\"color:#000000\">Reducci\u00f3 de jornada per a col\u00b7lectius <strong>sense descans durant la jornada<\/strong><\/li>\n\n\n\n<li class=\"has-text-color has-link-color wp-elements-01fc5f7b3aece1c1128464a0ccf65f35\" style=\"color:#000000\"><strong>Millora d\u2019horari flexible<\/strong> i jornades parcials<\/li>\n\n\n\n<li class=\"has-text-color has-link-color wp-elements-81b5fc822d6542f07654ad2c61d4cc51\" style=\"color:#000000\">Dies de vacances addicionals per antiguitat<\/li>\n\n\n\n<li class=\"has-text-color has-link-color wp-elements-b76bc00c06d5392e3afca97529e1bdf7\" style=\"color:#000000\"><strong>Eliminaci\u00f3 de jornades partidas<\/strong> a col\u00b7lectius que les pateixen<\/li>\n\n\n\n<li class=\"has-text-color has-link-color wp-elements-3f56ff79ec66f24164c575cd86cec08d\" style=\"color:#000000\"><strong>Jornades de 4 dies\/setmana<\/strong> en serveis viables<\/li>\n<\/ul>\n\n\n\n<hr class=\"wp-block-separator has-alpha-channel-opacity\" \/>\n\n\n\n<h3 class=\"wp-block-heading has-text-color has-link-color wp-elements-c0d0c2be5c93e6791d3fa75909891fbb\" style=\"color:#000000\"><strong>\ud83d\udd35 \u00c0MBIT FUNCIONAL<\/strong><\/h3>\n\n\n\n<ul class=\"wp-block-list\">\n<li class=\"has-text-color has-link-color wp-elements-456aa0b4d655603755a4274eba2a6484\" style=\"color:#000000\">Millora del <strong>Complement de Dest\u00ed<\/strong><\/li>\n\n\n\n<li class=\"has-text-color has-link-color wp-elements-5a4b896b8d79ed23d9f82f18fb80c565\" style=\"color:#000000\">Aplicaci\u00f3 real del <strong>grup professional B<\/strong><\/li>\n\n\n\n<li class=\"has-text-color has-link-color wp-elements-13d8c7945408813b53cf266d4cb669d9\" style=\"color:#000000\">Reconeixement de <strong>tasques superiors<\/strong><\/li>\n\n\n\n<li class=\"has-text-color has-link-color wp-elements-5f4a9ce4a3178e2ed17259da7707e00d\" style=\"color:#000000\">Promoci\u00f3 real dels llocs amb <strong>millores en teletreball i carrera professional<\/strong><\/li>\n<\/ul>\n\n\n\n<hr class=\"wp-block-separator has-alpha-channel-opacity\" \/>\n\n\n\n<h3 class=\"wp-block-heading has-text-color has-link-color wp-elements-48b83ebe9ab40b0a3281df5d7393972a\" style=\"color:#000000\"><strong>\ud83d\udc9b SALARI<\/strong><\/h3>\n\n\n\n<ul class=\"wp-block-list\">\n<li class=\"has-text-color has-link-color wp-elements-3f2b8b2b68ced845552bd604eca3d3b9\" style=\"color:#000000\"><strong>Recuperaci\u00f3 del Complement Espec\u00edfic<\/strong> sostret per l\u2019Ajuntament<\/li>\n\n\n\n<li class=\"has-text-color has-link-color wp-elements-e37dee52f72e7f9a8730cdccda6a7148\" style=\"color:#000000\">100% del salari en <strong>baixes laborals<\/strong><\/li>\n\n\n\n<li class=\"has-text-color has-link-color wp-elements-3abfc9d183cee3fc64079aba8de5ebbd\" style=\"color:#000000\">Complement especial per a <strong>professorat i responsables<\/strong><\/li>\n\n\n\n<li class=\"has-text-color has-link-color wp-elements-3af3641bf91684ed1345c0a304ecbc5d\" style=\"color:#000000\">Evitar <strong>p\u00e8rdua de sou en permisos retribu\u00efts<\/strong><\/li>\n\n\n\n<li class=\"has-text-color has-link-color wp-elements-172b733963f401667c9c8fe36640bf6d\" style=\"color:#000000\">Complement especial per <strong>disponibilitat<\/strong><\/li>\n<\/ul>\n\n\n\n<hr class=\"wp-block-separator has-alpha-channel-opacity\" \/>\n\n\n\n<h3 class=\"wp-block-heading has-text-color has-link-color wp-elements-88f6e82d95b88f2b028fc855deb2436a\" style=\"color:#000000\"><strong>\ud83d\udc9c IGUALTAT<\/strong><\/h3>\n\n\n\n<ul class=\"wp-block-list\">\n<li class=\"has-text-color has-link-color wp-elements-7c8e790aab43a80b9f33111349d116b8\" style=\"color:#000000\"><strong>Integrar la igualtat<\/strong> a la negociaci\u00f3 col\u00b7lectiva amb el control, seguiment i millora de les condicions a l\u2019acord i al conveni<\/li>\n<\/ul>\n\n\n\n<hr class=\"wp-block-separator has-alpha-channel-opacity\" \/>\n\n\n\n<p class=\"has-text-color has-link-color wp-elements-3abfe1ece0ff83616991c8059d250295\" style=\"color:#000000\"><strong>\u00abAMB LES COSES DE MENJAR, NO S\u2019HI JUGA\u00bb<\/strong><\/p>\n\n\n\n<p class=\"has-text-color has-link-color wp-elements-86ca19e20894f9f1b7f86dfb1c084d61\" style=\"color:#000000\">Aprofitem tamb\u00e9 per recordar-vos que <strong>CCOO est\u00e0 lluitant per garantir unes condicions laborals dignes<\/strong> i perqu\u00e8 les mesures que es prenen dins l\u2019Ajuntament siguin <strong>justes i transparents<\/strong> per a tothom. Seguirem informant-vos i defensant els vostres drets!<\/p>\n\n\n\n<p class=\"has-text-color has-link-color wp-elements-ca98e290a56eca669881154e79f234a3\" style=\"color:#000000\">Per qualsevol aclariment, estem a la vostra disposici\u00f3.<\/p>\n\n\n\n<p class=\"has-text-color has-link-color wp-elements-941c899b691ba701c0698c88c328a60f\" style=\"color:#000000\">\ud83d\udcaa <strong>La for\u00e7a del sindicat sou vosaltres!<\/strong><\/p>\n\n\n\n<p class=\"has-text-color has-link-color wp-elements-ae7bf9b56ad3b0bed176b42c093f3694\" style=\"color:#000000\">CCOO \u2013 Ajuntament de Sant Boi de Llobregat<\/p>\n<\/div>\n<\/div>\n\n\n\n<p><\/p>\n","protected":false},"excerpt":{"rendered":"<p>Data: 3 de Juny del 2024 Benvolgudes companyes i companys, Amb motiu de l\u2019inici de la negociaci\u00f3 de l\u2019Acord de Condicions i del Conveni Col\u00b7lectiu Laboral, des de CCOO presentem &#8230; <a title=\"Butllet\u00ed Informatiu Juny n\u00fam. 5\" class=\"read-more\" href=\"https:\/\/ccoo.app\/ajuntament-sant-boi-de-llobregat\/butlleti-informatiu-juny-num-5\/\" aria-label=\"Leer m\u00e1s sobre Butllet\u00ed Informatiu Juny n\u00fam. 5\">Leer m\u00e1s<\/a><\/p>\n","protected":false},"author":97111,"featured_media":0,"parent":0,"menu_order":0,"comment_status":"closed","ping_status":"closed","template":"","meta":{"footnotes":""},"class_list":["post-2923","page","type-page","status-publish"],"_links":{"self":[{"href":"https:\/\/ccoo.app\/ajuntament-sant-boi-de-llobregat\/wp-json\/wp\/v2\/pages\/2923","targetHints":{"allow":["GET"]}}],"collection":[{"href":"https:\/\/ccoo.app\/ajuntament-sant-boi-de-llobregat\/wp-json\/wp\/v2\/pages"}],"about":[{"href":"https:\/\/ccoo.app\/ajuntament-sant-boi-de-llobregat\/wp-json\/wp\/v2\/types\/page"}],"author":[{"embeddable":true,"href":"https:\/\/ccoo.app\/ajuntament-sant-boi-de-llobregat\/wp-json\/wp\/v2\/users\/97111"}],"replies":[{"embeddable":true,"href":"https:\/\/ccoo.app\/ajuntament-sant-boi-de-llobregat\/wp-json\/wp\/v2\/comments?post=2923"}],"version-history":[{"count":5,"href":"https:\/\/ccoo.app\/ajuntament-sant-boi-de-llobregat\/wp-json\/wp\/v2\/pages\/2923\/revisions"}],"predecessor-version":[{"id":3841,"href":"https:\/\/ccoo.app\/ajuntament-sant-boi-de-llobregat\/wp-json\/wp\/v2\/pages\/2923\/revisions\/3841"}],"wp:attachment":[{"href":"https:\/\/ccoo.app\/ajuntament-sant-boi-de-llobregat\/wp-json\/wp\/v2\/media?parent=2923"}],"curies":[{"name":"wp","href":"https:\/\/api.w.org\/{rel}","templated":true}]}}