{"id":2922,"date":"2025-03-17T19:07:57","date_gmt":"2025-03-17T18:07:57","guid":{"rendered":"https:\/\/ccoo.app\/ajuntament-sant-boi-de-llobregat\/?page_id=2922"},"modified":"2025-10-27T08:56:59","modified_gmt":"2025-10-27T07:56:59","slug":"butlleti-informatiu-juliol-num-6","status":"publish","type":"page","link":"https:\/\/ccoo.app\/ajuntament-sant-boi-de-llobregat\/butlleti-informatiu-juliol-num-6\/","title":{"rendered":"Butllet\u00ed Informatiu Juliol n\u00fam. 6"},"content":{"rendered":"\n<p class=\"has-text-color has-link-color wp-elements-c75d2bdfdf2e86e4f6645ece760d5bd8\" style=\"color:#000000\"><strong>Data:<\/strong> 3 de Juliol del 2024<\/p>\n\n\n\n<div class=\"wp-block-columns is-layout-flex wp-container-core-columns-is-layout-9d6595d7 wp-block-columns-is-layout-flex\">\n<div class=\"wp-block-column is-layout-flow wp-block-column-is-layout-flow\">\n<figure class=\"gb-block-image gb-block-image-34ddd7b5\"><img loading=\"lazy\" decoding=\"async\" width=\"2560\" height=\"1275\" class=\"gb-image gb-image-34ddd7b5\" src=\"https:\/\/ccoo.app\/ajuntament-sant-boi-de-llobregat\/wp-content\/blogs.dir\/6\/files\/sites\/246\/2025\/06\/Full-Informatiu-6-A-scaled.png\" alt=\"\" title=\"Full Informatiu 6 A\" srcset=\"https:\/\/ccoo.app\/ajuntament-sant-boi-de-llobregat\/wp-content\/blogs.dir\/6\/files\/sites\/246\/2025\/06\/Full-Informatiu-6-A-scaled.png 2560w, https:\/\/ccoo.app\/ajuntament-sant-boi-de-llobregat\/wp-content\/blogs.dir\/6\/files\/sites\/246\/2025\/06\/Full-Informatiu-6-A-300x149.png 300w, https:\/\/ccoo.app\/ajuntament-sant-boi-de-llobregat\/wp-content\/blogs.dir\/6\/files\/sites\/246\/2025\/06\/Full-Informatiu-6-A-1024x510.png 1024w, https:\/\/ccoo.app\/ajuntament-sant-boi-de-llobregat\/wp-content\/blogs.dir\/6\/files\/sites\/246\/2025\/06\/Full-Informatiu-6-A-768x383.png 768w, https:\/\/ccoo.app\/ajuntament-sant-boi-de-llobregat\/wp-content\/blogs.dir\/6\/files\/sites\/246\/2025\/06\/Full-Informatiu-6-A-1536x765.png 1536w, https:\/\/ccoo.app\/ajuntament-sant-boi-de-llobregat\/wp-content\/blogs.dir\/6\/files\/sites\/246\/2025\/06\/Full-Informatiu-6-A-2048x1020.png 2048w\" sizes=\"auto, (max-width: 2560px) 100vw, 2560px\" \/><\/figure>\n\n\n\n<figure class=\"gb-block-image gb-block-image-999c4784\"><img loading=\"lazy\" decoding=\"async\" width=\"2560\" height=\"603\" class=\"gb-image gb-image-999c4784\" src=\"https:\/\/ccoo.app\/ajuntament-sant-boi-de-llobregat\/wp-content\/blogs.dir\/6\/files\/sites\/246\/2025\/06\/Full-Informatiu-6-B-scaled.png\" alt=\"\" title=\"Full Informatiu 6 B\" srcset=\"https:\/\/ccoo.app\/ajuntament-sant-boi-de-llobregat\/wp-content\/blogs.dir\/6\/files\/sites\/246\/2025\/06\/Full-Informatiu-6-B-scaled.png 2560w, https:\/\/ccoo.app\/ajuntament-sant-boi-de-llobregat\/wp-content\/blogs.dir\/6\/files\/sites\/246\/2025\/06\/Full-Informatiu-6-B-300x71.png 300w, https:\/\/ccoo.app\/ajuntament-sant-boi-de-llobregat\/wp-content\/blogs.dir\/6\/files\/sites\/246\/2025\/06\/Full-Informatiu-6-B-1024x241.png 1024w, https:\/\/ccoo.app\/ajuntament-sant-boi-de-llobregat\/wp-content\/blogs.dir\/6\/files\/sites\/246\/2025\/06\/Full-Informatiu-6-B-768x181.png 768w, https:\/\/ccoo.app\/ajuntament-sant-boi-de-llobregat\/wp-content\/blogs.dir\/6\/files\/sites\/246\/2025\/06\/Full-Informatiu-6-B-1536x362.png 1536w, https:\/\/ccoo.app\/ajuntament-sant-boi-de-llobregat\/wp-content\/blogs.dir\/6\/files\/sites\/246\/2025\/06\/Full-Informatiu-6-B-2048x482.png 2048w\" sizes=\"auto, (max-width: 2560px) 100vw, 2560px\" \/><\/figure>\n\n\n\n<figure class=\"gb-block-image gb-block-image-0f2442ec\"><img loading=\"lazy\" decoding=\"async\" width=\"2560\" height=\"857\" class=\"gb-image gb-image-0f2442ec\" src=\"https:\/\/ccoo.app\/ajuntament-sant-boi-de-llobregat\/wp-content\/blogs.dir\/6\/files\/sites\/246\/2025\/06\/Full-Informatiu-6-C-scaled.png\" alt=\"\" title=\"Full Informatiu 6 C\" srcset=\"https:\/\/ccoo.app\/ajuntament-sant-boi-de-llobregat\/wp-content\/blogs.dir\/6\/files\/sites\/246\/2025\/06\/Full-Informatiu-6-C-scaled.png 2560w, https:\/\/ccoo.app\/ajuntament-sant-boi-de-llobregat\/wp-content\/blogs.dir\/6\/files\/sites\/246\/2025\/06\/Full-Informatiu-6-C-300x100.png 300w, https:\/\/ccoo.app\/ajuntament-sant-boi-de-llobregat\/wp-content\/blogs.dir\/6\/files\/sites\/246\/2025\/06\/Full-Informatiu-6-C-1024x343.png 1024w, https:\/\/ccoo.app\/ajuntament-sant-boi-de-llobregat\/wp-content\/blogs.dir\/6\/files\/sites\/246\/2025\/06\/Full-Informatiu-6-C-768x257.png 768w, https:\/\/ccoo.app\/ajuntament-sant-boi-de-llobregat\/wp-content\/blogs.dir\/6\/files\/sites\/246\/2025\/06\/Full-Informatiu-6-C-1536x514.png 1536w, https:\/\/ccoo.app\/ajuntament-sant-boi-de-llobregat\/wp-content\/blogs.dir\/6\/files\/sites\/246\/2025\/06\/Full-Informatiu-6-C-2048x686.png 2048w\" sizes=\"auto, (max-width: 2560px) 100vw, 2560px\" \/><\/figure>\n\n\n\n<figure class=\"gb-block-image gb-block-image-cdce7271\"><img loading=\"lazy\" decoding=\"async\" width=\"2560\" height=\"324\" class=\"gb-image gb-image-cdce7271\" src=\"https:\/\/ccoo.app\/ajuntament-sant-boi-de-llobregat\/wp-content\/blogs.dir\/6\/files\/sites\/246\/2025\/06\/Full-Informatiu-6-D-scaled.png\" alt=\"\" title=\"Full Informatiu 6 D\" srcset=\"https:\/\/ccoo.app\/ajuntament-sant-boi-de-llobregat\/wp-content\/blogs.dir\/6\/files\/sites\/246\/2025\/06\/Full-Informatiu-6-D-scaled.png 2560w, https:\/\/ccoo.app\/ajuntament-sant-boi-de-llobregat\/wp-content\/blogs.dir\/6\/files\/sites\/246\/2025\/06\/Full-Informatiu-6-D-300x38.png 300w, https:\/\/ccoo.app\/ajuntament-sant-boi-de-llobregat\/wp-content\/blogs.dir\/6\/files\/sites\/246\/2025\/06\/Full-Informatiu-6-D-1024x130.png 1024w, https:\/\/ccoo.app\/ajuntament-sant-boi-de-llobregat\/wp-content\/blogs.dir\/6\/files\/sites\/246\/2025\/06\/Full-Informatiu-6-D-768x97.png 768w, https:\/\/ccoo.app\/ajuntament-sant-boi-de-llobregat\/wp-content\/blogs.dir\/6\/files\/sites\/246\/2025\/06\/Full-Informatiu-6-D-1536x194.png 1536w, https:\/\/ccoo.app\/ajuntament-sant-boi-de-llobregat\/wp-content\/blogs.dir\/6\/files\/sites\/246\/2025\/06\/Full-Informatiu-6-D-2048x259.png 2048w\" sizes=\"auto, (max-width: 2560px) 100vw, 2560px\" \/><\/figure>\n<\/div>\n\n\n\n<div class=\"wp-block-column is-layout-flow wp-block-column-is-layout-flow\">\n<p class=\"has-text-color has-link-color wp-elements-876ebabf00ce5fc0d6905436e189edee\" style=\"color:#000000\">Benvolgudes companyes i companys,<\/p>\n\n\n\n<p class=\"has-text-color has-link-color wp-elements-f36a317157f5ebb9cfc327f9b54870b3\" style=\"color:#000000\">Us informem de com avan\u00e7a la <strong>negociaci\u00f3 de l\u2019Acord de Condicions<\/strong> despr\u00e9s de m\u00e9s de <strong>10 sessions de Mesa General de Negociaci\u00f3 de Mat\u00e8ries Comunes<\/strong>. Tot i l\u2019esfor\u00e7, <strong>encara hi ha poques millores concretes<\/strong>, per\u00f2 des de CCOO <strong>continuem treballant per aconseguir acords que millorin realment les condicions laborals i econ\u00f2miques<\/strong> de tota la plantilla.<\/p>\n\n\n\n<h3 class=\"wp-block-heading has-text-color has-link-color wp-elements-1535ae4608003446481f43928a74c8e0\" style=\"color:#000000\"><strong>\ud83d\udcca HEM ARRIBAT AL CAP\u00cdTOL IV \u2013 CONDICIONS ECON\u00d2MIQUES<\/strong><\/h3>\n\n\n\n<p class=\"has-text-color has-link-color wp-elements-348fb9df71f30680bbe2adf3a494aa4b\" style=\"color:#000000\">Aquest punt coincideix amb la presentaci\u00f3 per part de l\u2019Ajuntament de <strong>modificacions en la Relaci\u00f3 de Llocs de Treball (RLLT)<\/strong>.<br>Hem pogut comprovar que aquestes modificacions tenen impacte directe <strong>en el Cap\u00edtol 1 del Pressupost<\/strong>, i per aix\u00f2 estem molt atents a les implicacions que pugui tenir.<\/p>\n\n\n\n<p class=\"has-text-color has-link-color wp-elements-f3cf106e3a46c7fdf0a332487235e638\" style=\"color:#000000\">La negociaci\u00f3 continua i <strong>creiem que si s\u2019arriba a un acord per als propers 4 anys<\/strong>, s\u2019ha d\u2019aconseguir una millora tant <strong>econ\u00f2mica com de condicions laborals<\/strong> per a tothom.<\/p>\n\n\n\n<p class=\"has-text-color has-link-color wp-elements-33f342e1b24ee2d56052b6cae9194a0a\" style=\"color:#000000\">\ud83d\udcce Si voleu ampliar la informaci\u00f3, podeu <strong><em>clicar a l\u2019enlla\u00e7<\/em><\/strong>.<\/p>\n\n\n\n<p class=\"has-text-color has-link-color wp-elements-0e515318cf26931d13884cfd9d466ebb\" style=\"color:#000000\"><strong>\ud83d\udcc5 CALENDARI LABORAL 2025 \u2013 JA DISPONIBLE!<\/strong><\/p>\n\n\n\n<p class=\"has-text-color has-link-color wp-elements-b33b6f4ac001839aa9d48e8735eea25c\" style=\"color:#010101\">Us informem que ja teniu disponible el <strong>Calendari Laboral 2025 elaborat per CCOO<\/strong>, que enguany incorpora com a novetat <strong>tres torns de vacances de Nadal<\/strong>.<\/p>\n\n\n\n<p class=\"has-text-color has-link-color wp-elements-8bd7899d9f68f7b3d8bddef180b39437\" style=\"color:#010101\">\ud83d\udccc <strong>Dies de treball: 226<\/strong><br>\ud83d\udccc <strong>Dies laborables: 248<\/strong><br>\ud83d\udccc <strong>Dies de vacances: 22<\/strong><br>\ud83d\udccc <strong>Total hores treballades: 1547 hores<\/strong><\/p>\n\n\n\n<p class=\"has-text-color has-link-color wp-elements-7b4854defb961b9f4094ec14292a290d\" style=\"color:#000000\">Podeu descarregar el calendari complet en aquest <strong><em>enlla\u00e7<\/em><\/strong>.<\/p>\n\n\n\n<hr class=\"wp-block-separator has-alpha-channel-opacity\" \/>\n\n\n\n<h3 class=\"wp-block-heading has-text-color has-link-color wp-elements-d5c96af5a97c946e75aaa285bb3c1b15\" style=\"color:#000000\"><strong>\ud83c\udf97 25 DE NOVEMBRE \u2013 DIA INTERNACIONAL PER L\u2019ELIMINACI\u00d3 DE LA VIOL\u00c8NCIA ENVERS LES DONES<\/strong><\/h3>\n\n\n\n<p class=\"has-text-color has-link-color wp-elements-5d1418d3b45c013dbde8be25bc29b29c\" style=\"color:#000000\">Aquest 25N, des de CCOO Catalunya organitzem diversos actes per <strong>visibilitzar el paper de les dones en contextos de conflicte i viol\u00e8ncia<\/strong> i per reclamar <strong>drets, dignitat i just\u00edcia<\/strong> en totes les circumst\u00e0ncies.<\/p>\n\n\n\n<p class=\"has-text-color has-link-color wp-elements-5b0366ce28b0f5eda2a0d214169ddf68\" style=\"color:#000000\">\ud83d\udccd <strong>Acte institucional:<\/strong> Dilluns 25 de novembre, de 10 h a 14 h, a la Sala d\u2019Actes de CCOO Catalunya.<br>\ud83d\udccd <strong>Manifestaci\u00f3:<\/strong> A les <strong>18:30 h al Passeig de Gr\u00e0cia, 106 (Barcelona)<\/strong> \u2013 punt de trobada davant del Palau Robert a les 18 h.<\/p>\n\n\n\n<h3 class=\"wp-block-heading has-text-color has-link-color wp-elements-f01612833359083db12c6e71dcf1204d\" style=\"color:#000000\"><strong>\u00abAMB LES COSES DE MENJAR, NO S\u2019HI JUGA\u00bb<\/strong><\/h3>\n\n\n\n<p class=\"has-text-color has-link-color wp-elements-86ca19e20894f9f1b7f86dfb1c084d61\" style=\"color:#000000\">Aprofitem tamb\u00e9 per recordar-vos que <strong>CCOO est\u00e0 lluitant per garantir unes condicions laborals dignes<\/strong> i perqu\u00e8 les mesures que es prenen dins l\u2019Ajuntament siguin <strong>justes i transparents<\/strong> per a tothom. Seguirem informant-vos i defensant els vostres drets!<\/p>\n\n\n\n<p class=\"has-text-color has-link-color wp-elements-ca98e290a56eca669881154e79f234a3\" style=\"color:#000000\">Per qualsevol aclariment, estem a la vostra disposici\u00f3.<\/p>\n\n\n\n<p class=\"has-text-color has-link-color wp-elements-941c899b691ba701c0698c88c328a60f\" style=\"color:#000000\">\ud83d\udcaa <strong>La for\u00e7a del sindicat sou vosaltres!<\/strong><\/p>\n\n\n\n<p class=\"has-text-color has-link-color wp-elements-ae7bf9b56ad3b0bed176b42c093f3694\" style=\"color:#000000\">CCOO \u2013 Ajuntament de Sant Boi de Llobregat<\/p>\n<\/div>\n<\/div>\n\n\n\n<p><\/p>\n","protected":false},"excerpt":{"rendered":"<p>Data: 3 de Juliol del 2024 Benvolgudes companyes i companys, Us informem de com avan\u00e7a la negociaci\u00f3 de l\u2019Acord de Condicions despr\u00e9s de m\u00e9s de 10 sessions de Mesa General &#8230; <a title=\"Butllet\u00ed Informatiu Juliol n\u00fam. 6\" class=\"read-more\" href=\"https:\/\/ccoo.app\/ajuntament-sant-boi-de-llobregat\/butlleti-informatiu-juliol-num-6\/\" aria-label=\"Leer m\u00e1s sobre Butllet\u00ed Informatiu Juliol n\u00fam. 6\">Leer m\u00e1s<\/a><\/p>\n","protected":false},"author":97111,"featured_media":0,"parent":0,"menu_order":0,"comment_status":"closed","ping_status":"closed","template":"","meta":{"footnotes":""},"class_list":["post-2922","page","type-page","status-publish"],"_links":{"self":[{"href":"https:\/\/ccoo.app\/ajuntament-sant-boi-de-llobregat\/wp-json\/wp\/v2\/pages\/2922","targetHints":{"allow":["GET"]}}],"collection":[{"href":"https:\/\/ccoo.app\/ajuntament-sant-boi-de-llobregat\/wp-json\/wp\/v2\/pages"}],"about":[{"href":"https:\/\/ccoo.app\/ajuntament-sant-boi-de-llobregat\/wp-json\/wp\/v2\/types\/page"}],"author":[{"embeddable":true,"href":"https:\/\/ccoo.app\/ajuntament-sant-boi-de-llobregat\/wp-json\/wp\/v2\/users\/97111"}],"replies":[{"embeddable":true,"href":"https:\/\/ccoo.app\/ajuntament-sant-boi-de-llobregat\/wp-json\/wp\/v2\/comments?post=2922"}],"version-history":[{"count":4,"href":"https:\/\/ccoo.app\/ajuntament-sant-boi-de-llobregat\/wp-json\/wp\/v2\/pages\/2922\/revisions"}],"predecessor-version":[{"id":3840,"href":"https:\/\/ccoo.app\/ajuntament-sant-boi-de-llobregat\/wp-json\/wp\/v2\/pages\/2922\/revisions\/3840"}],"wp:attachment":[{"href":"https:\/\/ccoo.app\/ajuntament-sant-boi-de-llobregat\/wp-json\/wp\/v2\/media?parent=2922"}],"curies":[{"name":"wp","href":"https:\/\/api.w.org\/{rel}","templated":true}]}}