{"id":2854,"date":"2025-02-28T15:22:29","date_gmt":"2025-02-28T14:22:29","guid":{"rendered":"https:\/\/ccoo.app\/ajuntament-sant-boi-de-llobregat\/?page_id=2854"},"modified":"2025-10-27T08:55:21","modified_gmt":"2025-10-27T07:55:21","slug":"butlleti-informatiu-gener-num-1","status":"publish","type":"page","link":"https:\/\/ccoo.app\/ajuntament-sant-boi-de-llobregat\/butlleti-informatiu-gener-num-1\/","title":{"rendered":"Butllet\u00ed Informatiu Gener n\u00fam. 1"},"content":{"rendered":"\n<p class=\"has-text-color has-link-color wp-elements-9a41d865e7d464723de2cfc9eff600b8\" style=\"color:#000000\"><strong>Data:<\/strong> 20 de Gener del 2025<\/p>\n\n\n\n<div class=\"wp-block-columns is-layout-flex wp-container-core-columns-is-layout-9d6595d7 wp-block-columns-is-layout-flex\">\n<div class=\"wp-block-column is-layout-flow wp-block-column-is-layout-flow\">\n<figure class=\"gb-block-image gb-block-image-34ddd7b5\"><img loading=\"lazy\" decoding=\"async\" width=\"635\" height=\"777\" class=\"gb-image gb-image-34ddd7b5\" src=\"https:\/\/ccoo.app\/ajuntament-sant-boi-de-llobregat\/wp-content\/blogs.dir\/6\/files\/sites\/246\/2025\/02\/Full-Informatiu-20-01-2025.jpg\" alt=\"\" title=\"Full Informatiu - 20-01-2025\" srcset=\"https:\/\/ccoo.app\/ajuntament-sant-boi-de-llobregat\/wp-content\/blogs.dir\/6\/files\/sites\/246\/2025\/02\/Full-Informatiu-20-01-2025.jpg 635w, https:\/\/ccoo.app\/ajuntament-sant-boi-de-llobregat\/wp-content\/blogs.dir\/6\/files\/sites\/246\/2025\/02\/Full-Informatiu-20-01-2025-245x300.jpg 245w\" sizes=\"auto, (max-width: 635px) 100vw, 635px\" \/><\/figure>\n<\/div>\n\n\n\n<div class=\"wp-block-column is-layout-flow wp-block-column-is-layout-flow\">\n<p class=\"has-text-color has-link-color wp-elements-876ebabf00ce5fc0d6905436e189edee\" style=\"color:#000000\">Benvolgudes companyes i companys,<\/p>\n\n\n\n<p class=\"has-text-color has-link-color wp-elements-73e6d4962033a66ea82749739f937404\" style=\"color:#000000\">Des de <strong>CCOO valorem positivament<\/strong> que finalment s\u2019hagi decidit fer efectiva <strong>la pujada salarial pendent del 0,5%<\/strong> corresponent a l&#8217;any 2024.<\/p>\n\n\n\n<p class=\"has-text-color has-link-color wp-elements-428618c985925a9b73d8e1809d76a231\" style=\"color:#000000\">Aquest increment \u00e9s <strong>addicional, consolidable i amb car\u00e0cter retroactiu des de l\u20191 de gener de 2024<\/strong>, i es far\u00e0 efectiu tan bon punt es publiqui l\u2019acord al <strong>Butllet\u00ed Oficial de l\u2019Estat (BOE)<\/strong>.<\/p>\n\n\n\n<h3 class=\"wp-block-heading has-text-color has-link-color wp-elements-7049b6c94c17d3606fa6deab7b364375\" style=\"color:#000000\"><strong>\ud83d\udccc QUANT EM CORRESPONDR\u00c0?<\/strong><\/h3>\n\n\n\n<p class=\"has-text-color has-link-color wp-elements-8bb933fc98fd02534541f45acedb2e7a\" style=\"color:#000000\">Hem rebut moltes consultes sobre aquest tema, per aix\u00f2 us facilitem una <strong>taula orientativa<\/strong> amb el c\u00e0lcul aproximat dels endarreriments en funci\u00f3 del nivell salarial.<\/p>\n\n\n\n<p class=\"has-text-color has-link-color wp-elements-f1848dd8fb640387336946b5808926b5\" style=\"color:#000000\">\ud83d\udcb0 <strong>Per cada 1.000 \u20ac de retribuci\u00f3 anual, us correspondran uns 5 \u20ac bruts d\u2019endarreriments.<\/strong><\/p>\n\n\n\n<p class=\"has-text-color has-link-color wp-elements-bda1b89b66fcdab8e9b7bf3a6ce533be\" style=\"color:#000000\">\ud83d\udcca <strong>Consulta la taula adjunta per veure la quantitat exacta segons el teu nivell salarial.<\/strong><\/p>\n\n\n\n<h3 class=\"wp-block-heading has-text-color has-link-color wp-elements-401c508d1138afcf8eed5407c292d0ee\" style=\"color:#000000\"><strong>\ud83d\udce2 NOU CONVENI COL\u00b7LECTIU I RECUPERACI\u00d3 DEL PODER ADQUISITIU<\/strong><\/h3>\n\n\n\n<p class=\"has-text-color has-link-color wp-elements-a4dd928ec7fcdee702d78205ea3872a8\" style=\"color:#010101\">Aquest increment forma part de l\u2019acord signat per <strong>CCOO i UGT<\/strong> pels anys <strong>2022-2024<\/strong>, que ha representat una <strong>pujada global de sou del 9,8%<\/strong>.<\/p>\n\n\n\n<p class=\"has-text-color has-link-color wp-elements-b44f50d5a2537c32c2251ce56a587cd2\" style=\"color:#010101\">\u27a1\ufe0f <strong>\u00c9s una millora<\/strong>, per\u00f2 no oblidem que els salaris han perdut poder adquisitiu amb la inflaci\u00f3, i ara \u00e9s moment de <strong>recuperar el que ens pertoca en la negociaci\u00f3 del Nou Conveni Col\u00b7lectiu i l\u2019Acord de Funcionaris<\/strong>.<\/p>\n\n\n\n<p class=\"has-text-color has-link-color wp-elements-977a7500289bcf0dadf148dd20d1a3e9\" style=\"color:#010101\">\ud83d\udc49 <strong>CCOO i UGT ja han demanat al Govern de l\u2019Estat que s\u2019aprovin els increments de 2025 i s\u2019obri una negociaci\u00f3 per a un Nou Pacte pels anys vinents<\/strong>. L\u2019objectiu \u00e9s seguir avan\u00e7ant en <strong>ocupaci\u00f3, drets i retribucions<\/strong>, i garantir <strong>uns serveis p\u00fablics de qualitat<\/strong>.<\/p>\n\n\n\n<h3 class=\"wp-block-heading has-text-color has-link-color wp-elements-f01612833359083db12c6e71dcf1204d\" style=\"color:#000000\"><strong>\u00abAMB LES COSES DE MENJAR, NO S\u2019HI JUGA\u00bb<\/strong><\/h3>\n\n\n\n<p class=\"has-text-color has-link-color wp-elements-86ca19e20894f9f1b7f86dfb1c084d61\" style=\"color:#000000\">Aprofitem tamb\u00e9 per recordar-vos que <strong>CCOO est\u00e0 lluitant per garantir unes condicions laborals dignes<\/strong> i perqu\u00e8 les mesures que es prenen dins l\u2019Ajuntament siguin <strong>justes i transparents<\/strong> per a tothom. Seguirem informant-vos i defensant els vostres drets!<\/p>\n\n\n\n<p class=\"has-text-color has-link-color wp-elements-ca98e290a56eca669881154e79f234a3\" style=\"color:#000000\">Per qualsevol aclariment, estem a la vostra disposici\u00f3.<\/p>\n\n\n\n<p class=\"has-text-color has-link-color wp-elements-941c899b691ba701c0698c88c328a60f\" style=\"color:#000000\">\ud83d\udcaa <strong>La for\u00e7a del sindicat sou vosaltres!<\/strong><\/p>\n\n\n\n<p class=\"has-text-color has-link-color wp-elements-ae7bf9b56ad3b0bed176b42c093f3694\" style=\"color:#000000\">CCOO \u2013 Ajuntament de Sant Boi de Llobregat<\/p>\n<\/div>\n<\/div>\n\n\n\n<p><\/p>\n","protected":false},"excerpt":{"rendered":"<p>Data: 20 de Gener del 2025 Benvolgudes companyes i companys, Des de CCOO valorem positivament que finalment s\u2019hagi decidit fer efectiva la pujada salarial pendent del 0,5% corresponent a l&#8217;any &#8230; <a title=\"Butllet\u00ed Informatiu Gener n\u00fam. 1\" class=\"read-more\" href=\"https:\/\/ccoo.app\/ajuntament-sant-boi-de-llobregat\/butlleti-informatiu-gener-num-1\/\" aria-label=\"Leer m\u00e1s sobre Butllet\u00ed Informatiu Gener n\u00fam. 1\">Leer m\u00e1s<\/a><\/p>\n","protected":false},"author":97111,"featured_media":0,"parent":0,"menu_order":0,"comment_status":"closed","ping_status":"closed","template":"","meta":{"footnotes":""},"class_list":["post-2854","page","type-page","status-publish"],"_links":{"self":[{"href":"https:\/\/ccoo.app\/ajuntament-sant-boi-de-llobregat\/wp-json\/wp\/v2\/pages\/2854","targetHints":{"allow":["GET"]}}],"collection":[{"href":"https:\/\/ccoo.app\/ajuntament-sant-boi-de-llobregat\/wp-json\/wp\/v2\/pages"}],"about":[{"href":"https:\/\/ccoo.app\/ajuntament-sant-boi-de-llobregat\/wp-json\/wp\/v2\/types\/page"}],"author":[{"embeddable":true,"href":"https:\/\/ccoo.app\/ajuntament-sant-boi-de-llobregat\/wp-json\/wp\/v2\/users\/97111"}],"replies":[{"embeddable":true,"href":"https:\/\/ccoo.app\/ajuntament-sant-boi-de-llobregat\/wp-json\/wp\/v2\/comments?post=2854"}],"version-history":[{"count":4,"href":"https:\/\/ccoo.app\/ajuntament-sant-boi-de-llobregat\/wp-json\/wp\/v2\/pages\/2854\/revisions"}],"predecessor-version":[{"id":3834,"href":"https:\/\/ccoo.app\/ajuntament-sant-boi-de-llobregat\/wp-json\/wp\/v2\/pages\/2854\/revisions\/3834"}],"wp:attachment":[{"href":"https:\/\/ccoo.app\/ajuntament-sant-boi-de-llobregat\/wp-json\/wp\/v2\/media?parent=2854"}],"curies":[{"name":"wp","href":"https:\/\/api.w.org\/{rel}","templated":true}]}}