{"id":2843,"date":"2025-02-28T15:08:36","date_gmt":"2025-02-28T14:08:36","guid":{"rendered":"https:\/\/ccoo.app\/ajuntament-sant-boi-de-llobregat\/?page_id=2843"},"modified":"2025-10-27T08:54:54","modified_gmt":"2025-10-27T07:54:54","slug":"butlleti-informatiu-gener-num-2","status":"publish","type":"page","link":"https:\/\/ccoo.app\/ajuntament-sant-boi-de-llobregat\/butlleti-informatiu-gener-num-2\/","title":{"rendered":"Butllet\u00ed Informatiu Gener n\u00fam. 2"},"content":{"rendered":"\n<p class=\"has-text-color has-link-color wp-elements-7efd81b9a0d40e0d426c745781539dbf\" style=\"color:#000000\"><strong>Data:<\/strong> 29 de Gener del 2025<\/p>\n\n\n\n<div class=\"wp-block-columns is-layout-flex wp-container-core-columns-is-layout-9d6595d7 wp-block-columns-is-layout-flex\">\n<div class=\"wp-block-column is-layout-flow wp-block-column-is-layout-flow\">\n<figure class=\"gb-block-image gb-block-image-34ddd7b5\"><img loading=\"lazy\" decoding=\"async\" width=\"624\" height=\"600\" class=\"gb-image gb-image-34ddd7b5\" src=\"https:\/\/ccoo.app\/ajuntament-sant-boi-de-llobregat\/wp-content\/blogs.dir\/6\/files\/sites\/246\/2025\/02\/Full-Informatiu-29-01-2025.jpg\" alt=\"\" title=\"Full Informatiu - 29-01-2025\" srcset=\"https:\/\/ccoo.app\/ajuntament-sant-boi-de-llobregat\/wp-content\/blogs.dir\/6\/files\/sites\/246\/2025\/02\/Full-Informatiu-29-01-2025.jpg 624w, https:\/\/ccoo.app\/ajuntament-sant-boi-de-llobregat\/wp-content\/blogs.dir\/6\/files\/sites\/246\/2025\/02\/Full-Informatiu-29-01-2025-300x288.jpg 300w\" sizes=\"auto, (max-width: 624px) 100vw, 624px\" \/><\/figure>\n<\/div>\n\n\n\n<div class=\"wp-block-column is-layout-flow wp-block-column-is-layout-flow\">\n<p class=\"has-text-color has-link-color wp-elements-97c1d6fe5c5d001cc11b1d733510f827\" style=\"color:#000000\">Benvolgudes companyes i companys,<\/p>\n\n\n\n<p class=\"has-text-color has-link-color wp-elements-20671438a4e3f64e3db9f9fd3e1e34bf\" style=\"color:#000000\">Us fem arribar un resum de les comissions que s\u2019han celebrat aquest mes de gener i que afecten q\u00fcestions importants per a totes i tots nosaltres.<\/p>\n\n\n\n<h3 class=\"wp-block-heading has-text-color has-link-color wp-elements-2404769b52eaf3320a8679a9460e35a5\" style=\"color:#000000\"><strong>COMISSI\u00d3 D\u2019IGUALTAT<\/strong><\/h3>\n\n\n\n<p class=\"has-text-color has-link-color wp-elements-77eb4d06a5a281623029d27dda204644\" style=\"color:#000000\">La setmana passada es va reunir la <strong>Comissi\u00f3 d\u2019Igualtat<\/strong>, on es van tractar temes clau per garantir que es compleixi el Nou Pla d\u2019Igualtat i que hi hagi recursos suficients per posar en marxa les mesures previstes.<\/p>\n\n\n\n<p class=\"has-text-color has-link-color wp-elements-5297f895ace2493a34d8ffb69504fe16\" style=\"color:#000000\">S\u2019han comprom\u00e8s que <strong>abans de l\u2019abril<\/strong> es comen\u00e7ar\u00e0 a treballar en:<\/p>\n\n\n\n<p class=\"has-text-color has-link-color wp-elements-fcdfce6dbc6e54c24bd9cb1a1396392f\" style=\"color:#000000\">\u2705 <strong>L&#8217;elaboraci\u00f3 del manual d\u2019acollida<\/strong>, perqu\u00e8 les persones que s\u2019incorporin a l\u2019Ajuntament coneguin des del primer dia els seus drets i deures en mat\u00e8ria d\u2019igualtat.<br>\u2705 <strong>Mecanismes de control per evitar la sobrec\u00e0rrega de feina<\/strong>, una problem\u00e0tica que afecta molts equips.<br>\u2705 <strong>Campanya de sensibilitzaci\u00f3 sobre igualtat<\/strong>, per fer arribar aquest missatge a tota l\u2019organitzaci\u00f3.<br>\u2705 <strong>Actualitzaci\u00f3 del protocol d\u2019igualtat<\/strong>, per garantir que sigui \u00fatil i efectiu.<\/p>\n\n\n\n<h3 class=\"wp-block-heading has-text-color has-link-color wp-elements-d77a079570d21bb91677343f20751f87\" style=\"color:#000000\"><strong>COMISSI\u00d3 DE VALORACI\u00d3 DE LLOCS DE TREBALL (CVLLT)<\/strong><\/h3>\n\n\n\n<p class=\"has-text-color has-link-color wp-elements-b0ded8180b61d6c3ef629b1b7fc4c81d\" style=\"color:#000000\">El passat <strong>23 de gener<\/strong> es va reunir la <strong>CVLLT<\/strong> per valorar diferents llocs de treball i aprovar la <strong>provisionalitat de diverses places<\/strong>. Aquestes s\u00f3n algunes de les que es van tractar:<\/p>\n\n\n\n<p class=\"has-text-color has-link-color wp-elements-d67f1dc868add0ebb2d065ab16f959f1\" style=\"color:#000000\">\ud83d\udccc <strong>T\u00e8cnic\/a de Comunicaci\u00f3 II (N12)<\/strong><br>\ud83d\udccc <strong>T\u00e8cnic\/a Auxiliar de Protecci\u00f3 de Dades (N10)<\/strong><br>\ud83d\udccc <strong>Responsable de M\u00e0rqueting de Ciutat (N13)<\/strong><br>\ud83d\udccc <strong>Responsable Control T\u00e8cnic d\u2019Activitats (N15)<\/strong><br>\ud83d\udccc <strong>T\u00e8cnic\/a de la Salut Comunit\u00e0ria (N13)<\/strong><br>\ud83d\udccc <strong>Responsable de Projectes d\u2019Acci\u00f3 Comunit\u00e0ria (N13)<\/strong><br>\ud83d\udccc <strong>T\u00e8cnic\/a Auxiliar en nomadismes i mobilitat (N12)<\/strong><br>\ud83d\udccc <strong>Responsable d\u2019Urbanisme Estrat\u00e8gic (N14)<\/strong><br>\ud83d\udccc <strong>Cap de la Unitat de Tramitaci\u00f3 i Administraci\u00f3 Digital (N16)<\/strong><br>\ud83d\udccc <strong>T\u00e8cnic\/a de Disciplina Urban\u00edstica (N14)<\/strong><\/p>\n\n\n\n<p class=\"has-text-color has-link-color wp-elements-ad99d7ba3f07e7b9bc574df8ced78f16\" style=\"color:#000000\">Si teniu qualsevol dubte sobre aquests processos, podeu posar-vos en contacte amb nosaltres.<\/p>\n\n\n\n<h3 class=\"wp-block-heading has-text-color has-link-color wp-elements-f01612833359083db12c6e71dcf1204d\" style=\"color:#000000\"><strong>\u00abAMB LES COSES DE MENJAR, NO S\u2019HI JUGA\u00bb<\/strong><\/h3>\n\n\n\n<p class=\"has-text-color has-link-color wp-elements-86ca19e20894f9f1b7f86dfb1c084d61\" style=\"color:#000000\">Aprofitem tamb\u00e9 per recordar-vos que <strong>CCOO est\u00e0 lluitant per garantir unes condicions laborals dignes<\/strong> i perqu\u00e8 les mesures que es prenen dins l\u2019Ajuntament siguin <strong>justes i transparents<\/strong> per a tothom. Seguirem informant-vos i defensant els vostres drets!<\/p>\n\n\n\n<p class=\"has-text-color has-link-color wp-elements-ca98e290a56eca669881154e79f234a3\" style=\"color:#000000\">Per qualsevol aclariment, estem a la vostra disposici\u00f3.<\/p>\n\n\n\n<p class=\"has-text-color has-link-color wp-elements-941c899b691ba701c0698c88c328a60f\" style=\"color:#000000\">\ud83d\udcaa <strong>La for\u00e7a del sindicat sou vosaltres!<\/strong><\/p>\n\n\n\n<p class=\"has-text-color has-link-color wp-elements-ae7bf9b56ad3b0bed176b42c093f3694\" style=\"color:#000000\">CCOO \u2013 Ajuntament de Sant Boi de Llobregat<\/p>\n<\/div>\n<\/div>\n\n\n\n<p><\/p>\n","protected":false},"excerpt":{"rendered":"<p>Data: 29 de Gener del 2025 Benvolgudes companyes i companys, Us fem arribar un resum de les comissions que s\u2019han celebrat aquest mes de gener i que afecten q\u00fcestions importants &#8230; <a title=\"Butllet\u00ed Informatiu Gener n\u00fam. 2\" class=\"read-more\" href=\"https:\/\/ccoo.app\/ajuntament-sant-boi-de-llobregat\/butlleti-informatiu-gener-num-2\/\" aria-label=\"Leer m\u00e1s sobre Butllet\u00ed Informatiu Gener n\u00fam. 2\">Leer m\u00e1s<\/a><\/p>\n","protected":false},"author":97111,"featured_media":0,"parent":0,"menu_order":0,"comment_status":"closed","ping_status":"closed","template":"","meta":{"footnotes":""},"class_list":["post-2843","page","type-page","status-publish"],"_links":{"self":[{"href":"https:\/\/ccoo.app\/ajuntament-sant-boi-de-llobregat\/wp-json\/wp\/v2\/pages\/2843","targetHints":{"allow":["GET"]}}],"collection":[{"href":"https:\/\/ccoo.app\/ajuntament-sant-boi-de-llobregat\/wp-json\/wp\/v2\/pages"}],"about":[{"href":"https:\/\/ccoo.app\/ajuntament-sant-boi-de-llobregat\/wp-json\/wp\/v2\/types\/page"}],"author":[{"embeddable":true,"href":"https:\/\/ccoo.app\/ajuntament-sant-boi-de-llobregat\/wp-json\/wp\/v2\/users\/97111"}],"replies":[{"embeddable":true,"href":"https:\/\/ccoo.app\/ajuntament-sant-boi-de-llobregat\/wp-json\/wp\/v2\/comments?post=2843"}],"version-history":[{"count":4,"href":"https:\/\/ccoo.app\/ajuntament-sant-boi-de-llobregat\/wp-json\/wp\/v2\/pages\/2843\/revisions"}],"predecessor-version":[{"id":3833,"href":"https:\/\/ccoo.app\/ajuntament-sant-boi-de-llobregat\/wp-json\/wp\/v2\/pages\/2843\/revisions\/3833"}],"wp:attachment":[{"href":"https:\/\/ccoo.app\/ajuntament-sant-boi-de-llobregat\/wp-json\/wp\/v2\/media?parent=2843"}],"curies":[{"name":"wp","href":"https:\/\/api.w.org\/{rel}","templated":true}]}}