{"id":2914,"date":"2023-06-06T12:34:02","date_gmt":"2023-06-06T10:34:02","guid":{"rendered":"https:\/\/ccoo.app\/ajuntament-de-manresa\/?page_id=2914"},"modified":"2023-06-07T09:17:52","modified_gmt":"2023-06-07T07:17:52","slug":"qui-som","status":"publish","type":"page","link":"https:\/\/ccoo.app\/ajuntament-de-manresa\/qui-som\/","title":{"rendered":"Qui som?"},"content":{"rendered":"\n<p>Despr\u00e9s de les properes <strong>eleccions sindicals a celebrar el 22 de juny de 2023<\/strong>, sortiran escollits nous\/ves representants sindicals, tant pel que fa al personal laboral (Comit\u00e8 d&#8217;Empresa) com per al personal funcionari (Junta de Personal).<\/p>\n\n\n\n<p>Tanmateix, despr\u00e9s de con\u00e8ixer els resultats, realitzarem el proc\u00e9s de renovaci\u00f3 dels c\u00e0rrecs i \u00f2rgans de govern de la Secci\u00f3 Sindical de CCOO a l&#8217;Ajuntament de Manresa.<\/p>\n\n\n\n<p>Per aquests motius, no presentem en aquesta p\u00e0gina als actuals representants sindicals de CCOO a l&#8217;Ajuntament i c\u00e0rrecs de la Secci\u00f3 Sindical.<\/p>\n\n\n\n<p>Si teniu la necessitat d&#8217;aquesta informaci\u00f3, us podeu posar en contacte amb nosaltres en el correu ccoo@ajmanresa.cat.<\/p>\n\n\n\n<p><\/p>\n\n\n\n<p><\/p>\n","protected":false},"excerpt":{"rendered":"<p>Despr\u00e9s de les properes eleccions sindicals a celebrar el 22 de juny de 2023, sortiran escollits nous\/ves representants sindicals, tant pel que fa al personal laboral (Comit\u00e8 d&#8217;Empresa) com per &#8230; <a title=\"Qui som?\" class=\"read-more\" href=\"https:\/\/ccoo.app\/ajuntament-de-manresa\/qui-som\/\" aria-label=\"Leer m\u00e1s sobre Qui som?\">Leer m\u00e1s<\/a><\/p>\n","protected":false},"author":85803,"featured_media":0,"parent":0,"menu_order":0,"comment_status":"closed","ping_status":"closed","template":"","meta":{"footnotes":""},"class_list":["post-2914","page","type-page","status-publish"],"_links":{"self":[{"href":"https:\/\/ccoo.app\/ajuntament-de-manresa\/wp-json\/wp\/v2\/pages\/2914","targetHints":{"allow":["GET"]}}],"collection":[{"href":"https:\/\/ccoo.app\/ajuntament-de-manresa\/wp-json\/wp\/v2\/pages"}],"about":[{"href":"https:\/\/ccoo.app\/ajuntament-de-manresa\/wp-json\/wp\/v2\/types\/page"}],"author":[{"embeddable":true,"href":"https:\/\/ccoo.app\/ajuntament-de-manresa\/wp-json\/wp\/v2\/users\/85803"}],"replies":[{"embeddable":true,"href":"https:\/\/ccoo.app\/ajuntament-de-manresa\/wp-json\/wp\/v2\/comments?post=2914"}],"version-history":[{"count":2,"href":"https:\/\/ccoo.app\/ajuntament-de-manresa\/wp-json\/wp\/v2\/pages\/2914\/revisions"}],"predecessor-version":[{"id":2919,"href":"https:\/\/ccoo.app\/ajuntament-de-manresa\/wp-json\/wp\/v2\/pages\/2914\/revisions\/2919"}],"wp:attachment":[{"href":"https:\/\/ccoo.app\/ajuntament-de-manresa\/wp-json\/wp\/v2\/media?parent=2914"}],"curies":[{"name":"wp","href":"https:\/\/api.w.org\/{rel}","templated":true}]}}