{"id":2796,"date":"2023-05-24T11:06:01","date_gmt":"2023-05-24T09:06:01","guid":{"rendered":"https:\/\/ccoo.app\/ajuntament-de-granollers\/?page_id=2796"},"modified":"2024-05-02T11:33:39","modified_gmt":"2024-05-02T09:33:39","slug":"laborals","status":"publish","type":"page","link":"https:\/\/ccoo.app\/ajuntament-de-granollers\/laborals\/","title":{"rendered":"Laborals"},"content":{"rendered":"\n<div class=\"wp-block-columns is-layout-flex wp-container-core-columns-is-layout-9d6595d7 wp-block-columns-is-layout-flex\">\n<div class=\"wp-block-column is-layout-flow wp-block-column-is-layout-flow\" style=\"flex-basis:33.33%\">\n<figure class=\"wp-block-image size-full is-resized is-style-rounded\"><img loading=\"lazy\" decoding=\"async\" width=\"963\" height=\"873\" src=\"http:\/\/ccoo.app\/ajuntament-de-granollers\/wp-content\/blogs.dir\/6\/files\/sites\/209\/2024\/04\/Gina-rotated-e1713883469123.jpg\" alt=\"\" class=\"wp-image-2956\" style=\"aspect-ratio:1;object-fit:cover;width:232px\" srcset=\"https:\/\/ccoo.app\/ajuntament-de-granollers\/wp-content\/blogs.dir\/6\/files\/sites\/209\/2024\/04\/Gina-rotated-e1713883469123.jpg 963w, https:\/\/ccoo.app\/ajuntament-de-granollers\/wp-content\/blogs.dir\/6\/files\/sites\/209\/2024\/04\/Gina-rotated-e1713883469123-300x272.jpg 300w, https:\/\/ccoo.app\/ajuntament-de-granollers\/wp-content\/blogs.dir\/6\/files\/sites\/209\/2024\/04\/Gina-rotated-e1713883469123-768x696.jpg 768w\" sizes=\"auto, (max-width: 963px) 100vw, 963px\" \/><\/figure>\n<\/div>\n\n\n\n<div class=\"wp-block-column is-layout-flow wp-block-column-is-layout-flow\" style=\"flex-basis:66.66%\">\n<h2 class=\"wp-block-heading\">Delegada<\/h2>\n\n\n\n<p><strong>Gina S\u00e1nchez<\/strong><\/p>\n\n\n\n<p>S\u00f3c la Gina S\u00e1nchez delegada del comit\u00e8 d\u2019empresa de l\u2019Ajuntament de Granollers i Granollers Mercat. S\u00f3c treballadora social. Treballo a serveis socials a l\u2019equip de gent gran i atenci\u00f3 a persones en situaci\u00f3 de depend\u00e8ncia i em podeu trobar al carrer Portalet<\/p>\n\n\n\n<p>Actualment formo part de la comissi\u00f3 negociadora del conveni col\u00b7lectiu.&nbsp;<\/p>\n<\/div>\n<\/div>\n\n\n\n<div class=\"wp-block-columns is-layout-flex wp-container-core-columns-is-layout-9d6595d7 wp-block-columns-is-layout-flex\">\n<div class=\"wp-block-column is-layout-flow wp-block-column-is-layout-flow\" style=\"flex-basis:33.33%\">\n<figure class=\"wp-block-image size-full is-resized is-style-rounded\"><img loading=\"lazy\" decoding=\"async\" width=\"655\" height=\"763\" src=\"http:\/\/ccoo.app\/ajuntament-de-granollers\/wp-content\/blogs.dir\/6\/files\/sites\/209\/2024\/04\/Gloria-rotated-e1713883694369.jpg\" alt=\"\" class=\"wp-image-2958\" style=\"aspect-ratio:1;object-fit:cover;width:232px\" srcset=\"https:\/\/ccoo.app\/ajuntament-de-granollers\/wp-content\/blogs.dir\/6\/files\/sites\/209\/2024\/04\/Gloria-rotated-e1713883694369.jpg 655w, https:\/\/ccoo.app\/ajuntament-de-granollers\/wp-content\/blogs.dir\/6\/files\/sites\/209\/2024\/04\/Gloria-rotated-e1713883694369-258x300.jpg 258w\" sizes=\"auto, (max-width: 655px) 100vw, 655px\" \/><\/figure>\n<\/div>\n\n\n\n<div class=\"wp-block-column is-layout-flow wp-block-column-is-layout-flow\" style=\"flex-basis:66.66%\">\n<h2 class=\"wp-block-heading\">Delegada<\/h2>\n\n\n\n<p><strong>Gl\u00f2ria Alegre<\/strong><\/p>\n\n\n\n<p>S\u00f3c la Gl\u00f2ria Alegre responsable de Dones i finances de la secci\u00f3 sindical de CCOO de l\u2019Ajuntament de Granollers i Granollers Mercat. S\u00f3c treballadora social a l\u2019Equip b\u00e0sic d\u2019atenci\u00f3 social prim\u00e0ria de la zona sud&nbsp; i&nbsp; em podeu trobar a la Masia Tres Torres.<\/p>\n\n\n\n<p>Actualment s\u00f3c delegada del comit\u00e8 d\u2019empresa i formo part de les comissions de formaci\u00f3, Pla de pensions, 2a activitat i la d&#8217;assetjament.&nbsp;<\/p>\n<\/div>\n<\/div>\n\n\n\n<div class=\"wp-block-columns is-layout-flex wp-container-core-columns-is-layout-9d6595d7 wp-block-columns-is-layout-flex\">\n<div class=\"wp-block-column is-layout-flow wp-block-column-is-layout-flow\" style=\"flex-basis:33.33%\">\n<figure class=\"wp-block-image size-full is-resized is-style-rounded\"><img loading=\"lazy\" decoding=\"async\" width=\"790\" height=\"746\" src=\"http:\/\/ccoo.app\/ajuntament-de-granollers\/wp-content\/blogs.dir\/6\/files\/sites\/209\/2024\/04\/Quim-rotated-e1713882523751.jpg\" alt=\"\" class=\"wp-image-2949\" style=\"aspect-ratio:1;object-fit:cover;width:232px\" srcset=\"https:\/\/ccoo.app\/ajuntament-de-granollers\/wp-content\/blogs.dir\/6\/files\/sites\/209\/2024\/04\/Quim-rotated-e1713882523751.jpg 790w, https:\/\/ccoo.app\/ajuntament-de-granollers\/wp-content\/blogs.dir\/6\/files\/sites\/209\/2024\/04\/Quim-rotated-e1713882523751-300x283.jpg 300w, https:\/\/ccoo.app\/ajuntament-de-granollers\/wp-content\/blogs.dir\/6\/files\/sites\/209\/2024\/04\/Quim-rotated-e1713882523751-768x725.jpg 768w\" sizes=\"auto, (max-width: 790px) 100vw, 790px\" \/><\/figure>\n<\/div>\n\n\n\n<div class=\"wp-block-column is-layout-flow wp-block-column-is-layout-flow\" style=\"flex-basis:66.66%\">\n<h2 class=\"wp-block-heading\">Delegat LOLS<\/h2>\n\n\n\n<p><strong>Quim Pla<\/strong><\/p>\n\n\n\n<p>Actualment defenso als afiliats de CCOO de l\u2019ajuntament de Granollers en les comissions i dono suport als delegats electes en qualsevol comissi\u00f3. Col\u00b7laboro en la organitzaci\u00f3 i comunicaci\u00f3 de la secci\u00f3 sindical.<\/p>\n\n\n\n<p><em>Economista. Treballo a Can Muntanyola de t\u00e8cnic mig de promoci\u00f3 econ\u00f2mica dins l\u2019EPE Granollers Mercat.<\/em><\/p>\n<\/div>\n<\/div>\n\n\n\n<div class=\"wp-block-columns is-layout-flex wp-container-core-columns-is-layout-9d6595d7 wp-block-columns-is-layout-flex\">\n<div class=\"wp-block-column is-layout-flow wp-block-column-is-layout-flow\" style=\"flex-basis:33.33%\">\n<figure class=\"wp-block-image size-full is-resized is-style-rounded\"><img loading=\"lazy\" decoding=\"async\" width=\"863\" height=\"896\" src=\"http:\/\/ccoo.app\/ajuntament-de-granollers\/wp-content\/blogs.dir\/6\/files\/sites\/209\/2024\/04\/Fran-rotated-e1713882736203.jpg\" alt=\"\" class=\"wp-image-2953\" style=\"aspect-ratio:1;object-fit:cover;width:232px\" srcset=\"https:\/\/ccoo.app\/ajuntament-de-granollers\/wp-content\/blogs.dir\/6\/files\/sites\/209\/2024\/04\/Fran-rotated-e1713882736203.jpg 863w, https:\/\/ccoo.app\/ajuntament-de-granollers\/wp-content\/blogs.dir\/6\/files\/sites\/209\/2024\/04\/Fran-rotated-e1713882736203-289x300.jpg 289w, https:\/\/ccoo.app\/ajuntament-de-granollers\/wp-content\/blogs.dir\/6\/files\/sites\/209\/2024\/04\/Fran-rotated-e1713882736203-768x797.jpg 768w\" sizes=\"auto, (max-width: 863px) 100vw, 863px\" \/><\/figure>\n<\/div>\n\n\n\n<div class=\"wp-block-column is-layout-flow wp-block-column-is-layout-flow\" style=\"flex-basis:66.66%\">\n<h2 class=\"wp-block-heading\">Delegat<\/h2>\n\n\n\n<p><strong>Fran Serrano<\/strong><\/p>\n\n\n\n<p>Treballo al carrer Corr\u00f3 49 i formo part de les comissions de carrera professional i seguiment\/negociaci\u00f3. Tamb\u00e9 colaboro en l\u2019organitzaci\u00f3 digital de la secci\u00f3.<\/p>\n\n\n\n<p><em> Inform\u00e0tic de professi\u00f3. <\/em><\/p>\n<\/div>\n<\/div>\n","protected":false},"excerpt":{"rendered":"<p>Delegada Gina S\u00e1nchez S\u00f3c la Gina S\u00e1nchez delegada del comit\u00e8 d\u2019empresa de l\u2019Ajuntament de Granollers i Granollers Mercat. S\u00f3c treballadora social. Treballo a serveis socials a l\u2019equip de gent gran &#8230; <a title=\"Laborals\" class=\"read-more\" href=\"https:\/\/ccoo.app\/ajuntament-de-granollers\/laborals\/\" aria-label=\"Leer m\u00e1s sobre Laborals\">Llegir m\u00e9s<\/a><\/p>\n","protected":false},"author":4886,"featured_media":0,"parent":0,"menu_order":0,"comment_status":"closed","ping_status":"closed","template":"","meta":{"footnotes":""},"class_list":["post-2796","page","type-page","status-publish"],"_links":{"self":[{"href":"https:\/\/ccoo.app\/ajuntament-de-granollers\/wp-json\/wp\/v2\/pages\/2796","targetHints":{"allow":["GET"]}}],"collection":[{"href":"https:\/\/ccoo.app\/ajuntament-de-granollers\/wp-json\/wp\/v2\/pages"}],"about":[{"href":"https:\/\/ccoo.app\/ajuntament-de-granollers\/wp-json\/wp\/v2\/types\/page"}],"author":[{"embeddable":true,"href":"https:\/\/ccoo.app\/ajuntament-de-granollers\/wp-json\/wp\/v2\/users\/4886"}],"replies":[{"embeddable":true,"href":"https:\/\/ccoo.app\/ajuntament-de-granollers\/wp-json\/wp\/v2\/comments?post=2796"}],"version-history":[{"count":4,"href":"https:\/\/ccoo.app\/ajuntament-de-granollers\/wp-json\/wp\/v2\/pages\/2796\/revisions"}],"predecessor-version":[{"id":3039,"href":"https:\/\/ccoo.app\/ajuntament-de-granollers\/wp-json\/wp\/v2\/pages\/2796\/revisions\/3039"}],"wp:attachment":[{"href":"https:\/\/ccoo.app\/ajuntament-de-granollers\/wp-json\/wp\/v2\/media?parent=2796"}],"curies":[{"name":"wp","href":"https:\/\/api.w.org\/{rel}","templated":true}]}}