{"id":2791,"date":"2023-05-24T11:02:28","date_gmt":"2023-05-24T09:02:28","guid":{"rendered":"https:\/\/ccoo.app\/ajuntament-de-granollers\/?page_id=2791"},"modified":"2023-09-12T16:48:30","modified_gmt":"2023-09-12T14:48:30","slug":"presentacio-de-la-seccio-sindical","status":"publish","type":"page","link":"https:\/\/ccoo.app\/ajuntament-de-granollers\/presentacio-de-la-seccio-sindical\/","title":{"rendered":"Presentaci\u00f3 de la secci\u00f3 sindical"},"content":{"rendered":"\n<h2 class=\"wp-block-heading\">Som la primera organitzaci\u00f3 sindical i la m\u00e9s \u00fatil per assolir i protegir els nostres drets<\/h2>\n\n\n\n<p><br>En aquests darrers anys <strong>hem aconseguit recuperar una part del poder adquisitiu perdut a trav\u00e9s de la valoraci\u00f3 de llocs de treba<\/strong>ll i de la negociaci\u00f3 en Escoles Bressol i Conservatori de M\u00fasica. <\/p>\n\n\n\n<p><strong>Hem assolit reduir l&#8217;ab\u00fas de la temporalitat<\/strong> mitjan\u00e7ant els processos de consolidaci\u00f3, hem treballat en l&#8217;elaboraci\u00f3 del pla d&#8217;igualtat, el de mobilitat i el protocol d&#8217;assetjament amb una clara visi\u00f3 de g\u00e8nere, i en les mesures de prevenci\u00f3 i protecci\u00f3 durant la crisi del COVID 19, per\u00f2 no hem aconseguit tancar un pla de carrera professional que reconegui econ\u00f2micament les responsabilitats, els compromisos, la formaci\u00f3 i l&#8217;expertesa en els nostres llocs de treball, per aix\u00f2 renovem els nostres compromisos i volem continuar lluitant per:<\/p>\n\n\n\n<p>La secci\u00f3 sindical i les delegades de CCOO <strong>treballem per a tot el personal p\u00fablic de l&#8217;Ajuntament, siguin del servei que siguin<\/strong>, i lluitem tant a dins de l&#8217;Ajuntament com a fora. Part important de les propostes del programa electoral 2018-2022, les hem assolit, tan perqu\u00e8 ho hem defensat davant de recursos humans, com perqu\u00e8 a trav\u00e9s de les nostres representants territorials les hem convertit en propostes priorit\u00e0ries en l&#8217;\u00e0mbit nacional.<\/p>\n","protected":false},"excerpt":{"rendered":"<p>Som la primera organitzaci\u00f3 sindical i la m\u00e9s \u00fatil per assolir i protegir els nostres drets En aquests darrers anys hem aconseguit recuperar una part del poder adquisitiu perdut a &#8230; <a title=\"Presentaci\u00f3 de la secci\u00f3 sindical\" class=\"read-more\" href=\"https:\/\/ccoo.app\/ajuntament-de-granollers\/presentacio-de-la-seccio-sindical\/\" aria-label=\"Leer m\u00e1s sobre Presentaci\u00f3 de la secci\u00f3 sindical\">Llegir m\u00e9s<\/a><\/p>\n","protected":false},"author":4886,"featured_media":0,"parent":0,"menu_order":0,"comment_status":"closed","ping_status":"closed","template":"","meta":{"footnotes":""},"class_list":["post-2791","page","type-page","status-publish"],"_links":{"self":[{"href":"https:\/\/ccoo.app\/ajuntament-de-granollers\/wp-json\/wp\/v2\/pages\/2791","targetHints":{"allow":["GET"]}}],"collection":[{"href":"https:\/\/ccoo.app\/ajuntament-de-granollers\/wp-json\/wp\/v2\/pages"}],"about":[{"href":"https:\/\/ccoo.app\/ajuntament-de-granollers\/wp-json\/wp\/v2\/types\/page"}],"author":[{"embeddable":true,"href":"https:\/\/ccoo.app\/ajuntament-de-granollers\/wp-json\/wp\/v2\/users\/4886"}],"replies":[{"embeddable":true,"href":"https:\/\/ccoo.app\/ajuntament-de-granollers\/wp-json\/wp\/v2\/comments?post=2791"}],"version-history":[{"count":2,"href":"https:\/\/ccoo.app\/ajuntament-de-granollers\/wp-json\/wp\/v2\/pages\/2791\/revisions"}],"predecessor-version":[{"id":2860,"href":"https:\/\/ccoo.app\/ajuntament-de-granollers\/wp-json\/wp\/v2\/pages\/2791\/revisions\/2860"}],"wp:attachment":[{"href":"https:\/\/ccoo.app\/ajuntament-de-granollers\/wp-json\/wp\/v2\/media?parent=2791"}],"curies":[{"name":"wp","href":"https:\/\/api.w.org\/{rel}","templated":true}]}}