{"id":3397,"date":"2023-12-14T00:37:44","date_gmt":"2023-12-13T23:37:44","guid":{"rendered":"https:\/\/ccoo.app\/ajlh\/?page_id=3397"},"modified":"2025-01-31T18:37:49","modified_gmt":"2025-01-31T17:37:49","slug":"legislacio","status":"publish","type":"page","link":"https:\/\/ccoo.app\/ajlh\/?page_id=3397","title":{"rendered":"Lleis"},"content":{"rendered":"\n<div class=\"wp-block-columns is-layout-flex wp-container-core-columns-is-layout-9d6595d7 wp-block-columns-is-layout-flex\">\n<div class=\"wp-block-column is-layout-flow wp-block-column-is-layout-flow\"><div class=\"wp-block-image\">\n<figure class=\"aligncenter size-full\"><a href=\"https:\/\/www.boe.es\/buscar\/act.php?id=BOE-A-2015-11430\"><img loading=\"lazy\" decoding=\"async\" width=\"271\" height=\"96\" src=\"https:\/\/ccoo.app\/ajlh\/wp-content\/blogs.dir\/6\/files\/sites\/142\/2021\/05\/BOTO-ESTATUT-TREBALLADORS.png\" alt=\"\" class=\"wp-image-668\" \/><\/a><\/figure>\n<\/div><\/div>\n\n\n\n<div class=\"wp-block-column is-layout-flow wp-block-column-is-layout-flow\"><div class=\"wp-block-image\">\n<figure class=\"aligncenter size-full\"><a href=\"https:\/\/www.boe.es\/buscar\/act.php?id=BOE-A-2015-11719\"><img loading=\"lazy\" decoding=\"async\" width=\"271\" height=\"96\" src=\"https:\/\/ccoo.app\/ajlh\/wp-content\/blogs.dir\/6\/files\/sites\/142\/2021\/05\/BOTO-EBEP.png\" alt=\"\" class=\"wp-image-667\" \/><\/a><\/figure>\n<\/div><\/div>\n\n\n\n<div class=\"wp-block-column is-layout-flow wp-block-column-is-layout-flow\"><div class=\"wp-block-image\">\n<figure class=\"aligncenter size-full\"><a href=\"https:\/\/cemical.diba.cat\/codi\"><img loading=\"lazy\" decoding=\"async\" width=\"150\" height=\"70\" src=\"https:\/\/ccoo.app\/ajlh\/wp-content\/blogs.dir\/6\/files\/sites\/142\/2021\/05\/BOTO-CEMICAL.png\" alt=\"\" class=\"wp-image-666\" \/><\/a><\/figure>\n<\/div><\/div>\n<\/div>\n\n\n\n<div class=\"wp-block-columns is-layout-flex wp-container-core-columns-is-layout-9d6595d7 wp-block-columns-is-layout-flex\">\n<div class=\"wp-block-column is-layout-flow wp-block-column-is-layout-flow\">\n<h2 class=\"wp-block-heading has-text-align-center has-white-color has-vivid-cyan-blue-background-color has-text-color has-background has-medium-font-size\">LEGISLACI\u00d3 ESTATAL<\/h2>\n\n\n\n<ul style=\"background-color:#8dd2fc59;font-style:normal;font-weight:500\" class=\"wp-block-list has-background\">\n<li><a href=\"https:\/\/www.boe.es\/buscar\/act.php?id=BOE-A-1978-31229\" target=\"_blank\" rel=\"noreferrer noopener\">Constituci\u00f3n Espa\u00f1ola 1978<\/a><\/li>\n\n\n\n<li><a rel=\"noreferrer noopener\" href=\"https:\/\/www.boe.es\/buscar\/act.php?id=BOE-A-1985-5392\" target=\"_blank\">Ley 7\/1985 Reguladora de las Bases del R\u00e9gimen Local<\/a><\/li>\n\n\n\n<li><a rel=\"noreferrer noopener\" href=\"https:\/\/www.boe.es\/buscar\/act.php?id=BOE-A-1986-9865\" target=\"_blank\">RDL 781\/1986 texto refundido de las disposiciones legales vigentes en materia de R\u00e9gimen Local<\/a><\/li>\n\n\n\n<li><a rel=\"noreferrer noopener\" href=\"https:\/\/www.boe.es\/buscar\/act.php?id=BOE-A-2013-13756\" target=\"_blank\">Ley 27\/2013 de Racionalizaci\u00f3n y sostenibilidad de la Administraci\u00f3n Local<\/a><\/li>\n\n\n\n<li><a rel=\"noreferrer noopener\" href=\"https:\/\/www.boe.es\/buscar\/act.php?id=BOE-A-1985-16660\" target=\"_blank\">Ley Org\u00e0nica 11\/1985 de Libertad Sindical<\/a>&nbsp;<\/li>\n\n\n\n<li><a rel=\"noreferrer noopener\" href=\"http:\/\/www.boe.es\/buscar\/act.php?id=BOE-A-1985-151\" target=\"_blank\">Ley 53\/1984, de 26 de diciembre, de Incompatibilidades del Personal al Servicio de las Administraciones P\u00fablicas<\/a><\/li>\n\n\n\n<li><a rel=\"noreferrer noopener\" href=\"https:\/\/www.boe.es\/buscar\/act.php?id=BOE-A-2013-12887\" target=\"_blank\">Llei 19\/2013, de transparencia, acceso a la informaci\u00f3n p\u00fablica i buen gobierno<\/a>&nbsp;<br>&gt;&gt;&nbsp;<a rel=\"noreferrer noopener\" href=\"https:\/\/docs.google.com\/a\/ccoo.cat\/viewer?a=v&amp;pid=sites&amp;srcid=Y2Nvby5jYXR8ZnNjX3NlY3Rvcl9sb2NhbHxneDo0NWNiZjEzZjA2ZTlkYmFk\" target=\"_blank\">versi\u00f3 en catal\u00e0<\/a><\/li>\n\n\n\n<li><a rel=\"noreferrer noopener\" href=\"https:\/\/www.boe.es\/buscar\/act.php?id=BOE-A-1999-23750\" target=\"_blank\">Ley 15\/1999 de Protecci\u00f3n de Datos de Car\u00e0cter Personal<\/a><\/li>\n\n\n\n<li><a rel=\"noreferrer noopener\" href=\"https:\/\/www.boe.es\/buscar\/act.php?id=BOE-A-1995-24292\" target=\"_blank\">Ley 31\/1995 Prevenci\u00f3n Riegos Laborales<\/a><\/li>\n\n\n\n<li><a rel=\"noreferrer noopener\" href=\"https:\/\/www.boe.es\/buscar\/act.php?id=BOE-A-1997-1853\" target=\"_blank\">Real Decreto 39\/1997 Reglamento de los Servicios de Prevenci\u00f3n.<\/a><\/li>\n\n\n\n<li><a rel=\"noreferrer noopener\" href=\"https:\/\/www.boe.es\/buscar\/act.php?id=BOE-A-2015-10565&amp;p=20151002&amp;tn=2\" target=\"_blank\">Ley 39\/2015 Procedimiento Administrativo Com\u00fan de las Administraciones P\u00fablicas.<\/a><\/li>\n\n\n\n<li><a rel=\"noreferrer noopener\" href=\"https:\/\/www.boe.es\/buscar\/act.php?id=BOE-A-2015-10566\" target=\"_blank\">Ley 40\/2015, R\u00e9gimen Jur\u00eddico del Sector P\u00fablico.<\/a><\/li>\n\n\n\n<li><a rel=\"noreferrer noopener\" href=\"https:\/\/www.boe.es\/buscar\/act.php?id=BOE-A-2015-11724#ddunica\" target=\"_blank\">RDL 8\/2015 Texto refundido Ley Seguridad Social<\/a><\/li>\n\n\n\n<li><a rel=\"noreferrer noopener\" href=\"https:\/\/www.boe.es\/buscar\/act.php?id=BOE-A-2023-4513\" target=\"_blank\">Ley 2\/2023, de 20 de febrero, reguladora de la protecci\u00f3n de las personas que informen sobre infracciones normativas y de lucha contra la corrupci\u00f3n.<\/a><\/li>\n<\/ul>\n<\/div>\n\n\n\n<div class=\"wp-block-column is-layout-flow wp-block-column-is-layout-flow\">\n<h2 class=\"wp-block-heading has-text-align-center has-white-color has-text-color has-background has-medium-font-size\" style=\"background-color:#d29b04\"> CATALUNYA<\/h2>\n\n\n\n<ul style=\"background-color:#fcb90042;font-style:normal;font-weight:500\" class=\"wp-block-list has-background\">\n<li><a rel=\"noreferrer noopener\" href=\"http:\/\/www20.gencat.cat\/portal\/site\/portaljuridic\/menuitem.d15a4e5dfb99396dc366ec10b0c0e1a0\/?action=fitxa&amp;documentId=401680\" target=\"_blank\">2006 Estatut d\u2019autonomia de Catalunya<\/a><\/li>\n\n\n\n<li><a rel=\"noreferrer noopener\" href=\"http:\/\/www20.gencat.cat\/portal\/site\/portaljuridic\/menuitem.d15a4e5dfb99396dc366ec10b0c0e1a0\/?action=fitxa&amp;documentId=320821\" target=\"_blank\">DL 2\/2003 Text ref\u00f2s de la Llei municipal i de r\u00e8gim local de Catalunya<\/a><\/li>\n\n\n\n<li><a rel=\"noreferrer noopener\" href=\"http:\/\/www20.gencat.cat\/portal\/site\/portaljuridic\/menuitem.d15a4e5dfb99396dc366ec10b0c0e1a0\/?action=fitxa&amp;documentId=546116\" target=\"_blank\">Llei 27\/2010 R\u00e8gim jur\u00eddic i de procediment de les administracions p\u00fabliques de Catalunya<\/a><\/li>\n\n\n\n<li><a rel=\"noreferrer noopener\" href=\"http:\/\/www20.gencat.cat\/portal\/site\/portaljuridic\/menuitem.d15a4e5dfb99396dc366ec10b0c0e1a0\/?action=fitxa&amp;documentId=174084\" target=\"_blank\">DL 1\/1997 Text ref\u00f2s funci\u00f3 p\u00fablica de Catalunya<\/a><\/li>\n\n\n\n<li><a rel=\"noreferrer noopener\" href=\"http:\/\/www20.gencat.cat\/portal\/site\/portaljuridic\/menuitem.d15a4e5dfb99396dc366ec10b0c0e1a0\/?action=fitxa&amp;documentId=46239\" target=\"_blank\">Decret 214\/1990 Reglament del personal al servei de les entitats locals catalanes<\/a><\/li>\n\n\n\n<li><a rel=\"noreferrer noopener\" href=\"https:\/\/portaljuridic.gencat.cat\/ca\/pjur_ocults\/pjur_resultats_fitxa\/?action=fitxa&amp;mode=single&amp;documentId=110907&amp;versionId=1232921&amp;language=ca_ES\" target=\"_blank\">Decret 243\/1995 Reglament de r\u00e8gim disciplinari de la funci\u00f3 p\u00fablica de l\u2019Administraci\u00f3 de la Generalitat de Catalunya.<\/a><\/li>\n\n\n\n<li><a rel=\"noreferrer noopener\" href=\"http:\/\/portaljuridic.gencat.cat\/ca\/pjur_ocults\/pjur_resultats_fitxa\/?documentId=63415&amp;action=fitxa\" target=\"_blank\">Llei 17\/1991 de policies locals de Catalunya<\/a><\/li>\n\n\n\n<li><a rel=\"noreferrer noopener\" href=\"http:\/\/portaljuridic.gencat.cat\/ca\/pjur_ocults\/pjur_resultats_fitxa\/?action=fitxa&amp;mode=single&amp;documentId=680124&amp;language=ca_ES\" target=\"_blank\">Llei 19\/2014&nbsp;de transpar\u00e8ncia, acc\u00e9s a la informaci\u00f3 p\u00fablica i bon govern<\/a><\/li>\n\n\n\n<li><a rel=\"noreferrer noopener\" href=\"http:\/\/portaljuridic.gencat.cat\/ca\/pjur_ocults\/pjur_resultats_fitxa\/?action=fitxa&amp;mode=single&amp;documentId=698967&amp;language=ca_ES\" target=\"_blank\">Llei 17\/2015&nbsp;d\u2019igualtat efectiva de dones i homes<\/a><\/li>\n\n\n\n<li><a rel=\"noreferrer noopener\" href=\"https:\/\/dogc.gencat.cat\/ca\/document-del-dogc\/?documentId=275078\" target=\"_blank\">DECRET 161\/2002, d\u201911 de juny, sobre l\u2019acreditaci\u00f3 del coneixement del catal\u00e0<\/a><\/li>\n<\/ul>\n<\/div>\n<\/div>\n\n\n\n<p><\/p>\n","protected":false},"excerpt":{"rendered":"<p>LEGISLACI\u00d3 ESTATAL CATALUNYA<\/p>\n","protected":false},"author":10,"featured_media":0,"parent":0,"menu_order":0,"comment_status":"closed","ping_status":"closed","template":"","meta":{"footnotes":""},"class_list":["post-3397","page","type-page","status-publish"],"featured_image_src":null,"featured_image_src_square":null,"_links":{"self":[{"href":"https:\/\/ccoo.app\/ajlh\/index.php?rest_route=\/wp\/v2\/pages\/3397","targetHints":{"allow":["GET"]}}],"collection":[{"href":"https:\/\/ccoo.app\/ajlh\/index.php?rest_route=\/wp\/v2\/pages"}],"about":[{"href":"https:\/\/ccoo.app\/ajlh\/index.php?rest_route=\/wp\/v2\/types\/page"}],"author":[{"embeddable":true,"href":"https:\/\/ccoo.app\/ajlh\/index.php?rest_route=\/wp\/v2\/users\/10"}],"replies":[{"embeddable":true,"href":"https:\/\/ccoo.app\/ajlh\/index.php?rest_route=%2Fwp%2Fv2%2Fcomments&post=3397"}],"version-history":[{"count":2,"href":"https:\/\/ccoo.app\/ajlh\/index.php?rest_route=\/wp\/v2\/pages\/3397\/revisions"}],"predecessor-version":[{"id":4150,"href":"https:\/\/ccoo.app\/ajlh\/index.php?rest_route=\/wp\/v2\/pages\/3397\/revisions\/4150"}],"wp:attachment":[{"href":"https:\/\/ccoo.app\/ajlh\/index.php?rest_route=%2Fwp%2Fv2%2Fmedia&parent=3397"}],"curies":[{"name":"wp","href":"https:\/\/api.w.org\/{rel}","templated":true}]}}