{"id":840,"date":"2019-07-11T12:08:17","date_gmt":"2019-07-11T11:08:17","guid":{"rendered":"http:\/\/ccoo.app\/ajgirona\/?page_id=840"},"modified":"2019-07-11T12:08:17","modified_gmt":"2019-07-11T11:08:17","slug":"afiliacio","status":"publish","type":"page","link":"https:\/\/ccoo.app\/ajgirona\/afiliacio\/","title":{"rendered":"Afiliaci\u00f3"},"content":{"rendered":"<div id=\"pl-840\" class=\"panel-layout\">\n<div id=\"pg-840-0\" class=\"panel-grid panel-no-style\">\n<div id=\"pgc-840-0-0\" class=\"panel-grid-cell\" data-weight=\"1\">\n<div id=\"panel-840-0-0-0\" class=\"so-panel widget widget_sow-editor panel-first-child panel-last-child\" data-index=\"0\" data-style=\"{&quot;background_image_attachment&quot;:false,&quot;background_display&quot;:&quot;tile&quot;}\">\n<div class=\"so-widget-sow-editor so-widget-sow-editor-base\">\n<div class=\"siteorigin-widget-tinymce textwidget\">\n<p>&nbsp;<\/p>\n<p><a href=\"http:\/\/www.ccoo.cat\/fsc\/documents\/afiliacio\/full_afiliacio_fsc.pdf\"><img loading=\"lazy\" decoding=\"async\" class=\"size-full wp-image-844 aligncenter\" src=\"http:\/\/ccoo.app\/ajgirona\/wp-content\/blogs.dir\/6\/files\/sites\/233\/2019\/07\/fsc_afiliacio_.png\" alt=\"\" width=\"270\" height=\"95\"><\/a><\/p>\n<p><a href=\"http:\/\/www.ccoo.cat\/aspnet\/ofertes.aspx\">Ofertes i promocions puntuals per a afiliats i afiliades de CCOO de Catalunya<\/a><\/p>\n<p><a href=\"http:\/\/www.ccoo.cat\/fsc\/aspnet\/assessorament.aspx\">Assessorament<\/a><\/p>\n<p><a href=\"http:\/\/www.ccoo.cat\/fsc\/noticia\/190072\/asseguranca-en-situacio-dilt-per-malaltia-i-accident-no-laboral#.XScZzev7TZ7\">Asseguran\u00e7a per baixes no laborals<\/a><\/p>\n<p><a href=\"https:\/\/es.fundaciopacopuerto.cat\/\">Formaci\u00f3<\/a><\/p>\n<p>Ens afiliem a CCOO perqu\u00e8 sabem que junts som m\u00e9s forts i perqu\u00e8 volem un sindicat nostre, independent de qualsevol poder econ\u00f2mic o pol\u00edtic. CCOO \u00e9s la primera for\u00e7a sindical perqu\u00e8 nom\u00e9s ens pertany a nosaltres.<br \/>\nCCOO \u00e9s la nostra garantia, la protecci\u00f3 que tenim perqu\u00e8 la direcci\u00f3 de l&#8217;empresa no ens imposi els seus interessos i decisions. Per fer complir i millorar els nostres drets recollits en els convenis col\u00b7lectius, les lleis i els acords socials.<br \/>\nCCOO \u00e9s la nostra for\u00e7a. Amb cada nova persona que s&#8217;afilia a CCOO som m\u00e9s i tenim m\u00e9s for\u00e7a per negociar millors salaris i condicions de treball a trav\u00e9s dels convenis col\u00b7lectius.<br \/>\nCCOO \u00e9s el nostre suport. Davant els problemes laborals estar junts ens permet comptar amb el millor assessorament laboral i legal com afiliades i afiliats. Estar afiliats a CCOO ens ajuda a accedir a la formaci\u00f3 professional, a fi de poder trobar o millorar el nostre treball.<br \/>\nCCOO \u00e9s la nostra protecci\u00f3 tamb\u00e9 fora de l&#8217;empresa, perqu\u00e8 en ser el sindicat m\u00e9s important del pa\u00eds, \u00e9s tamb\u00e9 la millor garantia per mantenir i millorar la protecci\u00f3 social: les pensions, la protecci\u00f3 per desocupaci\u00f3, els drets de les persones amb depend\u00e8ncies, els serveis p\u00fablics, transport, infraestructures&#8230;<br \/>\nCCOO est\u00e0 al nostre servei, i ens permet comptar amb importants avantatges com el gabinet jur\u00eddic, la cooperativa d&#8217;habitatge, descomptes en assegurances i en gran quantitat de serveis.<\/p>\n<p>L&#8217;afiliaci\u00f3 a CCOO ens d\u00f3na dret a:<\/p>\n<p>Assessorament sindical<\/p>\n<p>Tot el que cal saber sobre el nostre conveni, salari, liquidaci\u00f3, contracte, horari &#8230;<\/p>\n<p>Gabinet jur\u00eddic i t\u00e8cnic<\/p>\n<p>Quan necessitem l&#8217;assist\u00e8ncia d&#8217;un advocat \/ a o economista, el nostre Gabinet compta amb m\u00e9s de 50 professionals especialitzats i d&#8217;alt prestigi.<\/p>\n<p>Formaci\u00f3 i orientaci\u00f3 professional<\/p>\n<p>A CCOO podem obtenir formaci\u00f3 gratu\u00efta i d&#8217;alta qualitat accedint a una \u00e0mplia oferta de cursos a tot Catalunya. Tamb\u00e9 disposem de assessorament per a la recerca de feina.<\/p>\n<p>Assessorament per a immigrants i per treballar a Europa<\/p>\n<p>Aprofitant els m\u00e9s de 25 anys d&#8217;experi\u00e8ncia en mobilitat de treballadors del nostre Centre d&#8217;Informaci\u00f3 per a Treballadors Estrangers (CITE). CCOO ha ampliat el servei d&#8217;assessorament als nouvinguts amb un nou servei d&#8217;orientaci\u00f3 i assessorament per a aquelles persones que volen anar a treballar a Europa, perqu\u00e8 ho facin en les millors condicions.<\/p>\n<p>Assegurances<\/p>\n<p>A partir d&#8217;un any d&#8217;afiliaci\u00f3 a CCOO, tenim dret a una p\u00f2lissa gratu\u00efta de 9.000 \u20ac en cas de mort per accident. Aix\u00ed mateix disposem de condicions especials per a contractar tot tipus d&#8217;assegurances a ATLANTIS, l&#8217;asseguradora social m\u00e9s important d&#8217;Europa. Tamb\u00e9 comptem amb un pla associat de pensions.<\/p>\n<p>Descomptes<\/p>\n<p>En ser m\u00e9s de 150.000 persones afiliades, establim contractes de col\u00b7laboraci\u00f3 amb empreses, professionals i comer\u00e7os que ens permet tenir importants descomptes en serveis tan diversos com dentista, espectacles, roba o un cotxe.<\/p>\n<p>Cultura<\/p>\n<p>Refor\u00e7ar la cultura com a creadora de pensament cr\u00edtic des d&#8217;un treball en xarxa i transversal, i defensar la participaci\u00f3 en la vida cultural com un dret de ciutadania dels treballadors i treballadores. Entre els beneficis de ser afiliat o afiliada, pots gaudir de la cartellera mensual.<\/p>\n<p>Deducci\u00f3 IRPF de la quota d&#8217;afiliaci\u00f3<\/p>\n<p>Ag\u00e8ncia Tribut\u00e0ria L&#8217;Ag\u00e8ncia quota d&#8217;afiliaci\u00f3 sindical a CCOO \u00e9s una despesa que desgrava quan facis la declaraci\u00f3 de la renda. Entre el 0% i el 35%, aix\u00ed ens ho marca la llei de l&#8217;IRPF.<\/p>\n<p><span style=\"font-size: 8pt\">Quotes mensuals vigents:<\/span><br \/>\n<span style=\"font-size: 8pt\">Quota S\u00faper Redu\u00efda (S) 2,00 Euros mensuals. D&#8217;aplicaci\u00f3 per a persones que no perceben ingressos, retribucions o prestacions en quanties brutes iguals o inferiors al RMI (5.112 EUROS). D&#8217;aplicaci\u00f3 tamb\u00e9 per a persones Joves menors de 30 anys a la recerca de la primera ocupaci\u00f3, que trien aquest tipus de quota, i els joves que faci m\u00e9s de sis mesos en situaci\u00f3 de simpatitzant.<\/span><br \/>\n<span style=\"font-size: 8pt\">Quota especial (E) 6,75 Euros mensuals. D&#8217;aplicaci\u00f3 per a persones amb retribucions, ingressos o prestacions brutes superiors al RMI i inferiors al 135% del SMI (de 5.113-12.259 euros Any)<\/span><br \/>\n<span style=\"font-size: 8pt\">Quota General Redu\u00efda (G) 11,20 euros mensuals. D&#8217;aplicaci\u00f3 per a persones amb retribucions i prestacions brutes entre el 135% -235% de l&#8217;SMI el 2015 (12.260 Euros a 21.338 Euros \/ Any)<\/span><br \/>\n<span style=\"font-size: 8pt\">Quota General Ordin\u00e0ria (V) 11,50 euros mensuals. D&#8217;aplicaci\u00f3 a persones amb retribucions brutes superiors al 235% SMI de 2015 (Des de 21.339 Euros \/ Any).<\/span><br \/>\n<span style=\"font-size: 8pt\">Quota Militant (M) 15,00 euros mensuals. Quota Volunt\u00e0ria. Tamb\u00e9 hi ha la possibilitat d&#8217;abonar per les persones afiliades una quota anomenada quota militant per un import de 15 euros mensuals. De car\u00e0cter voluntari i solidari i l&#8217;objectiu \u00e9s compensar l&#8217;efecte econ\u00f2mic que suposa l&#8217;aplicaci\u00f3 dels altres tipus de quotes d&#8217;imports inferiors per a col\u00b7lectius amb els ingressos m\u00e9s baixos o sense ingressos.<\/span><\/p>\n<\/div>\n<\/div>\n<\/div>\n<\/div>\n<\/div>\n<\/div>\n","protected":false},"excerpt":{"rendered":"<p>&nbsp; Ofertes i promocions puntuals per a afiliats i afiliades de CCOO de Catalunya Assessorament Asseguran\u00e7a per baixes no laborals Formaci\u00f3 Ens afiliem a CCOO perqu\u00e8 sabem que junts som &#8230; <a title=\"Afiliaci\u00f3\" class=\"read-more\" href=\"https:\/\/ccoo.app\/ajgirona\/afiliacio\/\" aria-label=\"M\u00e9s informaci\u00f3 sobre Afiliaci\u00f3\">Read more<\/a><\/p>\n","protected":false},"author":10,"featured_media":0,"parent":0,"menu_order":0,"comment_status":"closed","ping_status":"closed","template":"","meta":{"footnotes":""},"class_list":["post-840","page","type-page","status-publish"],"_links":{"self":[{"href":"https:\/\/ccoo.app\/ajgirona\/wp-json\/wp\/v2\/pages\/840","targetHints":{"allow":["GET"]}}],"collection":[{"href":"https:\/\/ccoo.app\/ajgirona\/wp-json\/wp\/v2\/pages"}],"about":[{"href":"https:\/\/ccoo.app\/ajgirona\/wp-json\/wp\/v2\/types\/page"}],"author":[{"embeddable":true,"href":"https:\/\/ccoo.app\/ajgirona\/wp-json\/wp\/v2\/users\/10"}],"replies":[{"embeddable":true,"href":"https:\/\/ccoo.app\/ajgirona\/wp-json\/wp\/v2\/comments?post=840"}],"version-history":[{"count":0,"href":"https:\/\/ccoo.app\/ajgirona\/wp-json\/wp\/v2\/pages\/840\/revisions"}],"wp:attachment":[{"href":"https:\/\/ccoo.app\/ajgirona\/wp-json\/wp\/v2\/media?parent=840"}],"curies":[{"name":"wp","href":"https:\/\/api.w.org\/{rel}","templated":true}]}}