{"id":25,"date":"2020-02-13T13:17:50","date_gmt":"2020-02-13T18:17:50","guid":{"rendered":"https:\/\/gpsites.co\/read\/?page_id=25"},"modified":"2025-01-28T11:21:41","modified_gmt":"2025-01-28T10:21:41","slug":"home","status":"publish","type":"page","link":"https:\/\/ccoo.app\/ajgirona\/","title":{"rendered":"Inici"},"content":{"rendered":"\n<div class=\"wp-block-cover alignfull is-light\" style=\"min-height:400px;aspect-ratio:unset;\"><span aria-hidden=\"true\" class=\"wp-block-cover__background has-background-dim-0 has-background-dim\"><\/span><img loading=\"lazy\" decoding=\"async\" width=\"1440\" height=\"400\" class=\"wp-block-cover__image-background wp-image-2637\" alt=\"\" src=\"http:\/\/ccoo.app\/plantilla\/wp-content\/blogs.dir\/6\/files\/sites\/8\/2021\/02\/fond-cabecera-ccoo-1-1.jpg\" data-object-fit=\"cover\" srcset=\"https:\/\/ccoo.app\/ajgirona\/wp-content\/blogs.dir\/6\/files\/sites\/233\/2021\/02\/fond-cabecera-ccoo-1-1.jpg 1440w, https:\/\/ccoo.app\/ajgirona\/wp-content\/blogs.dir\/6\/files\/sites\/233\/2021\/02\/fond-cabecera-ccoo-1-1-300x83.jpg 300w, https:\/\/ccoo.app\/ajgirona\/wp-content\/blogs.dir\/6\/files\/sites\/233\/2021\/02\/fond-cabecera-ccoo-1-1-1024x284.jpg 1024w, https:\/\/ccoo.app\/ajgirona\/wp-content\/blogs.dir\/6\/files\/sites\/233\/2021\/02\/fond-cabecera-ccoo-1-1-768x213.jpg 768w\" sizes=\"auto, (max-width: 1440px) 100vw, 1440px\" \/><div class=\"wp-block-cover__inner-container is-layout-flow wp-block-cover-is-layout-flow\">\n<div class=\"wp-block-cover is-light\" style=\"min-height:300px;aspect-ratio:unset;\"><span aria-hidden=\"true\" class=\"wp-block-cover__background has-background-dim-0 has-background-dim\"><\/span><img decoding=\"async\" class=\"wp-block-cover__image-background wp-image-2343\" alt=\"\" src=\"http:\/\/ccoo.app\/wp-content\/blogs.dir\/6\/files\/2021\/01\/Elementos-CCOO-cabecera.png\" data-object-fit=\"cover\"\/><div class=\"wp-block-cover__inner-container is-layout-flow wp-block-cover-is-layout-flow\">\n<div class=\"wp-block-group\"><div class=\"wp-block-group__inner-container is-layout-flow wp-block-group-is-layout-flow\">\n<h1 class=\"wp-block-heading has-text-align-center has-black-color has-text-color\" id=\"seccion-sindical\" style=\"font-size:44px\">Secci\u00f3 Sindical Ajuntament de Girona<\/h1>\n\n\n\n<div class=\"wp-block-columns is-layout-flex wp-container-core-columns-is-layout-9d6595d7 wp-block-columns-is-layout-flex\">\n<div class=\"wp-block-column is-layout-flow wp-block-column-is-layout-flow\" style=\"flex-basis:15%\"><\/div>\n\n\n\n<div class=\"wp-block-column is-layout-flow wp-block-column-is-layout-flow\" style=\"flex-basis:70%\">\n<p><span style=\"background-color:rgba(0, 0, 0, 0)\" class=\"has-inline-color has-black-color\">Treballadors i treballadores, i especialment Afiliats i Afiliades a CCOO, us donem la benvinguda a la nostra web, amb informaci\u00f3 del vostre inter\u00e8s i de la forma m\u00e9s \u00fatil, d&#8217;acord amb el vostre perfil i que us permetr\u00e0 participar.<br>Nous temps, noves necessitats, noves vies i les CCOO de sempre, ara en la teva butxaca.<\/span><\/p>\n<\/div>\n\n\n\n<div class=\"wp-block-column is-layout-flow wp-block-column-is-layout-flow\" style=\"flex-basis:15%\"><\/div>\n<\/div>\n<\/div><\/div>\n<\/div><\/div>\n<\/div><\/div>\n\n\n\n<div class=\"wp-block-cover alignfull is-light\" style=\"min-height:380px;aspect-ratio:unset;\"><span aria-hidden=\"true\" class=\"wp-block-cover__background has-background-dim-0 has-background-dim\"><\/span><img decoding=\"async\" class=\"wp-block-cover__image-background wp-image-2356\" alt=\"\" src=\"https:\/\/ccoo.app\/wp-content\/blogs.dir\/6\/files\/2021\/01\/fond-hero.svg\" data-object-fit=\"cover\"\/><div class=\"wp-block-cover__inner-container is-layout-flow wp-block-cover-is-layout-flow\">\n<div class=\"wp-block-group\"><div class=\"wp-block-group__inner-container is-layout-flow wp-block-group-is-layout-flow\">\n<div class=\"wp-block-columns is-layout-flex wp-container-core-columns-is-layout-9d6595d7 wp-block-columns-is-layout-flex\">\n<div class=\"wp-block-column is-layout-flow wp-block-column-is-layout-flow\"><div class=\"wp-block-image is-resized\">\n<figure class=\"aligncenter size-large\"><img decoding=\"async\" src=\"https:\/\/ccoo.app\/wp-content\/blogs.dir\/6\/files\/2021\/01\/noticias-ccoo.jpg\" alt=\"\" class=\"wp-image-2358\"\/><\/figure>\n<\/div><\/div>\n\n\n\n<div class=\"wp-block-column is-layout-flow wp-block-column-is-layout-flow\">\n<h2 class=\"wp-block-heading titulo-noticias has-black-color has-text-color\" id=\"descubre-nuestrasultimas-noticias\"><br>Descobreix les nostres<br>\u00faltimes not\u00edcies<\/h2>\n\n\n\n<figure class=\"wp-block-image size-large is-resized barra-decoracion\"><img decoding=\"async\" src=\"https:\/\/ccoo.app\/wp-content\/blogs.dir\/6\/files\/2021\/01\/Rectangle-126.svg\" alt=\"\" class=\"wp-image-2357\" style=\"width:281px;height:6px\"\/><\/figure>\n\n\n\n<p><\/p>\n\n\n\n<div class=\"wp-block-buttons is-layout-flex wp-block-buttons-is-layout-flex\">\n<div class=\"wp-block-button\"><a class=\"wp-block-button__link has-white-color has-black-background-color has-text-color has-background no-border-radius wp-element-button\" href=\"https:\/\/ccoo.app\/ajgirona\/el-cocoter\/\">ACTUALITAT<\/a><\/div>\n<\/div>\n\n\n\n<p class=\"has-black-color has-text-color\"><br><\/p>\n<\/div>\n<\/div>\n<\/div><\/div>\n<\/div><\/div>\n\n\n\n<div style=\"height:40px\" aria-hidden=\"true\" class=\"wp-block-spacer\"><\/div>\n\n\n<ul class=\"wp-block-latest-posts__list is-grid columns-3 has-dates wp-block-latest-posts\"><li><div class=\"wp-block-latest-posts__featured-image aligncenter\"><img loading=\"lazy\" decoding=\"async\" width=\"300\" height=\"200\" src=\"https:\/\/ccoo.app\/ajgirona\/wp-content\/blogs.dir\/6\/files\/sites\/233\/2024\/10\/premium_photo-1673458832959-bd49ed58d513-300x200.jpg\" class=\"attachment-medium size-medium wp-post-image\" alt=\"\" style=\"\" srcset=\"https:\/\/ccoo.app\/ajgirona\/wp-content\/blogs.dir\/6\/files\/sites\/233\/2024\/10\/premium_photo-1673458832959-bd49ed58d513-300x200.jpg 300w, https:\/\/ccoo.app\/ajgirona\/wp-content\/blogs.dir\/6\/files\/sites\/233\/2024\/10\/premium_photo-1673458832959-bd49ed58d513-1024x684.jpg 1024w, https:\/\/ccoo.app\/ajgirona\/wp-content\/blogs.dir\/6\/files\/sites\/233\/2024\/10\/premium_photo-1673458832959-bd49ed58d513-768x513.jpg 768w, https:\/\/ccoo.app\/ajgirona\/wp-content\/blogs.dir\/6\/files\/sites\/233\/2024\/10\/premium_photo-1673458832959-bd49ed58d513-1536x1025.jpg 1536w, https:\/\/ccoo.app\/ajgirona\/wp-content\/blogs.dir\/6\/files\/sites\/233\/2024\/10\/premium_photo-1673458832959-bd49ed58d513-2048x1367.jpg 2048w\" sizes=\"auto, (max-width: 300px) 100vw, 300px\" \/><\/div><a class=\"wp-block-latest-posts__post-title\" href=\"https:\/\/ccoo.app\/ajgirona\/num-29-2-2\/\">El Cocoter 31<\/a><time datetime=\"2024-10-24T13:21:20+02:00\" class=\"wp-block-latest-posts__post-date\">24 d&#8217;octubre de 2024<\/time><\/li>\n<li><div class=\"wp-block-latest-posts__featured-image aligncenter\"><img loading=\"lazy\" decoding=\"async\" width=\"300\" height=\"200\" src=\"https:\/\/ccoo.app\/ajgirona\/wp-content\/blogs.dir\/6\/files\/sites\/233\/2024\/04\/tschernjawski-sergej-1bRPiBl6aXA-unsplash-scaled-1-300x200.jpg\" class=\"attachment-medium size-medium wp-post-image\" alt=\"\" style=\"\" srcset=\"https:\/\/ccoo.app\/ajgirona\/wp-content\/blogs.dir\/6\/files\/sites\/233\/2024\/04\/tschernjawski-sergej-1bRPiBl6aXA-unsplash-scaled-1-300x200.jpg 300w, https:\/\/ccoo.app\/ajgirona\/wp-content\/blogs.dir\/6\/files\/sites\/233\/2024\/04\/tschernjawski-sergej-1bRPiBl6aXA-unsplash-scaled-1-1024x683.jpg 1024w, https:\/\/ccoo.app\/ajgirona\/wp-content\/blogs.dir\/6\/files\/sites\/233\/2024\/04\/tschernjawski-sergej-1bRPiBl6aXA-unsplash-scaled-1-768x512.jpg 768w, https:\/\/ccoo.app\/ajgirona\/wp-content\/blogs.dir\/6\/files\/sites\/233\/2024\/04\/tschernjawski-sergej-1bRPiBl6aXA-unsplash-scaled-1-1536x1024.jpg 1536w, https:\/\/ccoo.app\/ajgirona\/wp-content\/blogs.dir\/6\/files\/sites\/233\/2024\/04\/tschernjawski-sergej-1bRPiBl6aXA-unsplash-scaled-1-2048x1366.jpg 2048w\" sizes=\"auto, (max-width: 300px) 100vw, 300px\" \/><\/div><a class=\"wp-block-latest-posts__post-title\" href=\"https:\/\/ccoo.app\/ajgirona\/num-29-2\/\">El Cocoter 30<\/a><time datetime=\"2024-04-19T09:48:58+02:00\" class=\"wp-block-latest-posts__post-date\">19 d&#8217;abril de 2024<\/time><\/li>\n<li><div class=\"wp-block-latest-posts__featured-image aligncenter\"><img loading=\"lazy\" decoding=\"async\" width=\"200\" height=\"300\" src=\"https:\/\/ccoo.app\/ajgirona\/wp-content\/blogs.dir\/6\/files\/sites\/233\/2023\/12\/roberto-nickson-5PQn41LFsQk-unsplash-scaled-1-200x300.jpg\" class=\"attachment-medium size-medium wp-post-image\" alt=\"\" style=\"\" srcset=\"https:\/\/ccoo.app\/ajgirona\/wp-content\/blogs.dir\/6\/files\/sites\/233\/2023\/12\/roberto-nickson-5PQn41LFsQk-unsplash-scaled-1-200x300.jpg 200w, https:\/\/ccoo.app\/ajgirona\/wp-content\/blogs.dir\/6\/files\/sites\/233\/2023\/12\/roberto-nickson-5PQn41LFsQk-unsplash-scaled-1-683x1024.jpg 683w, https:\/\/ccoo.app\/ajgirona\/wp-content\/blogs.dir\/6\/files\/sites\/233\/2023\/12\/roberto-nickson-5PQn41LFsQk-unsplash-scaled-1-768x1152.jpg 768w, https:\/\/ccoo.app\/ajgirona\/wp-content\/blogs.dir\/6\/files\/sites\/233\/2023\/12\/roberto-nickson-5PQn41LFsQk-unsplash-scaled-1-1024x1536.jpg 1024w, https:\/\/ccoo.app\/ajgirona\/wp-content\/blogs.dir\/6\/files\/sites\/233\/2023\/12\/roberto-nickson-5PQn41LFsQk-unsplash-scaled-1-1366x2048.jpg 1366w, https:\/\/ccoo.app\/ajgirona\/wp-content\/blogs.dir\/6\/files\/sites\/233\/2023\/12\/roberto-nickson-5PQn41LFsQk-unsplash-scaled-1.jpg 1707w\" sizes=\"auto, (max-width: 200px) 100vw, 200px\" \/><\/div><a class=\"wp-block-latest-posts__post-title\" href=\"https:\/\/ccoo.app\/ajgirona\/num-29\/\">El Cocoter 29<\/a><time datetime=\"2023-12-20T07:59:27+01:00\" class=\"wp-block-latest-posts__post-date\">20 de desembre de 2023<\/time><\/li>\n<\/ul>","protected":false},"excerpt":{"rendered":"","protected":false},"author":6,"featured_media":0,"parent":0,"menu_order":0,"comment_status":"closed","ping_status":"closed","template":"","meta":{"footnotes":""},"class_list":["post-25","page","type-page","status-publish"],"_links":{"self":[{"href":"https:\/\/ccoo.app\/ajgirona\/wp-json\/wp\/v2\/pages\/25","targetHints":{"allow":["GET"]}}],"collection":[{"href":"https:\/\/ccoo.app\/ajgirona\/wp-json\/wp\/v2\/pages"}],"about":[{"href":"https:\/\/ccoo.app\/ajgirona\/wp-json\/wp\/v2\/types\/page"}],"author":[{"embeddable":true,"href":"https:\/\/ccoo.app\/ajgirona\/wp-json\/wp\/v2\/users\/6"}],"replies":[{"embeddable":true,"href":"https:\/\/ccoo.app\/ajgirona\/wp-json\/wp\/v2\/comments?post=25"}],"version-history":[{"count":5,"href":"https:\/\/ccoo.app\/ajgirona\/wp-json\/wp\/v2\/pages\/25\/revisions"}],"predecessor-version":[{"id":2824,"href":"https:\/\/ccoo.app\/ajgirona\/wp-json\/wp\/v2\/pages\/25\/revisions\/2824"}],"wp:attachment":[{"href":"https:\/\/ccoo.app\/ajgirona\/wp-json\/wp\/v2\/media?parent=25"}],"curies":[{"name":"wp","href":"https:\/\/api.w.org\/{rel}","templated":true}]}}