{"id":9932,"date":"2023-02-27T11:24:08","date_gmt":"2023-02-27T10:24:08","guid":{"rendered":"https:\/\/ccoo.app\/aj-sabadell\/?page_id=9932"},"modified":"2023-02-27T14:43:11","modified_gmt":"2023-02-27T13:43:11","slug":"ccoo-en-totes-les-campanyes-generals-externes","status":"publish","type":"page","link":"https:\/\/ccoo.app\/aj-sabadell\/sabies-que-2023\/ccoo-en-totes-les-campanyes-generals-externes\/","title":{"rendered":"CCOO en totes les campanyes generals externes:"},"content":{"rendered":"<div class=\"gb-grid-wrapper gb-grid-wrapper-ecd008b1\">\n<div class=\"gb-grid-column gb-grid-column-3395c5a2\"><div class=\"gb-container gb-container-3395c5a2\">\n\n<ul>\n<li>\n<p lang=\"ca-ES\"><em>\u201cA la feina sense armaris\u201d<\/em>. 28 de juny de 2019, dia Internacional de l&#8217;Orgull LGTBI+<\/p>\n<\/li>\n<li>\n<p lang=\"ca-ES\"><em>Drets i llibertats<\/em><strong>.<\/strong> Octubre de 2019<\/p>\n<\/li>\n<li>\n<p lang=\"ca-ES\">8 de mar\u00e7. <em>Mar\u00e7 de 2020<\/em><\/p>\n<\/li>\n<li>\n<p lang=\"ca-ES\">28 d&#8217;abril. Dia Internacional de la salut i seguretat en el treball. <em>Abril de 2020<\/em><\/p>\n<\/li>\n<li>\n<p lang=\"ca-ES\">#Concert d&#8217;homenatge a les treballadores i els treballadors dels serveis essencials. <em>Abril de 2020<\/em><\/p>\n<\/li>\n<li>\n<p lang=\"ca-ES\">1 de Maig: \u201cSalut, treball i justicia social. La prioritat \u00e9s la vida\u201d. <em>Maig de 2020<\/em><\/p>\n<\/li>\n<li>\n<p lang=\"ca-ES\">Diada Nacional de Catalunya. Per una reconstrucci\u00f3 nacional i social al servei de les persones. <em>Setembre de 2020<\/em><\/p>\n<\/li>\n<li>\n<p lang=\"ca-ES\">28 de juny de 2021, dia internacional de l&#8217;Orgull LGTBI+ <em>&#8220;Orgull de ser. Un tot que suma&#8221;<\/em><\/p>\n<\/li>\n<li>\n<p lang=\"ca-ES\">Manifest unitari amb motiu de la Diada Nacional de Catalunya de 2021<\/p>\n<\/li>\n<li>\n<p lang=\"ca-ES\">25-N del 2021. Dia internacional per a l&#8217;eliminaci\u00f3 de la viol\u00e8ncia envers les dones <em>\u201cContra totes les viol\u00e8ncies masclistes: recursos, prevenci\u00f3 i acci\u00f3\u201d<\/em><\/p>\n<\/li>\n<li>\n<p lang=\"ca-ES\">Manifestaci\u00f3 a Barcelona el 12 de desembre de 2021 convocada per la Plataforma +Drets i + Justicia Social <em>\u201cVolem m\u00e9s drets i m\u00e9s justicia social\u201d<\/em><\/p>\n<\/li>\n<li>\n<p lang=\"ca-ES\"><em>\u201cFrenem els preus, evitem la pobresa\u201d.<\/em> Manifestaci\u00f3 a Barcelona.<em> Dimecres, 23 de mar\u00e7 de 2022<\/em><\/p>\n<\/li>\n<li>\n<p lang=\"ca-ES\">8 de mar\u00e7 2022. De les paraules als fets, per la Igualtat tenim un Pla! <em>Mar\u00e7 de 2022<\/em><\/p>\n<\/li>\n<li>\n<p lang=\"ca-ES\">#28AbrilM\u00e9sPrevenci\u00f3. 28 d&#8217;abril de 2022. Dia Internacional de la Salut i la Seguretat en el Treball<\/p>\n<\/li>\n<li>\n<p lang=\"ca-ES\">2022. Primer de maig, la soluci\u00f3!<\/p>\n<\/li>\n<li>\n<p lang=\"ca-ES\">25N del 2022. Dia internacional per a l&#8217;eliminaci\u00f3 de les viol\u00e8ncies envers les dones. Concentraci\u00f3 unit\u00e0ria amb lectura de manifest.<\/p>\n<\/li>\n<\/ul>\n\n<\/div><\/div>\n\n<div class=\"gb-grid-column gb-grid-column-ffd590ce\"><div class=\"gb-container gb-container-ffd590ce\">\n\n<figure class=\"wp-block-image size-large\"><img loading=\"lazy\" decoding=\"async\" width=\"757\" height=\"1024\" src=\"https:\/\/ccoo.app\/aj-sabadell\/wp-content\/blogs.dir\/6\/files\/sites\/144\/2023\/02\/image_lgt-757x1024.png\" alt=\"Image Lgt\" class=\"wp-image-9935\" srcset=\"https:\/\/ccoo.app\/aj-sabadell\/wp-content\/blogs.dir\/6\/files\/sites\/144\/2023\/02\/image_lgt-757x1024.png 757w, https:\/\/ccoo.app\/aj-sabadell\/wp-content\/blogs.dir\/6\/files\/sites\/144\/2023\/02\/image_lgt-222x300.png 222w, https:\/\/ccoo.app\/aj-sabadell\/wp-content\/blogs.dir\/6\/files\/sites\/144\/2023\/02\/image_lgt-768x1039.png 768w, https:\/\/ccoo.app\/aj-sabadell\/wp-content\/blogs.dir\/6\/files\/sites\/144\/2023\/02\/image_lgt-1136x1536.png 1136w, https:\/\/ccoo.app\/aj-sabadell\/wp-content\/blogs.dir\/6\/files\/sites\/144\/2023\/02\/image_lgt-1514x2048.png 1514w\" sizes=\"auto, (max-width: 757px) 100vw, 757px\" \/><\/figure>\n\n\n\n<div style=\"height:50px\" aria-hidden=\"true\" class=\"wp-block-spacer\"><\/div>\n\n\n\n<figure class=\"wp-block-image size-large\"><img loading=\"lazy\" decoding=\"async\" width=\"753\" height=\"1024\" src=\"https:\/\/ccoo.app\/aj-sabadell\/wp-content\/blogs.dir\/6\/files\/sites\/144\/2023\/02\/image_25n-753x1024.png\" alt=\"Image 25n\" class=\"wp-image-9936\" srcset=\"https:\/\/ccoo.app\/aj-sabadell\/wp-content\/blogs.dir\/6\/files\/sites\/144\/2023\/02\/image_25n-753x1024.png 753w, https:\/\/ccoo.app\/aj-sabadell\/wp-content\/blogs.dir\/6\/files\/sites\/144\/2023\/02\/image_25n-221x300.png 221w, https:\/\/ccoo.app\/aj-sabadell\/wp-content\/blogs.dir\/6\/files\/sites\/144\/2023\/02\/image_25n-768x1044.png 768w, https:\/\/ccoo.app\/aj-sabadell\/wp-content\/blogs.dir\/6\/files\/sites\/144\/2023\/02\/image_25n-1130x1536.png 1130w, https:\/\/ccoo.app\/aj-sabadell\/wp-content\/blogs.dir\/6\/files\/sites\/144\/2023\/02\/image_25n-1506x2048.png 1506w\" sizes=\"auto, (max-width: 753px) 100vw, 753px\" \/><\/figure>\n\n<\/div><\/div>\n<\/div>","protected":false},"excerpt":{"rendered":"","protected":false},"author":5259,"featured_media":0,"parent":9577,"menu_order":13,"comment_status":"closed","ping_status":"closed","template":"","meta":{"footnotes":""},"class_list":["post-9932","page","type-page","status-publish"],"_links":{"self":[{"href":"https:\/\/ccoo.app\/aj-sabadell\/wp-json\/wp\/v2\/pages\/9932","targetHints":{"allow":["GET"]}}],"collection":[{"href":"https:\/\/ccoo.app\/aj-sabadell\/wp-json\/wp\/v2\/pages"}],"about":[{"href":"https:\/\/ccoo.app\/aj-sabadell\/wp-json\/wp\/v2\/types\/page"}],"author":[{"embeddable":true,"href":"https:\/\/ccoo.app\/aj-sabadell\/wp-json\/wp\/v2\/users\/5259"}],"replies":[{"embeddable":true,"href":"https:\/\/ccoo.app\/aj-sabadell\/wp-json\/wp\/v2\/comments?post=9932"}],"version-history":[{"count":4,"href":"https:\/\/ccoo.app\/aj-sabadell\/wp-json\/wp\/v2\/pages\/9932\/revisions"}],"predecessor-version":[{"id":9958,"href":"https:\/\/ccoo.app\/aj-sabadell\/wp-json\/wp\/v2\/pages\/9932\/revisions\/9958"}],"up":[{"embeddable":true,"href":"https:\/\/ccoo.app\/aj-sabadell\/wp-json\/wp\/v2\/pages\/9577"}],"wp:attachment":[{"href":"https:\/\/ccoo.app\/aj-sabadell\/wp-json\/wp\/v2\/media?parent=9932"}],"curies":[{"name":"wp","href":"https:\/\/api.w.org\/{rel}","templated":true}]}}