{"id":9929,"date":"2023-02-27T11:22:09","date_gmt":"2023-02-27T10:22:09","guid":{"rendered":"https:\/\/ccoo.app\/aj-sabadell\/?page_id=9929"},"modified":"2023-02-27T14:44:09","modified_gmt":"2023-02-27T13:44:09","slug":"ccoo-i-els-calendaris-especifics-de-lajuntament","status":"publish","type":"page","link":"https:\/\/ccoo.app\/aj-sabadell\/sabies-que-2023\/ccoo-i-els-calendaris-especifics-de-lajuntament\/","title":{"rendered":"CCOO i els calendaris espec\u00edfics de l&#8217;Ajuntament"},"content":{"rendered":"<div class=\"gb-grid-wrapper gb-grid-wrapper-eacd7398\">\n<div class=\"gb-grid-column gb-grid-column-b225a33a\"><div class=\"gb-container gb-container-b225a33a\">\n\n<p lang=\"ca-ES\">Despr\u00e9s de moltes reivindicacions per part de CCOO per tal d\u2019evitar que es vulnerin els drets de conciliaci\u00f3 laboral i familiar dels treballadors i treballadores municipals, i despr\u00e9s, tamb\u00e9, de no signar de manera repetitiva, i moltes vegades en solitari, hem aconseguit que \ufb01nalment alguns departaments s\u2019hagin posat les piles i cada cop m\u00e9s a la Comissi\u00f3 d\u2019horaris es presenten uns calendaris que s\u00ed que compleixen amb els criteris de la normativa.<\/p>\n\n<\/div><\/div>\n\n<div class=\"gb-grid-column gb-grid-column-b0cfdfbc\"><div class=\"gb-container gb-container-b0cfdfbc\"><\/div><\/div>\n<\/div>","protected":false},"excerpt":{"rendered":"","protected":false},"author":5259,"featured_media":0,"parent":9577,"menu_order":12,"comment_status":"closed","ping_status":"closed","template":"","meta":{"footnotes":""},"class_list":["post-9929","page","type-page","status-publish"],"_links":{"self":[{"href":"https:\/\/ccoo.app\/aj-sabadell\/wp-json\/wp\/v2\/pages\/9929","targetHints":{"allow":["GET"]}}],"collection":[{"href":"https:\/\/ccoo.app\/aj-sabadell\/wp-json\/wp\/v2\/pages"}],"about":[{"href":"https:\/\/ccoo.app\/aj-sabadell\/wp-json\/wp\/v2\/types\/page"}],"author":[{"embeddable":true,"href":"https:\/\/ccoo.app\/aj-sabadell\/wp-json\/wp\/v2\/users\/5259"}],"replies":[{"embeddable":true,"href":"https:\/\/ccoo.app\/aj-sabadell\/wp-json\/wp\/v2\/comments?post=9929"}],"version-history":[{"count":2,"href":"https:\/\/ccoo.app\/aj-sabadell\/wp-json\/wp\/v2\/pages\/9929\/revisions"}],"predecessor-version":[{"id":9960,"href":"https:\/\/ccoo.app\/aj-sabadell\/wp-json\/wp\/v2\/pages\/9929\/revisions\/9960"}],"up":[{"embeddable":true,"href":"https:\/\/ccoo.app\/aj-sabadell\/wp-json\/wp\/v2\/pages\/9577"}],"wp:attachment":[{"href":"https:\/\/ccoo.app\/aj-sabadell\/wp-json\/wp\/v2\/media?parent=9929"}],"curies":[{"name":"wp","href":"https:\/\/api.w.org\/{rel}","templated":true}]}}