{"id":9889,"date":"2023-02-27T10:21:11","date_gmt":"2023-02-27T09:21:11","guid":{"rendered":"https:\/\/ccoo.app\/aj-sabadell\/?page_id=9889"},"modified":"2023-02-27T14:46:57","modified_gmt":"2023-02-27T13:46:57","slug":"ccoo-i-el-teletreball","status":"publish","type":"page","link":"https:\/\/ccoo.app\/aj-sabadell\/sabies-que-2023\/ccoo-i-el-teletreball\/","title":{"rendered":"CCOO i el teletreball:"},"content":{"rendered":"<div class=\"gb-grid-wrapper gb-grid-wrapper-a3e1dd51\">\n<div class=\"gb-grid-column gb-grid-column-f5e10207\"><div class=\"gb-container gb-container-f5e10207\">\n\n<p>La realitat \u00e9s que la implantaci\u00f3 del teletreball en el nostre Ajuntament \u00e9s per tothom coneguda i, pel nostre entendre, es queda molt lluny d&#8217;all\u00f2 que la majoria esper\u00e0vem que fos el teletreball. Quan el teletreball semblava que era un nou sistema de treball que \u201chavia vingut per quedar-se\u201d.<\/p>\n<p>Es podrien establir tres moments en tot aquest llarg proc\u00e9s.<\/p>\n<ol>\n<li>Previ a l&#8217;inici de la negociaci\u00f3 de l&#8217;Acord de teletreball, insistirem reiteradament en la seva posada en marxa. Som ferms defensors que aquesta modalitat s&#8217;implant i amb garanties pels empleats p\u00fablics d&#8217;aquesta juntament. Articles, peticions de reuni\u00f3 amb RH, inst\u00e0ncies&#8230; sol\u00b7licitant la seva implementaci\u00f3<\/li>\n<li>Durant la negociaci\u00f3 de l&#8217;Acord de teletreball, any 2021. CCOO v\u00e0rem explicar amb una s\u00e8rie de sis \ufb01txes informatives, com quedava l&#8217;acord i el nostre posicionament:\n<ul>\n<li>Pla pilot. Amb una implantaci\u00f3 lenta, poc ambiciosa i poc transformadora<\/li>\n<li>Les eines i el manteniment dels mitjans inform\u00e0tics propis, on es perden drets i dependria de la capacitat econ\u00f2mica dels treballadors i treballadores accedir o no al teletreball<\/li>\n<li>Jornada i horari. Amb una manca de con\ufb01an\u00e7a vers el treballador i la treballadora, generant in\ufb02exibilitat i autolimitant-se la mateixa organitzaci\u00f3.<\/li>\n<\/ul>\n<\/li>\n<\/ol>\n<p style=\"padding-left: 40px\">L&#8217;Acord de teletreball \ufb01nalment es va aprovar amb <strong>el vot contrari de CCOO <\/strong>i a\ufb01rmatiu de la resta de sindicats amb representaci\u00f3 en la Mesa de negociaci\u00f3.<\/p>\n<ol start=\"3\">\n<li>Posteriorment a la signatura de l&#8217;Acord de teletreball s&#8217;ha produ\u00eft un llarg per\u00edode \u201cd&#8217;espera\u201d (un any) \ufb01ns a arribar al moment actual. I des de CCOO tamb\u00e9 ho hem denunciat<\/li>\n<li>Enquesta teletreball el novembre del 2022. CCOO activa una consulta on deman\u00e0vem l&#8217;opini\u00f3 sobre la implantaci\u00f3 del teletreball.<\/li>\n<\/ol>\n\n<\/div><\/div>\n\n<div class=\"gb-grid-column gb-grid-column-c6645e2e\"><div class=\"gb-container gb-container-c6645e2e\">\n\n<figure class=\"wp-block-image size-full\"><img loading=\"lazy\" decoding=\"async\" width=\"626\" height=\"627\" src=\"https:\/\/ccoo.app\/aj-sabadell\/wp-content\/blogs.dir\/6\/files\/sites\/144\/2023\/02\/per-al-teletreball.jpg\" alt=\"Per Al Teletreball\" class=\"wp-image-9896\" srcset=\"https:\/\/ccoo.app\/aj-sabadell\/wp-content\/blogs.dir\/6\/files\/sites\/144\/2023\/02\/per-al-teletreball.jpg 626w, https:\/\/ccoo.app\/aj-sabadell\/wp-content\/blogs.dir\/6\/files\/sites\/144\/2023\/02\/per-al-teletreball-300x300.jpg 300w, https:\/\/ccoo.app\/aj-sabadell\/wp-content\/blogs.dir\/6\/files\/sites\/144\/2023\/02\/per-al-teletreball-150x150.jpg 150w\" sizes=\"auto, (max-width: 626px) 100vw, 626px\" \/><\/figure>\n\n<\/div><\/div>\n<\/div>","protected":false},"excerpt":{"rendered":"","protected":false},"author":5259,"featured_media":0,"parent":9577,"menu_order":8,"comment_status":"closed","ping_status":"closed","template":"","meta":{"footnotes":""},"class_list":["post-9889","page","type-page","status-publish"],"_links":{"self":[{"href":"https:\/\/ccoo.app\/aj-sabadell\/wp-json\/wp\/v2\/pages\/9889","targetHints":{"allow":["GET"]}}],"collection":[{"href":"https:\/\/ccoo.app\/aj-sabadell\/wp-json\/wp\/v2\/pages"}],"about":[{"href":"https:\/\/ccoo.app\/aj-sabadell\/wp-json\/wp\/v2\/types\/page"}],"author":[{"embeddable":true,"href":"https:\/\/ccoo.app\/aj-sabadell\/wp-json\/wp\/v2\/users\/5259"}],"replies":[{"embeddable":true,"href":"https:\/\/ccoo.app\/aj-sabadell\/wp-json\/wp\/v2\/comments?post=9889"}],"version-history":[{"count":4,"href":"https:\/\/ccoo.app\/aj-sabadell\/wp-json\/wp\/v2\/pages\/9889\/revisions"}],"predecessor-version":[{"id":9965,"href":"https:\/\/ccoo.app\/aj-sabadell\/wp-json\/wp\/v2\/pages\/9889\/revisions\/9965"}],"up":[{"embeddable":true,"href":"https:\/\/ccoo.app\/aj-sabadell\/wp-json\/wp\/v2\/pages\/9577"}],"wp:attachment":[{"href":"https:\/\/ccoo.app\/aj-sabadell\/wp-json\/wp\/v2\/media?parent=9889"}],"curies":[{"name":"wp","href":"https:\/\/api.w.org\/{rel}","templated":true}]}}