{"id":9849,"date":"2023-02-24T14:24:23","date_gmt":"2023-02-24T13:24:23","guid":{"rendered":"https:\/\/ccoo.app\/aj-sabadell\/?page_id=9849"},"modified":"2023-02-24T14:44:44","modified_gmt":"2023-02-24T13:44:44","slug":"ccoo-i-la-maleida-pandemia","status":"publish","type":"page","link":"https:\/\/ccoo.app\/aj-sabadell\/sabies-que-2023\/ccoo-i-la-maleida-pandemia\/","title":{"rendered":"CCOO i la male\u00efda pand\u00e8mia:"},"content":{"rendered":"<div class=\"gb-grid-wrapper gb-grid-wrapper-8853a775\">\n<div class=\"gb-grid-column gb-grid-column-79458e8b\"><div class=\"gb-container gb-container-79458e8b\"><div class=\"gb-inside-container\">\n\n<p>Des de CCOO v\u00e0rem elaborar comunicats i publicarem \ufb01txes sindicals dirigides a la plantilla municipal amb la voluntat que servissin d&#8217;ajut en aquells moments excepcionals:<\/p>\n<ul>\n<li>Recomanacions davant del coronavirus. <em>Febrer <\/em><em>de 2020<\/em><\/li>\n<li>COVID-19. Teletreballar per for\u00e7a major per\u00f2 de manera m\u00e9s saludable. <em>Mar\u00e7 de 2020<\/em><\/li>\n<li><em>Accions preventives en front del Coronavirus <\/em><em>SARS-CoV-2. Mar\u00e7 de 2020<\/em><\/li>\n<li>Els delegats de prevenci\u00f3 i la lluita contra el Covid-19. <em>Abril de 2020<\/em><\/li>\n<li>Si la teva empresa no compleix les normes de seguretat davant el coronavirus et donem suport per denunciar-la. <em>Abril de 2020<\/em><\/li>\n<li>Represa de l&#8217;activitat presencial. <em>Abril de 2020<\/em><\/li>\n<li>Acord de mesures per a la reincorporaci\u00f3 progressiva del personal de l&#8217;administraci\u00f3 de l&#8217;Estat. <em>Maig de 2020<\/em><\/li>\n<li>Els responsables de les biblioteques catalanes decideixen no obrir l&#8217;11 de maig i ho faran a partir del juny. <em>Maig de 2020<\/em><\/li>\n<li>Fitxa personal per a l&#8217;elaboraci\u00f3 del Pla de retorn als serveis presencials. Fase 0 del descon\ufb01nament. <em>Maig de 2020<\/em><\/li>\n<li>Primer la salut:\n<ul>\n<li>Fitxa sindical de regulaci\u00f3 de les condicions per a l&#8217;\u00fas obligatori de mascareta durant la situaci\u00f3 de crisi sanit\u00e0ria ocasionada per la COVID-19. <em>Maig de 2020<\/em><\/li>\n<li>Fitxa sindical: Sabadell entra en la fase 1 de descon\ufb01nament. <em>Maig de 2020<\/em><\/li>\n<li>CCOO interposa un recurs de reposici\u00f3 contra el decret d&#8217;alcaldessa, 3521\/2020, relatiu al retorn gradual a la prestaci\u00f3 presencial del treball del personal municipal en prevenci\u00f3 a la COVID-19. <em>Juny de 2020<\/em><\/li>\n<\/ul>\n<\/li>\n<li>Testos anticossos Covid-19 per a la plantilla de l&#8217;Ajuntament de Sabadell. <em>Setembre de 2020<\/em><\/li>\n<li>Noves mesures COVID-19 a Sabadell. <em>Octubre <\/em><em>de 2020<\/em><\/li>\n<li>Riscos del treball a dist\u00e0ncia en pand\u00e8mia. Demanem que s&#8217;elabori una normativa de teletreball en el termini m\u00e0xim de sis mesos en el marc de la negociaci\u00f3 col\u00b7lectiva, tal com estableix el RDL 29\/2020. <em>Novembre de 2020<\/em><\/li>\n<li>Important brot de coronavirus a Can Marcet.\u00a0<em>Febrer de 2021<\/em><\/li>\n<li>Brots de coronavirus a Can Marcet. <em>Febrer de <\/em><em>2021<\/em><\/li>\n<li>Les proves de detecci\u00f3 i vacunaci\u00f3 de la Covid- 19 a l&#8217;Ajuntament \u00e9s vigil\u00e0ncia de la Salut. <em>Febrer de 2021<\/em><\/li>\n<li>Les CCOO demanem seny a l&#8217;Ajuntament de Sabadell. <em>Juliol de 2021<\/em><\/li>\n<li>La voluntat de treball dels professionals no ha de patir la improvisaci\u00f3 de l&#8217;Ajuntament. <em>Setembre de 2021<\/em><\/li>\n<li>Reincorporaci\u00f3 progressiva de forma presencial als llocs de treball de l&#8217;Ajuntament al setembre de 2021. <em>Setembre de 2021<\/em><\/li>\n<li><em>Si tens una consulta aquest \u00e9s el sistema! <\/em>Quan el risc augmenta, avancem cap al perill. <em>Octubre <\/em><em>de 2021<\/em><\/li>\n<li>Davant de la sisena onada Covid demanem la reuni\u00f3 urgent del Comit\u00e8 de Seguretat i Salut per tal d&#8217;establir quin son els llocs de treball que es pugui dur a terme mitjan\u00e7ant la modalitat a dist\u00e0ncia. <em>Novembre<\/em> <em>de 2021<\/em><\/li>\n<li>\u00das de mascaretes. <em>Novembre de 2021<\/em><\/li>\n<li>Dades COVID Catalunya. <em>Novembre de 2021<\/em><\/li>\n<li>Problemes amb la seguretat privada d&#8217;Equipaments municipals. <em>Novembre de 2021<\/em><\/li>\n<li>Fitxa sindical: Mesures contra la Covid-19 a Catalunya vigents \ufb01ns al 7 de gener de 2022. <em>Desembre de 2021.<\/em><\/li>\n<\/ul>\n\n<\/div><\/div><\/div>\n\n<div class=\"gb-grid-column gb-grid-column-f620e04c\"><div class=\"gb-container gb-container-f620e04c\"><div class=\"gb-inside-container\">\n\n<figure class=\"wp-block-image size-full\"><img loading=\"lazy\" decoding=\"async\" width=\"509\" height=\"400\" src=\"https:\/\/ccoo.app\/aj-sabadell\/wp-content\/blogs.dir\/6\/files\/sites\/144\/2023\/02\/imae01.jpg\" alt=\"Imae01\" class=\"wp-image-9854\" srcset=\"https:\/\/ccoo.app\/aj-sabadell\/wp-content\/blogs.dir\/6\/files\/sites\/144\/2023\/02\/imae01.jpg 509w, https:\/\/ccoo.app\/aj-sabadell\/wp-content\/blogs.dir\/6\/files\/sites\/144\/2023\/02\/imae01-300x236.jpg 300w\" sizes=\"auto, (max-width: 509px) 100vw, 509px\" \/><\/figure>\n\n<\/div><\/div><\/div>\n<\/div>","protected":false},"excerpt":{"rendered":"","protected":false},"author":5259,"featured_media":0,"parent":9577,"menu_order":6,"comment_status":"closed","ping_status":"closed","template":"","meta":{"footnotes":""},"class_list":["post-9849","page","type-page","status-publish"],"_links":{"self":[{"href":"https:\/\/ccoo.app\/aj-sabadell\/wp-json\/wp\/v2\/pages\/9849","targetHints":{"allow":["GET"]}}],"collection":[{"href":"https:\/\/ccoo.app\/aj-sabadell\/wp-json\/wp\/v2\/pages"}],"about":[{"href":"https:\/\/ccoo.app\/aj-sabadell\/wp-json\/wp\/v2\/types\/page"}],"author":[{"embeddable":true,"href":"https:\/\/ccoo.app\/aj-sabadell\/wp-json\/wp\/v2\/users\/5259"}],"replies":[{"embeddable":true,"href":"https:\/\/ccoo.app\/aj-sabadell\/wp-json\/wp\/v2\/comments?post=9849"}],"version-history":[{"count":4,"href":"https:\/\/ccoo.app\/aj-sabadell\/wp-json\/wp\/v2\/pages\/9849\/revisions"}],"predecessor-version":[{"id":9865,"href":"https:\/\/ccoo.app\/aj-sabadell\/wp-json\/wp\/v2\/pages\/9849\/revisions\/9865"}],"up":[{"embeddable":true,"href":"https:\/\/ccoo.app\/aj-sabadell\/wp-json\/wp\/v2\/pages\/9577"}],"wp:attachment":[{"href":"https:\/\/ccoo.app\/aj-sabadell\/wp-json\/wp\/v2\/media?parent=9849"}],"curies":[{"name":"wp","href":"https:\/\/api.w.org\/{rel}","templated":true}]}}