{"id":9756,"date":"2023-02-24T10:11:04","date_gmt":"2023-02-24T09:11:04","guid":{"rendered":"https:\/\/ccoo.app\/aj-sabadell\/?page_id=9756"},"modified":"2023-02-24T14:15:48","modified_gmt":"2023-02-24T13:15:48","slug":"ccoo-hem-estat-sempre-atents-en-la-defensa-del-nostre-conveni","status":"publish","type":"page","link":"https:\/\/ccoo.app\/aj-sabadell\/sabies-que-2023\/ccoo-hem-estat-sempre-atents-en-la-defensa-del-nostre-conveni\/","title":{"rendered":"CCOO hem estat sempre atents en la defensa del nostre conveni:"},"content":{"rendered":"<div class=\"gb-grid-wrapper gb-grid-wrapper-d925d8b6\">\n<div class=\"gb-grid-column gb-grid-column-3d3e0992\"><div class=\"gb-container gb-container-3d3e0992\"><div class=\"gb-inside-container\">\n\n<h3><span style=\"color: #800000\">Sempre atents en la defensa del nostre conveni:<\/span><\/h3>\n<ul>\n<li>Protesta p\u00fablica en la interpretaci\u00f3 que fa Recursos humans de l&#8217;article 3 del conveni (jornada partida durant l&#8217;estiu), no computant les jornades partides en per\u00edode de jornada intensiva estival<\/li>\n<li>Denunciant l&#8217;<strong>incompliment de la Roba de Treball<\/strong>. En molts col\u00b7lectius no tenen ni les quantitats ni la qualitat necess\u00e0ria per poder desenvolupar la seva tasca en condicions i en Hem demanat, tal com recull el conveni un sistema de punts pel lliurament de la roba de treball. Durant aquest per\u00edode nom\u00e9s s\u2019ha pogut implementar a la Policia<\/li>\n<li><strong>CCOO diu no a la modi\ufb01caci\u00f3 de la festivitat. <\/strong>Ens van quedar sols defensant el redactat del conveni respecte a la La modi\ufb01caci\u00f3 aprovada ha signi\ufb01cat un retroc\u00e9s en el dret de percebre aquest complement. Representa un canvi substancial del text acordat i per aquest motiu calia fer una assemblea general de treballadors i treballadores municipals<\/li>\n<li><strong><em>\u201cPlantem cara a les retallades del conveni!\u201d. <\/em><\/strong>Suspensi\u00f3 de l&#8217;article 19 i l&#8217;annex 2 de l&#8217;actual Acord\/conveni pel Ple Aix\u00f2 va signi\ufb01car que les indemnitzacions per jubilaci\u00f3 anticipada, aix\u00ed com els premis per reconeixement de serveis efectius a l&#8217;ajuntament als 25 i 35 anys desapareixen d&#8217;una revolada. Portem negociant el comprom\u00eds pol\u00edtic per reequilibrar el nostre conveni i encara avui dia no ha estat possible per manca de voluntat de l&#8217;actual equip de govern. Hem presentat al\u00b7legacions a la suspensi\u00f3 dels articles del conveni al Ple municipal<\/li>\n<li><strong>Valoracions pendents de llocs de treball <\/strong>a l&#8217;Ajuntament. Queden pendents encara les de 2021, 2022 i 2023. Hi ha un m\u00ednim de 60.000 \u20ac anuals destinats per fer-les i ja s&#8217;acumulen 165.000 \u20ac de deute. No ho pensem deixar passar<\/li>\n<li><strong>La carrera professional pel personal d&#8217;o\ufb01cis. <\/strong>En el nostre conveni est\u00e0 recollit fer-les. En el nostre conveni est\u00e0 recollit fer-les- En aquests moments ja tenim creades les places i estan pressupostades. A qu\u00e8 estan esperant?<\/li>\n<li><strong><em>\u201cProu excuses, prou de fugir d&#8217;estudi. Cal fer un nou Pla d&#8217;Igualtat a l&#8217;Ajuntament\u201d. <\/em><\/strong>Des de la secci\u00f3 sindical, i despr\u00e9s d&#8217;un seguit de notes sindicals hem denunciat a l&#8217;Ajuntament davant d&#8217;Inspecci\u00f3 de Treball perqu\u00e8 tenim un Pla d&#8217;Igualtat caducat fa sis anys.<\/li>\n<\/ul>\n\n<\/div><\/div><\/div>\n\n<div class=\"gb-grid-column gb-grid-column-65ecabb2\"><div class=\"gb-container gb-container-65ecabb2\"><div class=\"gb-inside-container\">\n\n<p class=\"has-text-color has-medium-font-size\" style=\"color:#c70909\"><strong>CCOO hem estat sempre vigilants, atents i reivindicant perqu\u00e8 l&#8217;Ajuntament compleixi les condicions laborals.<\/strong><\/p>\n\n\n\n<p class=\"has-text-color has-medium-font-size\" style=\"color:#c70909\"><strong>Negociant millores per la defensa de tothom<\/strong><\/p>\n\n\n\n<figure class=\"wp-block-image size-large\"><img loading=\"lazy\" decoding=\"async\" width=\"467\" height=\"1024\" src=\"https:\/\/ccoo.app\/aj-sabadell\/wp-content\/blogs.dir\/6\/files\/sites\/144\/2023\/02\/page02-800-467x1024.jpg\" alt=\"Page02 800\" class=\"wp-image-9728\" srcset=\"https:\/\/ccoo.app\/aj-sabadell\/wp-content\/blogs.dir\/6\/files\/sites\/144\/2023\/02\/page02-800-467x1024.jpg 467w, https:\/\/ccoo.app\/aj-sabadell\/wp-content\/blogs.dir\/6\/files\/sites\/144\/2023\/02\/page02-800-137x300.jpg 137w, https:\/\/ccoo.app\/aj-sabadell\/wp-content\/blogs.dir\/6\/files\/sites\/144\/2023\/02\/page02-800-768x1684.jpg 768w, https:\/\/ccoo.app\/aj-sabadell\/wp-content\/blogs.dir\/6\/files\/sites\/144\/2023\/02\/page02-800-701x1536.jpg 701w, https:\/\/ccoo.app\/aj-sabadell\/wp-content\/blogs.dir\/6\/files\/sites\/144\/2023\/02\/page02-800.jpg 800w\" sizes=\"auto, (max-width: 467px) 100vw, 467px\" \/><\/figure>\n\n<\/div><\/div><\/div>\n<\/div>","protected":false},"excerpt":{"rendered":"","protected":false},"author":5259,"featured_media":0,"parent":9577,"menu_order":2,"comment_status":"closed","ping_status":"closed","template":"","meta":{"footnotes":""},"class_list":["post-9756","page","type-page","status-publish"],"_links":{"self":[{"href":"https:\/\/ccoo.app\/aj-sabadell\/wp-json\/wp\/v2\/pages\/9756","targetHints":{"allow":["GET"]}}],"collection":[{"href":"https:\/\/ccoo.app\/aj-sabadell\/wp-json\/wp\/v2\/pages"}],"about":[{"href":"https:\/\/ccoo.app\/aj-sabadell\/wp-json\/wp\/v2\/types\/page"}],"author":[{"embeddable":true,"href":"https:\/\/ccoo.app\/aj-sabadell\/wp-json\/wp\/v2\/users\/5259"}],"replies":[{"embeddable":true,"href":"https:\/\/ccoo.app\/aj-sabadell\/wp-json\/wp\/v2\/comments?post=9756"}],"version-history":[{"count":4,"href":"https:\/\/ccoo.app\/aj-sabadell\/wp-json\/wp\/v2\/pages\/9756\/revisions"}],"predecessor-version":[{"id":9770,"href":"https:\/\/ccoo.app\/aj-sabadell\/wp-json\/wp\/v2\/pages\/9756\/revisions\/9770"}],"up":[{"embeddable":true,"href":"https:\/\/ccoo.app\/aj-sabadell\/wp-json\/wp\/v2\/pages\/9577"}],"wp:attachment":[{"href":"https:\/\/ccoo.app\/aj-sabadell\/wp-json\/wp\/v2\/media?parent=9756"}],"curies":[{"name":"wp","href":"https:\/\/api.w.org\/{rel}","templated":true}]}}