{"id":9577,"date":"2023-01-31T09:45:58","date_gmt":"2023-01-31T08:45:58","guid":{"rendered":"https:\/\/ccoo.app\/aj-sabadell\/?page_id=9577"},"modified":"2023-03-01T11:19:48","modified_gmt":"2023-03-01T10:19:48","slug":"sabies-que-2023","status":"publish","type":"page","link":"https:\/\/ccoo.app\/aj-sabadell\/sabies-que-2023\/","title":{"rendered":"#Sabies que&#8230; El poder de canviar les coses"},"content":{"rendered":"\n<div class=\"wp-block-group is-nowrap is-layout-flex wp-container-core-group-is-layout-ad2f72ca wp-block-group-is-layout-flex\">\n<div class=\"wp-block-columns alignwide is-layout-flex wp-container-core-columns-is-layout-9d6595d7 wp-block-columns-is-layout-flex\">\n<div class=\"wp-block-column has-text-color has-background has-link-color wp-elements-607454bfe12f3598b9d46420b39c3bc3 is-layout-flow wp-block-column-is-layout-flow\" style=\"color:#000000;background-color:#ffb97d;padding-top:2em;padding-right:2em;padding-bottom:2em;padding-left:2em\">\n<h2 class=\"wp-block-heading\" id=\"single\" style=\"font-size:40px\"><strong>El poder de canviar les coses<\/strong><\/h2>\n\n\n\n<p class=\"has-medium-font-size\"><strong>Per\u00edode 2019-2023<\/strong><\/p>\n\n\n\n<p>Han passat quatre anys des de les darreres eleccions sindicals. Un per\u00edode on han succe\u00eft moltes coses que han condicionat les relacions laborals i l\u2019acci\u00f3 sindical a l\u2019Ajuntament de Sabadell&#8230;<\/p>\n\n\n\n<figure class=\"wp-block-image size-full\"><a href=\"https:\/\/ccoo.app\/aj-sabadell\/sabies-que-2023\/el-poder-de-canviar-de-canviar-les-coses\/\" target=\"_blank\" rel=\"noreferrer noopener\"><img loading=\"lazy\" decoding=\"async\" width=\"220\" height=\"100\" src=\"https:\/\/ccoo.app\/aj-sabadell\/wp-content\/blogs.dir\/6\/files\/sites\/144\/2023\/03\/totarticle02.png\" alt=\"Totarticle02\" class=\"wp-image-10125\" \/><\/a><\/figure>\n<\/div>\n\n\n\n<div class=\"wp-block-column is-vertically-aligned-center is-layout-flow wp-block-column-is-layout-flow\"><div class=\"wp-block-image\">\n<figure class=\"aligncenter size-large\"><img loading=\"lazy\" decoding=\"async\" width=\"1024\" height=\"1024\" src=\"https:\/\/ccoo.app\/aj-sabadell\/wp-content\/blogs.dir\/6\/files\/sites\/144\/2023\/02\/page-0011-1024x1024.jpg\" alt=\"Page 0011\" class=\"wp-image-10000\" srcset=\"https:\/\/ccoo.app\/aj-sabadell\/wp-content\/blogs.dir\/6\/files\/sites\/144\/2023\/02\/page-0011-1024x1024.jpg 1024w, https:\/\/ccoo.app\/aj-sabadell\/wp-content\/blogs.dir\/6\/files\/sites\/144\/2023\/02\/page-0011-300x300.jpg 300w, https:\/\/ccoo.app\/aj-sabadell\/wp-content\/blogs.dir\/6\/files\/sites\/144\/2023\/02\/page-0011-150x150.jpg 150w, https:\/\/ccoo.app\/aj-sabadell\/wp-content\/blogs.dir\/6\/files\/sites\/144\/2023\/02\/page-0011-768x768.jpg 768w, https:\/\/ccoo.app\/aj-sabadell\/wp-content\/blogs.dir\/6\/files\/sites\/144\/2023\/02\/page-0011.jpg 1241w\" sizes=\"auto, (max-width: 1024px) 100vw, 1024px\" \/><\/figure>\n<\/div><\/div>\n<\/div>\n<\/div>\n\n\n\n<div class=\"wp-block-columns alignwide is-layout-flex wp-container-core-columns-is-layout-9d6595d7 wp-block-columns-is-layout-flex\">\n<div class=\"wp-block-column has-text-color has-background has-link-color wp-elements-2066ebc48724a4aaef47628c587c6b19 is-layout-flow wp-block-column-is-layout-flow\" style=\"color:#000000;background-color:#ffb97d;padding-top:2em;padding-right:2em;padding-bottom:2em;padding-left:2em\">\n<h2 class=\"wp-block-heading\" id=\"single\" style=\"font-size:40px\"><strong>CCOO hem estat sempre vigilants:<\/strong><\/h2>\n\n\n\n<hr class=\"wp-block-separator has-text-color has-css-opacity has-background is-style-wide\" style=\"background-color:#000000;color:#000000\" \/>\n\n\n\n<div style=\"height:100px\" aria-hidden=\"true\" class=\"wp-block-spacer\"><\/div>\n\n\n\n<figure class=\"wp-block-image size-full\"><a href=\"https:\/\/ccoo.app\/aj-sabadell\/sabies-que-2023\/ccoo-hem-estat-sempre-vigilants\/\" target=\"_blank\" rel=\"noreferrer noopener\"><img loading=\"lazy\" decoding=\"async\" width=\"200\" height=\"100\" src=\"https:\/\/ccoo.app\/aj-sabadell\/wp-content\/blogs.dir\/6\/files\/sites\/144\/2023\/03\/totarticle01.png\" alt=\"Totarticle01\" class=\"wp-image-10126\" \/><\/a><\/figure>\n\n\n\n<p><\/p>\n<\/div>\n\n\n\n<div class=\"wp-block-column has-text-color has-background has-link-color wp-elements-982c8032e8cfcf14ab2a0071940a7002 is-layout-flow wp-block-column-is-layout-flow\" style=\"color:#000000;background-color:#ffb97d;padding-top:2em;padding-right:2em;padding-bottom:2em;padding-left:2em\">\n<h2 class=\"wp-block-heading\" id=\"patron\" style=\"font-size:40px\"><strong>CCOO hem estat sempre atents en la defensa del nostre conveni:<\/strong><\/h2>\n\n\n\n<hr class=\"wp-block-separator has-text-color has-css-opacity has-background is-style-wide\" style=\"background-color:#000000;color:#000000\" \/>\n\n\n\n<figure class=\"wp-block-image size-full\"><a href=\"https:\/\/ccoo.app\/aj-sabadell\/sabies-que-2023\/ccoo-hem-estat-sempre-atents-en-la-defensa-del-nostre-conveni\/\" target=\"_blank\" rel=\"noreferrer noopener\"><img loading=\"lazy\" decoding=\"async\" width=\"200\" height=\"100\" src=\"https:\/\/ccoo.app\/aj-sabadell\/wp-content\/blogs.dir\/6\/files\/sites\/144\/2023\/03\/totarticle01.png\" alt=\"Totarticle01\" class=\"wp-image-10126\" \/><\/a><\/figure>\n<\/div>\n\n\n\n<div class=\"wp-block-column has-text-color has-background has-link-color wp-elements-b985efe994dd1bfd25aee75d9d651525 is-layout-flow wp-block-column-is-layout-flow\" style=\"color:#000000;background-color:#ffb97d;padding-top:2em;padding-right:2em;padding-bottom:2em;padding-left:2em\">\n<h2 class=\"wp-block-heading\" id=\"single\" style=\"font-size:40px\"><strong><strong>CCOO hem estat sempre reivindicant:<\/strong><\/strong><\/h2>\n\n\n\n<hr class=\"wp-block-separator has-text-color has-css-opacity has-background is-style-wide\" style=\"background-color:#000000;color:#000000\" \/>\n\n\n\n<div style=\"height:100px\" aria-hidden=\"true\" class=\"wp-block-spacer\"><\/div>\n\n\n\n<figure class=\"wp-block-image size-full\"><a href=\"https:\/\/ccoo.app\/aj-sabadell\/sabies-que-2023\/ccoo-hem-estat-sempre-reivindicant\/\" target=\"_blank\" rel=\"noreferrer noopener\"><img loading=\"lazy\" decoding=\"async\" width=\"200\" height=\"100\" src=\"https:\/\/ccoo.app\/aj-sabadell\/wp-content\/blogs.dir\/6\/files\/sites\/144\/2023\/03\/totarticle01.png\" alt=\"Totarticle01\" class=\"wp-image-10126\" \/><\/a><\/figure>\n<\/div>\n<\/div>\n\n\n\n<div class=\"wp-block-columns alignwide is-layout-flex wp-container-core-columns-is-layout-9d6595d7 wp-block-columns-is-layout-flex\">\n<div class=\"wp-block-column has-text-color has-background has-link-color wp-elements-900302f4341b6f537318845b4c022edc is-layout-flow wp-block-column-is-layout-flow\" style=\"color:#000000;background-color:#ffb97d;padding-top:2em;padding-right:2em;padding-bottom:2em;padding-left:2em\">\n<h2 class=\"wp-block-heading\" id=\"single\" style=\"font-size:40px\"><strong>I hem negociat les seg\u00fcents millores:<\/strong><\/h2>\n\n\n\n<hr class=\"wp-block-separator has-text-color has-css-opacity has-background is-style-wide\" style=\"background-color:#000000;color:#000000\" \/>\n\n\n\n<figure class=\"wp-block-image size-full\"><a href=\"https:\/\/ccoo.app\/aj-sabadell\/sabies-que-2023\/i-hem-negociat-les-seguents-millores\/\" target=\"_blank\" rel=\"noreferrer noopener\"><img loading=\"lazy\" decoding=\"async\" width=\"200\" height=\"100\" src=\"https:\/\/ccoo.app\/aj-sabadell\/wp-content\/blogs.dir\/6\/files\/sites\/144\/2023\/03\/totarticle01.png\" alt=\"Totarticle01\" class=\"wp-image-10126\" \/><\/a><\/figure>\n<\/div>\n\n\n\n<div class=\"wp-block-column is-layout-flow wp-block-column-is-layout-flow\"><div class=\"wp-block-image\">\n<figure class=\"aligncenter size-large\"><img loading=\"lazy\" decoding=\"async\" width=\"788\" height=\"1024\" src=\"https:\/\/ccoo.app\/aj-sabadell\/wp-content\/blogs.dir\/6\/files\/sites\/144\/2023\/02\/page_01-788x1024.jpg\" alt=\"Page 01\" class=\"wp-image-9995\" srcset=\"https:\/\/ccoo.app\/aj-sabadell\/wp-content\/blogs.dir\/6\/files\/sites\/144\/2023\/02\/page_01-788x1024.jpg 788w, https:\/\/ccoo.app\/aj-sabadell\/wp-content\/blogs.dir\/6\/files\/sites\/144\/2023\/02\/page_01-231x300.jpg 231w, https:\/\/ccoo.app\/aj-sabadell\/wp-content\/blogs.dir\/6\/files\/sites\/144\/2023\/02\/page_01-768x998.jpg 768w, https:\/\/ccoo.app\/aj-sabadell\/wp-content\/blogs.dir\/6\/files\/sites\/144\/2023\/02\/page_01.jpg 800w\" sizes=\"auto, (max-width: 788px) 100vw, 788px\" \/><\/figure>\n<\/div><\/div>\n\n\n\n<div class=\"wp-block-column has-text-color has-background has-link-color wp-elements-caff112c983c154b733d21cf571ef7b8 is-layout-flow wp-block-column-is-layout-flow\" style=\"color:#000000;background-color:#ffb97d;padding-top:2em;padding-right:2em;padding-bottom:2em;padding-left:2em\">\n<h2 class=\"wp-block-heading\" id=\"single\" style=\"font-size:40px\"><strong>CCOO i la male\u00efda pand\u00e8mia:<\/strong><\/h2>\n\n\n\n<hr class=\"wp-block-separator has-text-color has-css-opacity has-background is-style-wide\" style=\"background-color:#000000;color:#000000\" \/>\n\n\n\n<figure class=\"wp-block-image size-full\"><a href=\"https:\/\/ccoo.app\/aj-sabadell\/sabies-que-2023\/ccoo-i-la-maleida-pandemia\/\" target=\"_blank\" rel=\"noreferrer noopener\"><img loading=\"lazy\" decoding=\"async\" width=\"200\" height=\"100\" src=\"https:\/\/ccoo.app\/aj-sabadell\/wp-content\/blogs.dir\/6\/files\/sites\/144\/2023\/03\/totarticle01.png\" alt=\"Totarticle01\" class=\"wp-image-10126\" \/><\/a><\/figure>\n<\/div>\n<\/div>\n\n\n\n<div class=\"wp-block-group is-nowrap is-layout-flex wp-container-core-group-is-layout-ad2f72ca wp-block-group-is-layout-flex\">\n<div class=\"wp-block-columns alignwide is-layout-flex wp-container-core-columns-is-layout-9d6595d7 wp-block-columns-is-layout-flex\">\n<div class=\"wp-block-column has-text-color has-background has-link-color wp-elements-4083c02fee5ac95905c86d91f1027d36 is-layout-flow wp-block-column-is-layout-flow\" style=\"color:#000000;background-color:#ffb97d;padding-top:2em;padding-right:2em;padding-bottom:2em;padding-left:2em\">\n<h2 class=\"wp-block-heading\" id=\"single\" style=\"font-size:40px\"><strong>CCOO i els Plans Estabilitzaci\u00f3 a l&#8217;ajuntament<\/strong>:<\/h2>\n\n\n\n<hr class=\"wp-block-separator has-text-color has-css-opacity has-background is-style-wide\" style=\"background-color:#000000;color:#000000\" \/>\n\n\n\n<figure class=\"wp-block-image size-full\"><a href=\"https:\/\/ccoo.app\/aj-sabadell\/sabies-que-2023\/ccoo-i-els-plans-destabilitzacio-a-lajuntament\/\" target=\"_blank\" rel=\"noreferrer noopener\"><img loading=\"lazy\" decoding=\"async\" width=\"200\" height=\"100\" src=\"https:\/\/ccoo.app\/aj-sabadell\/wp-content\/blogs.dir\/6\/files\/sites\/144\/2023\/03\/totarticle01.png\" alt=\"Totarticle01\" class=\"wp-image-10126\" \/><\/a><\/figure>\n<\/div>\n\n\n\n<div class=\"wp-block-column has-text-color has-background has-link-color wp-elements-83455f4895ee0aa0aaa58329e22d33c8 is-layout-flow wp-block-column-is-layout-flow\" style=\"color:#000000;background-color:#ffb97d;padding-top:2em;padding-right:2em;padding-bottom:2em;padding-left:2em\">\n<h2 class=\"wp-block-heading\" id=\"single\" style=\"font-size:40px\"><strong>CCOO i el teletreball:<\/strong><\/h2>\n\n\n\n<hr class=\"wp-block-separator has-text-color has-css-opacity has-background is-style-wide\" style=\"background-color:#000000;color:#000000\" \/>\n\n\n\n<div style=\"height:70px\" aria-hidden=\"true\" class=\"wp-block-spacer\"><\/div>\n\n\n\n<figure class=\"wp-block-image size-full\"><a href=\"https:\/\/ccoo.app\/aj-sabadell\/sabies-que-2023\/ccoo-i-el-teletreball\/\" target=\"_blank\" rel=\"noreferrer noopener\"><img loading=\"lazy\" decoding=\"async\" width=\"200\" height=\"100\" src=\"https:\/\/ccoo.app\/aj-sabadell\/wp-content\/blogs.dir\/6\/files\/sites\/144\/2023\/03\/totarticle01.png\" alt=\"Totarticle01\" class=\"wp-image-10126\" \/><\/a><\/figure>\n<\/div>\n\n\n\n<div class=\"wp-block-column is-layout-flow wp-block-column-is-layout-flow\">\n<figure class=\"wp-block-image size-large is-resized\"><img loading=\"lazy\" decoding=\"async\" src=\"https:\/\/ccoo.app\/aj-sabadell\/wp-content\/blogs.dir\/6\/files\/sites\/144\/2023\/02\/revistasabiesv01_page-0001-725x1024.jpg\" alt=\"Revistasabiesv01 Page 0001\" class=\"wp-image-9997\" width=\"262\" height=\"369\" \/><\/figure>\n<\/div>\n<\/div>\n<\/div>\n\n\n\n<div class=\"wp-block-group is-nowrap is-layout-flex wp-container-core-group-is-layout-ad2f72ca wp-block-group-is-layout-flex\">\n<div class=\"wp-block-columns alignwide is-layout-flex wp-container-core-columns-is-layout-9d6595d7 wp-block-columns-is-layout-flex\">\n<div class=\"wp-block-column has-text-color has-background has-link-color wp-elements-7010cf8307146dfa35e28286859e525c is-layout-flow wp-block-column-is-layout-flow\" style=\"color:#000000;background-color:#ffb97d;padding-top:2em;padding-right:2em;padding-bottom:2em;padding-left:2em\">\n<h2 class=\"wp-block-heading\" id=\"single\" style=\"font-size:40px\"><strong>CCOO presents a la Policia municipal<\/strong>:<\/h2>\n\n\n\n<hr class=\"wp-block-separator has-text-color has-css-opacity has-background is-style-wide\" style=\"background-color:#000000;color:#000000\" \/>\n\n\n\n<figure class=\"wp-block-image size-full\"><a href=\"https:\/\/ccoo.app\/aj-sabadell\/sabies-que-2023\/ccoo-presents-a-la-policia-municipal\/\" target=\"_blank\" rel=\"noreferrer noopener\"><img loading=\"lazy\" decoding=\"async\" width=\"200\" height=\"100\" src=\"https:\/\/ccoo.app\/aj-sabadell\/wp-content\/blogs.dir\/6\/files\/sites\/144\/2023\/03\/totarticle01.png\" alt=\"Totarticle01\" class=\"wp-image-10126\" \/><\/a><\/figure>\n<\/div>\n\n\n\n<div class=\"wp-block-column has-text-color has-background has-link-color wp-elements-d879b19489932800f569274addc8db5f is-layout-flow wp-block-column-is-layout-flow\" style=\"color:#000000;background-color:#ffb97d;padding-top:2em;padding-right:2em;padding-bottom:2em;padding-left:2em\">\n<h2 class=\"wp-block-heading\" id=\"single\" style=\"font-size:40px\"><strong>CCOO i els temes de prevenci\u00f3 i salut laboral:<\/strong><\/h2>\n\n\n\n<hr class=\"wp-block-separator has-text-color has-css-opacity has-background is-style-wide\" style=\"background-color:#000000;color:#000000\" \/>\n\n\n\n<figure class=\"wp-block-image size-full\"><a href=\"https:\/\/ccoo.app\/aj-sabadell\/sabies-que-2023\/ccoo-i-els-temes-de-prevencio-i-salut-laboral\/\" target=\"_blank\" rel=\"noreferrer noopener\"><img loading=\"lazy\" decoding=\"async\" width=\"200\" height=\"100\" src=\"https:\/\/ccoo.app\/aj-sabadell\/wp-content\/blogs.dir\/6\/files\/sites\/144\/2023\/03\/totarticle01.png\" alt=\"Totarticle01\" class=\"wp-image-10126\" \/><\/a><\/figure>\n<\/div>\n\n\n\n<div class=\"wp-block-column has-text-color has-background has-link-color wp-elements-a7e5515c9a39bc5063f5f294d2744d99 is-layout-flow wp-block-column-is-layout-flow\" style=\"color:#000000;background-color:#ffb97d;padding-top:2em;padding-right:2em;padding-bottom:2em;padding-left:2em\">\n<h2 class=\"wp-block-heading\" id=\"single\" style=\"font-size:40px\"><strong>CCOO i els calendaris espec\u00edfics de l&#8217;Ajuntament:<\/strong><\/h2>\n\n\n\n<hr class=\"wp-block-separator has-text-color has-css-opacity has-background is-style-wide\" style=\"background-color:#000000;color:#000000\" \/>\n\n\n\n<figure class=\"wp-block-image size-full\"><a href=\"https:\/\/ccoo.app\/aj-sabadell\/sabies-que-2023\/ccoo-i-els-calendaris-especifics-de-lajuntament\/\" target=\"_blank\" rel=\"noreferrer noopener\"><img loading=\"lazy\" decoding=\"async\" width=\"200\" height=\"100\" src=\"https:\/\/ccoo.app\/aj-sabadell\/wp-content\/blogs.dir\/6\/files\/sites\/144\/2023\/03\/totarticle01.png\" alt=\"Totarticle01\" class=\"wp-image-10126\" \/><\/a><\/figure>\n<\/div>\n<\/div>\n<\/div>\n\n\n\n<div class=\"wp-block-group is-nowrap is-layout-flex wp-container-core-group-is-layout-ad2f72ca wp-block-group-is-layout-flex\">\n<div class=\"wp-block-columns alignwide is-layout-flex wp-container-core-columns-is-layout-9d6595d7 wp-block-columns-is-layout-flex\">\n<div class=\"wp-block-column has-text-color has-background has-link-color wp-elements-df9d29e03ad7f7ec7686432bcc11e015 is-layout-flow wp-block-column-is-layout-flow\" style=\"color:#000000;background-color:#ffb97d;padding-top:2em;padding-right:2em;padding-bottom:2em;padding-left:2em\">\n<h2 class=\"wp-block-heading\" id=\"single\" style=\"font-size:40px\"><strong>En totes les campanyes generals externes:<\/strong><\/h2>\n\n\n\n<hr class=\"wp-block-separator has-text-color has-css-opacity has-background is-style-wide\" style=\"background-color:#000000;color:#000000\" \/>\n\n\n\n<figure class=\"wp-block-image size-full\"><a href=\"https:\/\/ccoo.app\/aj-sabadell\/sabies-que-2023\/ccoo-en-totes-les-campanyes-generals-externes\/\" target=\"_blank\" rel=\"noreferrer noopener\"><img loading=\"lazy\" decoding=\"async\" width=\"200\" height=\"100\" src=\"https:\/\/ccoo.app\/aj-sabadell\/wp-content\/blogs.dir\/6\/files\/sites\/144\/2023\/03\/totarticle01.png\" alt=\"Totarticle01\" class=\"wp-image-10126\" \/><\/a><\/figure>\n<\/div>\n\n\n\n<div class=\"wp-block-column is-layout-flow wp-block-column-is-layout-flow\"><div class=\"wp-block-image\">\n<figure class=\"aligncenter size-large is-resized\"><a href=\"https:\/\/ccoo.app\/aj-sabadell\/wp-content\/blogs.dir\/6\/files\/sites\/144\/2023\/02\/image_25n.png\" target=\"_blank\" rel=\"noreferrer noopener\"><img loading=\"lazy\" decoding=\"async\" src=\"https:\/\/ccoo.app\/aj-sabadell\/wp-content\/blogs.dir\/6\/files\/sites\/144\/2023\/02\/image_25n-753x1024.png\" alt=\"Image 25n\" class=\"wp-image-9936\" width=\"285\" height=\"387\" srcset=\"https:\/\/ccoo.app\/aj-sabadell\/wp-content\/blogs.dir\/6\/files\/sites\/144\/2023\/02\/image_25n-753x1024.png 753w, https:\/\/ccoo.app\/aj-sabadell\/wp-content\/blogs.dir\/6\/files\/sites\/144\/2023\/02\/image_25n-221x300.png 221w, https:\/\/ccoo.app\/aj-sabadell\/wp-content\/blogs.dir\/6\/files\/sites\/144\/2023\/02\/image_25n-768x1044.png 768w, https:\/\/ccoo.app\/aj-sabadell\/wp-content\/blogs.dir\/6\/files\/sites\/144\/2023\/02\/image_25n-1130x1536.png 1130w, https:\/\/ccoo.app\/aj-sabadell\/wp-content\/blogs.dir\/6\/files\/sites\/144\/2023\/02\/image_25n-1506x2048.png 1506w\" sizes=\"auto, (max-width: 285px) 100vw, 285px\" \/><\/a><\/figure>\n<\/div><\/div>\n\n\n\n<div class=\"wp-block-column has-text-color has-background has-link-color wp-elements-1f7492a79f25794cd8bfb53e6dd91a32 is-layout-flow wp-block-column-is-layout-flow\" style=\"color:#000000;background-color:#ffb97d;padding-top:2em;padding-right:2em;padding-bottom:2em;padding-left:2em\">\n<h2 class=\"wp-block-heading\" id=\"single\" style=\"font-size:40px\"><strong>CCOO surt a la premsa:<\/strong><\/h2>\n\n\n\n<hr class=\"wp-block-separator has-text-color has-css-opacity has-background is-style-wide\" style=\"background-color:#000000;color:#000000\" \/>\n\n\n\n<div style=\"height:70px\" aria-hidden=\"true\" class=\"wp-block-spacer\"><\/div>\n\n\n\n<figure class=\"wp-block-image size-full\"><a href=\"https:\/\/ccoo.app\/aj-sabadell\/sabies-que-2023\/ccoo-surt-a-la-premsa\/\" target=\"_blank\" rel=\"noreferrer noopener\"><img loading=\"lazy\" decoding=\"async\" width=\"200\" height=\"100\" src=\"https:\/\/ccoo.app\/aj-sabadell\/wp-content\/blogs.dir\/6\/files\/sites\/144\/2023\/03\/totarticle01.png\" alt=\"Totarticle01\" class=\"wp-image-10126\" \/><\/a><\/figure>\n<\/div>\n<\/div>\n<\/div>\n\n\n\n<div class=\"wp-block-media-text alignwide is-stacked-on-mobile has-background\" style=\"background-color:#ffb97d;grid-template-columns:35% auto\"><figure class=\"wp-block-media-text__media\"><img loading=\"lazy\" decoding=\"async\" width=\"1024\" height=\"1024\" src=\"https:\/\/ccoo.app\/aj-sabadell\/wp-content\/blogs.dir\/6\/files\/sites\/144\/2023\/02\/logo_071-1024x1024.png\" alt=\"Logo 071\" class=\"wp-image-9979 size-full\" srcset=\"https:\/\/ccoo.app\/aj-sabadell\/wp-content\/blogs.dir\/6\/files\/sites\/144\/2023\/02\/logo_071-1024x1024.png 1024w, https:\/\/ccoo.app\/aj-sabadell\/wp-content\/blogs.dir\/6\/files\/sites\/144\/2023\/02\/logo_071-300x300.png 300w, https:\/\/ccoo.app\/aj-sabadell\/wp-content\/blogs.dir\/6\/files\/sites\/144\/2023\/02\/logo_071-150x150.png 150w, https:\/\/ccoo.app\/aj-sabadell\/wp-content\/blogs.dir\/6\/files\/sites\/144\/2023\/02\/logo_071-768x768.png 768w, https:\/\/ccoo.app\/aj-sabadell\/wp-content\/blogs.dir\/6\/files\/sites\/144\/2023\/02\/logo_071-1536x1536.png 1536w, https:\/\/ccoo.app\/aj-sabadell\/wp-content\/blogs.dir\/6\/files\/sites\/144\/2023\/02\/logo_071-2048x2048.png 2048w\" sizes=\"auto, (max-width: 1024px) 100vw, 1024px\" \/><\/figure><div class=\"wp-block-media-text__content\">\n<div class=\"wp-block-group\" style=\"padding-top:2em;padding-right:2em;padding-bottom:2em;padding-left:2em\"><div class=\"wp-block-group__inner-container is-layout-flow wp-block-group-is-layout-flow\">\n<p style=\"font-size:36px;line-height:1.2\"><strong>CCOO i la plataforma de<\/strong><br><strong>\u201cEl 0\u20197% del nostre sou\u201d<\/strong><\/p>\n\n\n\n<hr class=\"wp-block-separator has-text-color has-css-opacity has-background is-style-wide\" style=\"background-color:#000000;color:#000000\" \/>\n\n\n\n<figure class=\"wp-block-image size-full\"><a href=\"https:\/\/ccoo.app\/aj-sabadell\/sabies-que-2023\/ccoo-i-la-plataforma-del-el-07-del-nostre-sou\/\" target=\"_blank\" rel=\"noreferrer noopener\"><img loading=\"lazy\" decoding=\"async\" width=\"220\" height=\"100\" src=\"https:\/\/ccoo.app\/aj-sabadell\/wp-content\/blogs.dir\/6\/files\/sites\/144\/2023\/03\/totarticle02.png\" alt=\"Totarticle02\" class=\"wp-image-10125\" \/><\/a><\/figure>\n<\/div><\/div>\n<\/div><\/div>\n","protected":false},"excerpt":{"rendered":"<p>El poder de canviar les coses Per\u00edode 2019-2023 Han passat quatre anys des de les darreres eleccions sindicals. Un per\u00edode on han succe\u00eft moltes coses que han condicionat les relacions &#8230; <a title=\"#Sabies que&#8230; El poder de canviar les coses\" class=\"read-more\" href=\"https:\/\/ccoo.app\/aj-sabadell\/sabies-que-2023\/\" aria-label=\"M\u00e9s informaci\u00f3 sobre #Sabies que&#8230; El poder de canviar les coses\">Read more<\/a><\/p>\n","protected":false},"author":5259,"featured_media":0,"parent":0,"menu_order":0,"comment_status":"closed","ping_status":"closed","template":"","meta":{"footnotes":""},"class_list":["post-9577","page","type-page","status-publish"],"_links":{"self":[{"href":"https:\/\/ccoo.app\/aj-sabadell\/wp-json\/wp\/v2\/pages\/9577","targetHints":{"allow":["GET"]}}],"collection":[{"href":"https:\/\/ccoo.app\/aj-sabadell\/wp-json\/wp\/v2\/pages"}],"about":[{"href":"https:\/\/ccoo.app\/aj-sabadell\/wp-json\/wp\/v2\/types\/page"}],"author":[{"embeddable":true,"href":"https:\/\/ccoo.app\/aj-sabadell\/wp-json\/wp\/v2\/users\/5259"}],"replies":[{"embeddable":true,"href":"https:\/\/ccoo.app\/aj-sabadell\/wp-json\/wp\/v2\/comments?post=9577"}],"version-history":[{"count":4,"href":"https:\/\/ccoo.app\/aj-sabadell\/wp-json\/wp\/v2\/pages\/9577\/revisions"}],"predecessor-version":[{"id":10145,"href":"https:\/\/ccoo.app\/aj-sabadell\/wp-json\/wp\/v2\/pages\/9577\/revisions\/10145"}],"wp:attachment":[{"href":"https:\/\/ccoo.app\/aj-sabadell\/wp-json\/wp\/v2\/media?parent=9577"}],"curies":[{"name":"wp","href":"https:\/\/api.w.org\/{rel}","templated":true}]}}