{"id":6531,"date":"2019-09-04T11:16:42","date_gmt":"2019-09-04T09:16:42","guid":{"rendered":"https:\/\/sabadell.ccoo.cat\/?page_id=6531"},"modified":"2019-09-04T11:16:42","modified_gmt":"2019-09-04T09:16:42","slug":"informaexpres","status":"publish","type":"page","link":"https:\/\/ccoo.app\/aj-sabadell\/informaexpres\/","title":{"rendered":"INFORMAexpr\u00e9s"},"content":{"rendered":"\n<div class=\"wp-block-image is-style-default\"><figure class=\"aligncenter is-resized\"><img decoding=\"async\" src=\"http:\/\/ccoo.app\/aj-sabadell\/wp-content\/blogs.dir\/6\/files\/sites\/144\/2019\/09\/001.png\" alt=\"\" class=\"wp-image-6541\" width=\"814\" srcset=\"https:\/\/ccoo.app\/aj-sabadell\/wp-content\/blogs.dir\/6\/files\/sites\/144\/2019\/09\/001.png 711w, https:\/\/ccoo.app\/aj-sabadell\/wp-content\/blogs.dir\/6\/files\/sites\/144\/2019\/09\/001-300x68.png 300w\" sizes=\"(max-width: 711px) 100vw, 711px\" \/><\/figure><\/div>\n\n\n\n<h6 class=\"has-text-align-left wp-block-heading\"> Recull dels butllet\u00edns setmanals: <\/h6>\n\n\n\n<div class=\"wp-block-columns has-2-columns is-layout-flex wp-container-core-columns-is-layout-9d6595d7 wp-block-columns-is-layout-flex\">\n<div class=\"wp-block-column is-layout-flow wp-block-column-is-layout-flow\">\n<ul class=\"wp-block-list\"><li> <a rel=\"noreferrer noopener\" href=\"https:\/\/sabadell.ccoo.cat\/informaexpres\/100-2\/\" target=\"_blank\">INFORMAexpr\u00e9s. 100<\/a>. Setmana del 10 al 16 de desembre de 2018<\/li><li><a rel=\"noreferrer noopener\" href=\"https:\/\/sabadell.ccoo.cat\/informaexpres\/99-informaexpres\/\" target=\"_blank\">INFORMAexpr\u00e9s. 99<\/a>. Setmana del 3 al 9 de desembre de 2018<\/li><\/ul>\n\n\n<\/div>\n\n\n\n<div class=\"wp-block-column is-layout-flow wp-block-column-is-layout-flow\">\n<ul class=\"wp-block-list\"><li><a rel=\"noreferrer noopener\" href=\"https:\/\/sabadell.ccoo.cat\/informaexpres\/98-informaexpres\/\" target=\"_blank\">INFORMAexpr\u00e9s. 98<\/a>. Setmana del 26 de novembre al 2 de desembre de 2018<\/li><li><a rel=\"noreferrer noopener\" href=\"https:\/\/sabadell.ccoo.cat\/informaexpres\/97-informaexpres\/\" target=\"_blank\">INFORMAexpr\u00e9s. 97<\/a>. Setmana del 19 al 25 de novembre de 2018<\/li><li><a rel=\"noreferrer noopener\" href=\"https:\/\/sabadell.ccoo.cat\/informaexpres\/96-informaexpres\/\" target=\"_blank\">INFORMAexpr\u00e9s. 96<\/a>. Setmana del 12 al 18 de novembre de 2018<\/li><li><a rel=\"noreferrer noopener\" href=\"https:\/\/sabadell.ccoo.cat\/informaexpres\/95-informaexpres\/\" target=\"_blank\">INFORMAexpr\u00e9s. 95<\/a>. Setmana del 5 al 11 de novembre de 2018   <\/li><\/ul>\n\n\n<\/div>\n<\/div>\n    \t","protected":false},"excerpt":{"rendered":"<p>Recull dels butllet\u00edns setmanals: INFORMAexpr\u00e9s. 100. Setmana del 10 al 16 de desembre de 2018 INFORMAexpr\u00e9s. 99. Setmana del 3 al 9 de desembre de 2018 INFORMAexpr\u00e9s. 98. Setmana del &#8230; <a title=\"INFORMAexpr\u00e9s\" class=\"read-more\" href=\"https:\/\/ccoo.app\/aj-sabadell\/informaexpres\/\" aria-label=\"M\u00e9s informaci\u00f3 sobre INFORMAexpr\u00e9s\">Read more<\/a><\/p>\n","protected":false},"author":5259,"featured_media":0,"parent":0,"menu_order":0,"comment_status":"closed","ping_status":"closed","template":"","meta":{"footnotes":""},"class_list":["post-6531","page","type-page","status-publish"],"_links":{"self":[{"href":"https:\/\/ccoo.app\/aj-sabadell\/wp-json\/wp\/v2\/pages\/6531","targetHints":{"allow":["GET"]}}],"collection":[{"href":"https:\/\/ccoo.app\/aj-sabadell\/wp-json\/wp\/v2\/pages"}],"about":[{"href":"https:\/\/ccoo.app\/aj-sabadell\/wp-json\/wp\/v2\/types\/page"}],"author":[{"embeddable":true,"href":"https:\/\/ccoo.app\/aj-sabadell\/wp-json\/wp\/v2\/users\/5259"}],"replies":[{"embeddable":true,"href":"https:\/\/ccoo.app\/aj-sabadell\/wp-json\/wp\/v2\/comments?post=6531"}],"version-history":[{"count":0,"href":"https:\/\/ccoo.app\/aj-sabadell\/wp-json\/wp\/v2\/pages\/6531\/revisions"}],"wp:attachment":[{"href":"https:\/\/ccoo.app\/aj-sabadell\/wp-json\/wp\/v2\/media?parent=6531"}],"curies":[{"name":"wp","href":"https:\/\/api.w.org\/{rel}","templated":true}]}}