{"id":10658,"date":"2023-03-24T10:08:45","date_gmt":"2023-03-24T09:08:45","guid":{"rendered":"https:\/\/ccoo.app\/aj-sabadell\/?page_id=10658"},"modified":"2023-07-04T10:34:40","modified_gmt":"2023-07-04T08:34:40","slug":"personal-funcionari","status":"publish","type":"page","link":"https:\/\/ccoo.app\/aj-sabadell\/delegades-i-delegats-periode-2023-2026\/personal-funcionari\/","title":{"rendered":"Personal funcionari"},"content":{"rendered":"<div class=\"gb-grid-wrapper gb-grid-wrapper-79cbbec5\">\n<div class=\"gb-grid-column gb-grid-column-73f128e8\"><div class=\"gb-container gb-container-73f128e8\">\n\n<figure class=\"wp-block-image size-full\"><img loading=\"lazy\" decoding=\"async\" width=\"550\" height=\"550\" src=\"https:\/\/ccoo.app\/aj-sabadell\/wp-content\/blogs.dir\/6\/files\/sites\/144\/2023\/03\/angelsnunez-1.png\" alt=\"Angelsnunez 1\" class=\"wp-image-10568\" srcset=\"https:\/\/ccoo.app\/aj-sabadell\/wp-content\/blogs.dir\/6\/files\/sites\/144\/2023\/03\/angelsnunez-1.png 550w, https:\/\/ccoo.app\/aj-sabadell\/wp-content\/blogs.dir\/6\/files\/sites\/144\/2023\/03\/angelsnunez-1-300x300.png 300w, https:\/\/ccoo.app\/aj-sabadell\/wp-content\/blogs.dir\/6\/files\/sites\/144\/2023\/03\/angelsnunez-1-150x150.png 150w\" sizes=\"auto, (max-width: 550px) 100vw, 550px\" \/><\/figure>\n\n<\/div><\/div>\n\n<div class=\"gb-grid-column gb-grid-column-a78b4f03\"><div class=\"gb-container gb-container-a78b4f03\">\n\n<figure class=\"wp-block-image size-full\"><img loading=\"lazy\" decoding=\"async\" width=\"550\" height=\"550\" src=\"https:\/\/ccoo.app\/aj-sabadell\/wp-content\/blogs.dir\/6\/files\/sites\/144\/2023\/03\/carmepenalver-1.png\" alt=\"Carmepenalver 1\" class=\"wp-image-10570\" srcset=\"https:\/\/ccoo.app\/aj-sabadell\/wp-content\/blogs.dir\/6\/files\/sites\/144\/2023\/03\/carmepenalver-1.png 550w, https:\/\/ccoo.app\/aj-sabadell\/wp-content\/blogs.dir\/6\/files\/sites\/144\/2023\/03\/carmepenalver-1-300x300.png 300w, https:\/\/ccoo.app\/aj-sabadell\/wp-content\/blogs.dir\/6\/files\/sites\/144\/2023\/03\/carmepenalver-1-150x150.png 150w\" sizes=\"auto, (max-width: 550px) 100vw, 550px\" \/><\/figure>\n\n<\/div><\/div>\n\n<div class=\"gb-grid-column gb-grid-column-1743cd6c\"><div class=\"gb-container gb-container-1743cd6c\">\n\n<figure class=\"wp-block-image size-full\"><img loading=\"lazy\" decoding=\"async\" width=\"550\" height=\"550\" src=\"https:\/\/ccoo.app\/aj-sabadell\/wp-content\/blogs.dir\/6\/files\/sites\/144\/2023\/03\/carlesbenito-1.png\" alt=\"Carlesbenito 1\" class=\"wp-image-10571\" srcset=\"https:\/\/ccoo.app\/aj-sabadell\/wp-content\/blogs.dir\/6\/files\/sites\/144\/2023\/03\/carlesbenito-1.png 550w, https:\/\/ccoo.app\/aj-sabadell\/wp-content\/blogs.dir\/6\/files\/sites\/144\/2023\/03\/carlesbenito-1-300x300.png 300w, https:\/\/ccoo.app\/aj-sabadell\/wp-content\/blogs.dir\/6\/files\/sites\/144\/2023\/03\/carlesbenito-1-150x150.png 150w\" sizes=\"auto, (max-width: 550px) 100vw, 550px\" \/><\/figure>\n\n<\/div><\/div>\n\n<div class=\"gb-grid-column gb-grid-column-70f7e7db\"><div class=\"gb-container gb-container-70f7e7db\">\n\n<figure class=\"wp-block-image size-full\"><img loading=\"lazy\" decoding=\"async\" width=\"550\" height=\"550\" src=\"https:\/\/ccoo.app\/aj-sabadell\/wp-content\/blogs.dir\/6\/files\/sites\/144\/2023\/03\/jezabelcuadrado-1.png\" alt=\"Jezabelcuadrado 1\" class=\"wp-image-10572\" srcset=\"https:\/\/ccoo.app\/aj-sabadell\/wp-content\/blogs.dir\/6\/files\/sites\/144\/2023\/03\/jezabelcuadrado-1.png 550w, https:\/\/ccoo.app\/aj-sabadell\/wp-content\/blogs.dir\/6\/files\/sites\/144\/2023\/03\/jezabelcuadrado-1-300x300.png 300w, https:\/\/ccoo.app\/aj-sabadell\/wp-content\/blogs.dir\/6\/files\/sites\/144\/2023\/03\/jezabelcuadrado-1-150x150.png 150w\" sizes=\"auto, (max-width: 550px) 100vw, 550px\" \/><\/figure>\n\n<\/div><\/div>\n\n<div class=\"gb-grid-column gb-grid-column-50d0075c\"><div class=\"gb-container gb-container-50d0075c\">\n\n<p><strong>\u00c0ngels N\u00fa\u00f1ez<\/strong><br>Educaci\u00f3<br>Secretaria general de secci\u00f3 sindical<br>Delegada de prevenci\u00f3<a href=\"https:\/\/ccoo.app\/aj-sabadell\/wp-content\/blogs.dir\/6\/files\/sites\/144\/2015\/09\/110.jpg\"><br><\/a><a rel=\"noreferrer noopener\" href=\"mailto:AngelsN@ajsabadell.cat\" target=\"_blank\" class=\"ek-link\">angelsn<br>@ajsabadell.cat<\/a><\/p>\n\n<\/div><\/div>\n\n<div class=\"gb-grid-column gb-grid-column-c5829368\"><div class=\"gb-container gb-container-c5829368\">\n\n<p><strong>Carmen Pe\u00f1alver<\/strong><br>Manteniments<br>Delegada de prevenci\u00f3<br><a rel=\"noreferrer noopener\" href=\"mailto:cpenalver@ajsabadell.cat\" target=\"_blank\">cpenalver<br>@ajsabadell.cat<\/a><\/p>\n\n<\/div><\/div>\n\n<div class=\"gb-grid-column gb-grid-column-4b7514d6\"><div class=\"gb-container gb-container-4b7514d6\">\n\n<p><strong>Carles Benito<\/strong><br>Urbanisme<br>President de la Junta de Personal<br>Delegat de prevenci\u00f3<br><a rel=\"noreferrer noopener\" href=\"mailto:cbenito@ajsabadell.cat\" target=\"_blank\" class=\"ek-link\">cbenito<br>@ajsabadell.cat<\/a><\/p>\n\n<\/div><\/div>\n\n<div class=\"gb-grid-column gb-grid-column-d6eacc9b\"><div class=\"gb-container gb-container-d6eacc9b\">\n\n<p><strong>Jezabel Quadrado<\/strong><br>Llic\u00e8ncies i disciplina urban\u00edstica<a href=\"https:\/\/ccoo.app\/aj-sabadell\/wp-content\/blogs.dir\/6\/files\/sites\/144\/2015\/09\/110.jpg\"><br><\/a><a href=\"mailto:jcuadrado@ajsabadell.cat\" class=\"ek-link\">jcuadrado@ajsabadell.cat<\/a><\/p>\n\n<\/div><\/div>\n<\/div>\n\n\n<hr class=\"wp-block-separator has-alpha-channel-opacity\" \/>\n\n\n<div class=\"gb-grid-wrapper gb-grid-wrapper-10d48875\">\n<div class=\"gb-grid-column gb-grid-column-711eb145\"><div class=\"gb-container gb-container-711eb145\">\n\n<figure class=\"wp-block-image size-full\"><img loading=\"lazy\" decoding=\"async\" width=\"550\" height=\"550\" src=\"https:\/\/ccoo.app\/aj-sabadell\/wp-content\/blogs.dir\/6\/files\/sites\/144\/2023\/03\/sergiogarzon-1.png\" alt=\"Sergiogarzon 1\" class=\"wp-image-10573\" srcset=\"https:\/\/ccoo.app\/aj-sabadell\/wp-content\/blogs.dir\/6\/files\/sites\/144\/2023\/03\/sergiogarzon-1.png 550w, https:\/\/ccoo.app\/aj-sabadell\/wp-content\/blogs.dir\/6\/files\/sites\/144\/2023\/03\/sergiogarzon-1-300x300.png 300w, https:\/\/ccoo.app\/aj-sabadell\/wp-content\/blogs.dir\/6\/files\/sites\/144\/2023\/03\/sergiogarzon-1-150x150.png 150w\" sizes=\"auto, (max-width: 550px) 100vw, 550px\" \/><\/figure>\n\n<\/div><\/div>\n\n<div class=\"gb-grid-column gb-grid-column-3270b1c7\"><div class=\"gb-container gb-container-3270b1c7\">\n\n<figure class=\"wp-block-image size-full\"><img loading=\"lazy\" decoding=\"async\" width=\"550\" height=\"550\" src=\"https:\/\/ccoo.app\/aj-sabadell\/wp-content\/blogs.dir\/6\/files\/sites\/144\/2023\/03\/montseflix-1.png\" alt=\"Montseflix 1\" class=\"wp-image-10574\" srcset=\"https:\/\/ccoo.app\/aj-sabadell\/wp-content\/blogs.dir\/6\/files\/sites\/144\/2023\/03\/montseflix-1.png 550w, https:\/\/ccoo.app\/aj-sabadell\/wp-content\/blogs.dir\/6\/files\/sites\/144\/2023\/03\/montseflix-1-300x300.png 300w, https:\/\/ccoo.app\/aj-sabadell\/wp-content\/blogs.dir\/6\/files\/sites\/144\/2023\/03\/montseflix-1-150x150.png 150w\" sizes=\"auto, (max-width: 550px) 100vw, 550px\" \/><\/figure>\n\n<\/div><\/div>\n\n<div class=\"gb-grid-column gb-grid-column-7552b4ae\"><div class=\"gb-container gb-container-7552b4ae\">\n\n<figure class=\"wp-block-image size-full\"><img loading=\"lazy\" decoding=\"async\" width=\"550\" height=\"550\" src=\"https:\/\/ccoo.app\/aj-sabadell\/wp-content\/blogs.dir\/6\/files\/sites\/144\/2023\/03\/rosamorales-1.png\" alt=\"Rosamorales 1\" class=\"wp-image-10575\" srcset=\"https:\/\/ccoo.app\/aj-sabadell\/wp-content\/blogs.dir\/6\/files\/sites\/144\/2023\/03\/rosamorales-1.png 550w, https:\/\/ccoo.app\/aj-sabadell\/wp-content\/blogs.dir\/6\/files\/sites\/144\/2023\/03\/rosamorales-1-300x300.png 300w, https:\/\/ccoo.app\/aj-sabadell\/wp-content\/blogs.dir\/6\/files\/sites\/144\/2023\/03\/rosamorales-1-150x150.png 150w\" sizes=\"auto, (max-width: 550px) 100vw, 550px\" \/><\/figure>\n\n<\/div><\/div>\n\n<div class=\"gb-grid-column gb-grid-column-9b389e43\"><div class=\"gb-container gb-container-9b389e43\">\n\n<figure class=\"wp-block-image size-full\"><img loading=\"lazy\" decoding=\"async\" width=\"550\" height=\"550\" src=\"https:\/\/ccoo.app\/aj-sabadell\/wp-content\/blogs.dir\/6\/files\/sites\/144\/2023\/03\/enricquilez-1.png\" alt=\"Enricquilez 1\" class=\"wp-image-10576\" srcset=\"https:\/\/ccoo.app\/aj-sabadell\/wp-content\/blogs.dir\/6\/files\/sites\/144\/2023\/03\/enricquilez-1.png 550w, https:\/\/ccoo.app\/aj-sabadell\/wp-content\/blogs.dir\/6\/files\/sites\/144\/2023\/03\/enricquilez-1-300x300.png 300w, https:\/\/ccoo.app\/aj-sabadell\/wp-content\/blogs.dir\/6\/files\/sites\/144\/2023\/03\/enricquilez-1-150x150.png 150w\" sizes=\"auto, (max-width: 550px) 100vw, 550px\" \/><\/figure>\n\n<\/div><\/div>\n\n<div class=\"gb-grid-column gb-grid-column-9a1035ac\"><div class=\"gb-container gb-container-9a1035ac\">\n\n<p><strong>Sergio Garz\u00f3n Torres<\/strong><br>Policia municipal<br><a href=\"mailto:sgarzon@ajsabadell.cat\" class=\"ek-link\">sgarzon@ajsabadell.cat<\/a><\/p>\n\n<\/div><\/div>\n\n<div class=\"gb-grid-column gb-grid-column-d75eacad\"><div class=\"gb-container gb-container-d75eacad\">\n\n<p><strong>Montserrat Flix<\/strong><br>Llic\u00e8ncies d&#8217;Urbanisme<br><a href=\"mailto:mflix@ajsabadell.cat\" target=\"_blank\" rel=\"noreferrer noopener\" class=\"ek-link\">mflix<br>@ajsabadell.cat<\/a><\/p>\n\n<\/div><\/div>\n\n<div class=\"gb-grid-column gb-grid-column-c9d5a7a9\"><div class=\"gb-container gb-container-c9d5a7a9\">\n\n<p><strong>Rosa Morales<\/strong><br>Esports<br><a href=\"mailto:RMorales@ajsabadell.cat\" class=\"ek-link\">RMorales@ajsabadell.cat<\/a><\/p>\n\n<\/div><\/div>\n\n<div class=\"gb-grid-column gb-grid-column-118db513\"><div class=\"gb-container gb-container-118db513\">\n\n<p><strong>Enric Qu\u00edlez<\/strong><br>Cicles de vida<br>Delegat LOLS<br><a rel=\"noreferrer noopener\" href=\"mailto:equilez@ajsabadell.cat\" target=\"_blank\">equilez<br>@ajsabadell.cat<\/a><\/p>\n\n<\/div><\/div>\n<\/div>\n\n\n<hr class=\"wp-block-separator has-alpha-channel-opacity\" \/>\n\n\n<div class=\"gb-grid-wrapper gb-grid-wrapper-3ad74d2a\">\n<div class=\"gb-grid-column gb-grid-column-97af6934\"><div class=\"gb-container gb-container-97af6934\">\n\n<figure class=\"wp-block-image size-full\"><img loading=\"lazy\" decoding=\"async\" width=\"550\" height=\"550\" src=\"https:\/\/ccoo.app\/aj-sabadell\/wp-content\/blogs.dir\/6\/files\/sites\/144\/2023\/03\/isidregabarro-1.png\" alt=\"Isidregabarro 1\" class=\"wp-image-10577\" srcset=\"https:\/\/ccoo.app\/aj-sabadell\/wp-content\/blogs.dir\/6\/files\/sites\/144\/2023\/03\/isidregabarro-1.png 550w, https:\/\/ccoo.app\/aj-sabadell\/wp-content\/blogs.dir\/6\/files\/sites\/144\/2023\/03\/isidregabarro-1-300x300.png 300w, https:\/\/ccoo.app\/aj-sabadell\/wp-content\/blogs.dir\/6\/files\/sites\/144\/2023\/03\/isidregabarro-1-150x150.png 150w\" sizes=\"auto, (max-width: 550px) 100vw, 550px\" \/><\/figure>\n\n<\/div><\/div>\n\n<div class=\"gb-grid-column gb-grid-column-48cabc1b\"><div class=\"gb-container gb-container-48cabc1b\">\n\n<figure class=\"wp-block-image size-full\"><img loading=\"lazy\" decoding=\"async\" width=\"550\" height=\"550\" src=\"https:\/\/ccoo.app\/aj-sabadell\/wp-content\/blogs.dir\/6\/files\/sites\/144\/2023\/03\/danielmunoz-1.png\" alt=\"Danielmunoz 1\" class=\"wp-image-10579\" srcset=\"https:\/\/ccoo.app\/aj-sabadell\/wp-content\/blogs.dir\/6\/files\/sites\/144\/2023\/03\/danielmunoz-1.png 550w, https:\/\/ccoo.app\/aj-sabadell\/wp-content\/blogs.dir\/6\/files\/sites\/144\/2023\/03\/danielmunoz-1-300x300.png 300w, https:\/\/ccoo.app\/aj-sabadell\/wp-content\/blogs.dir\/6\/files\/sites\/144\/2023\/03\/danielmunoz-1-150x150.png 150w\" sizes=\"auto, (max-width: 550px) 100vw, 550px\" \/><\/figure>\n\n<\/div><\/div>\n\n<div class=\"gb-grid-column gb-grid-column-8cd1874d\"><div class=\"gb-container gb-container-8cd1874d\"><\/div><\/div>\n\n<div class=\"gb-grid-column gb-grid-column-6623742f\"><div class=\"gb-container gb-container-6623742f\"><\/div><\/div>\n\n<div class=\"gb-grid-column gb-grid-column-9af09ef5\"><div class=\"gb-container gb-container-9af09ef5\">\n\n<p><strong>Isidre Gabarro<\/strong><br>Educaci\u00f3<br>Delegat LOLS<br><a href=\"mailto:igabarro@ajsabadell.cat\" class=\"ek-link\">igabarro@ajsabadell.cat<\/a><\/p>\n\n<\/div><\/div>\n\n<div class=\"gb-grid-column gb-grid-column-94a6434a\"><div class=\"gb-container gb-container-94a6434a\">\n\n<p><strong>Daniel Mu\u00f1oz Crevillen<\/strong><br>Policia municipal<br>Delegat LOLS<br><a href=\"mailto:dmu%C3%B1oz@ajsabadell.cat\">dmu\u00f1oz@ajsabadell.cat<\/a><\/p>\n\n<\/div><\/div>\n\n<div class=\"gb-grid-column gb-grid-column-93143a86\"><div class=\"gb-container gb-container-93143a86\"><\/div><\/div>\n\n<div class=\"gb-grid-column gb-grid-column-4ebe49bb\"><div class=\"gb-container gb-container-4ebe49bb\"><\/div><\/div>\n<\/div>","protected":false},"excerpt":{"rendered":"","protected":false},"author":5259,"featured_media":0,"parent":10654,"menu_order":1,"comment_status":"closed","ping_status":"closed","template":"","meta":{"footnotes":""},"class_list":["post-10658","page","type-page","status-publish"],"_links":{"self":[{"href":"https:\/\/ccoo.app\/aj-sabadell\/wp-json\/wp\/v2\/pages\/10658","targetHints":{"allow":["GET"]}}],"collection":[{"href":"https:\/\/ccoo.app\/aj-sabadell\/wp-json\/wp\/v2\/pages"}],"about":[{"href":"https:\/\/ccoo.app\/aj-sabadell\/wp-json\/wp\/v2\/types\/page"}],"author":[{"embeddable":true,"href":"https:\/\/ccoo.app\/aj-sabadell\/wp-json\/wp\/v2\/users\/5259"}],"replies":[{"embeddable":true,"href":"https:\/\/ccoo.app\/aj-sabadell\/wp-json\/wp\/v2\/comments?post=10658"}],"version-history":[{"count":4,"href":"https:\/\/ccoo.app\/aj-sabadell\/wp-json\/wp\/v2\/pages\/10658\/revisions"}],"predecessor-version":[{"id":11175,"href":"https:\/\/ccoo.app\/aj-sabadell\/wp-json\/wp\/v2\/pages\/10658\/revisions\/11175"}],"up":[{"embeddable":true,"href":"https:\/\/ccoo.app\/aj-sabadell\/wp-json\/wp\/v2\/pages\/10654"}],"wp:attachment":[{"href":"https:\/\/ccoo.app\/aj-sabadell\/wp-json\/wp\/v2\/media?parent=10658"}],"curies":[{"name":"wp","href":"https:\/\/api.w.org\/{rel}","templated":true}]}}