{"id":3144,"date":"2021-12-13T16:13:02","date_gmt":"2021-12-13T15:13:02","guid":{"rendered":"https:\/\/ccoo.app\/aj-elpratdellobregat\/?page_id=3144"},"modified":"2022-07-28T13:46:48","modified_gmt":"2022-07-28T11:46:48","slug":"complement-de-pensio-per-fills-es","status":"publish","type":"page","link":"https:\/\/ccoo.app\/aj-elpratdellobregat\/complement-de-pensio-per-fills-es\/","title":{"rendered":"Complement de pensi\u00f3 per fills\/es\u00a0\u00a0"},"content":{"rendered":"\n<figure class=\"wp-block-table is-style-stripes\"><table><tbody><tr><td><br><em>\u25ba <\/em><a href=\"https:\/\/www.boe.es\/buscar\/act.php?id=BOE-A-2015-11724#a60\"><em>Art. 60 RDL8\/2015 Text ref\u00f3s de la Llei de Seguretat Social<\/em><\/a><br>&nbsp;<br>S\u2019ha modificat el complement de maternitat de les pensions aprovat el 2015, i se substitueix per un complement d\u2019un import fix per cada fill\/a.<br>&nbsp;<br>v&nbsp; <strong>Beneficiari:<\/strong>&nbsp; El progenitor (home o dona) que <strong>demostri perjudici<\/strong> a la seva carrera professional immediatament posterior al temps de tenir fills.&nbsp; (<em>les dades de la Seguretat Social demostren que en el 98% del casos son les dones<\/em>)<br>\u00a7&nbsp; Per defecte el cobrar\u00e0 la mare.<br>\u00a7&nbsp; A les parelles del mateix sexe el cobrar\u00e0 qui tingui la pensi\u00f3 m\u00e9s baixa.<br>v&nbsp;<br><br><br><strong>Pensions contributives: <\/strong>S\u2019aplicar\u00e0 a les pensions de jubilaci\u00f3, vidu\u00eftat, incapacitat permanent.&nbsp; I s\u2019afegeix tamb\u00e9 la jubilaci\u00f3 anticipada volunt\u00e0ria, que fins ara estava exclosa.<br>v&nbsp; <strong>Import &nbsp;complement:<\/strong><br>S\u2019incrementar\u00e0 la pensi\u00f3 resultant amb 378 \u20ac<br>per cada fill\/a, fins a un m\u00e0xim de 4.<br>&nbsp;<br><strong>FILLS\/ES<\/strong><br><strong>COMPLEMENT ANUAL<\/strong><br><strong>1<\/strong><br><strong>378 \u20ac<\/strong><br><strong>2<\/strong><br><strong>756 \u20ac<\/strong><br><strong>3<\/strong><br><strong>1.134 \u20ac<\/strong><br><strong>4<\/strong><br><strong>1.512 \u20ac<\/strong><br>&nbsp;<br>Aquests imports s\u2019actualitzaran amb els increments aprovats cada any per les pensions.<br>Nom\u00e9s es computaran els fills amb anterioritat al fet causant de la pensi\u00f3.<br>v&nbsp; <strong>L\u00edmit m\u00e0xim:<\/strong>&nbsp; Aquest complement no computar\u00e0 a efectes de determinar complements a m\u00ednims, ni per al topall m\u00e0xim de la pensi\u00f3.&nbsp;&nbsp;&nbsp;<br>Si la pensi\u00f3 arrib\u00e9s al seu import m\u00e0xim legal, es podr\u00e0 superar fins al l\u00edmit de la suma de la pensi\u00f3 m\u00e0xima m\u00e9s un 50% del complement corresponent.<br>v&nbsp; <strong>Data de vig\u00e8ncia:<\/strong>&nbsp; Pensions reconegudes a partir de 1\/1\/2016.<br>v&nbsp; <strong>Inaplicaci\u00f3:<\/strong>&nbsp; No es tindr\u00e0 dret mentre s\u2019estigui en jubilaci\u00f3 parcial.&nbsp; En aquest cas s\u2019aplicar\u00e0 a partir de la jubilaci\u00f3 definitiva.<\/td><\/tr><\/tbody><\/table><\/figure>\n\n\n\n<p><\/p>\n","protected":false},"excerpt":{"rendered":"<p>\u25ba Art. 60 RDL8\/2015 Text ref\u00f3s de la Llei de Seguretat Social&nbsp;S\u2019ha modificat el complement de maternitat de les pensions aprovat el 2015, i se substitueix per un complement d\u2019un &#8230; <a title=\"Complement de pensi\u00f3 per fills\/es\u00a0\u00a0\" class=\"read-more\" href=\"https:\/\/ccoo.app\/aj-elpratdellobregat\/complement-de-pensio-per-fills-es\/\" aria-label=\"Leer m\u00e1s sobre Complement de pensi\u00f3 per fills\/es\u00a0\u00a0\">Leer m\u00e1s<\/a><\/p>\n","protected":false},"author":3142,"featured_media":3226,"parent":0,"menu_order":0,"comment_status":"closed","ping_status":"closed","template":"","meta":{"footnotes":""},"class_list":["post-3144","page","type-page","status-publish","has-post-thumbnail"],"_links":{"self":[{"href":"https:\/\/ccoo.app\/aj-elpratdellobregat\/wp-json\/wp\/v2\/pages\/3144","targetHints":{"allow":["GET"]}}],"collection":[{"href":"https:\/\/ccoo.app\/aj-elpratdellobregat\/wp-json\/wp\/v2\/pages"}],"about":[{"href":"https:\/\/ccoo.app\/aj-elpratdellobregat\/wp-json\/wp\/v2\/types\/page"}],"author":[{"embeddable":true,"href":"https:\/\/ccoo.app\/aj-elpratdellobregat\/wp-json\/wp\/v2\/users\/3142"}],"replies":[{"embeddable":true,"href":"https:\/\/ccoo.app\/aj-elpratdellobregat\/wp-json\/wp\/v2\/comments?post=3144"}],"version-history":[{"count":2,"href":"https:\/\/ccoo.app\/aj-elpratdellobregat\/wp-json\/wp\/v2\/pages\/3144\/revisions"}],"predecessor-version":[{"id":3227,"href":"https:\/\/ccoo.app\/aj-elpratdellobregat\/wp-json\/wp\/v2\/pages\/3144\/revisions\/3227"}],"wp:featuredmedia":[{"embeddable":true,"href":"https:\/\/ccoo.app\/aj-elpratdellobregat\/wp-json\/wp\/v2\/media\/3226"}],"wp:attachment":[{"href":"https:\/\/ccoo.app\/aj-elpratdellobregat\/wp-json\/wp\/v2\/media?parent=3144"}],"curies":[{"name":"wp","href":"https:\/\/api.w.org\/{rel}","templated":true}]}}