{"id":4483,"date":"2015-09-15T07:40:23","date_gmt":"2015-09-15T07:40:23","guid":{"rendered":"http:\/\/aigues.ccoo.cat\/?page_id=4483"},"modified":"2015-09-15T07:40:23","modified_gmt":"2015-09-15T07:40:23","slug":"qualificacions-professionals","status":"publish","type":"page","link":"https:\/\/ccoo.app\/aigues\/formacio\/qualificacions-professionals\/","title":{"rendered":"Qualificacions professionals"},"content":{"rendered":"<p><span style=\"text-decoration: underline\"><strong>La Formaci\u00f3 del sector: Qualificacions Profesionals<\/strong><\/span><br \/>\nCCOO fa temps que treballem en la linea d&#8217;aconseguir un reconeixement a la nostra feina i especialitats.<br \/>\nVoliem que exist\u00eds una formaci\u00f3 espec\u00edfica del sector Cicle Integral de l&#8217;Aigua, on poder desenvolupar-nos i creixer com treballadors en el nostre nivell de coneixements te\u00f2rics i se&#8217;ns reconegu\u00e9s la nostre experiencia.<br \/>\nHo vam aconseguir amb les Qualificacions Profesionals.<\/p>\n<p>Al 2011 es va produir per primera vegada la fase d&#8217;Acreditaci\u00f3 de Compet\u00e8ncies, (Acredita&#8217;t) llan\u00e7ant 300 places, on 206 company@s del sector van obtenir l&#8217;acreditaci\u00f3 d&#8217;Unitats de Compet\u00e8ncies.<\/p>\n<p>Despr\u00e9s d&#8217;aquest important pas, ens haviem quedat estancats.<br \/>\nDes de CCOO hem aconseguit que al Conveni Auton\u00f2mic de l&#8217;Aigua, al seu art\u00edcle 10, hi hagi un comprom\u00eds expl\u00edcit de la Patronal de promoure les Qualificacions i fer el posible per la seva inclusi\u00f3 als plans de formaci\u00f3 de les empreses del sector.<\/p>\n<p>Tant \u00e9s aix\u00ec que ja s&#8217;ha produ\u00eft (27\/01\/2015) la primera reuni\u00f3 de la comisi\u00f3 paritaria del conveni que s&#8217;ha d&#8217;encarregar del desenvolupament i aplicaci\u00f3 de l&#8217;article 10.<\/p>\n<p>Com podeu veure als arxius que annexem a continuaci\u00f3 i es complementen amb la informaci\u00f3 penjada a la Pestanya de Formaci\u00f3 d&#8217;aquest web, el tema comen\u00e7a a avan\u00e7ar.<\/p>\n<p>Objectiu\u00a0assolits<\/p>\n<ul>\n<li>Signat conveni entre ASAC i Departament d&#8217;Ensenyament.<\/li>\n<li>S&#8217;ha convocat Acredita&#8217;t. Les empreses estan inscrivint al personal.<\/li>\n<\/ul>\n<p>Acreditacions i Qualificacions:<\/p>\n<p>El proc\u00e9s d&#8217;Acreditaci\u00f3 de Competencies Professionals \u00e9s el primer pas per aconseguir els CERTIFICATS DE PROFESSIONALITAT i LES QUALIFICACIONS PROFESSIONALS.<\/p>\n<p><strong><span style=\"text-decoration: underline\">Les Qualificacions Professionals del Sector, que es composen d&#8217;Unitats de Competencia (convalidaci\u00f3 per experiencia professional) i associades a Moduls Formatius (all\u00f2 que no convalides pots fer formaci\u00f3) son:<\/span><\/strong><\/p>\n<ol>\n<li>Qualificaci\u00f3:\n<ol>\n<li><a href=\"https:\/\/drive.google.com\/a\/ccoo.cat\/file\/d\/0B2u5SVn_fIKOdDVZdEg4SG13NmM\/view?usp=sharing\">Operaci\u00f3 d&#8217;Estacions de Tractament d&#8217;Aig\u00fces<\/a>:\n<ol>\n<li><a href=\"https:\/\/drive.google.com\/folderview?id=0B2u5SVn_fIKOZDV5ZXlGX1Bza0E&amp;usp=sharing\">M\u00f2duls Formatius<\/a><\/li>\n<li><a href=\"https:\/\/drive.google.com\/folderview?id=0B2u5SVn_fIKOMXgxVS0yQ2xXRTQ&amp;usp=sharing\">Unitats de Competencia<\/a><\/li>\n<\/ol>\n<\/li>\n<li><a href=\"https:\/\/drive.google.com\/file\/d\/0B2u5SVn_fIKOVE5RdWF3SVgzTk0\/view?usp=sharing\">Muntatge i Manteniment de Xarxes d&#8217;Aigua<\/a>:\n<ol>\n<li><a href=\"https:\/\/drive.google.com\/folderview?id=0B2u5SVn_fIKOZWRoVkRmSUNSRFk&amp;usp=sharing\">M\u00f2duls Formatius<\/a><\/li>\n<li><a href=\"https:\/\/drive.google.com\/folderview?id=0B2u5SVn_fIKOSTJoNFhESWZlUXM&amp;usp=sharing\">Unitats de Competencia\u00a0<\/a><\/li>\n<\/ol>\n<\/li>\n<li><a href=\"https:\/\/drive.google.com\/file\/d\/0B2u5SVn_fIKOOW9HbjVYRFg3VW8\/view?usp=sharing\">Organitzaci\u00f3, control i manteniment de xarxes i instal.lacions d&#8217;Aigua i sanejament: <\/a>(encarregat)\n<ol>\n<li><a href=\"https:\/\/drive.google.com\/folderview?id=0B2u5SVn_fIKOWWMzZDFJUS1pZFk&amp;usp=sharing\">M\u00f2duls Formatius<\/a><\/li>\n<li><a href=\"https:\/\/drive.google.com\/folderview?id=0B2u5SVn_fIKOY2JPV0RDMHFhN3M&amp;usp=sharing\">Unitats de Competencia<\/a><\/li>\n<\/ol>\n<\/li>\n<\/ol>\n<\/li>\n<\/ol>\n<p>&nbsp;<\/p>\n<p><strong>La web de la Generalitat de l&#8217;Acredita&#8217;t:\u00a0<\/strong><a href=\"http:\/\/acreditat.gencat.cat\">http:\/\/acreditat.gencat.cat<\/a><\/p>\n<p>&nbsp;<\/p>\n<p>&nbsp;    \t<\/p>\n","protected":false},"excerpt":{"rendered":"<p>La Formaci\u00f3 del sector: Qualificacions Profesionals CCOO fa temps que treballem en la linea d&#8217;aconseguir un reconeixement a la nostra feina i especialitats. Voliem que exist\u00eds una formaci\u00f3 espec\u00edfica del &#8230; <a title=\"Qualificacions professionals\" class=\"read-more\" href=\"https:\/\/ccoo.app\/aigues\/formacio\/qualificacions-professionals\/\" aria-label=\"Leer m\u00e1s sobre Qualificacions professionals\">Leer m\u00e1s<\/a><\/p>\n","protected":false},"author":2851,"featured_media":0,"parent":4477,"menu_order":0,"comment_status":"closed","ping_status":"closed","template":"","meta":{"footnotes":""},"class_list":["post-4483","page","type-page","status-publish"],"_links":{"self":[{"href":"https:\/\/ccoo.app\/aigues\/wp-json\/wp\/v2\/pages\/4483","targetHints":{"allow":["GET"]}}],"collection":[{"href":"https:\/\/ccoo.app\/aigues\/wp-json\/wp\/v2\/pages"}],"about":[{"href":"https:\/\/ccoo.app\/aigues\/wp-json\/wp\/v2\/types\/page"}],"author":[{"embeddable":true,"href":"https:\/\/ccoo.app\/aigues\/wp-json\/wp\/v2\/users\/2851"}],"replies":[{"embeddable":true,"href":"https:\/\/ccoo.app\/aigues\/wp-json\/wp\/v2\/comments?post=4483"}],"version-history":[{"count":0,"href":"https:\/\/ccoo.app\/aigues\/wp-json\/wp\/v2\/pages\/4483\/revisions"}],"up":[{"embeddable":true,"href":"https:\/\/ccoo.app\/aigues\/wp-json\/wp\/v2\/pages\/4477"}],"wp:attachment":[{"href":"https:\/\/ccoo.app\/aigues\/wp-json\/wp\/v2\/media?parent=4483"}],"curies":[{"name":"wp","href":"https:\/\/api.w.org\/{rel}","templated":true}]}}