{"id":4444,"date":"2015-09-14T14:27:52","date_gmt":"2015-09-14T14:27:52","guid":{"rendered":"http:\/\/aigues.ccoo.cat\/?page_id=4444"},"modified":"2023-03-05T11:10:47","modified_gmt":"2023-03-05T10:10:47","slug":"conveni","status":"publish","type":"page","link":"https:\/\/ccoo.app\/aigues\/conveni\/","title":{"rendered":"Convenis\/Lleis\/Igualtat"},"content":{"rendered":"\n<div class=\"wp-block-cover is-light is-layout-flow wp-block-cover-is-layout-flow\" style=\"min-height:100vh;aspect-ratio:unset;\"><span aria-hidden=\"true\" class=\"wp-block-cover__background has-background-dim-0 has-background-dim\"><\/span><img loading=\"lazy\" decoding=\"async\" width=\"500\" height=\"500\" class=\"wp-block-cover__image-background wp-image-5224\" alt=\"Cicle Integral De Laigua\" src=\"https:\/\/ccoo.app\/aigues\/wp-content\/blogs.dir\/6\/files\/sites\/156\/2023\/03\/cicle-integral-de-laigua.png\" data-object-fit=\"cover\" srcset=\"https:\/\/ccoo.app\/aigues\/wp-content\/blogs.dir\/6\/files\/sites\/156\/2023\/03\/cicle-integral-de-laigua.png 500w, https:\/\/ccoo.app\/aigues\/wp-content\/blogs.dir\/6\/files\/sites\/156\/2023\/03\/cicle-integral-de-laigua-300x300.png 300w, https:\/\/ccoo.app\/aigues\/wp-content\/blogs.dir\/6\/files\/sites\/156\/2023\/03\/cicle-integral-de-laigua-150x150.png 150w\" sizes=\"auto, (max-width: 500px) 100vw, 500px\" \/><div class=\"wp-block-cover__inner-container\"><\/div><\/div>\n\n\n\n<div style=\"height:56px\" aria-hidden=\"true\" class=\"wp-block-spacer\"><\/div>\n\n\n\n<h4 class=\"has-text-align-center has-large-font-size wp-block-heading\">             <a aria-label=\" (opens in a new tab)\" href=\"https:\/\/ccoo.app\/aigues\/wp-content\/blogs.dir\/6\/files\/sites\/156\/2023\/01\/iv-conveni-autonomic-amb-index-i-texts-estatal-2021-24.pdf\" target=\"_blank\" rel=\"noreferrer noopener\" class=\"ek-link\">         IV Conveni auton\u00f2mic del cicle integral de l&#8217;aigua          <\/a><\/h4>\n\n\n\n<div class=\"wp-block-buttons is-content-justification-center is-layout-flex wp-container-core-buttons-is-layout-16018d1d wp-block-buttons-is-layout-flex\">\n<div class=\"wp-block-button\"><a class=\"wp-block-button__link wp-element-button\" href=\"https:\/\/ccoo.app\/aigues\/wp-content\/blogs.dir\/6\/files\/sites\/156\/2023\/01\/iv-conveni-autonomic-amb-index-i-texts-estatal-2021-24.pdf\">Descarrega&#8217;l aqui<\/a><\/div>\n<\/div>\n\n\n\n<h4 class=\"has-text-align-center has-large-font-size wp-block-heading\">                     <a aria-label=\"C\u00e0lcul endarreriments conveni auton\u00f2mic                         (Descarrega'l aqui) (opens in a new tab)\" href=\"https:\/\/docs.google.com\/spreadsheets\/d\/1GEAUaUUXUxrqdzdaEm5eR-Tx-dAlCX5j\/edit?usp=sharing&amp;ouid=102906020018791973151&amp;rtpof=true&amp;sd=true\" target=\"_blank\" rel=\"noreferrer noopener\" class=\"ek-link\">C\u00e0lcul endarreriments conveni auton\u00f2mic  <\/a><a aria-label=\"C\u00e0lcul endarreriments conveni auton\u00f2mic                         (Descarrega'l aqui) (opens in a new tab)\" href=\"https:\/\/docs.google.com\/spreadsheets\/d\/1GEAUaUUXUxrqdzdaEm5eR-Tx-dAlCX5j\/edit?usp=sharing&amp;ouid=102906020018791973151&amp;rtpof=true&amp;sd=true\" target=\"_blank\" rel=\"noreferrer noopener\" class=\"ek-link\"> <\/a><a aria-label=\"C\u00e0lcul endarreriments conveni auton\u00f2mic                         (Descarrega'l aqui) (opens in a new tab)\" href=\"https:\/\/docs.google.com\/spreadsheets\/d\/1GEAUaUUXUxrqdzdaEm5eR-Tx-dAlCX5j\/edit?usp=sharing&amp;ouid=102906020018791973151&amp;rtpof=true&amp;sd=true\" target=\"_blank\" rel=\"noreferrer noopener\" class=\"ek-link\"> <\/a><a aria-label=\"C\u00e0lcul endarreriments conveni auton\u00f2mic                         (Descarrega'l aqui) (opens in a new tab)\" href=\"https:\/\/docs.google.com\/spreadsheets\/d\/1GEAUaUUXUxrqdzdaEm5eR-Tx-dAlCX5j\/edit?usp=sharing&amp;ouid=102906020018791973151&amp;rtpof=true&amp;sd=true\" target=\"_blank\" rel=\"noreferrer noopener\" class=\"ek-link\"> <\/a><a aria-label=\"C\u00e0lcul endarreriments conveni auton\u00f2mic                         (Descarrega'l aqui) (opens in a new tab)\" href=\"https:\/\/docs.google.com\/spreadsheets\/d\/1GEAUaUUXUxrqdzdaEm5eR-Tx-dAlCX5j\/edit?usp=sharing&amp;ouid=102906020018791973151&amp;rtpof=true&amp;sd=true\" target=\"_blank\" rel=\"noreferrer noopener\" class=\"ek-link\"> <\/a><a aria-label=\"C\u00e0lcul endarreriments conveni auton\u00f2mic                         (Descarrega'l aqui) (opens in a new tab)\" href=\"https:\/\/docs.google.com\/spreadsheets\/d\/1GEAUaUUXUxrqdzdaEm5eR-Tx-dAlCX5j\/edit?usp=sharing&amp;ouid=102906020018791973151&amp;rtpof=true&amp;sd=true\" target=\"_blank\" rel=\"noreferrer noopener\" class=\"ek-link\"> <\/a><a aria-label=\"C\u00e0lcul endarreriments conveni auton\u00f2mic                         (Descarrega'l aqui) (opens in a new tab)\" href=\"https:\/\/docs.google.com\/spreadsheets\/d\/1GEAUaUUXUxrqdzdaEm5eR-Tx-dAlCX5j\/edit?usp=sharing&amp;ouid=102906020018791973151&amp;rtpof=true&amp;sd=true\" target=\"_blank\" rel=\"noreferrer noopener\" class=\"ek-link\"> <\/a><a aria-label=\"C\u00e0lcul endarreriments conveni auton\u00f2mic                         (Descarrega'l aqui) (opens in a new tab)\" href=\"https:\/\/docs.google.com\/spreadsheets\/d\/1GEAUaUUXUxrqdzdaEm5eR-Tx-dAlCX5j\/edit?usp=sharing&amp;ouid=102906020018791973151&amp;rtpof=true&amp;sd=true\" target=\"_blank\" rel=\"noreferrer noopener\" class=\"ek-link\"> <\/a><a aria-label=\"C\u00e0lcul endarreriments conveni auton\u00f2mic                         (Descarrega'l aqui) (opens in a new tab)\" href=\"https:\/\/docs.google.com\/spreadsheets\/d\/1GEAUaUUXUxrqdzdaEm5eR-Tx-dAlCX5j\/edit?usp=sharing&amp;ouid=102906020018791973151&amp;rtpof=true&amp;sd=true\" target=\"_blank\" rel=\"noreferrer noopener\" class=\"ek-link\"> <\/a><a aria-label=\"C\u00e0lcul endarreriments conveni auton\u00f2mic                         (Descarrega'l aqui) (opens in a new tab)\" href=\"https:\/\/docs.google.com\/spreadsheets\/d\/1GEAUaUUXUxrqdzdaEm5eR-Tx-dAlCX5j\/edit?usp=sharing&amp;ouid=102906020018791973151&amp;rtpof=true&amp;sd=true\" target=\"_blank\" rel=\"noreferrer noopener\" class=\"ek-link\"> <\/a><a aria-label=\"C\u00e0lcul endarreriments conveni auton\u00f2mic                         (Descarrega'l aqui) (opens in a new tab)\" href=\"https:\/\/docs.google.com\/spreadsheets\/d\/1GEAUaUUXUxrqdzdaEm5eR-Tx-dAlCX5j\/edit?usp=sharing&amp;ouid=102906020018791973151&amp;rtpof=true&amp;sd=true\" target=\"_blank\" rel=\"noreferrer noopener\" class=\"ek-link\"> <\/a><a aria-label=\"C\u00e0lcul endarreriments conveni auton\u00f2mic                         (Descarrega'l aqui) (opens in a new tab)\" href=\"https:\/\/docs.google.com\/spreadsheets\/d\/1GEAUaUUXUxrqdzdaEm5eR-Tx-dAlCX5j\/edit?usp=sharing&amp;ouid=102906020018791973151&amp;rtpof=true&amp;sd=true\" target=\"_blank\" rel=\"noreferrer noopener\" class=\"ek-link\"> <\/a><a aria-label=\"C\u00e0lcul endarreriments conveni auton\u00f2mic                         (Descarrega'l aqui) (opens in a new tab)\" href=\"https:\/\/docs.google.com\/spreadsheets\/d\/1GEAUaUUXUxrqdzdaEm5eR-Tx-dAlCX5j\/edit?usp=sharing&amp;ouid=102906020018791973151&amp;rtpof=true&amp;sd=true\" target=\"_blank\" rel=\"noreferrer noopener\" class=\"ek-link\"> <\/a><a aria-label=\"C\u00e0lcul endarreriments conveni auton\u00f2mic                         (Descarrega'l aqui) (opens in a new tab)\" href=\"https:\/\/docs.google.com\/spreadsheets\/d\/1GEAUaUUXUxrqdzdaEm5eR-Tx-dAlCX5j\/edit?usp=sharing&amp;ouid=102906020018791973151&amp;rtpof=true&amp;sd=true\" target=\"_blank\" rel=\"noreferrer noopener\" class=\"ek-link\"> <\/a><a aria-label=\"C\u00e0lcul endarreriments conveni auton\u00f2mic                         (Descarrega'l aqui) (opens in a new tab)\" href=\"https:\/\/docs.google.com\/spreadsheets\/d\/1GEAUaUUXUxrqdzdaEm5eR-Tx-dAlCX5j\/edit?usp=sharing&amp;ouid=102906020018791973151&amp;rtpof=true&amp;sd=true\" target=\"_blank\" rel=\"noreferrer noopener\" class=\"ek-link\"> <\/a><a aria-label=\"C\u00e0lcul endarreriments conveni auton\u00f2mic                         (Descarrega'l aqui) (opens in a new tab)\" href=\"https:\/\/docs.google.com\/spreadsheets\/d\/1GEAUaUUXUxrqdzdaEm5eR-Tx-dAlCX5j\/edit?usp=sharing&amp;ouid=102906020018791973151&amp;rtpof=true&amp;sd=true\" target=\"_blank\" rel=\"noreferrer noopener\" class=\"ek-link\"> <\/a><a aria-label=\"C\u00e0lcul endarreriments conveni auton\u00f2mic                         (Descarrega'l aqui) (opens in a new tab)\" href=\"https:\/\/docs.google.com\/spreadsheets\/d\/1GEAUaUUXUxrqdzdaEm5eR-Tx-dAlCX5j\/edit?usp=sharing&amp;ouid=102906020018791973151&amp;rtpof=true&amp;sd=true\" target=\"_blank\" rel=\"noreferrer noopener\" class=\"ek-link\"> <\/a><a aria-label=\"C\u00e0lcul endarreriments conveni auton\u00f2mic                         (Descarrega'l aqui) (opens in a new tab)\" href=\"https:\/\/docs.google.com\/spreadsheets\/d\/1GEAUaUUXUxrqdzdaEm5eR-Tx-dAlCX5j\/edit?usp=sharing&amp;ouid=102906020018791973151&amp;rtpof=true&amp;sd=true\" target=\"_blank\" rel=\"noreferrer noopener\" class=\"ek-link\"> <\/a><a aria-label=\"C\u00e0lcul endarreriments conveni auton\u00f2mic                         (Descarrega'l aqui) (opens in a new tab)\" href=\"https:\/\/docs.google.com\/spreadsheets\/d\/1GEAUaUUXUxrqdzdaEm5eR-Tx-dAlCX5j\/edit?usp=sharing&amp;ouid=102906020018791973151&amp;rtpof=true&amp;sd=true\" target=\"_blank\" rel=\"noreferrer noopener\" class=\"ek-link\"> <\/a><a aria-label=\"C\u00e0lcul endarreriments conveni auton\u00f2mic                         (Descarrega'l aqui) (opens in a new tab)\" href=\"https:\/\/docs.google.com\/spreadsheets\/d\/1GEAUaUUXUxrqdzdaEm5eR-Tx-dAlCX5j\/edit?usp=sharing&amp;ouid=102906020018791973151&amp;rtpof=true&amp;sd=true\" target=\"_blank\" rel=\"noreferrer noopener\" class=\"ek-link\"> <\/a><a aria-label=\"C\u00e0lcul endarreriments conveni auton\u00f2mic                         (Descarrega'l aqui) (opens in a new tab)\" href=\"https:\/\/docs.google.com\/spreadsheets\/d\/1GEAUaUUXUxrqdzdaEm5eR-Tx-dAlCX5j\/edit?usp=sharing&amp;ouid=102906020018791973151&amp;rtpof=true&amp;sd=true\" target=\"_blank\" rel=\"noreferrer noopener\" class=\"ek-link\"> <\/a><a aria-label=\"C\u00e0lcul endarreriments conveni auton\u00f2mic                         (Descarrega'l aqui) (opens in a new tab)\" href=\"https:\/\/docs.google.com\/spreadsheets\/d\/1GEAUaUUXUxrqdzdaEm5eR-Tx-dAlCX5j\/edit?usp=sharing&amp;ouid=102906020018791973151&amp;rtpof=true&amp;sd=true\" target=\"_blank\" rel=\"noreferrer noopener\" class=\"ek-link\"> <\/a><a aria-label=\"C\u00e0lcul endarreriments conveni auton\u00f2mic                         (Descarrega'l aqui) (opens in a new tab)\" href=\"https:\/\/docs.google.com\/spreadsheets\/d\/1GEAUaUUXUxrqdzdaEm5eR-Tx-dAlCX5j\/edit?usp=sharing&amp;ouid=102906020018791973151&amp;rtpof=true&amp;sd=true\" target=\"_blank\" rel=\"noreferrer noopener\" class=\"ek-link\">                       <\/a><\/h4>\n\n\n\n<div class=\"wp-block-buttons is-content-justification-center is-layout-flex wp-container-core-buttons-is-layout-16018d1d wp-block-buttons-is-layout-flex\">\n<div class=\"wp-block-button\"><a class=\"wp-block-button__link wp-element-button\" href=\"https:\/\/docs.google.com\/spreadsheets\/d\/1GEAUaUUXUxrqdzdaEm5eR-Tx-dAlCX5j\/edit?usp=sharing&amp;ouid=102906020018791973151&amp;rtpof=true&amp;sd=true\" target=\"_blank\" rel=\"noreferrer noopener\">Descarrega&#8217;l aqu\u00ed<\/a><\/div>\n<\/div>\n\n\n\n<h4 class=\"has-text-align-center has-large-font-size wp-block-heading\">3er Conveni auton\u00f2mic cicle integtral de l&#8217;aigua 2019 &#8211; 2020<\/h4>\n\n\n\n<div class=\"wp-block-buttons is-content-justification-center is-layout-flex wp-container-core-buttons-is-layout-16018d1d wp-block-buttons-is-layout-flex\">\n<div class=\"wp-block-button\"><a class=\"wp-block-button__link wp-element-button\" href=\"https:\/\/drive.google.com\/file\/d\/1hR1Y5Agnckd3U1P632bjz8wPegVnB1xm\/view?usp=sharing\" target=\"_blank\" rel=\"noreferrer noopener\">Descarrega&#8217;l aqu\u00ed<\/a><\/div>\n<\/div>\n\n\n\n<h4 class=\"has-text-align-center has-large-font-size wp-block-heading\">VI Convenio estatal del Ciclo integral del Agua<\/h4>\n\n\n\n<div class=\"wp-block-buttons is-content-justification-center is-layout-flex wp-container-core-buttons-is-layout-16018d1d wp-block-buttons-is-layout-flex\">\n<div class=\"wp-block-button\"><a class=\"wp-block-button__link wp-element-button\" href=\"https:\/\/drive.google.com\/file\/d\/1xodbrMXlj7at8IJNyFBjEyigVuABwG4Q\/view?usp=sharing\" target=\"_blank\" rel=\"noreferrer noopener\">Descarrega&#8217;l aqu\u00ed<\/a><\/div>\n<\/div>\n","protected":false},"excerpt":{"rendered":"<p>IV Conveni auton\u00f2mic del cicle integral de l&#8217;aigua C\u00e0lcul endarreriments conveni auton\u00f2mic 3er Conveni auton\u00f2mic cicle integtral de l&#8217;aigua 2019 &#8211; 2020 VI Convenio estatal del Ciclo integral del Agua<\/p>\n","protected":false},"author":2851,"featured_media":0,"parent":0,"menu_order":2,"comment_status":"closed","ping_status":"closed","template":"","meta":{"footnotes":""},"class_list":["post-4444","page","type-page","status-publish"],"_links":{"self":[{"href":"https:\/\/ccoo.app\/aigues\/wp-json\/wp\/v2\/pages\/4444","targetHints":{"allow":["GET"]}}],"collection":[{"href":"https:\/\/ccoo.app\/aigues\/wp-json\/wp\/v2\/pages"}],"about":[{"href":"https:\/\/ccoo.app\/aigues\/wp-json\/wp\/v2\/types\/page"}],"author":[{"embeddable":true,"href":"https:\/\/ccoo.app\/aigues\/wp-json\/wp\/v2\/users\/2851"}],"replies":[{"embeddable":true,"href":"https:\/\/ccoo.app\/aigues\/wp-json\/wp\/v2\/comments?post=4444"}],"version-history":[{"count":4,"href":"https:\/\/ccoo.app\/aigues\/wp-json\/wp\/v2\/pages\/4444\/revisions"}],"predecessor-version":[{"id":5225,"href":"https:\/\/ccoo.app\/aigues\/wp-json\/wp\/v2\/pages\/4444\/revisions\/5225"}],"wp:attachment":[{"href":"https:\/\/ccoo.app\/aigues\/wp-json\/wp\/v2\/media?parent=4444"}],"curies":[{"name":"wp","href":"https:\/\/api.w.org\/{rel}","templated":true}]}}