{"id":4348,"date":"2015-09-08T11:05:45","date_gmt":"2015-09-08T11:05:45","guid":{"rendered":"http:\/\/aigues.ccoo.cat\/?page_id=4348"},"modified":"2022-09-07T08:51:57","modified_gmt":"2022-09-07T06:51:57","slug":"inici","status":"publish","type":"page","link":"https:\/\/ccoo.app\/aigues\/inici\/","title":{"rendered":"Links d&#8217;inter\u00e8s"},"content":{"rendered":"\n<ul class=\"wp-block-list\"><li><a href=\"http:\/\/www.ccoo.cat\/\" target=\"_blank\" aria-label=\"CCOO Catalunya (opens in a new tab)\" rel=\"noreferrer noopener\" class=\"ek-link\">CCOO Catalunya<\/a><\/li><li><a aria-label=\" (opens in a new tab)\" href=\"http:\/\/www.ccoo.cat\/fsc\" target=\"_blank\" rel=\"noreferrer noopener\" class=\"ek-link\">Federaci\u00f3 de Serveis a la Ciutadania \u2013 CCOO Catalunya<\/a><\/li><li><a aria-label=\"BOE\u00a0(Bolet\u00edn Oficial del Estado) (opens in a new tab)\" href=\"https:\/\/www.boe.es\/\" target=\"_blank\" rel=\"noreferrer noopener\" class=\"ek-link\">BOE\u00a0(Bolet\u00edn Oficial del Estado)<\/a><\/li><li><a aria-label=\"DOGC\u00a0(Diari Oficial de la Generalitat de Catalunya) (opens in a new tab)\" href=\"http:\/\/dogc.gencat.cat\/ca\/\" target=\"_blank\" rel=\"noreferrer noopener\" class=\"ek-link\">DOGC\u00a0(Diari Oficial de la Generalitat de Catalunya)<\/a><\/li><li><a aria-label=\" (opens in a new tab)\" href=\"https:\/\/treball.gencat.cat\/ca\/consell_relacions_laborals\/convenis_colectius\/cercador_de_convenis\/\" target=\"_blank\" rel=\"noreferrer noopener\" class=\"ek-link\">Gencat Cercador Convenis<\/a><\/li><li><a aria-label=\"ACA\u00a0(Ag\u00e8ncia Catalana de l\u2019AIgua) (opens in a new tab)\" href=\"https:\/\/aca-web.gencat.cat\/aca\/appmanager\/aca\/aca\/\" target=\"_blank\" rel=\"noreferrer noopener\" class=\"ek-link\">ACA\u00a0(Ag\u00e8ncia Catalana de l\u2019AIgua)<\/a><\/li><li><a aria-label=\" (opens in a new tab)\" href=\"https:\/\/contractaciopublica.gencat.cat\/ecofin_pscp\/AppJava\/notice.pscp?pagingNumberPer=10&amp;reqCode=searchCn&amp;sortDirection=1&amp;idCap=206317&amp;pagingPage=1&amp;\" target=\"_blank\" rel=\"noreferrer noopener\" class=\"ek-link\">ACA \u2013 Anuncis de Licitacions<\/a><\/li><li><a aria-label=\"AEOPAS\u00a0(Asociaci\u00f3n Espa\u00f1ola de Operadores P\u00fablicos de Abastecimiento y Saneamiento) (opens in a new tab)\" href=\"http:\/\/www.aeopas.org\/\" target=\"_blank\" rel=\"noreferrer noopener\" class=\"ek-link\">AEOPAS\u00a0(Asociaci\u00f3n Espa\u00f1ola de Operadores P\u00fablicos de Abastecimiento y Saneamiento)<\/a><\/li><li><a aria-label=\" (opens in a new tab)\" href=\"https:\/\/www.aiguaesvida.org\/\" target=\"_blank\" rel=\"noreferrer noopener\" class=\"ek-link\">Aigua \u00e9s Vida<\/a><\/li><\/ul>\n\n\n\n<ul class=\"wp-block-list\"><li><strong>Algunes empreses:<\/strong><ul><li><a href=\"http:\/\/www.agbar.es\/ca\" target=\"_blank\" aria-label=\" (opens in a new tab)\" rel=\"noreferrer noopener\" class=\"ek-link\">AGBAR<\/a><\/li><li><a href=\"http:\/\/www.acciona-agua.es\/\" target=\"_blank\" aria-label=\" (opens in a new tab)\" rel=\"noreferrer noopener\" class=\"ek-link\">ACCIONAagua<\/a><\/li><li><a href=\"http:\/\/www.aqualia.es\/aqualia\/index.html\" target=\"_blank\" aria-label=\" (opens in a new tab)\" rel=\"noreferrer noopener\" class=\"ek-link\">AQUALIA<\/a><\/li><li><a href=\"http:\/\/www.cadagua.es\/\" target=\"_blank\" aria-label=\" (opens in a new tab)\" rel=\"noreferrer noopener\" class=\"ek-link\">CADAGUA<\/a><\/li><li><a href=\"http:\/\/www.congiac.com\/ca-es\/default.aspx\" target=\"_blank\" aria-label=\" (opens in a new tab)\" rel=\"noreferrer noopener\" class=\"ek-link\">GIACSA\u00a0<\/a><\/li><\/ul><\/li><\/ul>\n\n\n\n<div style=\"height:100px\" aria-hidden=\"true\" class=\"wp-block-spacer\"><\/div>\n\n\n\n<p class=\"has-text-align-center has-large-font-size\"><\/p>\n\n\n\n<div style=\"height:100px\" aria-hidden=\"true\" class=\"wp-block-spacer\"><\/div>\n\n\n\n<p class=\"has-text-align-center\"><\/p>\n\n\n\n<p><\/p>\n\n\n","protected":false},"excerpt":{"rendered":"<p>CCOO Catalunya Federaci\u00f3 de Serveis a la Ciutadania \u2013 CCOO Catalunya BOE\u00a0(Bolet\u00edn Oficial del Estado) DOGC\u00a0(Diari Oficial de la Generalitat de Catalunya) Gencat Cercador Convenis ACA\u00a0(Ag\u00e8ncia Catalana de l\u2019AIgua) ACA &#8230; <a title=\"Links d&#8217;inter\u00e8s\" class=\"read-more\" href=\"https:\/\/ccoo.app\/aigues\/inici\/\" aria-label=\"Leer m\u00e1s sobre Links d&#8217;inter\u00e8s\">Leer m\u00e1s<\/a><\/p>\n","protected":false},"author":2851,"featured_media":0,"parent":0,"menu_order":0,"comment_status":"closed","ping_status":"closed","template":"","meta":{"footnotes":""},"class_list":["post-4348","page","type-page","status-publish"],"_links":{"self":[{"href":"https:\/\/ccoo.app\/aigues\/wp-json\/wp\/v2\/pages\/4348","targetHints":{"allow":["GET"]}}],"collection":[{"href":"https:\/\/ccoo.app\/aigues\/wp-json\/wp\/v2\/pages"}],"about":[{"href":"https:\/\/ccoo.app\/aigues\/wp-json\/wp\/v2\/types\/page"}],"author":[{"embeddable":true,"href":"https:\/\/ccoo.app\/aigues\/wp-json\/wp\/v2\/users\/2851"}],"replies":[{"embeddable":true,"href":"https:\/\/ccoo.app\/aigues\/wp-json\/wp\/v2\/comments?post=4348"}],"version-history":[{"count":4,"href":"https:\/\/ccoo.app\/aigues\/wp-json\/wp\/v2\/pages\/4348\/revisions"}],"predecessor-version":[{"id":5142,"href":"https:\/\/ccoo.app\/aigues\/wp-json\/wp\/v2\/pages\/4348\/revisions\/5142"}],"wp:attachment":[{"href":"https:\/\/ccoo.app\/aigues\/wp-json\/wp\/v2\/media?parent=4348"}],"curies":[{"name":"wp","href":"https:\/\/api.w.org\/{rel}","templated":true}]}}