{"id":25,"date":"2020-02-13T13:17:50","date_gmt":"2020-02-13T18:17:50","guid":{"rendered":"https:\/\/gpsites.co\/read\/?page_id=25"},"modified":"2023-03-05T11:21:44","modified_gmt":"2023-03-05T10:21:44","slug":"home","status":"publish","type":"page","link":"https:\/\/ccoo.app\/aigues\/","title":{"rendered":"Inici"},"content":{"rendered":"\n<div class=\"wp-block-cover alignfull is-light\" style=\"min-height:400px;aspect-ratio:unset;\"><span aria-hidden=\"true\" class=\"wp-block-cover__background has-background-dim-0 has-background-dim\"><\/span><img loading=\"lazy\" decoding=\"async\" width=\"1440\" height=\"400\" class=\"wp-block-cover__image-background wp-image-2637\" alt=\"\" src=\"http:\/\/ccoo.app\/plantilla\/wp-content\/blogs.dir\/6\/files\/sites\/8\/2021\/02\/fond-cabecera-ccoo-1-1.jpg\" data-object-fit=\"cover\" srcset=\"https:\/\/ccoo.app\/aigues\/wp-content\/blogs.dir\/6\/files\/sites\/156\/2021\/02\/fond-cabecera-ccoo-1-1.jpg 1440w, https:\/\/ccoo.app\/aigues\/wp-content\/blogs.dir\/6\/files\/sites\/156\/2021\/02\/fond-cabecera-ccoo-1-1-300x83.jpg 300w, https:\/\/ccoo.app\/aigues\/wp-content\/blogs.dir\/6\/files\/sites\/156\/2021\/02\/fond-cabecera-ccoo-1-1-1024x284.jpg 1024w, https:\/\/ccoo.app\/aigues\/wp-content\/blogs.dir\/6\/files\/sites\/156\/2021\/02\/fond-cabecera-ccoo-1-1-768x213.jpg 768w\" sizes=\"auto, (max-width: 1440px) 100vw, 1440px\" \/><div class=\"wp-block-cover__inner-container is-layout-flow wp-block-cover-is-layout-flow\"><div class=\"wp-block-image is-style-default\">\n<figure class=\"aligncenter is-resized\"><img loading=\"lazy\" decoding=\"async\" src=\"https:\/\/ccoo.app\/aigues\/wp-content\/blogs.dir\/6\/files\/sites\/156\/2023\/03\/cicle-integral-de-laigua.png\" alt=\"Cicle Integral De Laigua\" class=\"wp-image-5224\" width=\"493\" height=\"493\" srcset=\"https:\/\/ccoo.app\/aigues\/wp-content\/blogs.dir\/6\/files\/sites\/156\/2023\/03\/cicle-integral-de-laigua.png 500w, https:\/\/ccoo.app\/aigues\/wp-content\/blogs.dir\/6\/files\/sites\/156\/2023\/03\/cicle-integral-de-laigua-300x300.png 300w, https:\/\/ccoo.app\/aigues\/wp-content\/blogs.dir\/6\/files\/sites\/156\/2023\/03\/cicle-integral-de-laigua-150x150.png 150w\" sizes=\"auto, (max-width: 493px) 100vw, 493px\" \/><\/figure>\n<\/div>\n\n\n<p>Benvinguts a la pagina del sector del cicle integral de l&#8217;aigua de Catalunya, en aquest espai podr\u00e0s trobar noticies relacionades amb el sector, el conveni auton\u00f2mic, links d&#8217;inter\u00e8s, contactes&#8230;<\/p>\n<\/div><\/div>\n\n\n\n<div style=\"height:42px\" aria-hidden=\"true\" class=\"wp-block-spacer\"><\/div>\n\n\n\n<div class=\"wp-block-columns is-layout-flex wp-container-core-columns-is-layout-9d6595d7 wp-block-columns-is-layout-flex\">\n<div class=\"wp-block-column is-layout-flow wp-block-column-is-layout-flow\"><div class=\"wp-block-image\">\n<figure class=\"aligncenter size-large\"><img decoding=\"async\" src=\"https:\/\/ccoo.app\/wp-content\/blogs.dir\/6\/files\/2021\/01\/ACUERDOS-Y-CONVENIOS.svg\" alt=\"\" class=\"wp-image-2351\" \/><\/figure>\n<\/div>\n\n\n<h2 class=\"has-text-align-center wp-block-heading\" id=\"acuerdos-y-convenios\">Acords i Convenis<\/h2>\n\n\n\n<p class=\"has-text-align-center\"><a href=\"https:\/\/drive.google.com\/file\/d\/1GAZBUotVVTo7cq3ZBFlLZXsuiSsj14eK\/view?usp=sharing\" target=\"_blank\" aria-label=\"IV conveni auton\u00f2mic cicle integral de l'aigua (opens in a new tab)\" rel=\"noreferrer noopener\" class=\"ek-link\">IV conveni auton\u00f2mic cicle integral de l&#8217;aigua<\/a><\/p>\n<\/div>\n\n\n\n<div class=\"wp-block-column is-layout-flow wp-block-column-is-layout-flow\"><div class=\"wp-block-image\">\n<figure class=\"aligncenter size-large\"><img decoding=\"async\" src=\"https:\/\/ccoo.app\/wp-content\/blogs.dir\/6\/files\/2021\/01\/PERMISOS.svg\" alt=\"\" class=\"wp-image-2352\" \/><\/figure>\n<\/div>\n\n\n<h2 class=\"has-text-align-center wp-block-heading\" id=\"permisos\">Permisos<\/h2>\n\n\n\n<p class=\"has-text-align-center\"><a href=\"https:\/\/drive.google.com\/file\/d\/15qgWoR2VDlBNt7fn44HH9XDrnj2kjVkn\/view?usp=sharing\" target=\"_blank\" aria-label=\"Resum dels permisos al conveni (opens in a new tab)\" rel=\"noreferrer noopener\" class=\"ek-link\">Resum dels permisos al conveni<\/a><\/p>\n<\/div>\n<\/div>\n\n\n\n<div style=\"height:40px\" aria-hidden=\"true\" class=\"wp-block-spacer\"><\/div>\n\n\n\n<h2 class=\"wp-block-heading\">\u00daltimes not\u00edcies<\/h2>\n\n\n\n<div style=\"height:40px\" aria-hidden=\"true\" class=\"wp-block-spacer\"><\/div>\n\n\n<ul class=\"wp-block-latest-posts__list is-grid columns-3 has-dates wp-block-latest-posts\"><li><a class=\"wp-block-latest-posts__post-title\" href=\"https:\/\/ccoo.app\/aigues\/manifestacio-del-serveis-publics-30-10-2025\/\">Manifestaci\u00f3 del Serveis P\u00fablics 30\/10\/2025<\/a><time datetime=\"2025-10-30T12:59:15+01:00\" class=\"wp-block-latest-posts__post-date\">30 de octubre de 2025<\/time><\/li>\n<li><div class=\"wp-block-latest-posts__featured-image\"><img loading=\"lazy\" decoding=\"async\" width=\"150\" height=\"150\" src=\"https:\/\/ccoo.app\/aigues\/wp-content\/blogs.dir\/6\/files\/sites\/156\/2025\/10\/ccoo_30o_mobilitzacio-150x150.jpg\" class=\"attachment-thumbnail size-thumbnail wp-post-image\" alt=\"Imatge de mobilitzaci\u00f3 del sector p\u00fablic CCOO\" style=\"\" \/><\/div><a class=\"wp-block-latest-posts__post-title\" href=\"https:\/\/ccoo.app\/aigues\/mobilitzacio-dels-delegats-del-sector-public-el-dijous-30-doctubre\/\">Mobilitzaci\u00f3 dels delegats del sector p\u00fablic el dijous 30 d&#8217;octubre<\/a><time datetime=\"2025-10-26T11:30:04+01:00\" class=\"wp-block-latest-posts__post-date\">26 de octubre de 2025<\/time><\/li>\n<li><a class=\"wp-block-latest-posts__post-title\" href=\"https:\/\/ccoo.app\/aigues\/taules-salarials-definitives-del-conveni-del-cicle-integral-de-laigua-2024\/\">Taules salarials definitives del Conveni del Cicle Integral de l&#8217;Aigua 2024<\/a><time datetime=\"2025-07-21T13:35:15+02:00\" class=\"wp-block-latest-posts__post-date\">21 de julio de 2025<\/time><\/li>\n<\/ul>","protected":false},"excerpt":{"rendered":"<p>Acords i Convenis IV conveni auton\u00f2mic cicle integral de l&#8217;aigua Permisos Resum dels permisos al conveni \u00daltimes not\u00edcies<\/p>\n","protected":false},"author":6,"featured_media":0,"parent":0,"menu_order":0,"comment_status":"closed","ping_status":"closed","template":"","meta":{"footnotes":""},"class_list":["post-25","page","type-page","status-publish"],"_links":{"self":[{"href":"https:\/\/ccoo.app\/aigues\/wp-json\/wp\/v2\/pages\/25","targetHints":{"allow":["GET"]}}],"collection":[{"href":"https:\/\/ccoo.app\/aigues\/wp-json\/wp\/v2\/pages"}],"about":[{"href":"https:\/\/ccoo.app\/aigues\/wp-json\/wp\/v2\/types\/page"}],"author":[{"embeddable":true,"href":"https:\/\/ccoo.app\/aigues\/wp-json\/wp\/v2\/users\/6"}],"replies":[{"embeddable":true,"href":"https:\/\/ccoo.app\/aigues\/wp-json\/wp\/v2\/comments?post=25"}],"version-history":[{"count":6,"href":"https:\/\/ccoo.app\/aigues\/wp-json\/wp\/v2\/pages\/25\/revisions"}],"predecessor-version":[{"id":5237,"href":"https:\/\/ccoo.app\/aigues\/wp-json\/wp\/v2\/pages\/25\/revisions\/5237"}],"wp:attachment":[{"href":"https:\/\/ccoo.app\/aigues\/wp-json\/wp\/v2\/media?parent=25"}],"curies":[{"name":"wp","href":"https:\/\/api.w.org\/{rel}","templated":true}]}}