{"id":7739,"date":"2018-10-26T13:12:23","date_gmt":"2018-10-26T11:12:23","guid":{"rendered":"http:\/\/ccooagencias.org\/?page_id=7739"},"modified":"2022-01-27T17:35:14","modified_gmt":"2022-01-27T16:35:14","slug":"vecisa","status":"publish","type":"page","link":"https:\/\/ccoo.app\/agencias\/vecisa\/","title":{"rendered":"Viajes El Corte Ingl\u00e9s &#8211; Viatges El Corte Ingl\u00e9s"},"content":{"rendered":"\n<p><\/p>\n\n\n<ul class=\"wp-block-latest-posts__list has-dates has-author wp-block-latest-posts\"><li><div class=\"wp-block-latest-posts__featured-image\"><img loading=\"lazy\" decoding=\"async\" width=\"150\" height=\"150\" src=\"https:\/\/ccoo.app\/agencias\/wp-content\/blogs.dir\/6\/files\/sites\/148\/2021\/10\/19-oct-e1634640140177-150x150.jpeg\" class=\"attachment-thumbnail size-thumbnail wp-post-image\" alt=\"19 Oct\" style=\"\" \/><\/div><a class=\"wp-block-latest-posts__post-title\" href=\"https:\/\/ccoo.app\/agencias\/19-de-octubre-dia-mundial-de-la-lucha-contra-el-cancer-de-mama\/\">19 de octubre: D\u00eda Mundial de la Lucha contra el C\u00e1ncer de Mama<\/a><div class=\"wp-block-latest-posts__post-author\">por vecisa@ccoo.cat<\/div><time datetime=\"2021-10-19T12:39:25+02:00\" class=\"wp-block-latest-posts__post-date\">19 de octubre de 2021<\/time><div class=\"wp-block-latest-posts__post-excerpt\">19 DE OCTUBRE DE 2021 Por las que lucharon, por las que est\u00e1n luchando y por las que luchar\u00e1n. Hermanas, la lucha contra el c\u00e1ncer no cesa. Todos los d\u00edas son 19 de octubre para nosotras. #D\u00edaMundialContraelC\u00e1ncerdeMama\u00a0 \u00a0 \u00a0 \u00a0#Sacapecho\u00a0 \u00a0 \u00a0 \u00a0#S\u00famateAlRosa\u00a0 \u00a0 \u00a0 \u00a0#19Octubre<\/div><\/li>\n<li><div class=\"wp-block-latest-posts__featured-image\"><img loading=\"lazy\" decoding=\"async\" width=\"150\" height=\"150\" src=\"https:\/\/ccoo.app\/agencias\/wp-content\/blogs.dir\/6\/files\/sites\/148\/2021\/10\/10-oct-e1634636887372-150x150.jpeg\" class=\"attachment-thumbnail size-thumbnail wp-post-image\" alt=\"10 Oct\" style=\"\" \/><\/div><a class=\"wp-block-latest-posts__post-title\" href=\"https:\/\/ccoo.app\/agencias\/10-de-octubre-dia-mundial-de-la-salud-mental\/\">10 de octubre: D\u00eda Mundial de la Salud Mental<\/a><div class=\"wp-block-latest-posts__post-author\">por vecisa@ccoo.cat<\/div><time datetime=\"2021-10-19T11:49:23+02:00\" class=\"wp-block-latest-posts__post-date\">19 de octubre de 2021<\/time><div class=\"wp-block-latest-posts__post-excerpt\">RIESGOS PSICOSOCIALES: ESE GRAN ASUNTO PENDIENTE EN VECISA Para la Organizaci\u00f3n Mundial de la Salud, la salud mental es un estado de bienestar en el que la persona, puede desarrollar sus capacidades, hacer frente al estr\u00e9s normal de la vida y trabajar de forma productiva.\u00a0 El entorno laboral y el modo en que se organiza &#8230; <a title=\"10 de octubre: D\u00eda Mundial de la Salud Mental\" class=\"read-more\" href=\"https:\/\/ccoo.app\/agencias\/10-de-octubre-dia-mundial-de-la-salud-mental\/\" aria-label=\"Leer m\u00e1s sobre 10 de octubre: D\u00eda Mundial de la Salud Mental\">Leer m\u00e1s<\/a><\/div><\/li>\n<li><div class=\"wp-block-latest-posts__featured-image\"><img loading=\"lazy\" decoding=\"async\" width=\"150\" height=\"150\" src=\"https:\/\/ccoo.app\/agencias\/wp-content\/blogs.dir\/6\/files\/sites\/148\/2020\/10\/2021-150x150.png\" class=\"attachment-thumbnail size-thumbnail wp-post-image\" alt=\"2021\" style=\"\" \/><\/div><a class=\"wp-block-latest-posts__post-title\" href=\"https:\/\/ccoo.app\/agencias\/8847-2\/\">Si te han quitado alg\u00fan d\u00eda de vacaciones en 2021, esto te interesa.<\/a><div class=\"wp-block-latest-posts__post-author\">por vecisa@ccoo.cat<\/div><time datetime=\"2021-10-19T10:45:19+02:00\" class=\"wp-block-latest-posts__post-date\">19 de octubre de 2021<\/time><div class=\"wp-block-latest-posts__post-excerpt\">\u00a0 1 Sep 2021 \u00a0<\/div><\/li>\n<li><div class=\"wp-block-latest-posts__featured-image\"><img loading=\"lazy\" decoding=\"async\" width=\"150\" height=\"150\" src=\"https:\/\/ccoo.app\/agencias\/wp-content\/blogs.dir\/6\/files\/sites\/148\/2020\/10\/2021-150x150.png\" class=\"attachment-thumbnail size-thumbnail wp-post-image\" alt=\"2021\" style=\"\" \/><\/div><a class=\"wp-block-latest-posts__post-title\" href=\"https:\/\/ccoo.app\/agencias\/calendario-laboral-igt-2021\/\">Todo sobre el calendario laboral de IGT para 2021<\/a><div class=\"wp-block-latest-posts__post-author\">por vecisa@ccoo.cat<\/div><time datetime=\"2020-10-19T23:00:18+02:00\" class=\"wp-block-latest-posts__post-date\">19 de octubre de 2020<\/time><div class=\"wp-block-latest-posts__post-excerpt\">Ya dispones del calendario laboral de IGT para 2021. Est\u00e1 a tu disposici\u00f3n el calendario de todos los equipos personalizados, con sus respectivos festivos y libranzas.<\/div><\/li>\n<li><div class=\"wp-block-latest-posts__featured-image\"><img loading=\"lazy\" decoding=\"async\" width=\"150\" height=\"150\" src=\"https:\/\/ccoo.app\/agencias\/wp-content\/blogs.dir\/6\/files\/sites\/148\/2020\/10\/banners-ccoo-vecisa-informaseccion-sindical-3-e1634641032905-150x150.png\" class=\"attachment-thumbnail size-thumbnail wp-post-image\" alt=\"Banners Ccoo Vecisa Informa+secci\u00f3n Sindical (3)\" style=\"\" \/><\/div><a class=\"wp-block-latest-posts__post-title\" href=\"https:\/\/ccoo.app\/agencias\/8743-2\/\">YA ESTAMOS EN EL COMIT\u00c9 INTERCENTROS DE VECISA<\/a><div class=\"wp-block-latest-posts__post-author\">por vecisa@ccoo.cat<\/div><time datetime=\"2020-10-16T00:16:10+02:00\" class=\"wp-block-latest-posts__post-date\">16 de octubre de 2020<\/time><div class=\"wp-block-latest-posts__post-excerpt\"><\/div><\/li>\n<li><div class=\"wp-block-latest-posts__featured-image\"><img loading=\"lazy\" decoding=\"async\" width=\"150\" height=\"150\" src=\"https:\/\/ccoo.app\/agencias\/wp-content\/blogs.dir\/6\/files\/sites\/148\/2020\/07\/erte-150x150.png\" class=\"attachment-thumbnail size-thumbnail wp-post-image\" alt=\"Erte\" style=\"\" \/><\/div><a class=\"wp-block-latest-posts__post-title\" href=\"https:\/\/ccoo.app\/agencias\/ccoo-interpondra-demanda-para-impugnar-erte-de-atencion-al-cliente-de-edreams\/\">CCOO interpondr\u00e1 demanda para impugnar ERTE de atenci\u00f3n al cliente de eDreams<\/a><div class=\"wp-block-latest-posts__post-author\">por vecisa@ccoo.cat<\/div><time datetime=\"2020-07-27T04:07:17+02:00\" class=\"wp-block-latest-posts__post-date\">27 de julio de 2020<\/time><div class=\"wp-block-latest-posts__post-excerpt\">CCOO denuncia el ERTE de atenci\u00f3n al cliente de eDreams, una estrategia de la OTA para deslocalizar el trabajo a otros centros de IGT en pa\u00edses m\u00e1s baratos, aprovech\u00e1ndose de recursos p\u00fablicos, puesto que saben que ahora obtienen rebajas en las aportaciones a la Seguridad Social.<\/div><\/li>\n<li><div class=\"wp-block-latest-posts__featured-image\"><img loading=\"lazy\" decoding=\"async\" width=\"150\" height=\"150\" src=\"https:\/\/ccoo.app\/agencias\/wp-content\/blogs.dir\/6\/files\/sites\/148\/2020\/06\/copia-de-ccoo-vecisa-informa-150x150.png\" class=\"attachment-thumbnail size-thumbnail wp-post-image\" alt=\"Ccoo Lgtbi\" style=\"\" \/><\/div><a class=\"wp-block-latest-posts__post-title\" href=\"https:\/\/ccoo.app\/agencias\/orgullo-de-ser-ccoo\/\">ORGULLO de ser CCOO<\/a><div class=\"wp-block-latest-posts__post-author\">por vecisa@ccoo.cat<\/div><time datetime=\"2020-06-28T20:01:57+02:00\" class=\"wp-block-latest-posts__post-date\">28 de junio de 2020<\/time><div class=\"wp-block-latest-posts__post-excerpt\">Vecisa defiende los derechos LGTBI en los centros de trabajo. M\u00e1s diversidad, m\u00e1s derechos!!!<\/div><\/li>\n<li><a class=\"wp-block-latest-posts__post-title\" href=\"https:\/\/ccoo.app\/agencias\/un-primero-de-mayo-diferente\/\">1 May 2020<\/a><div class=\"wp-block-latest-posts__post-author\">por vecisa@ccoo.cat<\/div><time datetime=\"2020-04-30T19:05:30+02:00\" class=\"wp-block-latest-posts__post-date\">30 de abril de 2020<\/time><div class=\"wp-block-latest-posts__post-excerpt\">Un 1\u00ba de Mayo diferente CCOO VECISA No vamos a poder tocarnos y abrazarnos en las calles, pero pocas veces como este 1\u00b0 de Mayo ha quedado tan patente el valor insustituible del trabajo, de los trabajadores y trabajadoras y de los servicios p\u00fablicos para sacar adelante la sociedad. Estas palabras sirven para que recordemos &#8230; <a title=\"1 May 2020\" class=\"read-more\" href=\"https:\/\/ccoo.app\/agencias\/un-primero-de-mayo-diferente\/\" aria-label=\"Leer m\u00e1s sobre 1 May 2020\">Leer m\u00e1s<\/a><\/div><\/li>\n<li><div class=\"wp-block-latest-posts__featured-image\"><img loading=\"lazy\" decoding=\"async\" width=\"150\" height=\"150\" src=\"https:\/\/ccoo.app\/agencias\/wp-content\/blogs.dir\/6\/files\/sites\/148\/2020\/04\/28-apr-150x150.jpeg\" class=\"attachment-thumbnail size-thumbnail wp-post-image\" alt=\"28 Apr 2020\" style=\"\" \/><\/div><a class=\"wp-block-latest-posts__post-title\" href=\"https:\/\/ccoo.app\/agencias\/28-apr-2020-dia-internacional-de-la-salud-y-la-seguridad-en-el-trabajo\/\">28 Apr 2020 &#8211; D\u00eda Internacional de la Salud y la Seguridad en el Trabajo<\/a><div class=\"wp-block-latest-posts__post-author\">por vecisa@ccoo.cat<\/div><time datetime=\"2020-04-27T20:13:10+02:00\" class=\"wp-block-latest-posts__post-date\">27 de abril de 2020<\/time><div class=\"wp-block-latest-posts__post-excerpt\">Desde finales de los a\u00f1os 80 del siglo pasado hoy, 28 de Abril, es el d\u00eda dedicado recordar a todas las personas v\u00edctimas de accidentes de trabajo o enfermedades de origen laboral, y a la lucha para mejorar las condiciones en las cuales desarrollamos nuestro trabajo. Este a\u00f1o todos somos a\u00fan m\u00e1s conscientes si cabe &#8230; <a title=\"28 Apr 2020 &#8211; D\u00eda Internacional de la Salud y la Seguridad en el Trabajo\" class=\"read-more\" href=\"https:\/\/ccoo.app\/agencias\/28-apr-2020-dia-internacional-de-la-salud-y-la-seguridad-en-el-trabajo\/\" aria-label=\"Leer m\u00e1s sobre 28 Apr 2020 &#8211; D\u00eda Internacional de la Salud y la Seguridad en el Trabajo\">Leer m\u00e1s<\/a><\/div><\/li>\n<li><div class=\"wp-block-latest-posts__featured-image\"><img loading=\"lazy\" decoding=\"async\" width=\"150\" height=\"150\" src=\"https:\/\/ccoo.app\/agencias\/wp-content\/blogs.dir\/6\/files\/sites\/148\/2020\/04\/ccoo-vecisa-3-150x150.png\" class=\"attachment-thumbnail size-thumbnail wp-post-image\" alt=\"Ccoo Vecisa Coronavirus\" style=\"\" \/><\/div><a class=\"wp-block-latest-posts__post-title\" href=\"https:\/\/ccoo.app\/agencias\/coronavirus-2-apr-2020\/\">CCOO VECISA INFORMA: CORONAVIRUS 2 Apr 2020<\/a><div class=\"wp-block-latest-posts__post-author\">por vecisa@ccoo.cat<\/div><time datetime=\"2020-04-11T14:01:27+02:00\" class=\"wp-block-latest-posts__post-date\">11 de abril de 2020<\/time><div class=\"wp-block-latest-posts__post-excerpt\">ERTE (Expediente de Regulaci\u00f3n Temporal de Empleo) &#8211; Causa de producci\u00f3n \u00a02 Apr 2020 En el d\u00eda de hoy la direcci\u00f3n de VECISA nos ha comunicado que va a presentar un Expediente de Regulaci\u00f3n Temporal de Empleo (ERTE) por causas productivas que afectar\u00e1 a todos los centros de trabajo. A partir de ahora comenzar\u00e1n las &#8230; <a title=\"CCOO VECISA INFORMA: CORONAVIRUS 2 Apr 2020\" class=\"read-more\" href=\"https:\/\/ccoo.app\/agencias\/coronavirus-2-apr-2020\/\" aria-label=\"Leer m\u00e1s sobre CCOO VECISA INFORMA: CORONAVIRUS 2 Apr 2020\">Leer m\u00e1s<\/a><\/div><\/li>\n<li><div class=\"wp-block-latest-posts__featured-image\"><img loading=\"lazy\" decoding=\"async\" width=\"150\" height=\"150\" src=\"https:\/\/ccoo.app\/agencias\/wp-content\/blogs.dir\/6\/files\/sites\/148\/2020\/04\/ccoo-vecisa-3-150x150.png\" class=\"attachment-thumbnail size-thumbnail wp-post-image\" alt=\"Ccoo Vecisa Coronavirus\" style=\"\" \/><\/div><a class=\"wp-block-latest-posts__post-title\" href=\"https:\/\/ccoo.app\/agencias\/8433-2\/\">CCOO VECISA INFORMA: CORONAVIRUS 12 Mar 2020<\/a><div class=\"wp-block-latest-posts__post-author\">por vecisa@ccoo.cat<\/div><time datetime=\"2020-04-11T13:25:39+02:00\" class=\"wp-block-latest-posts__post-date\">11 de abril de 2020<\/time><div class=\"wp-block-latest-posts__post-excerpt\">CCOO conseguimos forzar una reuni\u00f3n de urgencia de los 2 Comit\u00e9s de Seguridad y Salud de la provincia de Barcelona. Nuestra sensaci\u00f3n al salir de la misma fue de total decepci\u00f3n ante la falta de previsi\u00f3n y protocolos por parte de la empresa. La intenci\u00f3n de VECISA parece ser cumplir tan solo con las recomendaciones m\u00e1s b\u00e1sicas del Ministerio de Sanidad. Desde CCOO nos parecen insuficientes debido a la gravedad de la situaci\u00f3n actual.\n\n\n<\/div><\/li>\n<li><div class=\"wp-block-latest-posts__featured-image\"><img loading=\"lazy\" decoding=\"async\" width=\"150\" height=\"150\" src=\"https:\/\/ccoo.app\/agencias\/wp-content\/blogs.dir\/6\/files\/sites\/148\/2019\/09\/2020-igt-150x150.jpg\" class=\"attachment-thumbnail size-thumbnail wp-post-image\" alt=\"2020 Igt\" style=\"\" \/><\/div><a class=\"wp-block-latest-posts__post-title\" href=\"https:\/\/ccoo.app\/agencias\/calendario-2020-igt\/\">Firmado calendario 2020 en IGT Solutions<\/a><div class=\"wp-block-latest-posts__post-author\">por vecisa@ccoo.cat<\/div><time datetime=\"2019-09-03T18:27:11+02:00\" class=\"wp-block-latest-posts__post-date\">3 de septiembre de 2019<\/time><div class=\"wp-block-latest-posts__post-excerpt\">Ya tenemos disponible <\/div><\/li>\n<li><div class=\"wp-block-latest-posts__featured-image\"><img loading=\"lazy\" decoding=\"async\" width=\"150\" height=\"150\" src=\"https:\/\/ccoo.app\/agencias\/wp-content\/blogs.dir\/6\/files\/sites\/148\/2019\/06\/multa-edreams-150x150.png\" class=\"attachment-thumbnail size-thumbnail wp-post-image\" alt=\"Multa Edreams\" style=\"\" \/><\/div><a class=\"wp-block-latest-posts__post-title\" href=\"https:\/\/ccoo.app\/agencias\/multa-edreams\/\">Inspecci\u00f3n multa a eDreams<\/a><div class=\"wp-block-latest-posts__post-author\">por vecisa@ccoo.cat<\/div><time datetime=\"2019-07-20T14:39:42+02:00\" class=\"wp-block-latest-posts__post-date\">20 de julio de 2019<\/time><div class=\"wp-block-latest-posts__post-excerpt\">Inspecci\u00f3n de trabajo multa a eDreams por no cumplir con la normativa en seguridad y salud. Desde CCOO, exigimos que se hagan bien las cosas<\/div><\/li>\n<li><div class=\"wp-block-latest-posts__featured-image\"><img loading=\"lazy\" decoding=\"async\" width=\"150\" height=\"150\" src=\"https:\/\/ccoo.app\/agencias\/wp-content\/blogs.dir\/6\/files\/sites\/148\/2019\/06\/whatsapp-image-2019-06-28-at-08-51-07-150x150.jpeg\" class=\"attachment-thumbnail size-thumbnail wp-post-image\" alt=\"Orgullo\" style=\"\" \/><\/div><a class=\"wp-block-latest-posts__post-title\" href=\"https:\/\/ccoo.app\/agencias\/orgullo-de-ser\/\">#CCOOigt #OrgulloDeSer<\/a><div class=\"wp-block-latest-posts__post-author\">por vecisa@ccoo.cat<\/div><time datetime=\"2019-06-28T15:35:20+02:00\" class=\"wp-block-latest-posts__post-date\">28 de junio de 2019<\/time><div class=\"wp-block-latest-posts__post-excerpt\">CCOOigt celebra el orgullo LGTBI+, haciendo visibles las medidas y acciones positivas de la diversidad real en el \u00e1mbito laboral.<\/div><\/li>\n<li><div class=\"wp-block-latest-posts__featured-image\"><img loading=\"lazy\" decoding=\"async\" width=\"150\" height=\"150\" src=\"https:\/\/ccoo.app\/agencias\/wp-content\/blogs.dir\/6\/files\/sites\/148\/2018\/07\/permisos-150x150.png\" class=\"attachment-thumbnail size-thumbnail wp-post-image\" alt=\"Permisos\" style=\"\" \/><\/div><a class=\"wp-block-latest-posts__post-title\" href=\"https:\/\/ccoo.app\/agencias\/permisos-retribuidos-igt-edreams\/\">Permisos retribuidos TechnoIGT Solutions (ex-eDreams)<\/a><div class=\"wp-block-latest-posts__post-author\">por vecisa@ccoo.cat<\/div><time datetime=\"2019-06-16T18:29:57+02:00\" class=\"wp-block-latest-posts__post-date\">16 de junio de 2019<\/time><div class=\"wp-block-latest-posts__post-excerpt\">CCOO ha mejorado sustancialmente los permisos retribuidos, ahora de aplicaci\u00f3n entre las personas trabajadoras subrogadas de eDreams a IGT Solutions.<\/div><\/li>\n<li><div class=\"wp-block-latest-posts__featured-image\"><img loading=\"lazy\" decoding=\"async\" width=\"150\" height=\"150\" src=\"https:\/\/ccoo.app\/agencias\/wp-content\/blogs.dir\/6\/files\/sites\/148\/2017\/08\/evd-150x150.png\" class=\"attachment-thumbnail size-thumbnail wp-post-image\" alt=\"Evd\" style=\"\" \/><\/div><a class=\"wp-block-latest-posts__post-title\" href=\"https:\/\/ccoo.app\/agencias\/ascenso-nivel-evd-igt-edreams\/\">EVD y subida salarial en TechnoIGT Solutions (ex-eDreams)<\/a><div class=\"wp-block-latest-posts__post-author\">por vecisa@ccoo.cat<\/div><time datetime=\"2019-05-27T17:18:46+02:00\" class=\"wp-block-latest-posts__post-date\">27 de mayo de 2019<\/time><div class=\"wp-block-latest-posts__post-excerpt\">CCOO informa sobre los acuerdos firmados en materia de ascenso de nivel, EVD y subida salarial en la empresa en Vacaciones eDreams. Es muy importante conocer toda la informaci\u00f3n de como incrementar el salario atendiendo a los pasos de solicitud de EVD.<\/div><\/li>\n<li><div class=\"wp-block-latest-posts__featured-image\"><img loading=\"lazy\" decoding=\"async\" width=\"150\" height=\"150\" src=\"https:\/\/ccoo.app\/agencias\/wp-content\/blogs.dir\/6\/files\/sites\/148\/2019\/05\/bloqueo-150x150.jpg\" class=\"attachment-thumbnail size-thumbnail wp-post-image\" alt=\"Bloqueo\" style=\"\" \/><\/div><a class=\"wp-block-latest-posts__post-title\" href=\"https:\/\/ccoo.app\/agencias\/patronal-dilata-negociacion\/\">La patronal dilata la negociaci\u00f3n y pretende cargarse el NOL<\/a><div class=\"wp-block-latest-posts__post-author\">por vecisa@ccoo.cat<\/div><time datetime=\"2019-05-07T18:45:10+02:00\" class=\"wp-block-latest-posts__post-date\">7 de mayo de 2019<\/time><div class=\"wp-block-latest-posts__post-excerpt\">A d\u00eda de hoy se ha celebrado la reuni\u00f3n de la comisi\u00f3n negociadora del convenio estatal despu\u00e9s de que CEAV anul\u00f3 la reuni\u00f3n del 3 de abril al no cumplir con sus propios plazos de entrega de la plataforma empresarial. Desde CCOO no nos cabe duda de que el comportamiento de la patronal no hace &#8230; <a title=\"La patronal dilata la negociaci\u00f3n y pretende cargarse el NOL\" class=\"read-more\" href=\"https:\/\/ccoo.app\/agencias\/patronal-dilata-negociacion\/\" aria-label=\"Leer m\u00e1s sobre La patronal dilata la negociaci\u00f3n y pretende cargarse el NOL\">Leer m\u00e1s<\/a><\/div><\/li>\n<li><div class=\"wp-block-latest-posts__featured-image\"><img loading=\"lazy\" decoding=\"async\" width=\"150\" height=\"150\" src=\"https:\/\/ccoo.app\/agencias\/wp-content\/blogs.dir\/6\/files\/sites\/148\/2019\/01\/encuesta-150x150.jpg\" class=\"attachment-thumbnail size-thumbnail wp-post-image\" alt=\"Encuesta\" style=\"\" \/><\/div><a class=\"wp-block-latest-posts__post-title\" href=\"https:\/\/ccoo.app\/agencias\/opinaconvenio\/\">OPINA, por un #ConvenioEntreTod@s<\/a><div class=\"wp-block-latest-posts__post-author\">por vecisa@ccoo.cat<\/div><time datetime=\"2019-01-29T21:10:37+01:00\" class=\"wp-block-latest-posts__post-date\">29 de enero de 2019<\/time><div class=\"wp-block-latest-posts__post-excerpt\">CCOO ratifica su compromiso con la participaci\u00f3n de trabajadoras y trabajadores de las agencias de viajes en un momento tan importante como la negociaci\u00f3n de un nuevo convenio colectivo. Para ello, por primera vez desde un sindicato del sector estrenamos una nueva forma de contar con tu voz. Este m\u00e9todo representa una nueva forma de &#8230; <a title=\"OPINA, por un #ConvenioEntreTod@s\" class=\"read-more\" href=\"https:\/\/ccoo.app\/agencias\/opinaconvenio\/\" aria-label=\"Leer m\u00e1s sobre OPINA, por un #ConvenioEntreTod@s\">Leer m\u00e1s<\/a><\/div><\/li>\n<li><div class=\"wp-block-latest-posts__featured-image\"><img loading=\"lazy\" decoding=\"async\" width=\"150\" height=\"150\" src=\"https:\/\/ccoo.app\/agencias\/wp-content\/blogs.dir\/6\/files\/sites\/148\/2018\/12\/maza-denuncia-150x150.png\" class=\"attachment-thumbnail size-thumbnail wp-post-image\" alt=\"Maza Denuncia\" style=\"\" \/><\/div><a class=\"wp-block-latest-posts__post-title\" href=\"https:\/\/ccoo.app\/agencias\/denuncia-convenio-colectivo\/\">Denuncia Convenio Colectivo<\/a><div class=\"wp-block-latest-posts__post-author\">por vecisa@ccoo.cat<\/div><time datetime=\"2018-12-27T11:44:49+01:00\" class=\"wp-block-latest-posts__post-date\">27 de diciembre de 2018<\/time><div class=\"wp-block-latest-posts__post-excerpt\">CCOO ha denunciado ya nuestro convenio colectivo, que caduca el 31 de diciembre de este a\u00f1o 2018, con el objetivo de empezar a elaborar el nuevo convenio que nos regular\u00e1 durante los pr\u00f3ximos 3 a\u00f1os.<\/div><\/li>\n<li><div class=\"wp-block-latest-posts__featured-image\"><img loading=\"lazy\" decoding=\"async\" width=\"150\" height=\"150\" src=\"https:\/\/ccoo.app\/agencias\/wp-content\/blogs.dir\/6\/files\/sites\/148\/2018\/10\/maternidad-150x150.jpg\" class=\"attachment-thumbnail size-thumbnail wp-post-image\" alt=\"Maternidad\" style=\"\" \/><\/div><a class=\"wp-block-latest-posts__post-title\" href=\"https:\/\/ccoo.app\/agencias\/devolucion-irpf-maternidad\/\">Devoluci\u00f3n del IRPF de la prestaci\u00f3n por maternidad y paternidad<\/a><div class=\"wp-block-latest-posts__post-author\">por vecisa@ccoo.cat<\/div><time datetime=\"2018-12-03T18:43:41+01:00\" class=\"wp-block-latest-posts__post-date\">3 de diciembre de 2018<\/time><div class=\"wp-block-latest-posts__post-excerpt\">El Tribunal Supremo ha dictado sentencia declarando exentas de tributaci\u00f3n las prestaciones de maternidad y paternidad a la Seguridad Social. La devoluci\u00f3n del IRPF de maternidad y paternidad se podr\u00e1 solicitar a partir del 3 de diciembre de 2018 La agencia tributaria ha lanzado el formulario para solicitar la devoluci\u00f3n del IRPF de maternidad y &#8230; <a title=\"Devoluci\u00f3n del IRPF de la prestaci\u00f3n por maternidad y paternidad\" class=\"read-more\" href=\"https:\/\/ccoo.app\/agencias\/devolucion-irpf-maternidad\/\" aria-label=\"Leer m\u00e1s sobre Devoluci\u00f3n del IRPF de la prestaci\u00f3n por maternidad y paternidad\">Leer m\u00e1s<\/a><\/div><\/li>\n<\/ul>","protected":false},"excerpt":{"rendered":"","protected":false},"author":5274,"featured_media":0,"parent":0,"menu_order":0,"comment_status":"closed","ping_status":"closed","template":"","meta":{"footnotes":""},"class_list":["post-7739","page","type-page","status-publish"],"_links":{"self":[{"href":"https:\/\/ccoo.app\/agencias\/wp-json\/wp\/v2\/pages\/7739","targetHints":{"allow":["GET"]}}],"collection":[{"href":"https:\/\/ccoo.app\/agencias\/wp-json\/wp\/v2\/pages"}],"about":[{"href":"https:\/\/ccoo.app\/agencias\/wp-json\/wp\/v2\/types\/page"}],"author":[{"embeddable":true,"href":"https:\/\/ccoo.app\/agencias\/wp-json\/wp\/v2\/users\/5274"}],"replies":[{"embeddable":true,"href":"https:\/\/ccoo.app\/agencias\/wp-json\/wp\/v2\/comments?post=7739"}],"version-history":[{"count":2,"href":"https:\/\/ccoo.app\/agencias\/wp-json\/wp\/v2\/pages\/7739\/revisions"}],"predecessor-version":[{"id":9227,"href":"https:\/\/ccoo.app\/agencias\/wp-json\/wp\/v2\/pages\/7739\/revisions\/9227"}],"wp:attachment":[{"href":"https:\/\/ccoo.app\/agencias\/wp-json\/wp\/v2\/media?parent=7739"}],"curies":[{"name":"wp","href":"https:\/\/api.w.org\/{rel}","templated":true}]}}