{"id":25,"date":"2020-02-13T13:17:50","date_gmt":"2020-02-13T18:17:50","guid":{"rendered":"https:\/\/gpsites.co\/read\/?page_id=25"},"modified":"2022-01-09T18:15:07","modified_gmt":"2022-01-09T17:15:07","slug":"home","status":"publish","type":"page","link":"https:\/\/ccoo.app\/agencias\/","title":{"rendered":"Inicio"},"content":{"rendered":"\n<div class=\"wp-block-cover alignfull is-light\" style=\"min-height:400px;aspect-ratio:unset;\"><img loading=\"lazy\" decoding=\"async\" width=\"1440\" height=\"400\" class=\"wp-block-cover__image-background wp-image-2637\" alt=\"\" src=\"http:\/\/ccoo.app\/plantilla\/wp-content\/blogs.dir\/6\/files\/sites\/8\/2021\/02\/fond-cabecera-ccoo-1-1.jpg\" data-object-fit=\"cover\" srcset=\"https:\/\/ccoo.app\/agencias\/wp-content\/blogs.dir\/6\/files\/sites\/148\/2021\/02\/fond-cabecera-ccoo-1-1.jpg 1440w, https:\/\/ccoo.app\/agencias\/wp-content\/blogs.dir\/6\/files\/sites\/148\/2021\/02\/fond-cabecera-ccoo-1-1-300x83.jpg 300w, https:\/\/ccoo.app\/agencias\/wp-content\/blogs.dir\/6\/files\/sites\/148\/2021\/02\/fond-cabecera-ccoo-1-1-1024x284.jpg 1024w, https:\/\/ccoo.app\/agencias\/wp-content\/blogs.dir\/6\/files\/sites\/148\/2021\/02\/fond-cabecera-ccoo-1-1-768x213.jpg 768w\" sizes=\"auto, (max-width: 1440px) 100vw, 1440px\" \/><div class=\"wp-block-cover__inner-container is-layout-flow wp-block-cover-is-layout-flow\">\n<div class=\"wp-block-cover\" style=\"min-height:300px;aspect-ratio:unset;\"><img decoding=\"async\" class=\"wp-block-cover__image-background wp-image-2343\" alt=\"\" src=\"http:\/\/ccoo.app\/wp-content\/blogs.dir\/6\/files\/2021\/01\/Elementos-CCOO-cabecera.png\" data-object-fit=\"cover\"\/><div class=\"wp-block-cover__inner-container is-layout-flow wp-block-cover-is-layout-flow\">\n<div class=\"wp-block-group\"><div class=\"wp-block-group__inner-container is-layout-flow wp-block-group-is-layout-flow\">\n<h1 class=\"has-text-align-center has-black-color has-text-color wp-block-heading\" id=\"seccion-sindical\" style=\"font-size:44px\">CCOO AGENCIAS DE VIAJES<\/h1>\n\n\n\n<div class=\"wp-block-columns is-layout-flex wp-container-core-columns-is-layout-9d6595d7 wp-block-columns-is-layout-flex\">\n<div class=\"wp-block-column is-layout-flow wp-block-column-is-layout-flow\" style=\"flex-basis:15%\"><\/div>\n\n\n\n<div class=\"wp-block-column is-layout-flow wp-block-column-is-layout-flow\" style=\"flex-basis:70%\">\n<p class=\"has-contrast-color has-text-color\"><strong>EL SINDICATO DE AGENCIAS DE VIAJES QUE EST\u00c1 PRESENTE EN M\u00c1S EMPRESAS<\/strong><\/p>\n\n\n\n<p><span style=\"background-color:rgba(0, 0, 0, 0)\" class=\"has-inline-color has-black-color\">Trabajadores y trabajadoras, y especialmente Afiliados y Afiliadas a CCOO, os damos la bienvenida a nuestra web, con informaci\u00f3n de vuestro inter\u00e9s y de la forma m\u00e1s \u00fatil, de acuerdo con vuestro perfil y que os permitir\u00e1 participar.<br>Nuevos tiempos, nuevas necesidades, nuevas v\u00edas y las CCOO de siempre, ahora en tu bolsillo.<\/span><\/p>\n<\/div>\n\n\n\n<div class=\"wp-block-column is-layout-flow wp-block-column-is-layout-flow\" style=\"flex-basis:15%\"><\/div>\n<\/div>\n<\/div><\/div>\n<\/div><\/div>\n<\/div><\/div>\n\n\n\n<div style=\"height:42px\" aria-hidden=\"true\" class=\"wp-block-spacer\"><\/div>\n\n\n\n<div class=\"wp-block-columns is-layout-flex wp-container-core-columns-is-layout-9d6595d7 wp-block-columns-is-layout-flex\">\n<div class=\"wp-block-column is-layout-flow wp-block-column-is-layout-flow\">\n<div class=\"wp-block-image\"><figure class=\"aligncenter size-large\"><img decoding=\"async\" src=\"https:\/\/ccoo.app\/wp-content\/blogs.dir\/6\/files\/2021\/01\/ACUERDOS-Y-CONVENIOS.svg\" alt=\"\" class=\"wp-image-2351\"\/><\/figure><\/div>\n\n\n\n<h2 class=\"has-text-align-center wp-block-heading\" id=\"acuerdos-y-convenios\">Acuerdos y Convenios<\/h2>\n\n\n\n<p>Sample text. Lorem ipsum dolor sit amet, consectetur adipiscing elit nullam nunc justo sagittis suscipit ultrices.<\/p>\n<\/div>\n\n\n\n<div class=\"wp-block-column is-layout-flow wp-block-column-is-layout-flow\">\n<div class=\"wp-block-image\"><figure class=\"aligncenter size-large\"><img decoding=\"async\" src=\"https:\/\/ccoo.app\/wp-content\/blogs.dir\/6\/files\/2021\/01\/PERMISOS.svg\" alt=\"\" class=\"wp-image-2352\"\/><\/figure><\/div>\n\n\n\n<h2 class=\"has-text-align-center wp-block-heading\" id=\"permisos\">Permisos<\/h2>\n\n\n\n<p>Sample text. Lorem ipsum dolor sit amet, consectetur adipiscing elit nullam nunc justo sagittis suscipit ultrices.<\/p>\n<\/div>\n\n\n\n<div class=\"wp-block-column is-layout-flow wp-block-column-is-layout-flow\">\n<div class=\"wp-block-image\"><figure class=\"aligncenter size-large\"><img decoding=\"async\" src=\"https:\/\/ccoo.app\/wp-content\/blogs.dir\/6\/files\/2021\/01\/AYUDAS-SOCIALES.svg\" alt=\"\" class=\"wp-image-2353\"\/><\/figure><\/div>\n\n\n\n<h2 class=\"has-text-align-center wp-block-heading\" id=\"ayudas-sociales\">Ayudas Sociales<\/h2>\n\n\n\n<p>Sample text. Lorem ipsum dolor sit amet, consectetur adipiscing elit nullam nunc justo sagittis suscipit ultrices.<\/p>\n<\/div>\n<\/div>\n\n\n\n<div class=\"wp-block-cover alignfull is-light\" style=\"min-height:380px;aspect-ratio:unset;\"><img decoding=\"async\" class=\"wp-block-cover__image-background wp-image-2356\" alt=\"\" src=\"https:\/\/ccoo.app\/wp-content\/blogs.dir\/6\/files\/2021\/01\/fond-hero.svg\" data-object-fit=\"cover\"\/><div class=\"wp-block-cover__inner-container is-layout-flow wp-block-cover-is-layout-flow\">\n<div class=\"wp-block-group\"><div class=\"wp-block-group__inner-container is-layout-flow wp-block-group-is-layout-flow\">\n<div class=\"wp-block-columns is-layout-flex wp-container-core-columns-is-layout-9d6595d7 wp-block-columns-is-layout-flex\">\n<div class=\"wp-block-column is-layout-flow wp-block-column-is-layout-flow\">\n<div class=\"wp-block-image\"><figure class=\"aligncenter size-large is-resized\"><img loading=\"lazy\" decoding=\"async\" src=\"https:\/\/ccoo.app\/wp-content\/blogs.dir\/6\/files\/2021\/01\/noticias-ccoo.jpg\" alt=\"\" class=\"wp-image-2358\" width=\"397\" height=\"313\"\/><\/figure><\/div>\n<\/div>\n\n\n\n<div class=\"wp-block-column is-layout-flow wp-block-column-is-layout-flow\">\n<h2 class=\"titulo-noticias has-black-color has-text-color wp-block-heading\" id=\"descubre-nuestrasultimas-noticias\">Descubre nuestras<br>\u00faltimas noticias<\/h2>\n\n\n\n<figure class=\"wp-block-image size-large is-resized barra-decoracion\"><img loading=\"lazy\" decoding=\"async\" src=\"https:\/\/ccoo.app\/wp-content\/blogs.dir\/6\/files\/2021\/01\/Rectangle-126.svg\" alt=\"\" class=\"wp-image-2357\" width=\"281\" height=\"6\"\/><\/figure>\n\n\n\n<p class=\"has-black-color has-text-color\">Sample text. Lorem ipsum dolor sit amet, consectetur adipiscing elit nullam nunc justo sagittis suscipit ultrices.<\/p>\n\n\n\n<div class=\"wp-block-buttons is-layout-flex wp-block-buttons-is-layout-flex\">\n<div class=\"wp-block-button\"><a class=\"wp-block-button__link has-white-color has-black-background-color has-text-color has-background no-border-radius\" href=\"http:\/\/ccoo.app\/agencias\/category\/noticias\/\">ACTUALIDAD<\/a><\/div>\n<\/div>\n\n\n\n<p class=\"has-black-color has-text-color\"><br><\/p>\n<\/div>\n<\/div>\n<\/div><\/div>\n<\/div><\/div>\n\n\n\n<div style=\"height:40px\" aria-hidden=\"true\" class=\"wp-block-spacer\"><\/div>\n\n\n<ul class=\"wp-block-latest-posts__list is-grid columns-3 has-dates wp-block-latest-posts\"><li><a class=\"wp-block-latest-posts__post-title\" href=\"https:\/\/ccoo.app\/agencias\/contactanos\/\">Contactanos<\/a><time datetime=\"2022-01-08T01:21:25+01:00\" class=\"wp-block-latest-posts__post-date\">8 de enero de 2022<\/time><\/li>\n<li><a class=\"wp-block-latest-posts__post-title\" href=\"https:\/\/ccoo.app\/agencias\/afiliate-a-ccoo\/\">Af\u00edliate a CCOO<\/a><time datetime=\"2021-10-29T10:08:51+02:00\" class=\"wp-block-latest-posts__post-date\">29 de octubre de 2021<\/time><\/li>\n<li><div class=\"wp-block-latest-posts__featured-image aligncenter\"><img loading=\"lazy\" decoding=\"async\" width=\"300\" height=\"98\" src=\"https:\/\/ccoo.app\/agencias\/wp-content\/blogs.dir\/6\/files\/sites\/148\/2021\/10\/19-oct-e1634640140177-300x98.jpeg\" class=\"attachment-medium size-medium wp-post-image\" alt=\"19 Oct\" style=\"\" srcset=\"https:\/\/ccoo.app\/agencias\/wp-content\/blogs.dir\/6\/files\/sites\/148\/2021\/10\/19-oct-e1634640140177-300x98.jpeg 300w, https:\/\/ccoo.app\/agencias\/wp-content\/blogs.dir\/6\/files\/sites\/148\/2021\/10\/19-oct-e1634640140177-1024x335.jpeg 1024w, https:\/\/ccoo.app\/agencias\/wp-content\/blogs.dir\/6\/files\/sites\/148\/2021\/10\/19-oct-e1634640140177-768x251.jpeg 768w, https:\/\/ccoo.app\/agencias\/wp-content\/blogs.dir\/6\/files\/sites\/148\/2021\/10\/19-oct-e1634640140177.jpeg 1079w\" sizes=\"auto, (max-width: 300px) 100vw, 300px\" \/><\/div><a class=\"wp-block-latest-posts__post-title\" href=\"https:\/\/ccoo.app\/agencias\/19-de-octubre-dia-mundial-de-la-lucha-contra-el-cancer-de-mama\/\">19 de octubre: D\u00eda Mundial de la Lucha contra el C\u00e1ncer de Mama<\/a><time datetime=\"2021-10-19T12:39:25+02:00\" class=\"wp-block-latest-posts__post-date\">19 de octubre de 2021<\/time><\/li>\n<\/ul>","protected":false},"excerpt":{"rendered":"<p>Acuerdos y Convenios Sample text. Lorem ipsum dolor sit amet, consectetur adipiscing elit nullam nunc justo sagittis suscipit ultrices. Permisos Sample text. Lorem ipsum dolor sit amet, consectetur adipiscing elit &#8230; <a title=\"Inicio\" class=\"read-more\" href=\"https:\/\/ccoo.app\/agencias\/\" aria-label=\"Leer m\u00e1s sobre Inicio\">Leer m\u00e1s<\/a><\/p>\n","protected":false},"author":6,"featured_media":0,"parent":0,"menu_order":0,"comment_status":"closed","ping_status":"closed","template":"","meta":{"footnotes":""},"class_list":["post-25","page","type-page","status-publish"],"_links":{"self":[{"href":"https:\/\/ccoo.app\/agencias\/wp-json\/wp\/v2\/pages\/25","targetHints":{"allow":["GET"]}}],"collection":[{"href":"https:\/\/ccoo.app\/agencias\/wp-json\/wp\/v2\/pages"}],"about":[{"href":"https:\/\/ccoo.app\/agencias\/wp-json\/wp\/v2\/types\/page"}],"author":[{"embeddable":true,"href":"https:\/\/ccoo.app\/agencias\/wp-json\/wp\/v2\/users\/6"}],"replies":[{"embeddable":true,"href":"https:\/\/ccoo.app\/agencias\/wp-json\/wp\/v2\/comments?post=25"}],"version-history":[{"count":4,"href":"https:\/\/ccoo.app\/agencias\/wp-json\/wp\/v2\/pages\/25\/revisions"}],"predecessor-version":[{"id":9187,"href":"https:\/\/ccoo.app\/agencias\/wp-json\/wp\/v2\/pages\/25\/revisions\/9187"}],"wp:attachment":[{"href":"https:\/\/ccoo.app\/agencias\/wp-json\/wp\/v2\/media?parent=25"}],"curies":[{"name":"wp","href":"https:\/\/api.w.org\/{rel}","templated":true}]}}