{"id":2376,"date":"2021-01-11T11:24:55","date_gmt":"2021-01-11T10:24:55","guid":{"rendered":"https:\/\/ccoo.app\/?page_id=2376"},"modified":"2025-03-27T19:30:30","modified_gmt":"2025-03-27T18:30:30","slug":"contacta","status":"publish","type":"page","link":"https:\/\/ccoo.app\/acciona-energia\/contacta\/","title":{"rendered":"Contacta"},"content":{"rendered":"\n<p class=\"has-text-align-left\">Contacta con los delegados de CCOO en Acciona Energ\u00eda all\u00ed donde tenemos representaci\u00f3n:<\/p>\n\n\n<p><strong>Manuel Garc\u00eda Murillo<\/strong><br \/>Delegado de personal. C\u00e1diz.<br \/>T\u00e9cnico Mantenimiento E\u00f3lico.<br \/><span style=\"color: #3366ff\"><a style=\"color: #3366ff\" href=\"mailto:magarciamu@erom.es\">magarciamu@erom.es<\/a><\/span><\/p>\n<p><strong>Oscar Amela Ramia<\/strong><br \/>Delegado de personal. Sevilla.<br \/><span style=\"color: #3366ff\"><a style=\"color: #3366ff\" href=\"mailto:oamela@erom.es\">oamela@erom.es<\/a><\/span><\/p>\n<p><strong>Aitor Altaba Sales<\/strong><br \/>Comit\u00e9 de empresa Castell\u00f3n.<br \/>T\u00e9cnico Mantenimiento E\u00f3lico.<br \/><span style=\"color: #3366ff\"><a style=\"color: #3366ff\" href=\"mailto:aaltaba@erom.es\">aaltaba@erom.es<\/a><\/span><\/p>\n<p><strong>Alexandre Altaba Tena<\/strong><br \/>Comit\u00e9 de empresa Castell\u00f3n.<br \/>T\u00e9cnico Mantenimiento E\u00f3lico.<br \/><span style=\"color: #3366ff\"><a style=\"color: #3366ff\" href=\"mailto:aaltabat@erom.es\">aaltabat@erom.es<\/a><\/span><\/p>\n<p><strong>Aleix Areste Bonastra<\/strong><br \/>Delegado de personal. Catalu\u00f1a.<br \/>T\u00e9cnico Mantenimiento E\u00f3lico.<br \/><span style=\"color: #3366ff\"><a style=\"color: #3366ff\" href=\"mailto:aareste@erom.es\">aareste@erom.es<\/a><\/span><\/p>\n<p><strong>Xavier Beltr\u00e1n Mar\u00edas<\/strong><br \/>Delegado de personal. Catalu\u00f1a.<br \/>T\u00e9cnico Mantenimiento E\u00f3lico.<br \/><span style=\"color: #3366ff\"><a style=\"color: #3366ff\" href=\"mailto:xbeltran@erom.es\">xbeltran@erom.es<\/a><\/span><\/p>\n<p><strong>Jos\u00e9 F\u00e9lix Medrano Rangel<\/strong><br \/>Delegado de personal. Albacete.<br \/>T\u00e9cnico Mantenimiento E\u00f3lico.<br \/><a href=\"mailto:jmedranor@erom.es\"><span style=\"color: #3366ff\">jmedranor@erom.es<\/span><\/a><\/p>\n<p><strong>Andr\u00e9s Abu\u00edn Hermida<\/strong><br \/>Comit\u00e9 de empresa Lugo<br \/>T\u00e9cnico Mantenimiento E\u00f3lico.<br \/>Telf. 600 514 432<br \/><span style=\"color: #3366ff\"><a style=\"color: #3366ff\" href=\"mailto:aabuin@erom.es\">aabuin@erom.es<\/a><\/span><\/p>\n<p><strong>Jorge Mart\u00edn Abascal<\/strong><br \/>Delegado de personal. Palencia.<br \/>T\u00e9cnico Mantenimiento E\u00f3lico.<br \/>Telf. 667 698 234<br \/><span style=\"color: #3366ff\"><a style=\"color: #3366ff\" href=\"mailto:jmartinab@erom.es\">jmartinab@erom.es<\/a><\/span><\/p>\n<p><strong>Ra\u00fal Aparicio Aparicio<\/strong><br \/>Delegado de personal. Valencia.<br \/>T\u00e9cnico Mantenimiento E\u00f3lico.<br \/>Telf. 687 931 388<br \/><span style=\"color: #3366ff\"><a style=\"color: #3366ff\" href=\"mailto:jmedranor@erom.es\">Raaparicioa@erom.es<\/a><\/span><\/p>\n<p><strong>Zuri\u00f1e Esparza Mart\u00ednez de Luco<\/strong> <br \/>Delegado de personal. Navarra.<br \/>Control &#8211; Producci\u00f3n.<br \/>Telf. 689 64 78 59 Ext &#8211; 66429<br \/><span style=\"color: #3366ff\"><a style=\"color: #3366ff\" href=\"mailto:zurine.esparza.martinezluco@acciona.com\">zurine.esparza.martinezluco@acciona.com<\/a><\/span><\/p>\n<div class=\"wp-block-column\">\n<p><!-- \/wp:post-content --><!-- wp:paragraph --><\/p>\n<p><!-- \/wp:paragraph --><\/p>\n<p class=\"MsoNormal\"><strong>Jos\u00e9 Antonio S\u00e1nchez Coca<\/strong><br \/>Delegado de personal. Huesca.<br \/>Hidr\u00e1ulicas Arag\u00f3n.<br \/><span style=\"color: #3366ff\"><a style=\"color: #3366ff\" href=\"mailto:joseantonio.sanchez.coca@acciona.com\">joseantonio.sanchez.coca@acciona.com<\/a><\/span><\/p>\n<p class=\"MsoNormal\"><strong>Guillermo Mart\u00ednez Inda<\/strong><br \/>Delegado de personal. Navarra.<br \/>Biomasa Sang\u00fcesa.<br \/><span style=\"color: #3366ff\"><a style=\"color: #3366ff\" href=\"mailto:gumartinezi@acciona.com\">gumartinezi@acciona.com<\/a><\/span><\/p>\n<p class=\"MsoNormal\"><strong>Francisco Ruiz del Campo<\/strong><br \/>Delegado de personal. Burgos.<br \/>Biomasa Briviesca.<br \/><span style=\"color: #3366ff\"><a style=\"color: #3366ff\" href=\"mailto:fruizc@acciona.com\">fruizc@acciona.com<\/a><\/span><\/p>\n<p><!-- \/wp:freeform --><\/p>\n<\/div>\n<p><!-- \/wp:column --><\/p>\n<p><!-- \/wp:columns --><\/p>\n<p><!-- wp:paragraph --><\/p>\n<p>O si lo prefieres, directamente con nuestra coordinadora miembro de la comisi\u00f3n de Secciones Sindicales:<\/p>\n<p><!-- \/wp:paragraph --><\/p>\n<p><!-- wp:paragraph --><\/p>\n<p><strong>Rebeca Glar\u00eda<\/strong><br \/>Coordinadora CCOO ACCIONA Energ\u00eda<br \/>Telf. 687 964 534<br \/><a class=\"ek-link\" href=\"mailto:rglaria@acciona.com\"><span style=\"color: #3366ff\">rglaria@acciona.com<\/span><br \/><\/a><span style=\"color: #3366ff\"><a class=\"ek-link\" style=\"color: #3366ff\" href=\"mailto:ccoo.energia@acciona.com\">ccoo.energia@acciona.com<\/a><\/span><\/p>\n<p><!-- \/wp:paragraph --><\/p>\n<p><!-- wp:image {\"id\":2857,\"width\":103,\"height\":48,\"sizeSlug\":\"full\",\"linkDestination\":\"none\",\"className\":\"caption-align-left\",\"editorskit\":{\"indent\":0,\"devices\":false,\"desktop\":true,\"tablet\":true,\"mobile\":true,\"loggedin\":true,\"loggedout\":true,\"acf_visibility\":\"\",\"acf_field\":\"\",\"acf_condition\":\"\",\"acf_value\":\"\",\"migrated\":false,\"unit_test\":false},\"captionAlignment\":\"left\"} --><\/p>\n<figure class=\"wp-block-image size-full is-resized caption-align-left\" data-wp-editing=\"1\">\n<p><img loading=\"lazy\" decoding=\"async\" class=\"alignnone wp-image-2857\" src=\"https:\/\/ccoo.app\/acciona-energia\/wp-content\/blogs.dir\/6\/files\/sites\/195\/2022\/12\/image.png\" alt=\"Image\" width=\"103\" height=\"48\" \/><\/p>\n<figcaption class=\"wp-element-caption\"><span class=\"uppercase\"><strong>ACCIONA Energ\u00eda<\/strong><\/span><\/figcaption>\n<\/figure>\n<p><!-- \/wp:image --><\/p>\n<p><!-- wp:paragraph --><\/p>\n<p><!-- \/wp:paragraph --><\/p>","protected":false},"excerpt":{"rendered":"<p>Contacta con los delegados de CCOO en Acciona Energ\u00eda all\u00ed donde tenemos representaci\u00f3n: Manuel Garc\u00eda MurilloDelegado de personal. C\u00e1diz.T\u00e9cnico Mantenimiento E\u00f3lico.magarciamu@erom.es Oscar Amela RamiaDelegado de personal. Sevilla.oamela@erom.es Aitor Altaba SalesComit\u00e9 &#8230; <a title=\"Contacta\" class=\"read-more\" href=\"https:\/\/ccoo.app\/acciona-energia\/contacta\/\" aria-label=\"Leer m\u00e1s sobre Contacta\">Leer m\u00e1s<\/a><\/p>\n","protected":false},"author":6,"featured_media":0,"parent":0,"menu_order":0,"comment_status":"closed","ping_status":"closed","template":"","meta":{"footnotes":""},"class_list":["post-2376","page","type-page","status-publish"],"_links":{"self":[{"href":"https:\/\/ccoo.app\/acciona-energia\/wp-json\/wp\/v2\/pages\/2376","targetHints":{"allow":["GET"]}}],"collection":[{"href":"https:\/\/ccoo.app\/acciona-energia\/wp-json\/wp\/v2\/pages"}],"about":[{"href":"https:\/\/ccoo.app\/acciona-energia\/wp-json\/wp\/v2\/types\/page"}],"author":[{"embeddable":true,"href":"https:\/\/ccoo.app\/acciona-energia\/wp-json\/wp\/v2\/users\/6"}],"replies":[{"embeddable":true,"href":"https:\/\/ccoo.app\/acciona-energia\/wp-json\/wp\/v2\/comments?post=2376"}],"version-history":[{"count":4,"href":"https:\/\/ccoo.app\/acciona-energia\/wp-json\/wp\/v2\/pages\/2376\/revisions"}],"predecessor-version":[{"id":3614,"href":"https:\/\/ccoo.app\/acciona-energia\/wp-json\/wp\/v2\/pages\/2376\/revisions\/3614"}],"wp:attachment":[{"href":"https:\/\/ccoo.app\/acciona-energia\/wp-json\/wp\/v2\/media?parent=2376"}],"curies":[{"name":"wp","href":"https:\/\/api.w.org\/{rel}","templated":true}]}}