{"id":25,"date":"2020-02-13T13:17:50","date_gmt":"2020-02-13T12:17:50","guid":{"rendered":"https:\/\/gpsites.co\/read\/?page_id=25"},"modified":"2023-07-17T10:08:24","modified_gmt":"2023-07-17T08:08:24","slug":"home","status":"publish","type":"page","link":"https:\/\/ccoo.app\/7itria\/","title":{"rendered":"Inici"},"content":{"rendered":"<ul class=\"wp-block-latest-posts__list is-grid columns-3 has-dates wp-block-latest-posts\"><li><div class=\"wp-block-latest-posts__featured-image aligncenter\"><img loading=\"lazy\" decoding=\"async\" width=\"300\" height=\"86\" src=\"https:\/\/ccoo.app\/7itria\/wp-content\/blogs.dir\/6\/files\/sites\/183\/2022\/06\/logo-20ccoo-207-20i-20tria-1-300x86.png\" class=\"attachment-medium size-medium wp-post-image\" alt=\"Logo 20ccoo 207 20i 20tria.png\" style=\"\" srcset=\"https:\/\/ccoo.app\/7itria\/wp-content\/blogs.dir\/6\/files\/sites\/183\/2022\/06\/logo-20ccoo-207-20i-20tria-1-300x86.png 300w, https:\/\/ccoo.app\/7itria\/wp-content\/blogs.dir\/6\/files\/sites\/183\/2022\/06\/logo-20ccoo-207-20i-20tria-1.png 547w\" sizes=\"auto, (max-width: 300px) 100vw, 300px\" \/><\/div><a class=\"wp-block-latest-posts__post-title\" href=\"https:\/\/ccoo.app\/7itria\/bon-nadal-i-prosper-any-nou-2026\/\">Bon Nadal i pr\u00f2sper Any Nou 2026!<\/a><time datetime=\"2025-12-19T11:34:18+01:00\" class=\"wp-block-latest-posts__post-date\">19 de desembre de 2025<\/time><\/li>\n<li><div class=\"wp-block-latest-posts__featured-image aligncenter\"><img loading=\"lazy\" decoding=\"async\" width=\"300\" height=\"78\" src=\"https:\/\/ccoo.app\/7itria\/wp-content\/blogs.dir\/6\/files\/sites\/183\/2022\/09\/cropped-logo-ccoo-7-i-tria-1-300x78.png\" class=\"attachment-medium size-medium wp-post-image\" alt=\"Logo Ccoo 7 I Tria 1\" style=\"\" srcset=\"https:\/\/ccoo.app\/7itria\/wp-content\/blogs.dir\/6\/files\/sites\/183\/2022\/09\/cropped-logo-ccoo-7-i-tria-1-300x78.png 300w, https:\/\/ccoo.app\/7itria\/wp-content\/blogs.dir\/6\/files\/sites\/183\/2022\/09\/cropped-logo-ccoo-7-i-tria-1.png 547w\" sizes=\"auto, (max-width: 300px) 100vw, 300px\" \/><\/div><a class=\"wp-block-latest-posts__post-title\" href=\"https:\/\/ccoo.app\/7itria\/taules-salarials-lleure-per-hores-contractades-curs-25-26\/\">Taules Salarials Lleure, per hores contractades, curs 25-26<\/a><time datetime=\"2025-09-29T12:13:47+02:00\" class=\"wp-block-latest-posts__post-date\">29 de setembre de 2025<\/time><\/li>\n<li><div class=\"wp-block-latest-posts__featured-image aligncenter\"><img loading=\"lazy\" decoding=\"async\" width=\"300\" height=\"78\" src=\"https:\/\/ccoo.app\/7itria\/wp-content\/blogs.dir\/6\/files\/sites\/183\/2022\/09\/cropped-logo-ccoo-7-i-tria-1-300x78.png\" class=\"attachment-medium size-medium wp-post-image\" alt=\"Logo Ccoo 7 I Tria 1\" style=\"\" srcset=\"https:\/\/ccoo.app\/7itria\/wp-content\/blogs.dir\/6\/files\/sites\/183\/2022\/09\/cropped-logo-ccoo-7-i-tria-1-300x78.png 300w, https:\/\/ccoo.app\/7itria\/wp-content\/blogs.dir\/6\/files\/sites\/183\/2022\/09\/cropped-logo-ccoo-7-i-tria-1.png 547w\" sizes=\"auto, (max-width: 300px) 100vw, 300px\" \/><\/div><a class=\"wp-block-latest-posts__post-title\" href=\"https:\/\/ccoo.app\/7itria\/4087-2\/\">Nous Permisos Conciliaci\u00f3 Familiar<\/a><time datetime=\"2025-09-15T10:23:45+02:00\" class=\"wp-block-latest-posts__post-date\">15 de setembre de 2025<\/time><\/li>\n<li><div class=\"wp-block-latest-posts__featured-image aligncenter\"><img loading=\"lazy\" decoding=\"async\" width=\"300\" height=\"78\" src=\"https:\/\/ccoo.app\/7itria\/wp-content\/blogs.dir\/6\/files\/sites\/183\/2022\/09\/cropped-logo-ccoo-7-i-tria-1-300x78.png\" class=\"attachment-medium size-medium wp-post-image\" alt=\"Logo Ccoo 7 I Tria 1\" style=\"\" srcset=\"https:\/\/ccoo.app\/7itria\/wp-content\/blogs.dir\/6\/files\/sites\/183\/2022\/09\/cropped-logo-ccoo-7-i-tria-1-300x78.png 300w, https:\/\/ccoo.app\/7itria\/wp-content\/blogs.dir\/6\/files\/sites\/183\/2022\/09\/cropped-logo-ccoo-7-i-tria-1.png 547w\" sizes=\"auto, (max-width: 300px) 100vw, 300px\" \/><\/div><a class=\"wp-block-latest-posts__post-title\" href=\"https:\/\/ccoo.app\/7itria\/increment-salarial-lleure-cuina-setembre-2025\/\">Increment salarial Lleure-Cuina, setembre 2025<\/a><time datetime=\"2025-09-15T10:15:16+02:00\" class=\"wp-block-latest-posts__post-date\">15 de setembre de 2025<\/time><\/li>\n<li><div class=\"wp-block-latest-posts__featured-image aligncenter\"><img loading=\"lazy\" decoding=\"async\" width=\"300\" height=\"78\" src=\"https:\/\/ccoo.app\/7itria\/wp-content\/blogs.dir\/6\/files\/sites\/183\/2022\/09\/cropped-logo-ccoo-7-i-tria-1-300x78.png\" class=\"attachment-medium size-medium wp-post-image\" alt=\"Logo Ccoo 7 I Tria 1\" style=\"\" srcset=\"https:\/\/ccoo.app\/7itria\/wp-content\/blogs.dir\/6\/files\/sites\/183\/2022\/09\/cropped-logo-ccoo-7-i-tria-1-300x78.png 300w, https:\/\/ccoo.app\/7itria\/wp-content\/blogs.dir\/6\/files\/sites\/183\/2022\/09\/cropped-logo-ccoo-7-i-tria-1.png 547w\" sizes=\"auto, (max-width: 300px) 100vw, 300px\" \/><\/div><a class=\"wp-block-latest-posts__post-title\" href=\"https:\/\/ccoo.app\/7itria\/increment-salarial-lleure-setembre-2025\/\">Increment salarial Lleure, setembre 2025<\/a><time datetime=\"2025-09-15T10:12:20+02:00\" class=\"wp-block-latest-posts__post-date\">15 de setembre de 2025<\/time><\/li>\n<li><div class=\"wp-block-latest-posts__featured-image aligncenter\"><img loading=\"lazy\" decoding=\"async\" width=\"300\" height=\"78\" src=\"https:\/\/ccoo.app\/7itria\/wp-content\/blogs.dir\/6\/files\/sites\/183\/2022\/09\/cropped-logo-ccoo-7-i-tria-1-300x78.png\" class=\"attachment-medium size-medium wp-post-image\" alt=\"Logo Ccoo 7 I Tria 1\" style=\"\" srcset=\"https:\/\/ccoo.app\/7itria\/wp-content\/blogs.dir\/6\/files\/sites\/183\/2022\/09\/cropped-logo-ccoo-7-i-tria-1-300x78.png 300w, https:\/\/ccoo.app\/7itria\/wp-content\/blogs.dir\/6\/files\/sites\/183\/2022\/09\/cropped-logo-ccoo-7-i-tria-1.png 547w\" sizes=\"auto, (max-width: 300px) 100vw, 300px\" \/><\/div><a class=\"wp-block-latest-posts__post-title\" href=\"https:\/\/ccoo.app\/7itria\/taules-salarials-2025-convenio-estatal-restauracion-colectiva\/\">Taules Salarials 2025 Convenio Estatal Restauraci\u00f3n Colectiva<\/a><time datetime=\"2025-09-15T09:57:41+02:00\" class=\"wp-block-latest-posts__post-date\">15 de setembre de 2025<\/time><\/li>\n<\/ul>\n\n\n<div class=\"wp-block-cover alignfull is-light\" style=\"min-height:400px;aspect-ratio:unset;\"><span aria-hidden=\"true\" class=\"wp-block-cover__background has-background-dim-0 has-background-dim\"><\/span><img decoding=\"async\" class=\"wp-block-cover__image-background wp-image-2637\" alt=\"\" src=\"http:\/\/ccoo.app\/plantilla\/wp-content\/blogs.dir\/6\/files\/sites\/8\/2021\/02\/fond-cabecera-ccoo-1-1.jpg\" data-object-fit=\"cover\" \/><div class=\"wp-block-cover__inner-container is-layout-flow wp-block-cover-is-layout-flow\">\n<div class=\"wp-block-cover\" style=\"min-height:300px;aspect-ratio:unset;\"><span aria-hidden=\"true\" class=\"wp-block-cover__background has-background-dim-0 has-background-dim\"><\/span><img decoding=\"async\" class=\"wp-block-cover__image-background wp-image-2343\" alt=\"\" src=\"http:\/\/ccoo.app\/wp-content\/blogs.dir\/6\/files\/2021\/01\/Elementos-CCOO-cabecera.png\" data-object-fit=\"cover\" \/><div class=\"wp-block-cover__inner-container is-layout-flow wp-block-cover-is-layout-flow\">\n<div class=\"wp-block-group\"><div class=\"wp-block-group__inner-container is-layout-flow wp-block-group-is-layout-flow\">\n<h1 class=\"has-text-align-center has-black-color has-text-color wp-block-heading\" id=\"seccion-sindical\" style=\"font-size:44px\">Secci\u00f3 Sindical <\/h1>\n\n\n\n<div class=\"wp-block-columns is-layout-flex wp-container-core-columns-is-layout-9d6595d7 wp-block-columns-is-layout-flex\">\n<div class=\"wp-block-column is-layout-flow wp-block-column-is-layout-flow\" style=\"flex-basis:15%\"><\/div>\n\n\n\n<div class=\"wp-block-column is-layout-flow wp-block-column-is-layout-flow\" style=\"flex-basis:70%\">\n<p>Donem la benvinguda al nostre blog a totes les treballadores i a tots els treballadors, i especialment a les Afiliades i als Afiliats a CCOO. Aqu\u00ed podreu trobar informaci\u00f3 que pensem pot ser del vostre inter\u00e8s. Volem que sigui una eina \u00fatil que us permeti participar i interactuar amb nosaltres.<br>Nous temps, noves necessitats, noves vies, i les CCOO de sempre ara a la teva butxaca.<\/p>\n<\/div>\n\n\n\n<div class=\"wp-block-column is-layout-flow wp-block-column-is-layout-flow\" style=\"flex-basis:15%\"><\/div>\n<\/div>\n<\/div><\/div>\n<\/div><\/div>\n<\/div><\/div>\n\n\n\n<div style=\"height:42px\" aria-hidden=\"true\" class=\"wp-block-spacer\"><\/div>\n\n\n\n<div class=\"wp-block-columns is-layout-flex wp-container-core-columns-is-layout-9d6595d7 wp-block-columns-is-layout-flex\">\n<div class=\"wp-block-column is-layout-flow wp-block-column-is-layout-flow\">\n<h2 class=\"wp-block-heading has-text-align-center\" id=\"acuerdos-y-convenios\">Convenis<\/h2>\n\n\n<div class=\"wp-block-image\">\n<figure class=\"aligncenter size-large is-resized\"><a href=\"https:\/\/www.ccoo-servicios.es\/archivos\/catalunya\/conveni-colectividades-2022-24.pdf\" rel=\"CONVENIO ESTATAL RESTAURACI\u00d3N COLECTIVA\"><img loading=\"lazy\" decoding=\"async\" src=\"https:\/\/ccoo.app\/wp-content\/blogs.dir\/6\/files\/2021\/01\/ACUERDOS-Y-CONVENIOS.svg\" alt=\"\" class=\"wp-image-2351\" width=\"61\" height=\"61\" \/><\/a><figcaption class=\"wp-element-caption\">RESTAURACI\u00d3N ESTATAL COLECTIVA<\/figcaption><\/figure>\n<\/div>\n\n<div class=\"wp-block-image\">\n<figure class=\"aligncenter size-large is-resized\"><a href=\"https:\/\/www.ccoo.cat\/educacio\/conveni-lleure-catalunya\/\" rel=\"CONVENIO ESTATAL RESTAURACI\u00d3N COLECTIVA\"><img loading=\"lazy\" decoding=\"async\" src=\"https:\/\/ccoo.app\/wp-content\/blogs.dir\/6\/files\/2021\/01\/ACUERDOS-Y-CONVENIOS.svg\" alt=\"\" class=\"wp-image-2351\" width=\"61\" height=\"61\" \/><\/a><figcaption class=\"wp-element-caption\">LLEURE<\/figcaption><\/figure>\n<\/div><\/div>\n\n\n\n<div class=\"wp-block-column is-layout-flow wp-block-column-is-layout-flow\">\n<h2 class=\"wp-block-heading has-text-align-center\" id=\"permisos\">Permisos<\/h2>\n\n\n<div class=\"wp-block-image\">\n<figure class=\"aligncenter size-large\"><a href=\"https:\/\/www.ccoo.cat\/educacio\/permisos-retribuits\/\"><img decoding=\"async\" src=\"https:\/\/ccoo.app\/wp-content\/blogs.dir\/6\/files\/2021\/01\/PERMISOS.svg\" alt=\"\" class=\"wp-image-2352\" \/><\/a><figcaption class=\"wp-element-caption\">LLEURE<\/figcaption><\/figure>\n<\/div>\n\n\n<h2 class=\"wp-block-heading has-text-align-center\" id=\"permisos\">Salut i Seguretat Laboral<\/h2>\n\n\n<div class=\"wp-block-image\">\n<figure class=\"aligncenter size-large\"><a href=\"https:\/\/ccoo.app\/7itria\/\"><img decoding=\"async\" src=\"https:\/\/ccoo.app\/wp-content\/blogs.dir\/6\/files\/2021\/01\/PERMISOS.svg\" alt=\"\" class=\"wp-image-2352\" \/><\/a><\/figure>\n<\/div>\n\n\n<p><\/p>\n<\/div>\n\n\n\n<div class=\"wp-block-column is-layout-flow wp-block-column-is-layout-flow\">\n<h2 class=\"wp-block-heading has-text-align-center\" id=\"permisos\">Formaci\u00f3<\/h2>\n\n\n<div class=\"wp-block-image\">\n<figure class=\"aligncenter size-large\"><a href=\"https:\/\/ccoo.app\/7itria\/\"><img decoding=\"async\" src=\"https:\/\/ccoo.app\/wp-content\/blogs.dir\/6\/files\/2021\/01\/PERMISOS.svg\" alt=\"\" class=\"wp-image-2352\" \/><\/a><\/figure>\n<\/div>\n\n\n<\/br>\n\n\n\n<h2 class=\"wp-block-heading has-text-align-center\" id=\"permisos\">Igualtat<\/h2>\n\n\n<div class=\"wp-block-image\">\n<figure class=\"aligncenter size-large\"><a href=\"https:\/\/ccoo.app\/7itria\/\"><img decoding=\"async\" src=\"https:\/\/ccoo.app\/wp-content\/blogs.dir\/6\/files\/2021\/01\/PERMISOS.svg\" alt=\"\" class=\"wp-image-2352\" \/><\/a><\/figure>\n<\/div><\/div>\n<\/div>\n\n\n\n<div class=\"wp-block-group\"><div class=\"wp-block-group__inner-container is-layout-flow wp-block-group-is-layout-flow\">\n<div class=\"wp-block-columns is-layout-flex wp-container-core-columns-is-layout-9d6595d7 wp-block-columns-is-layout-flex\">\n<div class=\"wp-block-column is-layout-flow wp-block-column-is-layout-flow\"><div class=\"wp-block-image\">\n<figure class=\"aligncenter size-large is-resized\"><img loading=\"lazy\" decoding=\"async\" src=\"https:\/\/ccoo.app\/wp-content\/blogs.dir\/6\/files\/2021\/01\/noticias-ccoo.jpg\" alt=\"\" class=\"wp-image-2358\" width=\"247\" height=\"195\" \/><\/figure>\n<\/div><\/div>\n\n\n\n<div class=\"wp-block-column is-layout-flow wp-block-column-is-layout-flow\">\n<h2 class=\"wp-block-heading titulo-noticias has-black-color has-text-color\" id=\"descubre-nuestrasultimas-noticias\">Descobreix les nostres<br>darreres not\u00edcies<\/h2>\n\n\n\n<figure class=\"wp-block-image size-large is-resized barra-decoracion\"><img loading=\"lazy\" decoding=\"async\" src=\"https:\/\/ccoo.app\/wp-content\/blogs.dir\/6\/files\/2021\/01\/Rectangle-126.svg\" alt=\"\" class=\"wp-image-2357\" width=\"281\" height=\"6\" \/><\/figure>\n\n\n\n<p class=\"has-black-color has-text-color\"><\/p>\n\n\n\n<div class=\"wp-block-buttons is-layout-flex wp-block-buttons-is-layout-flex\">\n<div class=\"wp-block-button\"><a class=\"wp-block-button__link has-white-color has-black-background-color has-text-color has-background no-border-radius wp-element-button\" href=\"http:\/\/ccoo.app\/7itria\/category\/noticies\/\">ACTUALITAT<\/a><\/div>\n<\/div>\n\n\n\n<p class=\"has-black-color has-text-color\"><br><\/p>\n<\/div>\n<\/div>\n<\/div><\/div>\n\n\n\n<div style=\"height:40px\" aria-hidden=\"true\" class=\"wp-block-spacer\"><\/div>\n","protected":false},"excerpt":{"rendered":"<p>Convenis Permisos Salut i Seguretat Laboral Formaci\u00f3 Igualtat Descobreix les nostresdarreres not\u00edcies<\/p>\n","protected":false},"author":6,"featured_media":0,"parent":0,"menu_order":0,"comment_status":"closed","ping_status":"closed","template":"","meta":{"footnotes":""},"class_list":["post-25","page","type-page","status-publish"],"_links":{"self":[{"href":"https:\/\/ccoo.app\/7itria\/wp-json\/wp\/v2\/pages\/25","targetHints":{"allow":["GET"]}}],"collection":[{"href":"https:\/\/ccoo.app\/7itria\/wp-json\/wp\/v2\/pages"}],"about":[{"href":"https:\/\/ccoo.app\/7itria\/wp-json\/wp\/v2\/types\/page"}],"author":[{"embeddable":true,"href":"https:\/\/ccoo.app\/7itria\/wp-json\/wp\/v2\/users\/6"}],"replies":[{"embeddable":true,"href":"https:\/\/ccoo.app\/7itria\/wp-json\/wp\/v2\/comments?post=25"}],"version-history":[{"count":5,"href":"https:\/\/ccoo.app\/7itria\/wp-json\/wp\/v2\/pages\/25\/revisions"}],"predecessor-version":[{"id":4005,"href":"https:\/\/ccoo.app\/7itria\/wp-json\/wp\/v2\/pages\/25\/revisions\/4005"}],"wp:attachment":[{"href":"https:\/\/ccoo.app\/7itria\/wp-json\/wp\/v2\/media?parent=25"}],"curies":[{"name":"wp","href":"https:\/\/api.w.org\/{rel}","templated":true}]}}